{"id":18789,"date":"2025-04-09T17:38:41","date_gmt":"2025-04-09T15:38:41","guid":{"rendered":"https:\/\/grapil.pl\/produkt\/spodnie-robocze-ogrodniczki-grandmasterwariant1\/"},"modified":"2025-04-09T17:38:48","modified_gmt":"2025-04-09T15:38:48","slug":"grandmaster-latzhose-arbeitshosevariante1","status":"publish","type":"product","link":"https:\/\/grapil.pl\/de\/produkt\/grandmaster-latzhose-arbeitshosevariante1\/","title":{"rendered":"Gro\u00dfmeister-Latzhose {Variante 1}"},"content":{"rendered":"<p><strong><span style=\"font-size:18pt;\">Schutzlatzhose<\/span><\/strong><\/p>\n<p>aus Polyester-Baumwollgewebe (65% Polyester und 35% Baumwolle) mit einem Gewicht von 290 g\/m<sup>2<\/sup>+\/-3% .<\/p>\n<p><strong>Merkmal:<\/strong><\/p>\n<ul>\n<li>seitlich mit Kn\u00f6pfen zu schlie\u00dfen, mit verstellbarer Taillenweite,<\/li>\n<li>Hosentr\u00e4ger mit Gummi- und Kunststoffschnallen,<\/li>\n<li>3 Brusttaschen, davon eine mit Rei\u00dfverschluss,<\/li>\n<li>2 Seitentaschen unterhalb der Taille,<\/li>\n<li>Zollstocktasche am Bein,<\/li>\n<li>Hosenschlitz mit Kn\u00f6pfen befestigt,<\/li>\n<li>Doppelte N\u00e4hte und Riegeln\u00e4hte verst\u00e4rken zus\u00e4tzlich die Stellen, die besonders stark rei\u00dfen,<\/li>\n<li>sehr geringes Einlaufen, auch nach mehrmaligem Waschen,<\/li>\n<li>Farbstabilit\u00e4t.<\/li>\n<\/ul>\n<p>Bequem, schr\u00e4nkt die Bewegungsfreiheit nicht ein, aus strapazierf\u00e4higen Materialien hergestellt.<\/p>\n<p><strong>CE Kat.I EN ISO 13688:2013<\/strong><\/p>\n<p><img fetchpriority=\"high\" decoding=\"async\" alt=\"\" height=\"181\" src=\"\/userdata\/public\/assets\/\/Przechwytywanie.JPG\" width=\"487\" \/><\/p>","protected":false},"excerpt":{"rendered":"<p>Spodnie ochronne, typu ogrodniczki wykonane z tkaniny poliestrowo &#8211; bawe\u0142nianej (65% poliestru i 35% bawe\u0142ny) o gramaturze 290 g\/m2+\/-3% .<\/p>","protected":false},"featured_media":18791,"template":"","meta":[],"product_brand":[91],"product_cat":[86,92,93],"product_tag":[],"class_list":{"0":"post-18789","1":"product","2":"type-product","3":"status-publish","4":"has-post-thumbnail","6":"product_brand-artmas","7":"product_cat-sklepbhp","8":"product_cat-odziez-robocza","9":"product_cat-spodnie-robocze","11":"first","12":"outofstock","13":"product-type-simple"},"yoast_head":"<!-- This site is optimized with the Yoast SEO plugin v25.3 - https:\/\/yoast.com\/wordpress\/plugins\/seo\/ -->\n<title>Spodnie robocze ogrodniczki Grandmaster{wariant1} - Grapil.pl \u2013 Profesjonalna Odzie\u017c S\u0142u\u017cbowa dla Bran\u017cy Kelnerskiej, HoReCa i Medycyny<\/title>\n<meta name=\"robots\" content=\"index, follow, max-snippet:-1, max-image-preview:large, max-video-preview:-1\" \/>\n<link rel=\"canonical\" href=\"https:\/\/grapil.pl\/de\/produkt\/grandmaster-latzhose-arbeitshosevariante1\/\" \/>\n<meta property=\"og:locale\" content=\"de_DE\" \/>\n<meta property=\"og:type\" content=\"article\" \/>\n<meta property=\"og:title\" content=\"Spodnie robocze ogrodniczki Grandmaster{wariant1} - Grapil.pl \u2013 Profesjonalna Odzie\u017c S\u0142u\u017cbowa dla Bran\u017cy Kelnerskiej, HoReCa i Medycyny\" \/>\n<meta property=\"og:description\" content=\"Spodnie ochronne, typu ogrodniczki wykonane z tkaniny poliestrowo &#8211; bawe\u0142nianej (65% poliestru i 35% bawe\u0142ny) o gramaturze 290 g\/m2+\/-3% .\" \/>\n<meta property=\"og:url\" content=\"https:\/\/grapil.pl\/de\/produkt\/grandmaster-latzhose-arbeitshosevariante1\/\" \/>\n<meta property=\"og:site_name\" content=\"Grapil.pl \u2013 Profesjonalna Odzie\u017c S\u0142u\u017cbowa dla Bran\u017cy Kelnerskiej, HoReCa i Medycyny\" \/>\n<meta property=\"article:modified_time\" content=\"2025-04-09T15:38:48+00:00\" \/>\n<meta property=\"og:image\" content=\"https:\/\/grapil.pl\/wp-content\/uploads\/2025\/04\/19807.jpg\" \/>\n\t<meta property=\"og:image:width\" content=\"272\" \/>\n\t<meta property=\"og:image:height\" content=\"742\" \/>\n\t<meta property=\"og:image:type\" content=\"image\/jpeg\" \/>\n<meta name=\"twitter:card\" content=\"summary_large_image\" \/>\n<meta name=\"twitter:label1\" content=\"Gesch\u00e4tzte Lesezeit\" \/>\n\t<meta name=\"twitter:data1\" content=\"1\u00a0Minute\" \/>\n<script type=\"application\/ld+json\" class=\"yoast-schema-graph\">{\"@context\":\"https:\/\/schema.org\",\"@graph\":[{\"@type\":\"WebPage\",\"@id\":\"https:\/\/grapil.pl\/produkt\/spodnie-robocze-ogrodniczki-grandmasterwariant1\/\",\"url\":\"https:\/\/grapil.pl\/produkt\/spodnie-robocze-ogrodniczki-grandmasterwariant1\/\",\"name\":\"Spodnie robocze ogrodniczki Grandmaster{wariant1} - Grapil.pl \u2013 Profesjonalna Odzie\u017c S\u0142u\u017cbowa dla Bran\u017cy Kelnerskiej, HoReCa i Medycyny\",\"isPartOf\":{\"@id\":\"https:\/\/grapil.pl\/#website\"},\"primaryImageOfPage\":{\"@id\":\"https:\/\/grapil.pl\/produkt\/spodnie-robocze-ogrodniczki-grandmasterwariant1\/#primaryimage\"},\"image\":{\"@id\":\"https:\/\/grapil.pl\/produkt\/spodnie-robocze-ogrodniczki-grandmasterwariant1\/#primaryimage\"},\"thumbnailUrl\":\"https:\/\/grapil.pl\/wp-content\/uploads\/2025\/04\/19807.jpg\",\"datePublished\":\"2025-04-09T15:38:41+00:00\",\"dateModified\":\"2025-04-09T15:38:48+00:00\",\"breadcrumb\":{\"@id\":\"https:\/\/grapil.pl\/produkt\/spodnie-robocze-ogrodniczki-grandmasterwariant1\/#breadcrumb\"},\"inLanguage\":\"de\",\"potentialAction\":[{\"@type\":\"ReadAction\",\"target\":[\"https:\/\/grapil.pl\/produkt\/spodnie-robocze-ogrodniczki-grandmasterwariant1\/\"]}]},{\"@type\":\"ImageObject\",\"inLanguage\":\"de\",\"@id\":\"https:\/\/grapil.pl\/produkt\/spodnie-robocze-ogrodniczki-grandmasterwariant1\/#primaryimage\",\"url\":\"https:\/\/grapil.pl\/wp-content\/uploads\/2025\/04\/19807.jpg\",\"contentUrl\":\"https:\/\/grapil.pl\/wp-content\/uploads\/2025\/04\/19807.jpg\",\"width\":272,\"height\":742},{\"@type\":\"BreadcrumbList\",\"@id\":\"https:\/\/grapil.pl\/produkt\/spodnie-robocze-ogrodniczki-grandmasterwariant1\/#breadcrumb\",\"itemListElement\":[{\"@type\":\"ListItem\",\"position\":1,\"name\":\"Strona g\u0142\u00f3wna\",\"item\":\"https:\/\/grapil.pl\/\"},{\"@type\":\"ListItem\",\"position\":2,\"name\":\"sklep\",\"item\":\"https:\/\/grapil.pl\/sklep\/\"},{\"@type\":\"ListItem\",\"position\":3,\"name\":\"Spodnie robocze ogrodniczki Grandmaster{wariant1}\"}]},{\"@type\":\"WebSite\",\"@id\":\"https:\/\/grapil.pl\/#website\",\"url\":\"https:\/\/grapil.pl\/\",\"name\":\"Grapil.pl \u2013 Profesjonalna Odzie\u017c S\u0142u\u017cbowa dla Bran\u017cy Kelnerskiej, HoReCa i Medycyny\",\"description\":\"\",\"potentialAction\":[{\"@type\":\"SearchAction\",\"target\":{\"@type\":\"EntryPoint\",\"urlTemplate\":\"https:\/\/grapil.pl\/?s={search_term_string}\"},\"query-input\":{\"@type\":\"PropertyValueSpecification\",\"valueRequired\":true,\"valueName\":\"search_term_string\"}}],\"inLanguage\":\"de\"}]}<\/script>\n<!-- \/ Yoast SEO plugin. -->","yoast_head_json":{"title":"Spodnie robocze ogrodniczki Grandmaster{wariant1} - Grapil.pl \u2013 Profesjonalna Odzie\u017c S\u0142u\u017cbowa dla Bran\u017cy Kelnerskiej, HoReCa i Medycyny","robots":{"index":"index","follow":"follow","max-snippet":"max-snippet:-1","max-image-preview":"max-image-preview:large","max-video-preview":"max-video-preview:-1"},"canonical":"https:\/\/grapil.pl\/de\/produkt\/grandmaster-latzhose-arbeitshosevariante1\/","og_locale":"de_DE","og_type":"article","og_title":"Spodnie robocze ogrodniczki Grandmaster{wariant1} - Grapil.pl \u2013 Profesjonalna Odzie\u017c S\u0142u\u017cbowa dla Bran\u017cy Kelnerskiej, HoReCa i Medycyny","og_description":"Spodnie ochronne, typu ogrodniczki wykonane z tkaniny poliestrowo &#8211; bawe\u0142nianej (65% poliestru i 35% bawe\u0142ny) o gramaturze 290 g\/m2+\/-3% .","og_url":"https:\/\/grapil.pl\/de\/produkt\/grandmaster-latzhose-arbeitshosevariante1\/","og_site_name":"Grapil.pl \u2013 Profesjonalna Odzie\u017c S\u0142u\u017cbowa dla Bran\u017cy Kelnerskiej, HoReCa i Medycyny","article_modified_time":"2025-04-09T15:38:48+00:00","og_image":[{"width":272,"height":742,"url":"https:\/\/grapil.pl\/wp-content\/uploads\/2025\/04\/19807.jpg","type":"image\/jpeg"}],"twitter_card":"summary_large_image","twitter_misc":{"Gesch\u00e4tzte Lesezeit":"1\u00a0Minute"},"schema":{"@context":"https:\/\/schema.org","@graph":[{"@type":"WebPage","@id":"https:\/\/grapil.pl\/produkt\/spodnie-robocze-ogrodniczki-grandmasterwariant1\/","url":"https:\/\/grapil.pl\/produkt\/spodnie-robocze-ogrodniczki-grandmasterwariant1\/","name":"Spodnie robocze ogrodniczki Grandmaster{wariant1} - Grapil.pl \u2013 Profesjonalna Odzie\u017c S\u0142u\u017cbowa dla Bran\u017cy Kelnerskiej, HoReCa i Medycyny","isPartOf":{"@id":"https:\/\/grapil.pl\/#website"},"primaryImageOfPage":{"@id":"https:\/\/grapil.pl\/produkt\/spodnie-robocze-ogrodniczki-grandmasterwariant1\/#primaryimage"},"image":{"@id":"https:\/\/grapil.pl\/produkt\/spodnie-robocze-ogrodniczki-grandmasterwariant1\/#primaryimage"},"thumbnailUrl":"https:\/\/grapil.pl\/wp-content\/uploads\/2025\/04\/19807.jpg","datePublished":"2025-04-09T15:38:41+00:00","dateModified":"2025-04-09T15:38:48+00:00","breadcrumb":{"@id":"https:\/\/grapil.pl\/produkt\/spodnie-robocze-ogrodniczki-grandmasterwariant1\/#breadcrumb"},"inLanguage":"de","potentialAction":[{"@type":"ReadAction","target":["https:\/\/grapil.pl\/produkt\/spodnie-robocze-ogrodniczki-grandmasterwariant1\/"]}]},{"@type":"ImageObject","inLanguage":"de","@id":"https:\/\/grapil.pl\/produkt\/spodnie-robocze-ogrodniczki-grandmasterwariant1\/#primaryimage","url":"https:\/\/grapil.pl\/wp-content\/uploads\/2025\/04\/19807.jpg","contentUrl":"https:\/\/grapil.pl\/wp-content\/uploads\/2025\/04\/19807.jpg","width":272,"height":742},{"@type":"BreadcrumbList","@id":"https:\/\/grapil.pl\/produkt\/spodnie-robocze-ogrodniczki-grandmasterwariant1\/#breadcrumb","itemListElement":[{"@type":"ListItem","position":1,"name":"Strona g\u0142\u00f3wna","item":"https:\/\/grapil.pl\/"},{"@type":"ListItem","position":2,"name":"sklep","item":"https:\/\/grapil.pl\/sklep\/"},{"@type":"ListItem","position":3,"name":"Spodnie robocze ogrodniczki Grandmaster{wariant1}"}]},{"@type":"WebSite","@id":"https:\/\/grapil.pl\/#website","url":"https:\/\/grapil.pl\/","name":"Grapil.pl \u2013 Profesjonalna Odzie\u017c S\u0142u\u017cbowa dla Bran\u017cy Kelnerskiej, HoReCa i Medycyny","description":"","potentialAction":[{"@type":"SearchAction","target":{"@type":"EntryPoint","urlTemplate":"https:\/\/grapil.pl\/?s={search_term_string}"},"query-input":{"@type":"PropertyValueSpecification","valueRequired":true,"valueName":"search_term_string"}}],"inLanguage":"de"}]}},"_links":{"self":[{"href":"https:\/\/grapil.pl\/de\/wp-json\/wp\/v2\/product\/18789","targetHints":{"allow":["GET"]}}],"collection":[{"href":"https:\/\/grapil.pl\/de\/wp-json\/wp\/v2\/product"}],"about":[{"href":"https:\/\/grapil.pl\/de\/wp-json\/wp\/v2\/types\/product"}],"version-history":[{"count":1,"href":"https:\/\/grapil.pl\/de\/wp-json\/wp\/v2\/product\/18789\/revisions"}],"predecessor-version":[{"id":18790,"href":"https:\/\/grapil.pl\/de\/wp-json\/wp\/v2\/product\/18789\/revisions\/18790"}],"wp:featuredmedia":[{"embeddable":true,"href":"https:\/\/grapil.pl\/de\/wp-json\/wp\/v2\/media\/18791"}],"wp:attachment":[{"href":"https:\/\/grapil.pl\/de\/wp-json\/wp\/v2\/media?parent=18789"}],"wp:term":[{"taxonomy":"product_brand","embeddable":true,"href":"https:\/\/grapil.pl\/de\/wp-json\/wp\/v2\/product_brand?post=18789"},{"taxonomy":"product_cat","embeddable":true,"href":"https:\/\/grapil.pl\/de\/wp-json\/wp\/v2\/product_cat?post=18789"},{"taxonomy":"product_tag","embeddable":true,"href":"https:\/\/grapil.pl\/de\/wp-json\/wp\/v2\/product_tag?post=18789"}],"curies":[{"name":"wp","href":"https:\/\/api.w.org\/{rel}","templated":true}]}}