{"id":18913,"date":"2025-04-09T17:39:17","date_gmt":"2025-04-09T15:39:17","guid":{"rendered":"https:\/\/grapil.pl\/produkt\/polar-meski-double-granatowy\/"},"modified":"2025-09-29T10:52:45","modified_gmt":"2025-09-29T08:52:45","slug":"doppeltes-marineblaues-fleece-fur-herren","status":"publish","type":"product","link":"https:\/\/grapil.pl\/de\/produkt\/doppeltes-marineblaues-fleece-fur-herren\/","title":{"rendered":"Doppeltes Marineblaues Fleece f\u00fcr Herren"},"content":{"rendered":"<p><span class=\"wstep\">Warmes Herren-Sweatshirt aus Mikrofleece.<\/span><\/p>\n<div id=\"user_calosc\">Vertikale Formschnitte; Hauptrei\u00dfverschluss aus Kunststoff am Kn\u00f6chel; Kordelzugsystem im unteren Saum innen; in die B\u00fcndchen eingen\u00e4htes Gummiband; Anti-Pilling-Material zur Vermeidung von Pilling.<\/div>\n<div>\u00a0<\/div>\n<div>\n<table style=\"height:76px;\" width=\"565\">\n<tbody>\n<tr>\n<td style=\"width:74px;\">Gr\u00f6\u00dfe<\/td>\n<td style=\"width:74px;\">S<\/td>\n<td style=\"width:74px;\">M<\/td>\n<td style=\"width:74px;\">L<\/td>\n<td style=\"width:74px;\">XL<\/td>\n<td style=\"width:74px;\">XXL<\/td>\n<td style=\"width:75px;\">XXXL<\/td>\n<\/tr>\n<tr>\n<td style=\"width:74px;\">Wachstum<\/td>\n<td style=\"width:74px;\">168<\/td>\n<td style=\"width:74px;\">176<\/td>\n<td style=\"width:74px;\">182<\/td>\n<td style=\"width:74px;\">185<\/td>\n<td style=\"width:74px;\">188<\/td>\n<td style=\"width:75px;\">188<\/td>\n<\/tr>\n<tr>\n<td style=\"width:74px;\">K\u00e4fig<\/td>\n<td style=\"width:74px;\">93<\/td>\n<td style=\"width:74px;\">99<\/td>\n<td style=\"width:74px;\">106<\/td>\n<td style=\"width:74px;\">113<\/td>\n<td style=\"width:74px;\">120<\/td>\n<td style=\"width:75px;\">128<\/td>\n<\/tr>\n<\/tbody>\n<\/table><\/div>\n<div>Die Tabelle bezieht sich auf die K\u00f6rperma\u00dfe, nicht auf das Produkt.<\/div>","protected":false},"excerpt":{"rendered":"<p>Warmes Herren-Sweatshirt aus Mikrofleece. Vertikale Formschnitte; Hauptrei\u00dfverschluss aus Kunststoff am Kn\u00f6chel; Kordelzugsystem an der Unterseite innen; Gummiband<\/p>","protected":false},"featured_media":18915,"template":"","meta":[],"product_brand":[],"product_cat":[86,92,100],"product_tag":[],"class_list":{"0":"post-18913","1":"product","2":"type-product","3":"status-publish","4":"has-post-thumbnail","6":"product_cat-sklepbhp","7":"product_cat-odziez-robocza","8":"product_cat-polary-i-bluzy-robocze","10":"first","11":"instock","12":"product-type-simple"},"yoast_head":"<!-- This site is optimized with the Yoast SEO plugin v25.3 - https:\/\/yoast.com\/wordpress\/plugins\/seo\/ -->\n<title>Polar m\u0119ski Double granatowy - Grapil.pl \u2013 Profesjonalna Odzie\u017c S\u0142u\u017cbowa dla Bran\u017cy Kelnerskiej, HoReCa i Medycyny<\/title>\n<meta name=\"robots\" content=\"index, follow, max-snippet:-1, max-image-preview:large, max-video-preview:-1\" \/>\n<link rel=\"canonical\" href=\"https:\/\/grapil.pl\/de\/produkt\/doppeltes-marineblaues-fleece-fur-herren\/\" \/>\n<meta property=\"og:locale\" content=\"de_DE\" \/>\n<meta property=\"og:type\" content=\"article\" \/>\n<meta property=\"og:title\" content=\"Polar m\u0119ski Double granatowy - Grapil.pl \u2013 Profesjonalna Odzie\u017c S\u0142u\u017cbowa dla Bran\u017cy Kelnerskiej, HoReCa i Medycyny\" \/>\n<meta property=\"og:description\" content=\"M\u0119ska ciep\u0142a bluza wykonana z mikropolaru. Pionowe ci\u0119cia modeluj\u0105ce; zamek g\u0142\u00f3wny kostkowy, plastikowy; system \u015bci\u0105gaczy u do\u0142u wewn\u0105trz; elastyczna ta\u015bma\" \/>\n<meta property=\"og:url\" content=\"https:\/\/grapil.pl\/de\/produkt\/doppeltes-marineblaues-fleece-fur-herren\/\" \/>\n<meta property=\"og:site_name\" content=\"Grapil.pl \u2013 Profesjonalna Odzie\u017c S\u0142u\u017cbowa dla Bran\u017cy Kelnerskiej, HoReCa i Medycyny\" \/>\n<meta property=\"article:modified_time\" content=\"2025-09-29T08:52:45+00:00\" \/>\n<meta property=\"og:image\" content=\"https:\/\/grapil.pl\/wp-content\/uploads\/2025\/04\/13220.jpg\" \/>\n\t<meta property=\"og:image:width\" content=\"1920\" \/>\n\t<meta property=\"og:image:height\" content=\"1920\" \/>\n\t<meta property=\"og:image:type\" content=\"image\/jpeg\" \/>\n<meta name=\"twitter:card\" content=\"summary_large_image\" \/>\n<script type=\"application\/ld+json\" class=\"yoast-schema-graph\">{\"@context\":\"https:\/\/schema.org\",\"@graph\":[{\"@type\":\"WebPage\",\"@id\":\"https:\/\/grapil.pl\/produkt\/polar-meski-double-granatowy\/\",\"url\":\"https:\/\/grapil.pl\/produkt\/polar-meski-double-granatowy\/\",\"name\":\"Polar m\u0119ski Double granatowy - Grapil.pl \u2013 Profesjonalna Odzie\u017c S\u0142u\u017cbowa dla Bran\u017cy Kelnerskiej, HoReCa i Medycyny\",\"isPartOf\":{\"@id\":\"https:\/\/grapil.pl\/#website\"},\"primaryImageOfPage\":{\"@id\":\"https:\/\/grapil.pl\/produkt\/polar-meski-double-granatowy\/#primaryimage\"},\"image\":{\"@id\":\"https:\/\/grapil.pl\/produkt\/polar-meski-double-granatowy\/#primaryimage\"},\"thumbnailUrl\":\"https:\/\/grapil.pl\/wp-content\/uploads\/2025\/04\/13220.jpg\",\"datePublished\":\"2025-04-09T15:39:17+00:00\",\"dateModified\":\"2025-09-29T08:52:45+00:00\",\"breadcrumb\":{\"@id\":\"https:\/\/grapil.pl\/produkt\/polar-meski-double-granatowy\/#breadcrumb\"},\"inLanguage\":\"de\",\"potentialAction\":[{\"@type\":\"ReadAction\",\"target\":[\"https:\/\/grapil.pl\/produkt\/polar-meski-double-granatowy\/\"]}]},{\"@type\":\"ImageObject\",\"inLanguage\":\"de\",\"@id\":\"https:\/\/grapil.pl\/produkt\/polar-meski-double-granatowy\/#primaryimage\",\"url\":\"https:\/\/grapil.pl\/wp-content\/uploads\/2025\/04\/13220.jpg\",\"contentUrl\":\"https:\/\/grapil.pl\/wp-content\/uploads\/2025\/04\/13220.jpg\",\"width\":1920,\"height\":1920},{\"@type\":\"BreadcrumbList\",\"@id\":\"https:\/\/grapil.pl\/produkt\/polar-meski-double-granatowy\/#breadcrumb\",\"itemListElement\":[{\"@type\":\"ListItem\",\"position\":1,\"name\":\"Strona g\u0142\u00f3wna\",\"item\":\"https:\/\/grapil.pl\/\"},{\"@type\":\"ListItem\",\"position\":2,\"name\":\"sklep\",\"item\":\"https:\/\/grapil.pl\/sklep\/\"},{\"@type\":\"ListItem\",\"position\":3,\"name\":\"Polar m\u0119ski Double granatowy\"}]},{\"@type\":\"WebSite\",\"@id\":\"https:\/\/grapil.pl\/#website\",\"url\":\"https:\/\/grapil.pl\/\",\"name\":\"Grapil.pl \u2013 Profesjonalna Odzie\u017c S\u0142u\u017cbowa dla Bran\u017cy Kelnerskiej, HoReCa i Medycyny\",\"description\":\"\",\"potentialAction\":[{\"@type\":\"SearchAction\",\"target\":{\"@type\":\"EntryPoint\",\"urlTemplate\":\"https:\/\/grapil.pl\/?s={search_term_string}\"},\"query-input\":{\"@type\":\"PropertyValueSpecification\",\"valueRequired\":true,\"valueName\":\"search_term_string\"}}],\"inLanguage\":\"de\"}]}<\/script>\n<!-- \/ Yoast SEO plugin. -->","yoast_head_json":{"title":"Polar m\u0119ski Double granatowy - Grapil.pl \u2013 Profesjonalna Odzie\u017c S\u0142u\u017cbowa dla Bran\u017cy Kelnerskiej, HoReCa i Medycyny","robots":{"index":"index","follow":"follow","max-snippet":"max-snippet:-1","max-image-preview":"max-image-preview:large","max-video-preview":"max-video-preview:-1"},"canonical":"https:\/\/grapil.pl\/de\/produkt\/doppeltes-marineblaues-fleece-fur-herren\/","og_locale":"de_DE","og_type":"article","og_title":"Polar m\u0119ski Double granatowy - Grapil.pl \u2013 Profesjonalna Odzie\u017c S\u0142u\u017cbowa dla Bran\u017cy Kelnerskiej, HoReCa i Medycyny","og_description":"M\u0119ska ciep\u0142a bluza wykonana z mikropolaru. Pionowe ci\u0119cia modeluj\u0105ce; zamek g\u0142\u00f3wny kostkowy, plastikowy; system \u015bci\u0105gaczy u do\u0142u wewn\u0105trz; elastyczna ta\u015bma","og_url":"https:\/\/grapil.pl\/de\/produkt\/doppeltes-marineblaues-fleece-fur-herren\/","og_site_name":"Grapil.pl \u2013 Profesjonalna Odzie\u017c S\u0142u\u017cbowa dla Bran\u017cy Kelnerskiej, HoReCa i Medycyny","article_modified_time":"2025-09-29T08:52:45+00:00","og_image":[{"width":1920,"height":1920,"url":"https:\/\/grapil.pl\/wp-content\/uploads\/2025\/04\/13220.jpg","type":"image\/jpeg"}],"twitter_card":"summary_large_image","schema":{"@context":"https:\/\/schema.org","@graph":[{"@type":"WebPage","@id":"https:\/\/grapil.pl\/produkt\/polar-meski-double-granatowy\/","url":"https:\/\/grapil.pl\/produkt\/polar-meski-double-granatowy\/","name":"Polar m\u0119ski Double granatowy - Grapil.pl \u2013 Profesjonalna Odzie\u017c S\u0142u\u017cbowa dla Bran\u017cy Kelnerskiej, HoReCa i Medycyny","isPartOf":{"@id":"https:\/\/grapil.pl\/#website"},"primaryImageOfPage":{"@id":"https:\/\/grapil.pl\/produkt\/polar-meski-double-granatowy\/#primaryimage"},"image":{"@id":"https:\/\/grapil.pl\/produkt\/polar-meski-double-granatowy\/#primaryimage"},"thumbnailUrl":"https:\/\/grapil.pl\/wp-content\/uploads\/2025\/04\/13220.jpg","datePublished":"2025-04-09T15:39:17+00:00","dateModified":"2025-09-29T08:52:45+00:00","breadcrumb":{"@id":"https:\/\/grapil.pl\/produkt\/polar-meski-double-granatowy\/#breadcrumb"},"inLanguage":"de","potentialAction":[{"@type":"ReadAction","target":["https:\/\/grapil.pl\/produkt\/polar-meski-double-granatowy\/"]}]},{"@type":"ImageObject","inLanguage":"de","@id":"https:\/\/grapil.pl\/produkt\/polar-meski-double-granatowy\/#primaryimage","url":"https:\/\/grapil.pl\/wp-content\/uploads\/2025\/04\/13220.jpg","contentUrl":"https:\/\/grapil.pl\/wp-content\/uploads\/2025\/04\/13220.jpg","width":1920,"height":1920},{"@type":"BreadcrumbList","@id":"https:\/\/grapil.pl\/produkt\/polar-meski-double-granatowy\/#breadcrumb","itemListElement":[{"@type":"ListItem","position":1,"name":"Strona g\u0142\u00f3wna","item":"https:\/\/grapil.pl\/"},{"@type":"ListItem","position":2,"name":"sklep","item":"https:\/\/grapil.pl\/sklep\/"},{"@type":"ListItem","position":3,"name":"Polar m\u0119ski Double granatowy"}]},{"@type":"WebSite","@id":"https:\/\/grapil.pl\/#website","url":"https:\/\/grapil.pl\/","name":"Grapil.pl \u2013 Profesjonalna Odzie\u017c S\u0142u\u017cbowa dla Bran\u017cy Kelnerskiej, HoReCa i Medycyny","description":"","potentialAction":[{"@type":"SearchAction","target":{"@type":"EntryPoint","urlTemplate":"https:\/\/grapil.pl\/?s={search_term_string}"},"query-input":{"@type":"PropertyValueSpecification","valueRequired":true,"valueName":"search_term_string"}}],"inLanguage":"de"}]}},"_links":{"self":[{"href":"https:\/\/grapil.pl\/de\/wp-json\/wp\/v2\/product\/18913","targetHints":{"allow":["GET"]}}],"collection":[{"href":"https:\/\/grapil.pl\/de\/wp-json\/wp\/v2\/product"}],"about":[{"href":"https:\/\/grapil.pl\/de\/wp-json\/wp\/v2\/types\/product"}],"version-history":[{"count":1,"href":"https:\/\/grapil.pl\/de\/wp-json\/wp\/v2\/product\/18913\/revisions"}],"predecessor-version":[{"id":18914,"href":"https:\/\/grapil.pl\/de\/wp-json\/wp\/v2\/product\/18913\/revisions\/18914"}],"wp:featuredmedia":[{"embeddable":true,"href":"https:\/\/grapil.pl\/de\/wp-json\/wp\/v2\/media\/18915"}],"wp:attachment":[{"href":"https:\/\/grapil.pl\/de\/wp-json\/wp\/v2\/media?parent=18913"}],"wp:term":[{"taxonomy":"product_brand","embeddable":true,"href":"https:\/\/grapil.pl\/de\/wp-json\/wp\/v2\/product_brand?post=18913"},{"taxonomy":"product_cat","embeddable":true,"href":"https:\/\/grapil.pl\/de\/wp-json\/wp\/v2\/product_cat?post=18913"},{"taxonomy":"product_tag","embeddable":true,"href":"https:\/\/grapil.pl\/de\/wp-json\/wp\/v2\/product_tag?post=18913"}],"curies":[{"name":"wp","href":"https:\/\/api.w.org\/{rel}","templated":true}]}}