{"id":18972,"date":"2025-04-09T17:40:01","date_gmt":"2025-04-09T15:40:01","guid":{"rendered":"https:\/\/grapil.pl\/produkt\/bluza-robocza-elegance\/"},"modified":"2025-04-09T17:40:03","modified_gmt":"2025-04-09T15:40:03","slug":"elegante-arbeitsbluse","status":"publish","type":"product","link":"https:\/\/grapil.pl\/de\/produkt\/elegante-arbeitsbluse\/","title":{"rendered":"Elegantes Arbeitssweatshirt"},"content":{"rendered":"<div class=\"_1voj4 _z9prt _1xzdi _ai5yc _5d6n2 _15lj1\">\n<div class=\"_2d49e_5pK0q\">\n<h1>Elegance Fleece-Sweatshirt<\/h1>\n<p>Gewicht von Polarfleece\u00a0<strong>260 g\/m2 +\/- 10 g\/m2, aus 100%-Polyester.<\/strong><\/p>\n<p>Perfekt f\u00fcr kalte Tage, sowohl f\u00fcr die Arbeit als auch f\u00fcr den Alltag.<\/p>\n<p>Merkmal:<\/p>\n<ul>\n<li>mit hochwertigem Rei\u00dfverschluss verschlossen, der vor Wind sch\u00fctzt \u2013 auch an den Taschen<\/li>\n<li>verstellbarer Jackensaum mit Gummizug und Stoppern \u2013 erm\u00f6glicht eine genaue Anpassung der Jacke an Ihre Figur,<\/li>\n<li>\u00c4rmel mit Manschetten abgeschlossen,<\/li>\n<li><strong>3 Au\u00dfentaschen mit Rei\u00dfverschluss<\/strong>\u00a0darunter 2 seitliche und 1 napoleonisches (auf der Brust).<\/li>\n<\/ul>\n<p>Farbe: Grau\/Orange \u2013 Grau mit schwarzen und orangen Eins\u00e4tzen.<\/p>\n<p>CE Kat.I EN ISO 13688:2013<\/p>\n<\/p><\/div>\n<\/p><\/div>\n<div class=\"_1voj4 _z9prt _1xzdi _ai5yc _5d6n2 _15lj1\">\u00a0<\/div>\n<div class=\"_1voj4 _z9prt _1xzdi _ai5yc _5d6n2 _15lj1\">\n<p><a href=\"https:\/\/grapil.pl\/de\/pl\/c\/fleece-und-arbeitssweatshirts\/20\/\">Fleece-Arbeitssweatshirt<\/a> ist eine ausgezeichnete Wahl, wenn Sie ein universelles, bequemes und warmes Sweatshirt f\u00fcr die Arbeit und den Alltag suchen.<\/p>\n<p>Es ist aus hochwertigem Material gefertigt und mit einem elastischen Kordelzug und Stoppern zur Weitenregulierung am unteren Ende versehen.<\/p>\n<p>Es verf\u00fcgt \u00fcber drei praktische Taschen mit Rei\u00dfverschl\u00fcssen, in denen Sie Ihr Telefon, Ihre Brieftasche, Dokumente oder Schl\u00fcssel aufbewahren k\u00f6nnen. So m\u00fcssen Sie sich keine Sorgen machen, diese w\u00e4hrend der Arbeit zu verlieren.<\/p>\n<\/p><\/div>","protected":false},"excerpt":{"rendered":"<h1>Elegance Fleece-Sweatshirt<\/h1>\n<p>Gewicht von Polarfleece\u00a0<strong>260 g\/m2 +\/- 10 g\/m2, aus 100%-Polyester.<\/strong><\/p>\n<p>Perfekt f\u00fcr kalte Tage, sowohl f\u00fcr die Arbeit als auch f\u00fcr den Alltag.<\/p>","protected":false},"featured_media":18974,"template":"","meta":[],"product_brand":[91],"product_cat":[86,92,100],"product_tag":[],"class_list":{"0":"post-18972","1":"product","2":"type-product","3":"status-publish","4":"has-post-thumbnail","6":"product_brand-artmas","7":"product_cat-sklepbhp","8":"product_cat-odziez-robocza","9":"product_cat-polary-i-bluzy-robocze","11":"first","12":"instock","13":"product-type-simple"},"yoast_head":"<!-- This site is optimized with the Yoast SEO plugin v25.3 - https:\/\/yoast.com\/wordpress\/plugins\/seo\/ -->\n<title>Bluza robocza Elegance - Grapil.pl \u2013 Profesjonalna Odzie\u017c S\u0142u\u017cbowa dla Bran\u017cy Kelnerskiej, HoReCa i Medycyny<\/title>\n<meta name=\"robots\" content=\"index, follow, max-snippet:-1, max-image-preview:large, max-video-preview:-1\" \/>\n<link rel=\"canonical\" href=\"https:\/\/grapil.pl\/de\/produkt\/elegante-arbeitsbluse\/\" \/>\n<meta property=\"og:locale\" content=\"de_DE\" \/>\n<meta property=\"og:type\" content=\"article\" \/>\n<meta property=\"og:title\" content=\"Bluza robocza Elegance - Grapil.pl \u2013 Profesjonalna Odzie\u017c S\u0142u\u017cbowa dla Bran\u017cy Kelnerskiej, HoReCa i Medycyny\" \/>\n<meta property=\"og:description\" content=\"Bluza polarowa Elegance Polar o gramaturze\u00a0260g\/m2 +\/-10 g\/m2, wykonana z 100% poliestru. Idealna na ch\u0142odne dni, zar\u00f3wno do pracy jak i do codziennego u\u017cytku.\" \/>\n<meta property=\"og:url\" content=\"https:\/\/grapil.pl\/de\/produkt\/elegante-arbeitsbluse\/\" \/>\n<meta property=\"og:site_name\" content=\"Grapil.pl \u2013 Profesjonalna Odzie\u017c S\u0142u\u017cbowa dla Bran\u017cy Kelnerskiej, HoReCa i Medycyny\" \/>\n<meta property=\"article:modified_time\" content=\"2025-04-09T15:40:03+00:00\" \/>\n<meta property=\"og:image\" content=\"https:\/\/grapil.pl\/wp-content\/uploads\/2025\/04\/19934.jpg\" \/>\n\t<meta property=\"og:image:width\" content=\"645\" \/>\n\t<meta property=\"og:image:height\" content=\"645\" \/>\n\t<meta property=\"og:image:type\" content=\"image\/jpeg\" \/>\n<meta name=\"twitter:card\" content=\"summary_large_image\" \/>\n<meta name=\"twitter:label1\" content=\"Gesch\u00e4tzte Lesezeit\" \/>\n\t<meta name=\"twitter:data1\" content=\"1\u00a0Minute\" \/>\n<script type=\"application\/ld+json\" class=\"yoast-schema-graph\">{\"@context\":\"https:\/\/schema.org\",\"@graph\":[{\"@type\":\"WebPage\",\"@id\":\"https:\/\/grapil.pl\/produkt\/bluza-robocza-elegance\/\",\"url\":\"https:\/\/grapil.pl\/produkt\/bluza-robocza-elegance\/\",\"name\":\"Bluza robocza Elegance - Grapil.pl \u2013 Profesjonalna Odzie\u017c S\u0142u\u017cbowa dla Bran\u017cy Kelnerskiej, HoReCa i Medycyny\",\"isPartOf\":{\"@id\":\"https:\/\/grapil.pl\/#website\"},\"primaryImageOfPage\":{\"@id\":\"https:\/\/grapil.pl\/produkt\/bluza-robocza-elegance\/#primaryimage\"},\"image\":{\"@id\":\"https:\/\/grapil.pl\/produkt\/bluza-robocza-elegance\/#primaryimage\"},\"thumbnailUrl\":\"https:\/\/grapil.pl\/wp-content\/uploads\/2025\/04\/19934.jpg\",\"datePublished\":\"2025-04-09T15:40:01+00:00\",\"dateModified\":\"2025-04-09T15:40:03+00:00\",\"breadcrumb\":{\"@id\":\"https:\/\/grapil.pl\/produkt\/bluza-robocza-elegance\/#breadcrumb\"},\"inLanguage\":\"de\",\"potentialAction\":[{\"@type\":\"ReadAction\",\"target\":[\"https:\/\/grapil.pl\/produkt\/bluza-robocza-elegance\/\"]}]},{\"@type\":\"ImageObject\",\"inLanguage\":\"de\",\"@id\":\"https:\/\/grapil.pl\/produkt\/bluza-robocza-elegance\/#primaryimage\",\"url\":\"https:\/\/grapil.pl\/wp-content\/uploads\/2025\/04\/19934.jpg\",\"contentUrl\":\"https:\/\/grapil.pl\/wp-content\/uploads\/2025\/04\/19934.jpg\",\"width\":645,\"height\":645},{\"@type\":\"BreadcrumbList\",\"@id\":\"https:\/\/grapil.pl\/produkt\/bluza-robocza-elegance\/#breadcrumb\",\"itemListElement\":[{\"@type\":\"ListItem\",\"position\":1,\"name\":\"Strona g\u0142\u00f3wna\",\"item\":\"https:\/\/grapil.pl\/\"},{\"@type\":\"ListItem\",\"position\":2,\"name\":\"sklep\",\"item\":\"https:\/\/grapil.pl\/sklep\/\"},{\"@type\":\"ListItem\",\"position\":3,\"name\":\"Bluza robocza Elegance\"}]},{\"@type\":\"WebSite\",\"@id\":\"https:\/\/grapil.pl\/#website\",\"url\":\"https:\/\/grapil.pl\/\",\"name\":\"Grapil.pl \u2013 Profesjonalna Odzie\u017c S\u0142u\u017cbowa dla Bran\u017cy Kelnerskiej, HoReCa i Medycyny\",\"description\":\"\",\"potentialAction\":[{\"@type\":\"SearchAction\",\"target\":{\"@type\":\"EntryPoint\",\"urlTemplate\":\"https:\/\/grapil.pl\/?s={search_term_string}\"},\"query-input\":{\"@type\":\"PropertyValueSpecification\",\"valueRequired\":true,\"valueName\":\"search_term_string\"}}],\"inLanguage\":\"de\"}]}<\/script>\n<!-- \/ Yoast SEO plugin. -->","yoast_head_json":{"title":"Bluza robocza Elegance - Grapil.pl \u2013 Profesjonalna Odzie\u017c S\u0142u\u017cbowa dla Bran\u017cy Kelnerskiej, HoReCa i Medycyny","robots":{"index":"index","follow":"follow","max-snippet":"max-snippet:-1","max-image-preview":"max-image-preview:large","max-video-preview":"max-video-preview:-1"},"canonical":"https:\/\/grapil.pl\/de\/produkt\/elegante-arbeitsbluse\/","og_locale":"de_DE","og_type":"article","og_title":"Bluza robocza Elegance - Grapil.pl \u2013 Profesjonalna Odzie\u017c S\u0142u\u017cbowa dla Bran\u017cy Kelnerskiej, HoReCa i Medycyny","og_description":"Bluza polarowa Elegance Polar o gramaturze\u00a0260g\/m2 +\/-10 g\/m2, wykonana z 100% poliestru. Idealna na ch\u0142odne dni, zar\u00f3wno do pracy jak i do codziennego u\u017cytku.","og_url":"https:\/\/grapil.pl\/de\/produkt\/elegante-arbeitsbluse\/","og_site_name":"Grapil.pl \u2013 Profesjonalna Odzie\u017c S\u0142u\u017cbowa dla Bran\u017cy Kelnerskiej, HoReCa i Medycyny","article_modified_time":"2025-04-09T15:40:03+00:00","og_image":[{"width":645,"height":645,"url":"https:\/\/grapil.pl\/wp-content\/uploads\/2025\/04\/19934.jpg","type":"image\/jpeg"}],"twitter_card":"summary_large_image","twitter_misc":{"Gesch\u00e4tzte Lesezeit":"1\u00a0Minute"},"schema":{"@context":"https:\/\/schema.org","@graph":[{"@type":"WebPage","@id":"https:\/\/grapil.pl\/produkt\/bluza-robocza-elegance\/","url":"https:\/\/grapil.pl\/produkt\/bluza-robocza-elegance\/","name":"Bluza robocza Elegance - Grapil.pl \u2013 Profesjonalna Odzie\u017c S\u0142u\u017cbowa dla Bran\u017cy Kelnerskiej, HoReCa i Medycyny","isPartOf":{"@id":"https:\/\/grapil.pl\/#website"},"primaryImageOfPage":{"@id":"https:\/\/grapil.pl\/produkt\/bluza-robocza-elegance\/#primaryimage"},"image":{"@id":"https:\/\/grapil.pl\/produkt\/bluza-robocza-elegance\/#primaryimage"},"thumbnailUrl":"https:\/\/grapil.pl\/wp-content\/uploads\/2025\/04\/19934.jpg","datePublished":"2025-04-09T15:40:01+00:00","dateModified":"2025-04-09T15:40:03+00:00","breadcrumb":{"@id":"https:\/\/grapil.pl\/produkt\/bluza-robocza-elegance\/#breadcrumb"},"inLanguage":"de","potentialAction":[{"@type":"ReadAction","target":["https:\/\/grapil.pl\/produkt\/bluza-robocza-elegance\/"]}]},{"@type":"ImageObject","inLanguage":"de","@id":"https:\/\/grapil.pl\/produkt\/bluza-robocza-elegance\/#primaryimage","url":"https:\/\/grapil.pl\/wp-content\/uploads\/2025\/04\/19934.jpg","contentUrl":"https:\/\/grapil.pl\/wp-content\/uploads\/2025\/04\/19934.jpg","width":645,"height":645},{"@type":"BreadcrumbList","@id":"https:\/\/grapil.pl\/produkt\/bluza-robocza-elegance\/#breadcrumb","itemListElement":[{"@type":"ListItem","position":1,"name":"Strona g\u0142\u00f3wna","item":"https:\/\/grapil.pl\/"},{"@type":"ListItem","position":2,"name":"sklep","item":"https:\/\/grapil.pl\/sklep\/"},{"@type":"ListItem","position":3,"name":"Bluza robocza Elegance"}]},{"@type":"WebSite","@id":"https:\/\/grapil.pl\/#website","url":"https:\/\/grapil.pl\/","name":"Grapil.pl \u2013 Profesjonalna Odzie\u017c S\u0142u\u017cbowa dla Bran\u017cy Kelnerskiej, HoReCa i Medycyny","description":"","potentialAction":[{"@type":"SearchAction","target":{"@type":"EntryPoint","urlTemplate":"https:\/\/grapil.pl\/?s={search_term_string}"},"query-input":{"@type":"PropertyValueSpecification","valueRequired":true,"valueName":"search_term_string"}}],"inLanguage":"de"}]}},"_links":{"self":[{"href":"https:\/\/grapil.pl\/de\/wp-json\/wp\/v2\/product\/18972","targetHints":{"allow":["GET"]}}],"collection":[{"href":"https:\/\/grapil.pl\/de\/wp-json\/wp\/v2\/product"}],"about":[{"href":"https:\/\/grapil.pl\/de\/wp-json\/wp\/v2\/types\/product"}],"version-history":[{"count":1,"href":"https:\/\/grapil.pl\/de\/wp-json\/wp\/v2\/product\/18972\/revisions"}],"predecessor-version":[{"id":18973,"href":"https:\/\/grapil.pl\/de\/wp-json\/wp\/v2\/product\/18972\/revisions\/18973"}],"wp:featuredmedia":[{"embeddable":true,"href":"https:\/\/grapil.pl\/de\/wp-json\/wp\/v2\/media\/18974"}],"wp:attachment":[{"href":"https:\/\/grapil.pl\/de\/wp-json\/wp\/v2\/media?parent=18972"}],"wp:term":[{"taxonomy":"product_brand","embeddable":true,"href":"https:\/\/grapil.pl\/de\/wp-json\/wp\/v2\/product_brand?post=18972"},{"taxonomy":"product_cat","embeddable":true,"href":"https:\/\/grapil.pl\/de\/wp-json\/wp\/v2\/product_cat?post=18972"},{"taxonomy":"product_tag","embeddable":true,"href":"https:\/\/grapil.pl\/de\/wp-json\/wp\/v2\/product_tag?post=18972"}],"curies":[{"name":"wp","href":"https:\/\/api.w.org\/{rel}","templated":true}]}}