{"id":18999,"date":"2025-04-09T17:40:01","date_gmt":"2025-04-09T15:40:01","guid":{"rendered":"https:\/\/grapil.pl\/produkt\/spodnie-robocze-do-pasa-bojowki\/"},"modified":"2025-09-05T14:21:28","modified_gmt":"2025-09-05T12:21:28","slug":"arbeitshose-mit-taillenbund-kampf","status":"publish","type":"product","link":"https:\/\/grapil.pl\/de\/produkt\/arbeitshose-mit-taillenbund-kampf\/","title":{"rendered":"Arbeitshose mit Kampfbund"},"content":{"rendered":"<h1>Cerber Combat Arbeitshose<\/h1>\n<p>Hose aus strapazierf\u00e4higem Stoff\u00a0<strong>65% Polyester und 35% Baumwolle<\/strong>.<\/p>\n<p>Merkmal:<\/p>\n<ul>\n<li><strong>Doppelnaht<\/strong>\u00a0und Bolzen verst\u00e4rken zus\u00e4tzlich die Stellen, die besonders dem Rei\u00dfen ausgesetzt sind.<\/li>\n<li>sehr geringes Einlaufen, auch nach mehrmaligem Waschen,<\/li>\n<li>Farbstabilit\u00e4t<\/li>\n<li><strong>7 Taschen, davon 4 mit Rei\u00dfverschluss<\/strong><\/li>\n<\/ul>\n<p><strong>CE KAT. I EN 340:2006<\/strong><\/p>\n<p><strong>AUFMERKSAMKEIT!!<\/strong><\/p>\n<p><strong>PREIS GILT NUR F\u00dcR DIE HOSE, OHNE DEN G\u00dcRTEL AUF DEM BILD<\/strong><\/p>\n<p>\u00a0<\/p>\n<h3>Arbeitshose mit Kampfbund<\/h3>\n<p>Unsere Arbeitshosen sind eine gute Wahl f\u00fcr alle Arbeiter, die bequeme, strapazierf\u00e4hige und widerstandsf\u00e4hige Kleidung ben\u00f6tigen. Die Cerber-Arbeitshosen mit mehreren Taschen erm\u00f6glichen die sichere Aufbewahrung kleiner Werkzeuge oder eines Telefons, sodass Sie diese immer griffbereit haben.<\/p>\n<h3>Professionelle Arbeitskleidung<\/h3>\n<p>Das strapazierf\u00e4hige Gewebe sch\u00fctzt die unteren K\u00f6rperteile perfekt vor verschiedenen Gefahren, denen Arbeiter auf Baustellen, in Lagern, Produktionshallen oder Autowerkst\u00e4tten h\u00e4ufig ausgesetzt sind.<\/p>\n<p>Professionelle, solide Arbeitskleidung ist ein Garant f\u00fcr Sicherheit am Arbeitsplatz! Wir laden Sie ein, sich mit <a href=\"https:\/\/grapil.pl\/de\/pl\/c\/latzhose\/12\/\">unser gesamtes Angebot<\/a> und geben Sie Ihre Bestellung auf.<\/p>","protected":false},"excerpt":{"rendered":"<h1>Cerber Combat Arbeitshose<\/h1>","protected":false},"featured_media":19001,"template":"","meta":[],"product_brand":[91],"product_cat":[86,92,93],"product_tag":[],"class_list":{"0":"post-18999","1":"product","2":"type-product","3":"status-publish","4":"has-post-thumbnail","6":"product_brand-artmas","7":"product_cat-sklepbhp","8":"product_cat-odziez-robocza","9":"product_cat-spodnie-robocze","11":"first","12":"instock","13":"product-type-simple"},"yoast_head":"<!-- This site is optimized with the Yoast SEO plugin v25.3 - https:\/\/yoast.com\/wordpress\/plugins\/seo\/ -->\n<title>Spodnie robocze do pasa boj\u00f3wki - Grapil.pl \u2013 Profesjonalna Odzie\u017c S\u0142u\u017cbowa dla Bran\u017cy Kelnerskiej, HoReCa i Medycyny<\/title>\n<meta name=\"robots\" content=\"index, follow, max-snippet:-1, max-image-preview:large, max-video-preview:-1\" \/>\n<link rel=\"canonical\" href=\"https:\/\/grapil.pl\/de\/produkt\/arbeitshose-mit-taillenbund-kampf\/\" \/>\n<meta property=\"og:locale\" content=\"de_DE\" \/>\n<meta property=\"og:type\" content=\"article\" \/>\n<meta property=\"og:title\" content=\"Spodnie robocze do pasa boj\u00f3wki - Grapil.pl \u2013 Profesjonalna Odzie\u017c S\u0142u\u017cbowa dla Bran\u017cy Kelnerskiej, HoReCa i Medycyny\" \/>\n<meta property=\"og:description\" content=\"Spodnie robocze boj\u00f3wki Cerber\" \/>\n<meta property=\"og:url\" content=\"https:\/\/grapil.pl\/de\/produkt\/arbeitshose-mit-taillenbund-kampf\/\" \/>\n<meta property=\"og:site_name\" content=\"Grapil.pl \u2013 Profesjonalna Odzie\u017c S\u0142u\u017cbowa dla Bran\u017cy Kelnerskiej, HoReCa i Medycyny\" \/>\n<meta property=\"article:modified_time\" content=\"2025-09-05T12:21:28+00:00\" \/>\n<meta property=\"og:image\" content=\"https:\/\/grapil.pl\/wp-content\/uploads\/2025\/04\/12437.jpg\" \/>\n\t<meta property=\"og:image:width\" content=\"700\" \/>\n\t<meta property=\"og:image:height\" content=\"700\" \/>\n\t<meta property=\"og:image:type\" content=\"image\/png\" \/>\n<meta name=\"twitter:card\" content=\"summary_large_image\" \/>\n<meta name=\"twitter:label1\" content=\"Gesch\u00e4tzte Lesezeit\" \/>\n\t<meta name=\"twitter:data1\" content=\"1\u00a0Minute\" \/>\n<script type=\"application\/ld+json\" class=\"yoast-schema-graph\">{\"@context\":\"https:\/\/schema.org\",\"@graph\":[{\"@type\":\"WebPage\",\"@id\":\"https:\/\/grapil.pl\/produkt\/spodnie-robocze-do-pasa-bojowki\/\",\"url\":\"https:\/\/grapil.pl\/produkt\/spodnie-robocze-do-pasa-bojowki\/\",\"name\":\"Spodnie robocze do pasa boj\u00f3wki - Grapil.pl \u2013 Profesjonalna Odzie\u017c S\u0142u\u017cbowa dla Bran\u017cy Kelnerskiej, HoReCa i Medycyny\",\"isPartOf\":{\"@id\":\"https:\/\/grapil.pl\/#website\"},\"primaryImageOfPage\":{\"@id\":\"https:\/\/grapil.pl\/produkt\/spodnie-robocze-do-pasa-bojowki\/#primaryimage\"},\"image\":{\"@id\":\"https:\/\/grapil.pl\/produkt\/spodnie-robocze-do-pasa-bojowki\/#primaryimage\"},\"thumbnailUrl\":\"https:\/\/grapil.pl\/wp-content\/uploads\/2025\/04\/12437.jpg\",\"datePublished\":\"2025-04-09T15:40:01+00:00\",\"dateModified\":\"2025-09-05T12:21:28+00:00\",\"breadcrumb\":{\"@id\":\"https:\/\/grapil.pl\/produkt\/spodnie-robocze-do-pasa-bojowki\/#breadcrumb\"},\"inLanguage\":\"de\",\"potentialAction\":[{\"@type\":\"ReadAction\",\"target\":[\"https:\/\/grapil.pl\/produkt\/spodnie-robocze-do-pasa-bojowki\/\"]}]},{\"@type\":\"ImageObject\",\"inLanguage\":\"de\",\"@id\":\"https:\/\/grapil.pl\/produkt\/spodnie-robocze-do-pasa-bojowki\/#primaryimage\",\"url\":\"https:\/\/grapil.pl\/wp-content\/uploads\/2025\/04\/12437.jpg\",\"contentUrl\":\"https:\/\/grapil.pl\/wp-content\/uploads\/2025\/04\/12437.jpg\",\"width\":700,\"height\":700},{\"@type\":\"BreadcrumbList\",\"@id\":\"https:\/\/grapil.pl\/produkt\/spodnie-robocze-do-pasa-bojowki\/#breadcrumb\",\"itemListElement\":[{\"@type\":\"ListItem\",\"position\":1,\"name\":\"Strona g\u0142\u00f3wna\",\"item\":\"https:\/\/grapil.pl\/\"},{\"@type\":\"ListItem\",\"position\":2,\"name\":\"sklep\",\"item\":\"https:\/\/grapil.pl\/sklep\/\"},{\"@type\":\"ListItem\",\"position\":3,\"name\":\"Spodnie robocze do pasa boj\u00f3wki\"}]},{\"@type\":\"WebSite\",\"@id\":\"https:\/\/grapil.pl\/#website\",\"url\":\"https:\/\/grapil.pl\/\",\"name\":\"Grapil.pl \u2013 Profesjonalna Odzie\u017c S\u0142u\u017cbowa dla Bran\u017cy Kelnerskiej, HoReCa i Medycyny\",\"description\":\"\",\"potentialAction\":[{\"@type\":\"SearchAction\",\"target\":{\"@type\":\"EntryPoint\",\"urlTemplate\":\"https:\/\/grapil.pl\/?s={search_term_string}\"},\"query-input\":{\"@type\":\"PropertyValueSpecification\",\"valueRequired\":true,\"valueName\":\"search_term_string\"}}],\"inLanguage\":\"de\"}]}<\/script>\n<!-- \/ Yoast SEO plugin. -->","yoast_head_json":{"title":"Spodnie robocze do pasa boj\u00f3wki - Grapil.pl \u2013 Profesjonalna Odzie\u017c S\u0142u\u017cbowa dla Bran\u017cy Kelnerskiej, HoReCa i Medycyny","robots":{"index":"index","follow":"follow","max-snippet":"max-snippet:-1","max-image-preview":"max-image-preview:large","max-video-preview":"max-video-preview:-1"},"canonical":"https:\/\/grapil.pl\/de\/produkt\/arbeitshose-mit-taillenbund-kampf\/","og_locale":"de_DE","og_type":"article","og_title":"Spodnie robocze do pasa boj\u00f3wki - Grapil.pl \u2013 Profesjonalna Odzie\u017c S\u0142u\u017cbowa dla Bran\u017cy Kelnerskiej, HoReCa i Medycyny","og_description":"Spodnie robocze boj\u00f3wki Cerber","og_url":"https:\/\/grapil.pl\/de\/produkt\/arbeitshose-mit-taillenbund-kampf\/","og_site_name":"Grapil.pl \u2013 Profesjonalna Odzie\u017c S\u0142u\u017cbowa dla Bran\u017cy Kelnerskiej, HoReCa i Medycyny","article_modified_time":"2025-09-05T12:21:28+00:00","og_image":[{"width":700,"height":700,"url":"https:\/\/grapil.pl\/wp-content\/uploads\/2025\/04\/12437.jpg","type":"image\/png"}],"twitter_card":"summary_large_image","twitter_misc":{"Gesch\u00e4tzte Lesezeit":"1\u00a0Minute"},"schema":{"@context":"https:\/\/schema.org","@graph":[{"@type":"WebPage","@id":"https:\/\/grapil.pl\/produkt\/spodnie-robocze-do-pasa-bojowki\/","url":"https:\/\/grapil.pl\/produkt\/spodnie-robocze-do-pasa-bojowki\/","name":"Spodnie robocze do pasa boj\u00f3wki - Grapil.pl \u2013 Profesjonalna Odzie\u017c S\u0142u\u017cbowa dla Bran\u017cy Kelnerskiej, HoReCa i Medycyny","isPartOf":{"@id":"https:\/\/grapil.pl\/#website"},"primaryImageOfPage":{"@id":"https:\/\/grapil.pl\/produkt\/spodnie-robocze-do-pasa-bojowki\/#primaryimage"},"image":{"@id":"https:\/\/grapil.pl\/produkt\/spodnie-robocze-do-pasa-bojowki\/#primaryimage"},"thumbnailUrl":"https:\/\/grapil.pl\/wp-content\/uploads\/2025\/04\/12437.jpg","datePublished":"2025-04-09T15:40:01+00:00","dateModified":"2025-09-05T12:21:28+00:00","breadcrumb":{"@id":"https:\/\/grapil.pl\/produkt\/spodnie-robocze-do-pasa-bojowki\/#breadcrumb"},"inLanguage":"de","potentialAction":[{"@type":"ReadAction","target":["https:\/\/grapil.pl\/produkt\/spodnie-robocze-do-pasa-bojowki\/"]}]},{"@type":"ImageObject","inLanguage":"de","@id":"https:\/\/grapil.pl\/produkt\/spodnie-robocze-do-pasa-bojowki\/#primaryimage","url":"https:\/\/grapil.pl\/wp-content\/uploads\/2025\/04\/12437.jpg","contentUrl":"https:\/\/grapil.pl\/wp-content\/uploads\/2025\/04\/12437.jpg","width":700,"height":700},{"@type":"BreadcrumbList","@id":"https:\/\/grapil.pl\/produkt\/spodnie-robocze-do-pasa-bojowki\/#breadcrumb","itemListElement":[{"@type":"ListItem","position":1,"name":"Strona g\u0142\u00f3wna","item":"https:\/\/grapil.pl\/"},{"@type":"ListItem","position":2,"name":"sklep","item":"https:\/\/grapil.pl\/sklep\/"},{"@type":"ListItem","position":3,"name":"Spodnie robocze do pasa boj\u00f3wki"}]},{"@type":"WebSite","@id":"https:\/\/grapil.pl\/#website","url":"https:\/\/grapil.pl\/","name":"Grapil.pl \u2013 Profesjonalna Odzie\u017c S\u0142u\u017cbowa dla Bran\u017cy Kelnerskiej, HoReCa i Medycyny","description":"","potentialAction":[{"@type":"SearchAction","target":{"@type":"EntryPoint","urlTemplate":"https:\/\/grapil.pl\/?s={search_term_string}"},"query-input":{"@type":"PropertyValueSpecification","valueRequired":true,"valueName":"search_term_string"}}],"inLanguage":"de"}]}},"_links":{"self":[{"href":"https:\/\/grapil.pl\/de\/wp-json\/wp\/v2\/product\/18999","targetHints":{"allow":["GET"]}}],"collection":[{"href":"https:\/\/grapil.pl\/de\/wp-json\/wp\/v2\/product"}],"about":[{"href":"https:\/\/grapil.pl\/de\/wp-json\/wp\/v2\/types\/product"}],"version-history":[{"count":1,"href":"https:\/\/grapil.pl\/de\/wp-json\/wp\/v2\/product\/18999\/revisions"}],"predecessor-version":[{"id":19000,"href":"https:\/\/grapil.pl\/de\/wp-json\/wp\/v2\/product\/18999\/revisions\/19000"}],"wp:featuredmedia":[{"embeddable":true,"href":"https:\/\/grapil.pl\/de\/wp-json\/wp\/v2\/media\/19001"}],"wp:attachment":[{"href":"https:\/\/grapil.pl\/de\/wp-json\/wp\/v2\/media?parent=18999"}],"wp:term":[{"taxonomy":"product_brand","embeddable":true,"href":"https:\/\/grapil.pl\/de\/wp-json\/wp\/v2\/product_brand?post=18999"},{"taxonomy":"product_cat","embeddable":true,"href":"https:\/\/grapil.pl\/de\/wp-json\/wp\/v2\/product_cat?post=18999"},{"taxonomy":"product_tag","embeddable":true,"href":"https:\/\/grapil.pl\/de\/wp-json\/wp\/v2\/product_tag?post=18999"}],"curies":[{"name":"wp","href":"https:\/\/api.w.org\/{rel}","templated":true}]}}