{"id":19005,"date":"2025-04-09T17:40:01","date_gmt":"2025-04-09T15:40:01","guid":{"rendered":"https:\/\/grapil.pl\/produkt\/rekawice-spawalnicze-skorzane-reflex\/"},"modified":"2025-04-09T17:40:12","modified_gmt":"2025-04-09T15:40:12","slug":"reflex-schweishandschuhe-aus-leder","status":"publish","type":"product","link":"https:\/\/grapil.pl\/de\/produkt\/reflex-schweishandschuhe-aus-leder\/","title":{"rendered":"REFLEX Lederschwei\u00dfhandschuhe"},"content":{"rendered":"<div class=\"_1voj4 _z9prt _1xzdi _ai5yc _5d6n2 _15lj1\">\n<div class=\"_2d49e_5pK0q\">\n<h1>F\u00fcnffinger-Schwei\u00dferhandschuhe aus Rindspaltleder in Schwarz.<\/h1>\n<p><strong>Merkmal:<\/strong><\/p>\n<ul>\n<li><strong>N\u00e4hte mit Latz verst\u00e4rkt, gegen Verbrennen gesch\u00fctzt<\/strong>,<\/li>\n<li>Griffteil aus schwarzem Rindspaltleder,<\/li>\n<li>der obere Teil, einschlie\u00dflich der Manschette, besteht vollst\u00e4ndig aus einem St\u00fcck Leder,<\/li>\n<li>lange Manschette,<\/li>\n<li>anatomische Anordnung des Daumens.<\/li>\n<li>dickes und weiches Futter f\u00fcr erh\u00f6hten Tragekomfort,<\/li>\n<li>L\u00e4nge 35cm.<\/li>\n<\/ul>\n<p><strong>Schutzparameter:<\/strong><\/p>\n<ul>\n<li>nach EN 388: 4,2,3,3,X (Abriebfestigkeit 4, Schnittfestigkeit 1, Weiterrei\u00dffestigkeit 3, Durchstichfestigkeit 3, Schnittfestigkeit (nach ISO 13977),<\/li>\n<li>nach EN 407: 4,1,3,X,4,X,(Widerstand gegen Entz\u00fcndung 4, Widerstand gegen Ber\u00fchrung mit hei\u00dfen Gegenst\u00e4nden 1, Widerstand gegen Konvektionsw\u00e4rme 3, Widerstand gegen W\u00e4rmestrahlung X, Widerstand gegen kleine Spritzer geschmolzenen Metalls 4, Widerstand gegen gro\u00dfe Spritzer geschmolzenen Metalls X),<\/li>\n<li>Klasse A gem\u00e4\u00df EN 12477.<\/li>\n<\/ul>\n<p><strong>Gr\u00f6\u00dfe: 11<\/strong><\/p>\n<p>CE-Kat.-II-Zertifikat. EN 12477:2001\/A1:2005; EN 407:2004; EN 388:2016; EN 420:2003+A1:2009<\/p>\n<\/p><\/div>\n<\/p><\/div>\n<div class=\"_1voj4 _z9prt _1xzdi _ai5yc _5d6n2 _15lj1\">\u00a0<\/div>","protected":false},"excerpt":{"rendered":"<h1>F\u00fcnffinger-Schwei\u00dferhandschuhe aus Rindspaltleder in Schwarz.<\/h1>","protected":false},"featured_media":19007,"template":"","meta":[],"product_brand":[91],"product_cat":[86,96,124],"product_tag":[],"class_list":{"0":"post-19005","1":"product","2":"type-product","3":"status-publish","4":"has-post-thumbnail","6":"product_brand-artmas","7":"product_cat-sklepbhp","8":"product_cat-rekawice-bhp","9":"product_cat-wzmacniane-skora","11":"first","12":"instock","13":"product-type-simple"},"yoast_head":"<!-- This site is optimized with the Yoast SEO plugin v25.3 - https:\/\/yoast.com\/wordpress\/plugins\/seo\/ -->\n<title>R\u0119kawice spawalnicze sk\u00f3rzane REFLEX - Grapil.pl \u2013 Profesjonalna Odzie\u017c S\u0142u\u017cbowa dla Bran\u017cy Kelnerskiej, HoReCa i Medycyny<\/title>\n<meta name=\"robots\" content=\"index, follow, max-snippet:-1, max-image-preview:large, max-video-preview:-1\" \/>\n<link rel=\"canonical\" href=\"https:\/\/grapil.pl\/de\/produkt\/reflex-schweishandschuhe-aus-leder\/\" \/>\n<meta property=\"og:locale\" content=\"de_DE\" \/>\n<meta property=\"og:type\" content=\"article\" \/>\n<meta property=\"og:title\" content=\"R\u0119kawice spawalnicze sk\u00f3rzane REFLEX - Grapil.pl \u2013 Profesjonalna Odzie\u017c S\u0142u\u017cbowa dla Bran\u017cy Kelnerskiej, HoReCa i Medycyny\" \/>\n<meta property=\"og:description\" content=\"R\u0119kawice pi\u0119ciopalcowe spawalnicze ze sk\u00f3ry dwoinowej\u00a0bydl\u0119cej w kolorze czarnym.\" \/>\n<meta property=\"og:url\" content=\"https:\/\/grapil.pl\/de\/produkt\/reflex-schweishandschuhe-aus-leder\/\" \/>\n<meta property=\"og:site_name\" content=\"Grapil.pl \u2013 Profesjonalna Odzie\u017c S\u0142u\u017cbowa dla Bran\u017cy Kelnerskiej, HoReCa i Medycyny\" \/>\n<meta property=\"article:modified_time\" content=\"2025-04-09T15:40:12+00:00\" \/>\n<meta property=\"og:image\" content=\"https:\/\/grapil.pl\/wp-content\/uploads\/2025\/04\/12445.jpg\" \/>\n\t<meta property=\"og:image:width\" content=\"700\" \/>\n\t<meta property=\"og:image:height\" content=\"700\" \/>\n\t<meta property=\"og:image:type\" content=\"image\/jpeg\" \/>\n<meta name=\"twitter:card\" content=\"summary_large_image\" \/>\n<meta name=\"twitter:label1\" content=\"Gesch\u00e4tzte Lesezeit\" \/>\n\t<meta name=\"twitter:data1\" content=\"1\u00a0Minute\" \/>\n<script type=\"application\/ld+json\" class=\"yoast-schema-graph\">{\"@context\":\"https:\/\/schema.org\",\"@graph\":[{\"@type\":\"WebPage\",\"@id\":\"https:\/\/grapil.pl\/produkt\/rekawice-spawalnicze-skorzane-reflex\/\",\"url\":\"https:\/\/grapil.pl\/produkt\/rekawice-spawalnicze-skorzane-reflex\/\",\"name\":\"R\u0119kawice spawalnicze sk\u00f3rzane REFLEX - Grapil.pl \u2013 Profesjonalna Odzie\u017c S\u0142u\u017cbowa dla Bran\u017cy Kelnerskiej, HoReCa i Medycyny\",\"isPartOf\":{\"@id\":\"https:\/\/grapil.pl\/#website\"},\"primaryImageOfPage\":{\"@id\":\"https:\/\/grapil.pl\/produkt\/rekawice-spawalnicze-skorzane-reflex\/#primaryimage\"},\"image\":{\"@id\":\"https:\/\/grapil.pl\/produkt\/rekawice-spawalnicze-skorzane-reflex\/#primaryimage\"},\"thumbnailUrl\":\"https:\/\/grapil.pl\/wp-content\/uploads\/2025\/04\/12445.jpg\",\"datePublished\":\"2025-04-09T15:40:01+00:00\",\"dateModified\":\"2025-04-09T15:40:12+00:00\",\"breadcrumb\":{\"@id\":\"https:\/\/grapil.pl\/produkt\/rekawice-spawalnicze-skorzane-reflex\/#breadcrumb\"},\"inLanguage\":\"de\",\"potentialAction\":[{\"@type\":\"ReadAction\",\"target\":[\"https:\/\/grapil.pl\/produkt\/rekawice-spawalnicze-skorzane-reflex\/\"]}]},{\"@type\":\"ImageObject\",\"inLanguage\":\"de\",\"@id\":\"https:\/\/grapil.pl\/produkt\/rekawice-spawalnicze-skorzane-reflex\/#primaryimage\",\"url\":\"https:\/\/grapil.pl\/wp-content\/uploads\/2025\/04\/12445.jpg\",\"contentUrl\":\"https:\/\/grapil.pl\/wp-content\/uploads\/2025\/04\/12445.jpg\",\"width\":700,\"height\":700},{\"@type\":\"BreadcrumbList\",\"@id\":\"https:\/\/grapil.pl\/produkt\/rekawice-spawalnicze-skorzane-reflex\/#breadcrumb\",\"itemListElement\":[{\"@type\":\"ListItem\",\"position\":1,\"name\":\"Strona g\u0142\u00f3wna\",\"item\":\"https:\/\/grapil.pl\/\"},{\"@type\":\"ListItem\",\"position\":2,\"name\":\"sklep\",\"item\":\"https:\/\/grapil.pl\/sklep\/\"},{\"@type\":\"ListItem\",\"position\":3,\"name\":\"R\u0119kawice spawalnicze sk\u00f3rzane REFLEX\"}]},{\"@type\":\"WebSite\",\"@id\":\"https:\/\/grapil.pl\/#website\",\"url\":\"https:\/\/grapil.pl\/\",\"name\":\"Grapil.pl \u2013 Profesjonalna Odzie\u017c S\u0142u\u017cbowa dla Bran\u017cy Kelnerskiej, HoReCa i Medycyny\",\"description\":\"\",\"potentialAction\":[{\"@type\":\"SearchAction\",\"target\":{\"@type\":\"EntryPoint\",\"urlTemplate\":\"https:\/\/grapil.pl\/?s={search_term_string}\"},\"query-input\":{\"@type\":\"PropertyValueSpecification\",\"valueRequired\":true,\"valueName\":\"search_term_string\"}}],\"inLanguage\":\"de\"}]}<\/script>\n<!-- \/ Yoast SEO plugin. -->","yoast_head_json":{"title":"R\u0119kawice spawalnicze sk\u00f3rzane REFLEX - Grapil.pl \u2013 Profesjonalna Odzie\u017c S\u0142u\u017cbowa dla Bran\u017cy Kelnerskiej, HoReCa i Medycyny","robots":{"index":"index","follow":"follow","max-snippet":"max-snippet:-1","max-image-preview":"max-image-preview:large","max-video-preview":"max-video-preview:-1"},"canonical":"https:\/\/grapil.pl\/de\/produkt\/reflex-schweishandschuhe-aus-leder\/","og_locale":"de_DE","og_type":"article","og_title":"R\u0119kawice spawalnicze sk\u00f3rzane REFLEX - Grapil.pl \u2013 Profesjonalna Odzie\u017c S\u0142u\u017cbowa dla Bran\u017cy Kelnerskiej, HoReCa i Medycyny","og_description":"R\u0119kawice pi\u0119ciopalcowe spawalnicze ze sk\u00f3ry dwoinowej\u00a0bydl\u0119cej w kolorze czarnym.","og_url":"https:\/\/grapil.pl\/de\/produkt\/reflex-schweishandschuhe-aus-leder\/","og_site_name":"Grapil.pl \u2013 Profesjonalna Odzie\u017c S\u0142u\u017cbowa dla Bran\u017cy Kelnerskiej, HoReCa i Medycyny","article_modified_time":"2025-04-09T15:40:12+00:00","og_image":[{"width":700,"height":700,"url":"https:\/\/grapil.pl\/wp-content\/uploads\/2025\/04\/12445.jpg","type":"image\/jpeg"}],"twitter_card":"summary_large_image","twitter_misc":{"Gesch\u00e4tzte Lesezeit":"1\u00a0Minute"},"schema":{"@context":"https:\/\/schema.org","@graph":[{"@type":"WebPage","@id":"https:\/\/grapil.pl\/produkt\/rekawice-spawalnicze-skorzane-reflex\/","url":"https:\/\/grapil.pl\/produkt\/rekawice-spawalnicze-skorzane-reflex\/","name":"R\u0119kawice spawalnicze sk\u00f3rzane REFLEX - Grapil.pl \u2013 Profesjonalna Odzie\u017c S\u0142u\u017cbowa dla Bran\u017cy Kelnerskiej, HoReCa i Medycyny","isPartOf":{"@id":"https:\/\/grapil.pl\/#website"},"primaryImageOfPage":{"@id":"https:\/\/grapil.pl\/produkt\/rekawice-spawalnicze-skorzane-reflex\/#primaryimage"},"image":{"@id":"https:\/\/grapil.pl\/produkt\/rekawice-spawalnicze-skorzane-reflex\/#primaryimage"},"thumbnailUrl":"https:\/\/grapil.pl\/wp-content\/uploads\/2025\/04\/12445.jpg","datePublished":"2025-04-09T15:40:01+00:00","dateModified":"2025-04-09T15:40:12+00:00","breadcrumb":{"@id":"https:\/\/grapil.pl\/produkt\/rekawice-spawalnicze-skorzane-reflex\/#breadcrumb"},"inLanguage":"de","potentialAction":[{"@type":"ReadAction","target":["https:\/\/grapil.pl\/produkt\/rekawice-spawalnicze-skorzane-reflex\/"]}]},{"@type":"ImageObject","inLanguage":"de","@id":"https:\/\/grapil.pl\/produkt\/rekawice-spawalnicze-skorzane-reflex\/#primaryimage","url":"https:\/\/grapil.pl\/wp-content\/uploads\/2025\/04\/12445.jpg","contentUrl":"https:\/\/grapil.pl\/wp-content\/uploads\/2025\/04\/12445.jpg","width":700,"height":700},{"@type":"BreadcrumbList","@id":"https:\/\/grapil.pl\/produkt\/rekawice-spawalnicze-skorzane-reflex\/#breadcrumb","itemListElement":[{"@type":"ListItem","position":1,"name":"Strona g\u0142\u00f3wna","item":"https:\/\/grapil.pl\/"},{"@type":"ListItem","position":2,"name":"sklep","item":"https:\/\/grapil.pl\/sklep\/"},{"@type":"ListItem","position":3,"name":"R\u0119kawice spawalnicze sk\u00f3rzane REFLEX"}]},{"@type":"WebSite","@id":"https:\/\/grapil.pl\/#website","url":"https:\/\/grapil.pl\/","name":"Grapil.pl \u2013 Profesjonalna Odzie\u017c S\u0142u\u017cbowa dla Bran\u017cy Kelnerskiej, HoReCa i Medycyny","description":"","potentialAction":[{"@type":"SearchAction","target":{"@type":"EntryPoint","urlTemplate":"https:\/\/grapil.pl\/?s={search_term_string}"},"query-input":{"@type":"PropertyValueSpecification","valueRequired":true,"valueName":"search_term_string"}}],"inLanguage":"de"}]}},"_links":{"self":[{"href":"https:\/\/grapil.pl\/de\/wp-json\/wp\/v2\/product\/19005","targetHints":{"allow":["GET"]}}],"collection":[{"href":"https:\/\/grapil.pl\/de\/wp-json\/wp\/v2\/product"}],"about":[{"href":"https:\/\/grapil.pl\/de\/wp-json\/wp\/v2\/types\/product"}],"version-history":[{"count":1,"href":"https:\/\/grapil.pl\/de\/wp-json\/wp\/v2\/product\/19005\/revisions"}],"predecessor-version":[{"id":19006,"href":"https:\/\/grapil.pl\/de\/wp-json\/wp\/v2\/product\/19005\/revisions\/19006"}],"wp:featuredmedia":[{"embeddable":true,"href":"https:\/\/grapil.pl\/de\/wp-json\/wp\/v2\/media\/19007"}],"wp:attachment":[{"href":"https:\/\/grapil.pl\/de\/wp-json\/wp\/v2\/media?parent=19005"}],"wp:term":[{"taxonomy":"product_brand","embeddable":true,"href":"https:\/\/grapil.pl\/de\/wp-json\/wp\/v2\/product_brand?post=19005"},{"taxonomy":"product_cat","embeddable":true,"href":"https:\/\/grapil.pl\/de\/wp-json\/wp\/v2\/product_cat?post=19005"},{"taxonomy":"product_tag","embeddable":true,"href":"https:\/\/grapil.pl\/de\/wp-json\/wp\/v2\/product_tag?post=19005"}],"curies":[{"name":"wp","href":"https:\/\/api.w.org\/{rel}","templated":true}]}}