{"id":19070,"date":"2025-04-09T17:40:14","date_gmt":"2025-04-09T15:40:14","guid":{"rendered":"https:\/\/grapil.pl\/produkt\/cieply-polar-roboczy-jhk-z-kapturem-granatowa\/"},"modified":"2025-04-09T17:40:48","modified_gmt":"2025-04-09T15:40:48","slug":"warmer-jhk-arbeitsfleece-mit-kapuze-marineblau","status":"publish","type":"product","link":"https:\/\/grapil.pl\/de\/produkt\/warmer-jhk-arbeitsfleece-mit-kapuze-marineblau\/","title":{"rendered":"Warmer JHK Arbeitsfleece mit Kapuze Marineblau"},"content":{"rendered":"<h2>FLRA 340 Bushaube Premium MARINEBLAU\/SCHWARZ<\/h2>\n<p>Ein Sweatshirt aus FLEECE. Fleece mit Anti-Pilling-Ausr\u00fcstung. Das Fleece ist dick und hat sehr gute thermische Eigenschaften, f\u00fchlt sich angenehm an,\u00a0<strong>2 Rei\u00dfverschlusstaschen<\/strong>und einer zus\u00e4tzlichen Brusttasche mit Rei\u00dfverschluss. Der untere Teil l\u00e4sst sich durch einen Gummizug mit Stoppern verstellen.\u00a0<strong>Das Sweatshirt hat Verst\u00e4rkungen am Hals, an den Schultern und an den Ellbogen.<\/strong><\/p>\n<p><img fetchpriority=\"high\" decoding=\"async\" alt=\"\" height=\"480\" src=\"\/userdata\/public\/assets\/\/tabelka%20polar%20jhk%20kaptur.JPG\" width=\"703\" \/><\/p>","protected":false},"excerpt":{"rendered":"<p>FLRA 340 Bus Hood Premium NAVY\/SCHWARZ KAPUZE Ein Sweatshirt aus FLEECE. Das Fleece ist mit einer Anti-Pilling-Ausr\u00fcstung versehen. Das Fleece ist dick und hat<\/p>","protected":false},"featured_media":19072,"template":"","meta":[],"product_brand":[94],"product_cat":[86,92,100],"product_tag":[],"class_list":{"0":"post-19070","1":"product","2":"type-product","3":"status-publish","4":"has-post-thumbnail","6":"product_brand-jhk","7":"product_cat-sklepbhp","8":"product_cat-odziez-robocza","9":"product_cat-polary-i-bluzy-robocze","11":"first","12":"instock","13":"product-type-simple"},"yoast_head":"<!-- This site is optimized with the Yoast SEO plugin v25.3 - https:\/\/yoast.com\/wordpress\/plugins\/seo\/ -->\n<title>Ciep\u0142y polar roboczy JHK z kapturem granatowa - Grapil.pl \u2013 Profesjonalna Odzie\u017c S\u0142u\u017cbowa dla Bran\u017cy Kelnerskiej, HoReCa i Medycyny<\/title>\n<meta name=\"robots\" content=\"index, follow, max-snippet:-1, max-image-preview:large, max-video-preview:-1\" \/>\n<link rel=\"canonical\" href=\"https:\/\/grapil.pl\/de\/produkt\/warmer-jhk-arbeitsfleece-mit-kapuze-marineblau\/\" \/>\n<meta property=\"og:locale\" content=\"de_DE\" \/>\n<meta property=\"og:type\" content=\"article\" \/>\n<meta property=\"og:title\" content=\"Ciep\u0142y polar roboczy JHK z kapturem granatowa - Grapil.pl \u2013 Profesjonalna Odzie\u017c S\u0142u\u017cbowa dla Bran\u017cy Kelnerskiej, HoReCa i Medycyny\" \/>\n<meta property=\"og:description\" content=\"FLRA 340 Bus Hood Premium NAVY\/BLACK KAPTUR Bluza wykonana z POLARU. Polar z wyko\u0144czeniem antypilingowym. Polar jest gruby i posiada\" \/>\n<meta property=\"og:url\" content=\"https:\/\/grapil.pl\/de\/produkt\/warmer-jhk-arbeitsfleece-mit-kapuze-marineblau\/\" \/>\n<meta property=\"og:site_name\" content=\"Grapil.pl \u2013 Profesjonalna Odzie\u017c S\u0142u\u017cbowa dla Bran\u017cy Kelnerskiej, HoReCa i Medycyny\" \/>\n<meta property=\"article:modified_time\" content=\"2025-04-09T15:40:48+00:00\" \/>\n<meta property=\"og:image\" content=\"https:\/\/grapil.pl\/wp-content\/uploads\/2025\/04\/12682.jpg\" \/>\n\t<meta property=\"og:image:width\" content=\"376\" \/>\n\t<meta property=\"og:image:height\" content=\"561\" \/>\n\t<meta property=\"og:image:type\" content=\"image\/jpeg\" \/>\n<meta name=\"twitter:card\" content=\"summary_large_image\" \/>\n<script type=\"application\/ld+json\" class=\"yoast-schema-graph\">{\"@context\":\"https:\/\/schema.org\",\"@graph\":[{\"@type\":\"WebPage\",\"@id\":\"https:\/\/grapil.pl\/produkt\/cieply-polar-roboczy-jhk-z-kapturem-granatowa\/\",\"url\":\"https:\/\/grapil.pl\/produkt\/cieply-polar-roboczy-jhk-z-kapturem-granatowa\/\",\"name\":\"Ciep\u0142y polar roboczy JHK z kapturem granatowa - Grapil.pl \u2013 Profesjonalna Odzie\u017c S\u0142u\u017cbowa dla Bran\u017cy Kelnerskiej, HoReCa i Medycyny\",\"isPartOf\":{\"@id\":\"https:\/\/grapil.pl\/#website\"},\"primaryImageOfPage\":{\"@id\":\"https:\/\/grapil.pl\/produkt\/cieply-polar-roboczy-jhk-z-kapturem-granatowa\/#primaryimage\"},\"image\":{\"@id\":\"https:\/\/grapil.pl\/produkt\/cieply-polar-roboczy-jhk-z-kapturem-granatowa\/#primaryimage\"},\"thumbnailUrl\":\"https:\/\/grapil.pl\/wp-content\/uploads\/2025\/04\/12682.jpg\",\"datePublished\":\"2025-04-09T15:40:14+00:00\",\"dateModified\":\"2025-04-09T15:40:48+00:00\",\"breadcrumb\":{\"@id\":\"https:\/\/grapil.pl\/produkt\/cieply-polar-roboczy-jhk-z-kapturem-granatowa\/#breadcrumb\"},\"inLanguage\":\"de\",\"potentialAction\":[{\"@type\":\"ReadAction\",\"target\":[\"https:\/\/grapil.pl\/produkt\/cieply-polar-roboczy-jhk-z-kapturem-granatowa\/\"]}]},{\"@type\":\"ImageObject\",\"inLanguage\":\"de\",\"@id\":\"https:\/\/grapil.pl\/produkt\/cieply-polar-roboczy-jhk-z-kapturem-granatowa\/#primaryimage\",\"url\":\"https:\/\/grapil.pl\/wp-content\/uploads\/2025\/04\/12682.jpg\",\"contentUrl\":\"https:\/\/grapil.pl\/wp-content\/uploads\/2025\/04\/12682.jpg\",\"width\":376,\"height\":561},{\"@type\":\"BreadcrumbList\",\"@id\":\"https:\/\/grapil.pl\/produkt\/cieply-polar-roboczy-jhk-z-kapturem-granatowa\/#breadcrumb\",\"itemListElement\":[{\"@type\":\"ListItem\",\"position\":1,\"name\":\"Strona g\u0142\u00f3wna\",\"item\":\"https:\/\/grapil.pl\/\"},{\"@type\":\"ListItem\",\"position\":2,\"name\":\"sklep\",\"item\":\"https:\/\/grapil.pl\/sklep\/\"},{\"@type\":\"ListItem\",\"position\":3,\"name\":\"Ciep\u0142y polar roboczy JHK z kapturem granatowa\"}]},{\"@type\":\"WebSite\",\"@id\":\"https:\/\/grapil.pl\/#website\",\"url\":\"https:\/\/grapil.pl\/\",\"name\":\"Grapil.pl \u2013 Profesjonalna Odzie\u017c S\u0142u\u017cbowa dla Bran\u017cy Kelnerskiej, HoReCa i Medycyny\",\"description\":\"\",\"potentialAction\":[{\"@type\":\"SearchAction\",\"target\":{\"@type\":\"EntryPoint\",\"urlTemplate\":\"https:\/\/grapil.pl\/?s={search_term_string}\"},\"query-input\":{\"@type\":\"PropertyValueSpecification\",\"valueRequired\":true,\"valueName\":\"search_term_string\"}}],\"inLanguage\":\"de\"}]}<\/script>\n<!-- \/ Yoast SEO plugin. -->","yoast_head_json":{"title":"Ciep\u0142y polar roboczy JHK z kapturem granatowa - Grapil.pl \u2013 Profesjonalna Odzie\u017c S\u0142u\u017cbowa dla Bran\u017cy Kelnerskiej, HoReCa i Medycyny","robots":{"index":"index","follow":"follow","max-snippet":"max-snippet:-1","max-image-preview":"max-image-preview:large","max-video-preview":"max-video-preview:-1"},"canonical":"https:\/\/grapil.pl\/de\/produkt\/warmer-jhk-arbeitsfleece-mit-kapuze-marineblau\/","og_locale":"de_DE","og_type":"article","og_title":"Ciep\u0142y polar roboczy JHK z kapturem granatowa - Grapil.pl \u2013 Profesjonalna Odzie\u017c S\u0142u\u017cbowa dla Bran\u017cy Kelnerskiej, HoReCa i Medycyny","og_description":"FLRA 340 Bus Hood Premium NAVY\/BLACK KAPTUR Bluza wykonana z POLARU. Polar z wyko\u0144czeniem antypilingowym. Polar jest gruby i posiada","og_url":"https:\/\/grapil.pl\/de\/produkt\/warmer-jhk-arbeitsfleece-mit-kapuze-marineblau\/","og_site_name":"Grapil.pl \u2013 Profesjonalna Odzie\u017c S\u0142u\u017cbowa dla Bran\u017cy Kelnerskiej, HoReCa i Medycyny","article_modified_time":"2025-04-09T15:40:48+00:00","og_image":[{"width":376,"height":561,"url":"https:\/\/grapil.pl\/wp-content\/uploads\/2025\/04\/12682.jpg","type":"image\/jpeg"}],"twitter_card":"summary_large_image","schema":{"@context":"https:\/\/schema.org","@graph":[{"@type":"WebPage","@id":"https:\/\/grapil.pl\/produkt\/cieply-polar-roboczy-jhk-z-kapturem-granatowa\/","url":"https:\/\/grapil.pl\/produkt\/cieply-polar-roboczy-jhk-z-kapturem-granatowa\/","name":"Ciep\u0142y polar roboczy JHK z kapturem granatowa - Grapil.pl \u2013 Profesjonalna Odzie\u017c S\u0142u\u017cbowa dla Bran\u017cy Kelnerskiej, HoReCa i Medycyny","isPartOf":{"@id":"https:\/\/grapil.pl\/#website"},"primaryImageOfPage":{"@id":"https:\/\/grapil.pl\/produkt\/cieply-polar-roboczy-jhk-z-kapturem-granatowa\/#primaryimage"},"image":{"@id":"https:\/\/grapil.pl\/produkt\/cieply-polar-roboczy-jhk-z-kapturem-granatowa\/#primaryimage"},"thumbnailUrl":"https:\/\/grapil.pl\/wp-content\/uploads\/2025\/04\/12682.jpg","datePublished":"2025-04-09T15:40:14+00:00","dateModified":"2025-04-09T15:40:48+00:00","breadcrumb":{"@id":"https:\/\/grapil.pl\/produkt\/cieply-polar-roboczy-jhk-z-kapturem-granatowa\/#breadcrumb"},"inLanguage":"de","potentialAction":[{"@type":"ReadAction","target":["https:\/\/grapil.pl\/produkt\/cieply-polar-roboczy-jhk-z-kapturem-granatowa\/"]}]},{"@type":"ImageObject","inLanguage":"de","@id":"https:\/\/grapil.pl\/produkt\/cieply-polar-roboczy-jhk-z-kapturem-granatowa\/#primaryimage","url":"https:\/\/grapil.pl\/wp-content\/uploads\/2025\/04\/12682.jpg","contentUrl":"https:\/\/grapil.pl\/wp-content\/uploads\/2025\/04\/12682.jpg","width":376,"height":561},{"@type":"BreadcrumbList","@id":"https:\/\/grapil.pl\/produkt\/cieply-polar-roboczy-jhk-z-kapturem-granatowa\/#breadcrumb","itemListElement":[{"@type":"ListItem","position":1,"name":"Strona g\u0142\u00f3wna","item":"https:\/\/grapil.pl\/"},{"@type":"ListItem","position":2,"name":"sklep","item":"https:\/\/grapil.pl\/sklep\/"},{"@type":"ListItem","position":3,"name":"Ciep\u0142y polar roboczy JHK z kapturem granatowa"}]},{"@type":"WebSite","@id":"https:\/\/grapil.pl\/#website","url":"https:\/\/grapil.pl\/","name":"Grapil.pl \u2013 Profesjonalna Odzie\u017c S\u0142u\u017cbowa dla Bran\u017cy Kelnerskiej, HoReCa i Medycyny","description":"","potentialAction":[{"@type":"SearchAction","target":{"@type":"EntryPoint","urlTemplate":"https:\/\/grapil.pl\/?s={search_term_string}"},"query-input":{"@type":"PropertyValueSpecification","valueRequired":true,"valueName":"search_term_string"}}],"inLanguage":"de"}]}},"_links":{"self":[{"href":"https:\/\/grapil.pl\/de\/wp-json\/wp\/v2\/product\/19070","targetHints":{"allow":["GET"]}}],"collection":[{"href":"https:\/\/grapil.pl\/de\/wp-json\/wp\/v2\/product"}],"about":[{"href":"https:\/\/grapil.pl\/de\/wp-json\/wp\/v2\/types\/product"}],"version-history":[{"count":1,"href":"https:\/\/grapil.pl\/de\/wp-json\/wp\/v2\/product\/19070\/revisions"}],"predecessor-version":[{"id":19071,"href":"https:\/\/grapil.pl\/de\/wp-json\/wp\/v2\/product\/19070\/revisions\/19071"}],"wp:featuredmedia":[{"embeddable":true,"href":"https:\/\/grapil.pl\/de\/wp-json\/wp\/v2\/media\/19072"}],"wp:attachment":[{"href":"https:\/\/grapil.pl\/de\/wp-json\/wp\/v2\/media?parent=19070"}],"wp:term":[{"taxonomy":"product_brand","embeddable":true,"href":"https:\/\/grapil.pl\/de\/wp-json\/wp\/v2\/product_brand?post=19070"},{"taxonomy":"product_cat","embeddable":true,"href":"https:\/\/grapil.pl\/de\/wp-json\/wp\/v2\/product_cat?post=19070"},{"taxonomy":"product_tag","embeddable":true,"href":"https:\/\/grapil.pl\/de\/wp-json\/wp\/v2\/product_tag?post=19070"}],"curies":[{"name":"wp","href":"https:\/\/api.w.org\/{rel}","templated":true}]}}