{"id":19119,"date":"2025-04-09T17:40:56","date_gmt":"2025-04-09T15:40:56","guid":{"rendered":"https:\/\/grapil.pl\/produkt\/kurtka-robocza-bawelniana-procotton\/"},"modified":"2025-04-09T17:40:58","modified_gmt":"2025-04-09T15:40:58","slug":"procotton-arbeitsjacke","status":"publish","type":"product","link":"https:\/\/grapil.pl\/de\/produkt\/procotton-arbeitsjacke\/","title":{"rendered":"Arbeitsjacke aus Procotton-Baumwolle"},"content":{"rendered":"<h1>ProCOTTON Jacke<\/h1>\n<p>Die Jacke zeichnet sich durch attraktives Design, hervorragende Funktionalit\u00e4t und hohen Tragekomfort aus.<\/p>\n<p><strong>Hergestellt aus hochwertigem, strapazierf\u00e4higem Stoff \u2013 100 % Baumwolle mit einem Gewicht von 280 +\/- 10 g\/m2<\/strong>\u00a0\u00a0in Graphitfarbe mit grauen Eins\u00e4tzen.<\/p>\n<h2>Merkmal:<\/h2>\n<ul>\n<li>der Stoff bietet\u00a0<strong>hervorragender Arbeitskomfort und Bel\u00fcftung<\/strong>,<\/li>\n<li>professionelle N\u00e4harbeit und \u00e4sthetische Verarbeitung,<\/li>\n<li><strong>Doppeln\u00e4hte und zahlreiche solide Verst\u00e4rkungsbolzen<\/strong>\u00a0zus\u00e4tzlich Stellen, die besonders rei\u00dfgef\u00e4hrdet sind,<\/li>\n<li>mit Rei\u00dfverschluss und Klettverschluss,<\/li>\n<li><strong>abnehmbare \u00c4rmel, mit Rei\u00dfverschluss befestigt, mit einem elastischen Band versehen<\/strong>,<\/li>\n<li>unter dem Hals mit einem Stehkragen abgeschlossen, der mit Klettverschluss befestigt wird,<\/li>\n<li>Die Unterseite der Jacke passt sich dank elastischer B\u00fcndchen an den Seiten der Figur an.<\/li>\n<li><strong>6 Taschen, davon 2 mit Klettverschluss und 2 mit Rei\u00dfverschluss,<\/strong><\/li>\n<li>die Konstruktion der Jacke erm\u00f6glicht einen Aufdruck auf der R\u00fcckseite,<\/li>\n<li>Dimensionsstabilit\u00e4t und Farbstabilit\u00e4t nach mehrmaligem Waschen.<\/li>\n<li>CE-Kat. I, PN-EN ISO 13688:2013<\/li>\n<\/ul>","protected":false},"excerpt":{"rendered":"<p>Kurtka ProCOTTON Kurtka charakteryzuje si\u0119 atrakcyjnym wzornictwem, doskona\u0142\u0105 funkcjonalno\u015bci\u0105 i du\u017cym komfortem u\u017cytkowania. Wykonana z wysokiej jako\u015bci wytrzyma\u0142ej tkaniny &#8211;\u00a0100<\/p>","protected":false},"featured_media":19121,"template":"","meta":[],"product_brand":[91],"product_cat":[86,92,123],"product_tag":[],"class_list":{"0":"post-19119","1":"product","2":"type-product","3":"status-publish","4":"has-post-thumbnail","6":"product_brand-artmas","7":"product_cat-sklepbhp","8":"product_cat-odziez-robocza","9":"product_cat-kurtki","11":"first","12":"instock","13":"product-type-simple"},"yoast_head":"<!-- This site is optimized with the Yoast SEO plugin v25.3 - https:\/\/yoast.com\/wordpress\/plugins\/seo\/ -->\n<title>Kurtka robocza bawe\u0142niana Procotton - Grapil.pl \u2013 Profesjonalna Odzie\u017c S\u0142u\u017cbowa dla Bran\u017cy Kelnerskiej, HoReCa i Medycyny<\/title>\n<meta name=\"robots\" content=\"index, follow, max-snippet:-1, max-image-preview:large, max-video-preview:-1\" \/>\n<link rel=\"canonical\" href=\"https:\/\/grapil.pl\/de\/produkt\/procotton-arbeitsjacke\/\" \/>\n<meta property=\"og:locale\" content=\"de_DE\" \/>\n<meta property=\"og:type\" content=\"article\" \/>\n<meta property=\"og:title\" content=\"Kurtka robocza bawe\u0142niana Procotton - Grapil.pl \u2013 Profesjonalna Odzie\u017c S\u0142u\u017cbowa dla Bran\u017cy Kelnerskiej, HoReCa i Medycyny\" \/>\n<meta property=\"og:description\" content=\"Kurtka ProCOTTON Kurtka charakteryzuje si\u0119 atrakcyjnym wzornictwem, doskona\u0142\u0105 funkcjonalno\u015bci\u0105 i du\u017cym komfortem u\u017cytkowania. Wykonana z wysokiej jako\u015bci wytrzyma\u0142ej tkaniny &#8211;\u00a0100\" \/>\n<meta property=\"og:url\" content=\"https:\/\/grapil.pl\/de\/produkt\/procotton-arbeitsjacke\/\" \/>\n<meta property=\"og:site_name\" content=\"Grapil.pl \u2013 Profesjonalna Odzie\u017c S\u0142u\u017cbowa dla Bran\u017cy Kelnerskiej, HoReCa i Medycyny\" \/>\n<meta property=\"article:modified_time\" content=\"2025-04-09T15:40:58+00:00\" \/>\n<meta property=\"og:image\" content=\"https:\/\/grapil.pl\/wp-content\/uploads\/2025\/04\/12935.jpg\" \/>\n\t<meta property=\"og:image:width\" content=\"550\" \/>\n\t<meta property=\"og:image:height\" content=\"700\" \/>\n\t<meta property=\"og:image:type\" content=\"image\/png\" \/>\n<meta name=\"twitter:card\" content=\"summary_large_image\" \/>\n<meta name=\"twitter:label1\" content=\"Gesch\u00e4tzte Lesezeit\" \/>\n\t<meta name=\"twitter:data1\" content=\"1\u00a0Minute\" \/>\n<script type=\"application\/ld+json\" class=\"yoast-schema-graph\">{\"@context\":\"https:\/\/schema.org\",\"@graph\":[{\"@type\":\"WebPage\",\"@id\":\"https:\/\/grapil.pl\/produkt\/kurtka-robocza-bawelniana-procotton\/\",\"url\":\"https:\/\/grapil.pl\/produkt\/kurtka-robocza-bawelniana-procotton\/\",\"name\":\"Kurtka robocza bawe\u0142niana Procotton - Grapil.pl \u2013 Profesjonalna Odzie\u017c S\u0142u\u017cbowa dla Bran\u017cy Kelnerskiej, HoReCa i Medycyny\",\"isPartOf\":{\"@id\":\"https:\/\/grapil.pl\/#website\"},\"primaryImageOfPage\":{\"@id\":\"https:\/\/grapil.pl\/produkt\/kurtka-robocza-bawelniana-procotton\/#primaryimage\"},\"image\":{\"@id\":\"https:\/\/grapil.pl\/produkt\/kurtka-robocza-bawelniana-procotton\/#primaryimage\"},\"thumbnailUrl\":\"https:\/\/grapil.pl\/wp-content\/uploads\/2025\/04\/12935.jpg\",\"datePublished\":\"2025-04-09T15:40:56+00:00\",\"dateModified\":\"2025-04-09T15:40:58+00:00\",\"breadcrumb\":{\"@id\":\"https:\/\/grapil.pl\/produkt\/kurtka-robocza-bawelniana-procotton\/#breadcrumb\"},\"inLanguage\":\"de\",\"potentialAction\":[{\"@type\":\"ReadAction\",\"target\":[\"https:\/\/grapil.pl\/produkt\/kurtka-robocza-bawelniana-procotton\/\"]}]},{\"@type\":\"ImageObject\",\"inLanguage\":\"de\",\"@id\":\"https:\/\/grapil.pl\/produkt\/kurtka-robocza-bawelniana-procotton\/#primaryimage\",\"url\":\"https:\/\/grapil.pl\/wp-content\/uploads\/2025\/04\/12935.jpg\",\"contentUrl\":\"https:\/\/grapil.pl\/wp-content\/uploads\/2025\/04\/12935.jpg\",\"width\":550,\"height\":700},{\"@type\":\"BreadcrumbList\",\"@id\":\"https:\/\/grapil.pl\/produkt\/kurtka-robocza-bawelniana-procotton\/#breadcrumb\",\"itemListElement\":[{\"@type\":\"ListItem\",\"position\":1,\"name\":\"Strona g\u0142\u00f3wna\",\"item\":\"https:\/\/grapil.pl\/\"},{\"@type\":\"ListItem\",\"position\":2,\"name\":\"sklep\",\"item\":\"https:\/\/grapil.pl\/sklep\/\"},{\"@type\":\"ListItem\",\"position\":3,\"name\":\"Kurtka robocza bawe\u0142niana Procotton\"}]},{\"@type\":\"WebSite\",\"@id\":\"https:\/\/grapil.pl\/#website\",\"url\":\"https:\/\/grapil.pl\/\",\"name\":\"Grapil.pl \u2013 Profesjonalna Odzie\u017c S\u0142u\u017cbowa dla Bran\u017cy Kelnerskiej, HoReCa i Medycyny\",\"description\":\"\",\"potentialAction\":[{\"@type\":\"SearchAction\",\"target\":{\"@type\":\"EntryPoint\",\"urlTemplate\":\"https:\/\/grapil.pl\/?s={search_term_string}\"},\"query-input\":{\"@type\":\"PropertyValueSpecification\",\"valueRequired\":true,\"valueName\":\"search_term_string\"}}],\"inLanguage\":\"de\"}]}<\/script>\n<!-- \/ Yoast SEO plugin. -->","yoast_head_json":{"title":"Kurtka robocza bawe\u0142niana Procotton - Grapil.pl \u2013 Profesjonalna Odzie\u017c S\u0142u\u017cbowa dla Bran\u017cy Kelnerskiej, HoReCa i Medycyny","robots":{"index":"index","follow":"follow","max-snippet":"max-snippet:-1","max-image-preview":"max-image-preview:large","max-video-preview":"max-video-preview:-1"},"canonical":"https:\/\/grapil.pl\/de\/produkt\/procotton-arbeitsjacke\/","og_locale":"de_DE","og_type":"article","og_title":"Kurtka robocza bawe\u0142niana Procotton - Grapil.pl \u2013 Profesjonalna Odzie\u017c S\u0142u\u017cbowa dla Bran\u017cy Kelnerskiej, HoReCa i Medycyny","og_description":"Kurtka ProCOTTON Kurtka charakteryzuje si\u0119 atrakcyjnym wzornictwem, doskona\u0142\u0105 funkcjonalno\u015bci\u0105 i du\u017cym komfortem u\u017cytkowania. Wykonana z wysokiej jako\u015bci wytrzyma\u0142ej tkaniny &#8211;\u00a0100","og_url":"https:\/\/grapil.pl\/de\/produkt\/procotton-arbeitsjacke\/","og_site_name":"Grapil.pl \u2013 Profesjonalna Odzie\u017c S\u0142u\u017cbowa dla Bran\u017cy Kelnerskiej, HoReCa i Medycyny","article_modified_time":"2025-04-09T15:40:58+00:00","og_image":[{"width":550,"height":700,"url":"https:\/\/grapil.pl\/wp-content\/uploads\/2025\/04\/12935.jpg","type":"image\/png"}],"twitter_card":"summary_large_image","twitter_misc":{"Gesch\u00e4tzte Lesezeit":"1\u00a0Minute"},"schema":{"@context":"https:\/\/schema.org","@graph":[{"@type":"WebPage","@id":"https:\/\/grapil.pl\/produkt\/kurtka-robocza-bawelniana-procotton\/","url":"https:\/\/grapil.pl\/produkt\/kurtka-robocza-bawelniana-procotton\/","name":"Kurtka robocza bawe\u0142niana Procotton - Grapil.pl \u2013 Profesjonalna Odzie\u017c S\u0142u\u017cbowa dla Bran\u017cy Kelnerskiej, HoReCa i Medycyny","isPartOf":{"@id":"https:\/\/grapil.pl\/#website"},"primaryImageOfPage":{"@id":"https:\/\/grapil.pl\/produkt\/kurtka-robocza-bawelniana-procotton\/#primaryimage"},"image":{"@id":"https:\/\/grapil.pl\/produkt\/kurtka-robocza-bawelniana-procotton\/#primaryimage"},"thumbnailUrl":"https:\/\/grapil.pl\/wp-content\/uploads\/2025\/04\/12935.jpg","datePublished":"2025-04-09T15:40:56+00:00","dateModified":"2025-04-09T15:40:58+00:00","breadcrumb":{"@id":"https:\/\/grapil.pl\/produkt\/kurtka-robocza-bawelniana-procotton\/#breadcrumb"},"inLanguage":"de","potentialAction":[{"@type":"ReadAction","target":["https:\/\/grapil.pl\/produkt\/kurtka-robocza-bawelniana-procotton\/"]}]},{"@type":"ImageObject","inLanguage":"de","@id":"https:\/\/grapil.pl\/produkt\/kurtka-robocza-bawelniana-procotton\/#primaryimage","url":"https:\/\/grapil.pl\/wp-content\/uploads\/2025\/04\/12935.jpg","contentUrl":"https:\/\/grapil.pl\/wp-content\/uploads\/2025\/04\/12935.jpg","width":550,"height":700},{"@type":"BreadcrumbList","@id":"https:\/\/grapil.pl\/produkt\/kurtka-robocza-bawelniana-procotton\/#breadcrumb","itemListElement":[{"@type":"ListItem","position":1,"name":"Strona g\u0142\u00f3wna","item":"https:\/\/grapil.pl\/"},{"@type":"ListItem","position":2,"name":"sklep","item":"https:\/\/grapil.pl\/sklep\/"},{"@type":"ListItem","position":3,"name":"Kurtka robocza bawe\u0142niana Procotton"}]},{"@type":"WebSite","@id":"https:\/\/grapil.pl\/#website","url":"https:\/\/grapil.pl\/","name":"Grapil.pl \u2013 Profesjonalna Odzie\u017c S\u0142u\u017cbowa dla Bran\u017cy Kelnerskiej, HoReCa i Medycyny","description":"","potentialAction":[{"@type":"SearchAction","target":{"@type":"EntryPoint","urlTemplate":"https:\/\/grapil.pl\/?s={search_term_string}"},"query-input":{"@type":"PropertyValueSpecification","valueRequired":true,"valueName":"search_term_string"}}],"inLanguage":"de"}]}},"_links":{"self":[{"href":"https:\/\/grapil.pl\/de\/wp-json\/wp\/v2\/product\/19119","targetHints":{"allow":["GET"]}}],"collection":[{"href":"https:\/\/grapil.pl\/de\/wp-json\/wp\/v2\/product"}],"about":[{"href":"https:\/\/grapil.pl\/de\/wp-json\/wp\/v2\/types\/product"}],"version-history":[{"count":1,"href":"https:\/\/grapil.pl\/de\/wp-json\/wp\/v2\/product\/19119\/revisions"}],"predecessor-version":[{"id":19120,"href":"https:\/\/grapil.pl\/de\/wp-json\/wp\/v2\/product\/19119\/revisions\/19120"}],"wp:featuredmedia":[{"embeddable":true,"href":"https:\/\/grapil.pl\/de\/wp-json\/wp\/v2\/media\/19121"}],"wp:attachment":[{"href":"https:\/\/grapil.pl\/de\/wp-json\/wp\/v2\/media?parent=19119"}],"wp:term":[{"taxonomy":"product_brand","embeddable":true,"href":"https:\/\/grapil.pl\/de\/wp-json\/wp\/v2\/product_brand?post=19119"},{"taxonomy":"product_cat","embeddable":true,"href":"https:\/\/grapil.pl\/de\/wp-json\/wp\/v2\/product_cat?post=19119"},{"taxonomy":"product_tag","embeddable":true,"href":"https:\/\/grapil.pl\/de\/wp-json\/wp\/v2\/product_tag?post=19119"}],"curies":[{"name":"wp","href":"https:\/\/api.w.org\/{rel}","templated":true}]}}