{"id":19177,"date":"2025-04-09T17:41:05","date_gmt":"2025-04-09T15:41:05","guid":{"rendered":"https:\/\/grapil.pl\/produkt\/apteczka-zakladowa-przemyslowa-k20\/"},"modified":"2025-05-14T13:06:05","modified_gmt":"2025-05-14T11:06:05","slug":"erste-hilfe-set-fur-industrieanlagen-k20","status":"publish","type":"product","link":"https:\/\/grapil.pl\/de\/produkt\/erste-hilfe-set-fur-industrieanlagen-k20\/","title":{"rendered":"Industrie-Erste-Hilfe-Koffer K20"},"content":{"rendered":"<p><strong>TRAGBARES ERSTE-HILFE-SET TYP K-20 mit Wandhalterung<\/strong><\/p>\n<p>Aus Kunststoff (ABS)<\/p>\n<p>PKWiU: 32.50.5<\/p>\n<p>Abmessungen: 450 mm x 335 mm x 150 mm<\/p>\n<p><strong>MISCHGER\u00c4TE NACH DIN 13164 UND DIN13157:<\/strong><\/p>\n<ul>\n<li>Pflaster mit Verband 6 x 10cm (16Stk)<\/li>\n<li>Pflaster auf Spule 5m x 2,5cm (2Stk)<\/li>\n<li>Pflasterset (10 kleine und 10 verschiedene)<\/li>\n<li>elastische Binde 4m x 6cm (5 St\u00fcck)<\/li>\n<li>elastische Binde 4m x 8cm (6Stk)<\/li>\n<li>Vinylhandschuhe (4 Paar)<\/li>\n<li>Binde 60 x 80cm (2 St\u00fcck)<\/li>\n<li>Verband 60 x 40cm (3Stk)<\/li>\n<li>Vliesschal 20cm x 30cm (10 St\u00fcck)<\/li>\n<li>Binde mit Kompresse (Einzelverband) 8 x 10cm (6Stk)<\/li>\n<li>Binde mit Kompresse (Einzelverband) 10 x 12 cm (3 St\u00fcck)<\/li>\n<li>Mullkompresse 10 x 10cm (12Stk)<\/li>\n<li>Augenkompresse 5 x 7,5 cm (2 St\u00fcck)<\/li>\n<li>Dreieckstuch 96cm x 96cm x 136cm (3Stk)<\/li>\n<li>Meshband 4m Gr\u00f6\u00dfe 2 (1Stk)<\/li>\n<li>W\u00e4rmedecke 160cm x 210cm (2Stk)<\/li>\n<li>Scheren 14,5cm und 19,5cm (2 St\u00fcck)<\/li>\n<li>Plastikt\u00fcte (2 St\u00fcck)<\/li>\n<li>Erste-Hilfe-Anweisungen<\/li>\n<\/ul>","protected":false},"excerpt":{"rendered":"<p>TRAGBARES ERSTE-HILFE-SET TYP K-20 mit Wandhalterung Aus Kunststoff (ABS) PKWiU: 32.50.5 Ma\u00dfe: 450 mm x<\/p>","protected":false},"featured_media":19179,"template":"","meta":[],"product_brand":[91],"product_cat":[86,163,164],"product_tag":[],"class_list":{"0":"post-19177","1":"product","2":"type-product","3":"status-publish","4":"has-post-thumbnail","6":"product_brand-artmas","7":"product_cat-sklepbhp","8":"product_cat-inne","9":"product_cat-apteczki-pierwszej-pomocy","11":"first","12":"instock","13":"product-type-simple"},"yoast_head":"<!-- This site is optimized with the Yoast SEO plugin v25.3 - https:\/\/yoast.com\/wordpress\/plugins\/seo\/ -->\n<title>Apteczka zak\u0142adowa przemys\u0142owa K20 - Grapil.pl \u2013 Profesjonalna Odzie\u017c S\u0142u\u017cbowa dla Bran\u017cy Kelnerskiej, HoReCa i Medycyny<\/title>\n<meta name=\"robots\" content=\"index, follow, max-snippet:-1, max-image-preview:large, max-video-preview:-1\" \/>\n<link rel=\"canonical\" href=\"https:\/\/grapil.pl\/de\/produkt\/erste-hilfe-set-fur-industrieanlagen-k20\/\" \/>\n<meta property=\"og:locale\" content=\"de_DE\" \/>\n<meta property=\"og:type\" content=\"article\" \/>\n<meta property=\"og:title\" content=\"Apteczka zak\u0142adowa przemys\u0142owa K20 - Grapil.pl \u2013 Profesjonalna Odzie\u017c S\u0142u\u017cbowa dla Bran\u017cy Kelnerskiej, HoReCa i Medycyny\" \/>\n<meta property=\"og:description\" content=\"PRZENO\u015aNA APTECZKA ZAK\u0141ADOWA TYP K-20 z wieszakiem montowanym na \u015bcian\u0119 Wykonana z tworzywa sztucznego (ABS) PKWiU: 32.50.5 Wymiary:\u00a0450 mm x\" \/>\n<meta property=\"og:url\" content=\"https:\/\/grapil.pl\/de\/produkt\/erste-hilfe-set-fur-industrieanlagen-k20\/\" \/>\n<meta property=\"og:site_name\" content=\"Grapil.pl \u2013 Profesjonalna Odzie\u017c S\u0142u\u017cbowa dla Bran\u017cy Kelnerskiej, HoReCa i Medycyny\" \/>\n<meta property=\"article:modified_time\" content=\"2025-05-14T11:06:05+00:00\" \/>\n<meta property=\"og:image\" content=\"https:\/\/grapil.pl\/wp-content\/uploads\/2025\/04\/12963.jpg\" \/>\n\t<meta property=\"og:image:width\" content=\"700\" \/>\n\t<meta property=\"og:image:height\" content=\"700\" \/>\n\t<meta property=\"og:image:type\" content=\"image\/jpeg\" \/>\n<meta name=\"twitter:card\" content=\"summary_large_image\" \/>\n<meta name=\"twitter:label1\" content=\"Gesch\u00e4tzte Lesezeit\" \/>\n\t<meta name=\"twitter:data1\" content=\"1\u00a0Minute\" \/>\n<script type=\"application\/ld+json\" class=\"yoast-schema-graph\">{\"@context\":\"https:\/\/schema.org\",\"@graph\":[{\"@type\":\"WebPage\",\"@id\":\"https:\/\/grapil.pl\/produkt\/apteczka-zakladowa-przemyslowa-k20\/\",\"url\":\"https:\/\/grapil.pl\/produkt\/apteczka-zakladowa-przemyslowa-k20\/\",\"name\":\"Apteczka zak\u0142adowa przemys\u0142owa K20 - Grapil.pl \u2013 Profesjonalna Odzie\u017c S\u0142u\u017cbowa dla Bran\u017cy Kelnerskiej, HoReCa i Medycyny\",\"isPartOf\":{\"@id\":\"https:\/\/grapil.pl\/#website\"},\"primaryImageOfPage\":{\"@id\":\"https:\/\/grapil.pl\/produkt\/apteczka-zakladowa-przemyslowa-k20\/#primaryimage\"},\"image\":{\"@id\":\"https:\/\/grapil.pl\/produkt\/apteczka-zakladowa-przemyslowa-k20\/#primaryimage\"},\"thumbnailUrl\":\"https:\/\/grapil.pl\/wp-content\/uploads\/2025\/04\/12963.jpg\",\"datePublished\":\"2025-04-09T15:41:05+00:00\",\"dateModified\":\"2025-05-14T11:06:05+00:00\",\"breadcrumb\":{\"@id\":\"https:\/\/grapil.pl\/produkt\/apteczka-zakladowa-przemyslowa-k20\/#breadcrumb\"},\"inLanguage\":\"de\",\"potentialAction\":[{\"@type\":\"ReadAction\",\"target\":[\"https:\/\/grapil.pl\/produkt\/apteczka-zakladowa-przemyslowa-k20\/\"]}]},{\"@type\":\"ImageObject\",\"inLanguage\":\"de\",\"@id\":\"https:\/\/grapil.pl\/produkt\/apteczka-zakladowa-przemyslowa-k20\/#primaryimage\",\"url\":\"https:\/\/grapil.pl\/wp-content\/uploads\/2025\/04\/12963.jpg\",\"contentUrl\":\"https:\/\/grapil.pl\/wp-content\/uploads\/2025\/04\/12963.jpg\",\"width\":700,\"height\":700},{\"@type\":\"BreadcrumbList\",\"@id\":\"https:\/\/grapil.pl\/produkt\/apteczka-zakladowa-przemyslowa-k20\/#breadcrumb\",\"itemListElement\":[{\"@type\":\"ListItem\",\"position\":1,\"name\":\"Strona g\u0142\u00f3wna\",\"item\":\"https:\/\/grapil.pl\/\"},{\"@type\":\"ListItem\",\"position\":2,\"name\":\"sklep\",\"item\":\"https:\/\/grapil.pl\/sklep\/\"},{\"@type\":\"ListItem\",\"position\":3,\"name\":\"Apteczka zak\u0142adowa przemys\u0142owa K20\"}]},{\"@type\":\"WebSite\",\"@id\":\"https:\/\/grapil.pl\/#website\",\"url\":\"https:\/\/grapil.pl\/\",\"name\":\"Grapil.pl \u2013 Profesjonalna Odzie\u017c S\u0142u\u017cbowa dla Bran\u017cy Kelnerskiej, HoReCa i Medycyny\",\"description\":\"\",\"potentialAction\":[{\"@type\":\"SearchAction\",\"target\":{\"@type\":\"EntryPoint\",\"urlTemplate\":\"https:\/\/grapil.pl\/?s={search_term_string}\"},\"query-input\":{\"@type\":\"PropertyValueSpecification\",\"valueRequired\":true,\"valueName\":\"search_term_string\"}}],\"inLanguage\":\"de\"}]}<\/script>\n<!-- \/ Yoast SEO plugin. -->","yoast_head_json":{"title":"Apteczka zak\u0142adowa przemys\u0142owa K20 - Grapil.pl \u2013 Profesjonalna Odzie\u017c S\u0142u\u017cbowa dla Bran\u017cy Kelnerskiej, HoReCa i Medycyny","robots":{"index":"index","follow":"follow","max-snippet":"max-snippet:-1","max-image-preview":"max-image-preview:large","max-video-preview":"max-video-preview:-1"},"canonical":"https:\/\/grapil.pl\/de\/produkt\/erste-hilfe-set-fur-industrieanlagen-k20\/","og_locale":"de_DE","og_type":"article","og_title":"Apteczka zak\u0142adowa przemys\u0142owa K20 - Grapil.pl \u2013 Profesjonalna Odzie\u017c S\u0142u\u017cbowa dla Bran\u017cy Kelnerskiej, HoReCa i Medycyny","og_description":"PRZENO\u015aNA APTECZKA ZAK\u0141ADOWA TYP K-20 z wieszakiem montowanym na \u015bcian\u0119 Wykonana z tworzywa sztucznego (ABS) PKWiU: 32.50.5 Wymiary:\u00a0450 mm x","og_url":"https:\/\/grapil.pl\/de\/produkt\/erste-hilfe-set-fur-industrieanlagen-k20\/","og_site_name":"Grapil.pl \u2013 Profesjonalna Odzie\u017c S\u0142u\u017cbowa dla Bran\u017cy Kelnerskiej, HoReCa i Medycyny","article_modified_time":"2025-05-14T11:06:05+00:00","og_image":[{"width":700,"height":700,"url":"https:\/\/grapil.pl\/wp-content\/uploads\/2025\/04\/12963.jpg","type":"image\/jpeg"}],"twitter_card":"summary_large_image","twitter_misc":{"Gesch\u00e4tzte Lesezeit":"1\u00a0Minute"},"schema":{"@context":"https:\/\/schema.org","@graph":[{"@type":"WebPage","@id":"https:\/\/grapil.pl\/produkt\/apteczka-zakladowa-przemyslowa-k20\/","url":"https:\/\/grapil.pl\/produkt\/apteczka-zakladowa-przemyslowa-k20\/","name":"Apteczka zak\u0142adowa przemys\u0142owa K20 - Grapil.pl \u2013 Profesjonalna Odzie\u017c S\u0142u\u017cbowa dla Bran\u017cy Kelnerskiej, HoReCa i Medycyny","isPartOf":{"@id":"https:\/\/grapil.pl\/#website"},"primaryImageOfPage":{"@id":"https:\/\/grapil.pl\/produkt\/apteczka-zakladowa-przemyslowa-k20\/#primaryimage"},"image":{"@id":"https:\/\/grapil.pl\/produkt\/apteczka-zakladowa-przemyslowa-k20\/#primaryimage"},"thumbnailUrl":"https:\/\/grapil.pl\/wp-content\/uploads\/2025\/04\/12963.jpg","datePublished":"2025-04-09T15:41:05+00:00","dateModified":"2025-05-14T11:06:05+00:00","breadcrumb":{"@id":"https:\/\/grapil.pl\/produkt\/apteczka-zakladowa-przemyslowa-k20\/#breadcrumb"},"inLanguage":"de","potentialAction":[{"@type":"ReadAction","target":["https:\/\/grapil.pl\/produkt\/apteczka-zakladowa-przemyslowa-k20\/"]}]},{"@type":"ImageObject","inLanguage":"de","@id":"https:\/\/grapil.pl\/produkt\/apteczka-zakladowa-przemyslowa-k20\/#primaryimage","url":"https:\/\/grapil.pl\/wp-content\/uploads\/2025\/04\/12963.jpg","contentUrl":"https:\/\/grapil.pl\/wp-content\/uploads\/2025\/04\/12963.jpg","width":700,"height":700},{"@type":"BreadcrumbList","@id":"https:\/\/grapil.pl\/produkt\/apteczka-zakladowa-przemyslowa-k20\/#breadcrumb","itemListElement":[{"@type":"ListItem","position":1,"name":"Strona g\u0142\u00f3wna","item":"https:\/\/grapil.pl\/"},{"@type":"ListItem","position":2,"name":"sklep","item":"https:\/\/grapil.pl\/sklep\/"},{"@type":"ListItem","position":3,"name":"Apteczka zak\u0142adowa przemys\u0142owa K20"}]},{"@type":"WebSite","@id":"https:\/\/grapil.pl\/#website","url":"https:\/\/grapil.pl\/","name":"Grapil.pl \u2013 Profesjonalna Odzie\u017c S\u0142u\u017cbowa dla Bran\u017cy Kelnerskiej, HoReCa i Medycyny","description":"","potentialAction":[{"@type":"SearchAction","target":{"@type":"EntryPoint","urlTemplate":"https:\/\/grapil.pl\/?s={search_term_string}"},"query-input":{"@type":"PropertyValueSpecification","valueRequired":true,"valueName":"search_term_string"}}],"inLanguage":"de"}]}},"_links":{"self":[{"href":"https:\/\/grapil.pl\/de\/wp-json\/wp\/v2\/product\/19177","targetHints":{"allow":["GET"]}}],"collection":[{"href":"https:\/\/grapil.pl\/de\/wp-json\/wp\/v2\/product"}],"about":[{"href":"https:\/\/grapil.pl\/de\/wp-json\/wp\/v2\/types\/product"}],"version-history":[{"count":1,"href":"https:\/\/grapil.pl\/de\/wp-json\/wp\/v2\/product\/19177\/revisions"}],"predecessor-version":[{"id":19178,"href":"https:\/\/grapil.pl\/de\/wp-json\/wp\/v2\/product\/19177\/revisions\/19178"}],"wp:featuredmedia":[{"embeddable":true,"href":"https:\/\/grapil.pl\/de\/wp-json\/wp\/v2\/media\/19179"}],"wp:attachment":[{"href":"https:\/\/grapil.pl\/de\/wp-json\/wp\/v2\/media?parent=19177"}],"wp:term":[{"taxonomy":"product_brand","embeddable":true,"href":"https:\/\/grapil.pl\/de\/wp-json\/wp\/v2\/product_brand?post=19177"},{"taxonomy":"product_cat","embeddable":true,"href":"https:\/\/grapil.pl\/de\/wp-json\/wp\/v2\/product_cat?post=19177"},{"taxonomy":"product_tag","embeddable":true,"href":"https:\/\/grapil.pl\/de\/wp-json\/wp\/v2\/product_tag?post=19177"}],"curies":[{"name":"wp","href":"https:\/\/api.w.org\/{rel}","templated":true}]}}