{"id":19331,"date":"2025-04-09T17:41:28","date_gmt":"2025-04-09T15:41:28","guid":{"rendered":"https:\/\/grapil.pl\/produkt\/koszula-flanelowa-modar-niebieskawariant1\/"},"modified":"2025-04-15T10:20:07","modified_gmt":"2025-04-15T08:20:07","slug":"flanellhemd-modar-blauvariante1","status":"publish","type":"product","link":"https:\/\/grapil.pl\/de\/produkt\/flanellhemd-modar-blauvariante1\/","title":{"rendered":"Modar Flanellhemd blau"},"content":{"rendered":"<div class=\"_1bo4a _xu6h2 _1ylmp _2d49e_YrWCD\">\n<div class=\"_1voj4 _z9prt _1xzdi _ai5yc _5d6n2 _15lj1\">\n<div class=\"_2d49e_5pK0q\">\n<p>Produkteigenschaften:<\/p>\n<ul>\n<li>100% Baumwolle<\/li>\n<li>Hemd mit Knopfleiste<\/li>\n<li>Gekn\u00f6pfte Manschetten<\/li>\n<li>Tasche auf dem Herzen<\/li>\n<li>Gr\u00f6\u00dfen XS bis 4XL<\/li>\n<\/ul>\n<\/div>\n<\/div>\n<\/div>\n<div class=\"_1bo4a _xu6h2 _1ylmp _2d49e_YrWCD\"><\/div>","protected":false},"excerpt":{"rendered":"<p>Produkteigenschaften: 100% Baumwolle Button-up-Hemd Button-up-Manschetten Herztasche Gr\u00f6\u00dfen XS bis 4XL<\/p>","protected":false},"featured_media":19333,"template":"","meta":[],"product_brand":[],"product_cat":[86,92,147],"product_tag":[],"class_list":{"0":"post-19331","1":"product","2":"type-product","3":"status-publish","4":"has-post-thumbnail","6":"product_cat-sklepbhp","7":"product_cat-odziez-robocza","8":"product_cat-koszule-odziez-robocza","10":"first","11":"instock","12":"product-type-variable","13":"wvs-archive-product-wrapper"},"yoast_head":"<!-- This site is optimized with the Yoast SEO plugin v25.3 - https:\/\/yoast.com\/wordpress\/plugins\/seo\/ -->\n<title>Koszula flanelowa Modar niebieska - Grapil.pl \u2013 Profesjonalna Odzie\u017c S\u0142u\u017cbowa dla Bran\u017cy Kelnerskiej, HoReCa i Medycyny<\/title>\n<meta name=\"robots\" content=\"index, follow, max-snippet:-1, max-image-preview:large, max-video-preview:-1\" \/>\n<link rel=\"canonical\" href=\"https:\/\/grapil.pl\/de\/produkt\/flanellhemd-modar-blauvariante1\/\" \/>\n<meta property=\"og:locale\" content=\"de_DE\" \/>\n<meta property=\"og:type\" content=\"article\" \/>\n<meta property=\"og:title\" content=\"Koszula flanelowa Modar niebieska - Grapil.pl \u2013 Profesjonalna Odzie\u017c S\u0142u\u017cbowa dla Bran\u017cy Kelnerskiej, HoReCa i Medycyny\" \/>\n<meta property=\"og:description\" content=\"Cechy produktu: 100% bawe\u0142na Koszula zapinana na guziki Mankiety zapinane na guziki Kiesze\u0144 na sercu Rozmiary od\u00a0XS do 4XL\" \/>\n<meta property=\"og:url\" content=\"https:\/\/grapil.pl\/de\/produkt\/flanellhemd-modar-blauvariante1\/\" \/>\n<meta property=\"og:site_name\" content=\"Grapil.pl \u2013 Profesjonalna Odzie\u017c S\u0142u\u017cbowa dla Bran\u017cy Kelnerskiej, HoReCa i Medycyny\" \/>\n<meta property=\"article:modified_time\" content=\"2025-04-15T08:20:07+00:00\" \/>\n<meta property=\"og:image\" content=\"https:\/\/grapil.pl\/wp-content\/uploads\/2025\/04\/18388.jpg\" \/>\n\t<meta property=\"og:image:width\" content=\"700\" \/>\n\t<meta property=\"og:image:height\" content=\"700\" \/>\n\t<meta property=\"og:image:type\" content=\"image\/jpeg\" \/>\n<meta name=\"twitter:card\" content=\"summary_large_image\" \/>\n<meta name=\"twitter:label1\" content=\"Gesch\u00e4tzte Lesezeit\" \/>\n\t<meta name=\"twitter:data1\" content=\"1\u00a0Minute\" \/>\n<script type=\"application\/ld+json\" class=\"yoast-schema-graph\">{\"@context\":\"https:\/\/schema.org\",\"@graph\":[{\"@type\":\"WebPage\",\"@id\":\"https:\/\/grapil.pl\/produkt\/koszula-flanelowa-modar-niebieskawariant1\/\",\"url\":\"https:\/\/grapil.pl\/produkt\/koszula-flanelowa-modar-niebieskawariant1\/\",\"name\":\"Koszula flanelowa Modar niebieska - Grapil.pl \u2013 Profesjonalna Odzie\u017c S\u0142u\u017cbowa dla Bran\u017cy Kelnerskiej, HoReCa i Medycyny\",\"isPartOf\":{\"@id\":\"https:\/\/grapil.pl\/#website\"},\"primaryImageOfPage\":{\"@id\":\"https:\/\/grapil.pl\/produkt\/koszula-flanelowa-modar-niebieskawariant1\/#primaryimage\"},\"image\":{\"@id\":\"https:\/\/grapil.pl\/produkt\/koszula-flanelowa-modar-niebieskawariant1\/#primaryimage\"},\"thumbnailUrl\":\"https:\/\/grapil.pl\/wp-content\/uploads\/2025\/04\/18388.jpg\",\"datePublished\":\"2025-04-09T15:41:28+00:00\",\"dateModified\":\"2025-04-15T08:20:07+00:00\",\"breadcrumb\":{\"@id\":\"https:\/\/grapil.pl\/produkt\/koszula-flanelowa-modar-niebieskawariant1\/#breadcrumb\"},\"inLanguage\":\"de\",\"potentialAction\":[{\"@type\":\"ReadAction\",\"target\":[\"https:\/\/grapil.pl\/produkt\/koszula-flanelowa-modar-niebieskawariant1\/\"]}]},{\"@type\":\"ImageObject\",\"inLanguage\":\"de\",\"@id\":\"https:\/\/grapil.pl\/produkt\/koszula-flanelowa-modar-niebieskawariant1\/#primaryimage\",\"url\":\"https:\/\/grapil.pl\/wp-content\/uploads\/2025\/04\/18388.jpg\",\"contentUrl\":\"https:\/\/grapil.pl\/wp-content\/uploads\/2025\/04\/18388.jpg\",\"width\":700,\"height\":700},{\"@type\":\"BreadcrumbList\",\"@id\":\"https:\/\/grapil.pl\/produkt\/koszula-flanelowa-modar-niebieskawariant1\/#breadcrumb\",\"itemListElement\":[{\"@type\":\"ListItem\",\"position\":1,\"name\":\"Strona g\u0142\u00f3wna\",\"item\":\"https:\/\/grapil.pl\/\"},{\"@type\":\"ListItem\",\"position\":2,\"name\":\"sklep\",\"item\":\"https:\/\/grapil.pl\/sklep\/\"},{\"@type\":\"ListItem\",\"position\":3,\"name\":\"Koszula flanelowa Modar niebieska\"}]},{\"@type\":\"WebSite\",\"@id\":\"https:\/\/grapil.pl\/#website\",\"url\":\"https:\/\/grapil.pl\/\",\"name\":\"Grapil.pl \u2013 Profesjonalna Odzie\u017c S\u0142u\u017cbowa dla Bran\u017cy Kelnerskiej, HoReCa i Medycyny\",\"description\":\"\",\"potentialAction\":[{\"@type\":\"SearchAction\",\"target\":{\"@type\":\"EntryPoint\",\"urlTemplate\":\"https:\/\/grapil.pl\/?s={search_term_string}\"},\"query-input\":{\"@type\":\"PropertyValueSpecification\",\"valueRequired\":true,\"valueName\":\"search_term_string\"}}],\"inLanguage\":\"de\"}]}<\/script>\n<!-- \/ Yoast SEO plugin. -->","yoast_head_json":{"title":"Koszula flanelowa Modar niebieska - Grapil.pl \u2013 Profesjonalna Odzie\u017c S\u0142u\u017cbowa dla Bran\u017cy Kelnerskiej, HoReCa i Medycyny","robots":{"index":"index","follow":"follow","max-snippet":"max-snippet:-1","max-image-preview":"max-image-preview:large","max-video-preview":"max-video-preview:-1"},"canonical":"https:\/\/grapil.pl\/de\/produkt\/flanellhemd-modar-blauvariante1\/","og_locale":"de_DE","og_type":"article","og_title":"Koszula flanelowa Modar niebieska - Grapil.pl \u2013 Profesjonalna Odzie\u017c S\u0142u\u017cbowa dla Bran\u017cy Kelnerskiej, HoReCa i Medycyny","og_description":"Cechy produktu: 100% bawe\u0142na Koszula zapinana na guziki Mankiety zapinane na guziki Kiesze\u0144 na sercu Rozmiary od\u00a0XS do 4XL","og_url":"https:\/\/grapil.pl\/de\/produkt\/flanellhemd-modar-blauvariante1\/","og_site_name":"Grapil.pl \u2013 Profesjonalna Odzie\u017c S\u0142u\u017cbowa dla Bran\u017cy Kelnerskiej, HoReCa i Medycyny","article_modified_time":"2025-04-15T08:20:07+00:00","og_image":[{"width":700,"height":700,"url":"https:\/\/grapil.pl\/wp-content\/uploads\/2025\/04\/18388.jpg","type":"image\/jpeg"}],"twitter_card":"summary_large_image","twitter_misc":{"Gesch\u00e4tzte Lesezeit":"1\u00a0Minute"},"schema":{"@context":"https:\/\/schema.org","@graph":[{"@type":"WebPage","@id":"https:\/\/grapil.pl\/produkt\/koszula-flanelowa-modar-niebieskawariant1\/","url":"https:\/\/grapil.pl\/produkt\/koszula-flanelowa-modar-niebieskawariant1\/","name":"Koszula flanelowa Modar niebieska - Grapil.pl \u2013 Profesjonalna Odzie\u017c S\u0142u\u017cbowa dla Bran\u017cy Kelnerskiej, HoReCa i Medycyny","isPartOf":{"@id":"https:\/\/grapil.pl\/#website"},"primaryImageOfPage":{"@id":"https:\/\/grapil.pl\/produkt\/koszula-flanelowa-modar-niebieskawariant1\/#primaryimage"},"image":{"@id":"https:\/\/grapil.pl\/produkt\/koszula-flanelowa-modar-niebieskawariant1\/#primaryimage"},"thumbnailUrl":"https:\/\/grapil.pl\/wp-content\/uploads\/2025\/04\/18388.jpg","datePublished":"2025-04-09T15:41:28+00:00","dateModified":"2025-04-15T08:20:07+00:00","breadcrumb":{"@id":"https:\/\/grapil.pl\/produkt\/koszula-flanelowa-modar-niebieskawariant1\/#breadcrumb"},"inLanguage":"de","potentialAction":[{"@type":"ReadAction","target":["https:\/\/grapil.pl\/produkt\/koszula-flanelowa-modar-niebieskawariant1\/"]}]},{"@type":"ImageObject","inLanguage":"de","@id":"https:\/\/grapil.pl\/produkt\/koszula-flanelowa-modar-niebieskawariant1\/#primaryimage","url":"https:\/\/grapil.pl\/wp-content\/uploads\/2025\/04\/18388.jpg","contentUrl":"https:\/\/grapil.pl\/wp-content\/uploads\/2025\/04\/18388.jpg","width":700,"height":700},{"@type":"BreadcrumbList","@id":"https:\/\/grapil.pl\/produkt\/koszula-flanelowa-modar-niebieskawariant1\/#breadcrumb","itemListElement":[{"@type":"ListItem","position":1,"name":"Strona g\u0142\u00f3wna","item":"https:\/\/grapil.pl\/"},{"@type":"ListItem","position":2,"name":"sklep","item":"https:\/\/grapil.pl\/sklep\/"},{"@type":"ListItem","position":3,"name":"Koszula flanelowa Modar niebieska"}]},{"@type":"WebSite","@id":"https:\/\/grapil.pl\/#website","url":"https:\/\/grapil.pl\/","name":"Grapil.pl \u2013 Profesjonalna Odzie\u017c S\u0142u\u017cbowa dla Bran\u017cy Kelnerskiej, HoReCa i Medycyny","description":"","potentialAction":[{"@type":"SearchAction","target":{"@type":"EntryPoint","urlTemplate":"https:\/\/grapil.pl\/?s={search_term_string}"},"query-input":{"@type":"PropertyValueSpecification","valueRequired":true,"valueName":"search_term_string"}}],"inLanguage":"de"}]}},"_links":{"self":[{"href":"https:\/\/grapil.pl\/de\/wp-json\/wp\/v2\/product\/19331","targetHints":{"allow":["GET"]}}],"collection":[{"href":"https:\/\/grapil.pl\/de\/wp-json\/wp\/v2\/product"}],"about":[{"href":"https:\/\/grapil.pl\/de\/wp-json\/wp\/v2\/types\/product"}],"version-history":[{"count":3,"href":"https:\/\/grapil.pl\/de\/wp-json\/wp\/v2\/product\/19331\/revisions"}],"predecessor-version":[{"id":20548,"href":"https:\/\/grapil.pl\/de\/wp-json\/wp\/v2\/product\/19331\/revisions\/20548"}],"wp:featuredmedia":[{"embeddable":true,"href":"https:\/\/grapil.pl\/de\/wp-json\/wp\/v2\/media\/19333"}],"wp:attachment":[{"href":"https:\/\/grapil.pl\/de\/wp-json\/wp\/v2\/media?parent=19331"}],"wp:term":[{"taxonomy":"product_brand","embeddable":true,"href":"https:\/\/grapil.pl\/de\/wp-json\/wp\/v2\/product_brand?post=19331"},{"taxonomy":"product_cat","embeddable":true,"href":"https:\/\/grapil.pl\/de\/wp-json\/wp\/v2\/product_cat?post=19331"},{"taxonomy":"product_tag","embeddable":true,"href":"https:\/\/grapil.pl\/de\/wp-json\/wp\/v2\/product_tag?post=19331"}],"curies":[{"name":"wp","href":"https:\/\/api.w.org\/{rel}","templated":true}]}}