{"id":19425,"date":"2025-04-09T17:42:06","date_gmt":"2025-04-09T15:42:06","guid":{"rendered":"https:\/\/grapil.pl\/produkt\/nakolanniki-zelowe-ochraniacze-nakzel\/"},"modified":"2025-09-03T13:01:58","modified_gmt":"2025-09-03T11:01:58","slug":"knieschoner-gel-protektoren-nakzel","status":"publish","type":"product","link":"https:\/\/grapil.pl\/de\/produkt\/knieschoner-gel-protektoren-nakzel\/","title":{"rendered":"Gel-Knieschoner Nak\u017cel"},"content":{"rendered":"<p>Der Knieschoner besteht aus einer hochwertigen Mischung aus Polyester, PVC und Gel, die das Knie bedeckt, einem weichen Kniepolster, das volle Bewegungsfreiheit bietet und Befestigungsgurten, mit denen Sie die Schoner befestigen k\u00f6nnen.<\/p>\n<p><strong>ANWENDUNG:<\/strong><\/p>\n<p>Die Protektoren sind darauf ausgelegt, die Knie zu sch\u00fctzen und den Benutzer vor minimalen Risikofaktoren zu bewahren:<\/p>\n<p>\u2013 die Einwirkung mechanischer Faktoren, deren Auswirkungen oberfl\u00e4chlich sind,<br \/>\u2013 leichte St\u00f6\u00dfe und Vibrationen, deren Auswirkungen keine irreversiblen Sch\u00e4den am K\u00f6rper verursachen k\u00f6nnen.<\/p>\n<p>Dank des Klettverschlusses ist die Befestigung einfach und bequem und bietet volle Bewegungsfreiheit. Dadurch zeichnet sich das Produkt durch hohe Funktionalit\u00e4t aus.<br \/>\u00a0<\/p>","protected":false},"excerpt":{"rendered":"<p>Der Knieschutz besteht aus einer hochwertigen Mischung aus Polyester, PVC und Gel, die das Knie bedeckt, ein weiches Kniepolster, das<\/p>","protected":false},"featured_media":19427,"template":"","meta":[],"product_brand":[91],"product_cat":[86,111,175],"product_tag":[],"class_list":{"0":"post-19425","1":"product","2":"type-product","3":"status-publish","4":"has-post-thumbnail","6":"product_brand-artmas","7":"product_cat-sklepbhp","8":"product_cat-srodki-ochrony-indywidualnej","9":"product_cat-ochrona-kolan","11":"first","12":"instock","13":"product-type-simple"},"yoast_head":"<!-- This site is optimized with the Yoast SEO plugin v25.3 - https:\/\/yoast.com\/wordpress\/plugins\/seo\/ -->\n<title>Nakolanniki \u017celowe ochraniacze Nak\u017cel - Grapil.pl \u2013 Profesjonalna Odzie\u017c S\u0142u\u017cbowa dla Bran\u017cy Kelnerskiej, HoReCa i Medycyny<\/title>\n<meta name=\"robots\" content=\"index, follow, max-snippet:-1, max-image-preview:large, max-video-preview:-1\" \/>\n<link rel=\"canonical\" href=\"https:\/\/grapil.pl\/de\/produkt\/knieschoner-gel-protektoren-nakzel\/\" \/>\n<meta property=\"og:locale\" content=\"de_DE\" \/>\n<meta property=\"og:type\" content=\"article\" \/>\n<meta property=\"og:title\" content=\"Nakolanniki \u017celowe ochraniacze Nak\u017cel - Grapil.pl \u2013 Profesjonalna Odzie\u017c S\u0142u\u017cbowa dla Bran\u017cy Kelnerskiej, HoReCa i Medycyny\" \/>\n<meta property=\"og:description\" content=\"Ochraniacz kolana zbudowany jest z wysokiej jako\u015bci mieszanki poliestru, pvc i \u017celu kt\u00f3ra os\u0142ania kolano, mi\u0119kkiej poduszki przy kolanowej, kt\u00f3ra\" \/>\n<meta property=\"og:url\" content=\"https:\/\/grapil.pl\/de\/produkt\/knieschoner-gel-protektoren-nakzel\/\" \/>\n<meta property=\"og:site_name\" content=\"Grapil.pl \u2013 Profesjonalna Odzie\u017c S\u0142u\u017cbowa dla Bran\u017cy Kelnerskiej, HoReCa i Medycyny\" \/>\n<meta property=\"article:modified_time\" content=\"2025-09-03T11:01:58+00:00\" \/>\n<meta property=\"og:image\" content=\"https:\/\/grapil.pl\/wp-content\/uploads\/2025\/04\/20495.jpg\" \/>\n\t<meta property=\"og:image:width\" content=\"700\" \/>\n\t<meta property=\"og:image:height\" content=\"700\" \/>\n\t<meta property=\"og:image:type\" content=\"image\/jpeg\" \/>\n<meta name=\"twitter:card\" content=\"summary_large_image\" \/>\n<meta name=\"twitter:label1\" content=\"Gesch\u00e4tzte Lesezeit\" \/>\n\t<meta name=\"twitter:data1\" content=\"1\u00a0Minute\" \/>\n<script type=\"application\/ld+json\" class=\"yoast-schema-graph\">{\"@context\":\"https:\/\/schema.org\",\"@graph\":[{\"@type\":\"WebPage\",\"@id\":\"https:\/\/grapil.pl\/produkt\/nakolanniki-zelowe-ochraniacze-nakzel\/\",\"url\":\"https:\/\/grapil.pl\/produkt\/nakolanniki-zelowe-ochraniacze-nakzel\/\",\"name\":\"Nakolanniki \u017celowe ochraniacze Nak\u017cel - Grapil.pl \u2013 Profesjonalna Odzie\u017c S\u0142u\u017cbowa dla Bran\u017cy Kelnerskiej, HoReCa i Medycyny\",\"isPartOf\":{\"@id\":\"https:\/\/grapil.pl\/#website\"},\"primaryImageOfPage\":{\"@id\":\"https:\/\/grapil.pl\/produkt\/nakolanniki-zelowe-ochraniacze-nakzel\/#primaryimage\"},\"image\":{\"@id\":\"https:\/\/grapil.pl\/produkt\/nakolanniki-zelowe-ochraniacze-nakzel\/#primaryimage\"},\"thumbnailUrl\":\"https:\/\/grapil.pl\/wp-content\/uploads\/2025\/04\/20495.jpg\",\"datePublished\":\"2025-04-09T15:42:06+00:00\",\"dateModified\":\"2025-09-03T11:01:58+00:00\",\"breadcrumb\":{\"@id\":\"https:\/\/grapil.pl\/produkt\/nakolanniki-zelowe-ochraniacze-nakzel\/#breadcrumb\"},\"inLanguage\":\"de\",\"potentialAction\":[{\"@type\":\"ReadAction\",\"target\":[\"https:\/\/grapil.pl\/produkt\/nakolanniki-zelowe-ochraniacze-nakzel\/\"]}]},{\"@type\":\"ImageObject\",\"inLanguage\":\"de\",\"@id\":\"https:\/\/grapil.pl\/produkt\/nakolanniki-zelowe-ochraniacze-nakzel\/#primaryimage\",\"url\":\"https:\/\/grapil.pl\/wp-content\/uploads\/2025\/04\/20495.jpg\",\"contentUrl\":\"https:\/\/grapil.pl\/wp-content\/uploads\/2025\/04\/20495.jpg\",\"width\":700,\"height\":700},{\"@type\":\"BreadcrumbList\",\"@id\":\"https:\/\/grapil.pl\/produkt\/nakolanniki-zelowe-ochraniacze-nakzel\/#breadcrumb\",\"itemListElement\":[{\"@type\":\"ListItem\",\"position\":1,\"name\":\"Strona g\u0142\u00f3wna\",\"item\":\"https:\/\/grapil.pl\/\"},{\"@type\":\"ListItem\",\"position\":2,\"name\":\"sklep\",\"item\":\"https:\/\/grapil.pl\/sklep\/\"},{\"@type\":\"ListItem\",\"position\":3,\"name\":\"Nakolanniki \u017celowe ochraniacze Nak\u017cel\"}]},{\"@type\":\"WebSite\",\"@id\":\"https:\/\/grapil.pl\/#website\",\"url\":\"https:\/\/grapil.pl\/\",\"name\":\"Grapil.pl \u2013 Profesjonalna Odzie\u017c S\u0142u\u017cbowa dla Bran\u017cy Kelnerskiej, HoReCa i Medycyny\",\"description\":\"\",\"potentialAction\":[{\"@type\":\"SearchAction\",\"target\":{\"@type\":\"EntryPoint\",\"urlTemplate\":\"https:\/\/grapil.pl\/?s={search_term_string}\"},\"query-input\":{\"@type\":\"PropertyValueSpecification\",\"valueRequired\":true,\"valueName\":\"search_term_string\"}}],\"inLanguage\":\"de\"}]}<\/script>\n<!-- \/ Yoast SEO plugin. -->","yoast_head_json":{"title":"Nakolanniki \u017celowe ochraniacze Nak\u017cel - Grapil.pl \u2013 Profesjonalna Odzie\u017c S\u0142u\u017cbowa dla Bran\u017cy Kelnerskiej, HoReCa i Medycyny","robots":{"index":"index","follow":"follow","max-snippet":"max-snippet:-1","max-image-preview":"max-image-preview:large","max-video-preview":"max-video-preview:-1"},"canonical":"https:\/\/grapil.pl\/de\/produkt\/knieschoner-gel-protektoren-nakzel\/","og_locale":"de_DE","og_type":"article","og_title":"Nakolanniki \u017celowe ochraniacze Nak\u017cel - Grapil.pl \u2013 Profesjonalna Odzie\u017c S\u0142u\u017cbowa dla Bran\u017cy Kelnerskiej, HoReCa i Medycyny","og_description":"Ochraniacz kolana zbudowany jest z wysokiej jako\u015bci mieszanki poliestru, pvc i \u017celu kt\u00f3ra os\u0142ania kolano, mi\u0119kkiej poduszki przy kolanowej, kt\u00f3ra","og_url":"https:\/\/grapil.pl\/de\/produkt\/knieschoner-gel-protektoren-nakzel\/","og_site_name":"Grapil.pl \u2013 Profesjonalna Odzie\u017c S\u0142u\u017cbowa dla Bran\u017cy Kelnerskiej, HoReCa i Medycyny","article_modified_time":"2025-09-03T11:01:58+00:00","og_image":[{"width":700,"height":700,"url":"https:\/\/grapil.pl\/wp-content\/uploads\/2025\/04\/20495.jpg","type":"image\/jpeg"}],"twitter_card":"summary_large_image","twitter_misc":{"Gesch\u00e4tzte Lesezeit":"1\u00a0Minute"},"schema":{"@context":"https:\/\/schema.org","@graph":[{"@type":"WebPage","@id":"https:\/\/grapil.pl\/produkt\/nakolanniki-zelowe-ochraniacze-nakzel\/","url":"https:\/\/grapil.pl\/produkt\/nakolanniki-zelowe-ochraniacze-nakzel\/","name":"Nakolanniki \u017celowe ochraniacze Nak\u017cel - Grapil.pl \u2013 Profesjonalna Odzie\u017c S\u0142u\u017cbowa dla Bran\u017cy Kelnerskiej, HoReCa i Medycyny","isPartOf":{"@id":"https:\/\/grapil.pl\/#website"},"primaryImageOfPage":{"@id":"https:\/\/grapil.pl\/produkt\/nakolanniki-zelowe-ochraniacze-nakzel\/#primaryimage"},"image":{"@id":"https:\/\/grapil.pl\/produkt\/nakolanniki-zelowe-ochraniacze-nakzel\/#primaryimage"},"thumbnailUrl":"https:\/\/grapil.pl\/wp-content\/uploads\/2025\/04\/20495.jpg","datePublished":"2025-04-09T15:42:06+00:00","dateModified":"2025-09-03T11:01:58+00:00","breadcrumb":{"@id":"https:\/\/grapil.pl\/produkt\/nakolanniki-zelowe-ochraniacze-nakzel\/#breadcrumb"},"inLanguage":"de","potentialAction":[{"@type":"ReadAction","target":["https:\/\/grapil.pl\/produkt\/nakolanniki-zelowe-ochraniacze-nakzel\/"]}]},{"@type":"ImageObject","inLanguage":"de","@id":"https:\/\/grapil.pl\/produkt\/nakolanniki-zelowe-ochraniacze-nakzel\/#primaryimage","url":"https:\/\/grapil.pl\/wp-content\/uploads\/2025\/04\/20495.jpg","contentUrl":"https:\/\/grapil.pl\/wp-content\/uploads\/2025\/04\/20495.jpg","width":700,"height":700},{"@type":"BreadcrumbList","@id":"https:\/\/grapil.pl\/produkt\/nakolanniki-zelowe-ochraniacze-nakzel\/#breadcrumb","itemListElement":[{"@type":"ListItem","position":1,"name":"Strona g\u0142\u00f3wna","item":"https:\/\/grapil.pl\/"},{"@type":"ListItem","position":2,"name":"sklep","item":"https:\/\/grapil.pl\/sklep\/"},{"@type":"ListItem","position":3,"name":"Nakolanniki \u017celowe ochraniacze Nak\u017cel"}]},{"@type":"WebSite","@id":"https:\/\/grapil.pl\/#website","url":"https:\/\/grapil.pl\/","name":"Grapil.pl \u2013 Profesjonalna Odzie\u017c S\u0142u\u017cbowa dla Bran\u017cy Kelnerskiej, HoReCa i Medycyny","description":"","potentialAction":[{"@type":"SearchAction","target":{"@type":"EntryPoint","urlTemplate":"https:\/\/grapil.pl\/?s={search_term_string}"},"query-input":{"@type":"PropertyValueSpecification","valueRequired":true,"valueName":"search_term_string"}}],"inLanguage":"de"}]}},"_links":{"self":[{"href":"https:\/\/grapil.pl\/de\/wp-json\/wp\/v2\/product\/19425","targetHints":{"allow":["GET"]}}],"collection":[{"href":"https:\/\/grapil.pl\/de\/wp-json\/wp\/v2\/product"}],"about":[{"href":"https:\/\/grapil.pl\/de\/wp-json\/wp\/v2\/types\/product"}],"version-history":[{"count":1,"href":"https:\/\/grapil.pl\/de\/wp-json\/wp\/v2\/product\/19425\/revisions"}],"predecessor-version":[{"id":19426,"href":"https:\/\/grapil.pl\/de\/wp-json\/wp\/v2\/product\/19425\/revisions\/19426"}],"wp:featuredmedia":[{"embeddable":true,"href":"https:\/\/grapil.pl\/de\/wp-json\/wp\/v2\/media\/19427"}],"wp:attachment":[{"href":"https:\/\/grapil.pl\/de\/wp-json\/wp\/v2\/media?parent=19425"}],"wp:term":[{"taxonomy":"product_brand","embeddable":true,"href":"https:\/\/grapil.pl\/de\/wp-json\/wp\/v2\/product_brand?post=19425"},{"taxonomy":"product_cat","embeddable":true,"href":"https:\/\/grapil.pl\/de\/wp-json\/wp\/v2\/product_cat?post=19425"},{"taxonomy":"product_tag","embeddable":true,"href":"https:\/\/grapil.pl\/de\/wp-json\/wp\/v2\/product_tag?post=19425"}],"curies":[{"name":"wp","href":"https:\/\/api.w.org\/{rel}","templated":true}]}}