{"id":19434,"date":"2025-04-09T17:42:06","date_gmt":"2025-04-09T15:42:06","guid":{"rendered":"https:\/\/grapil.pl\/produkt\/kamizelka-robocza-classicwariant1\/"},"modified":"2025-04-14T12:58:36","modified_gmt":"2025-04-14T10:58:36","slug":"klassische-arbeitswestevariante1","status":"publish","type":"product","link":"https:\/\/grapil.pl\/de\/produkt\/klassische-arbeitswestevariante1\/","title":{"rendered":"Klassische Arbeitsweste"},"content":{"rendered":"<h1>CLASSIC Weste<\/h1>\n<p>Es ist gekennzeichnet durch\u00a0<strong>attraktiv<\/strong>\u00a0Design und hervorragende\u00a0<strong>Funktionalit\u00e4t<\/strong>.<\/p>\n<p>Hergestellt aus sehr\u00a0<strong>dauerhaft<\/strong>\u00a0Spezialgewebe \u2013 Canvas (80% Polyester und 20% Baumwolle)\u00a0<strong>sehr hoch<\/strong>\u00a0Gewicht von 270 +\/-10 Gramm\/m2 und eine starke, dichte Webart.<\/p>\n<h2>Merkmal:<\/h2>\n<ul>\n<li><strong>Professional<\/strong>\u00a0N\u00e4hen und\u00a0<strong>\u00c4sthetik<\/strong>\u00a0Ausf\u00fchrung<\/li>\n<li><strong>Dreifachn\u00e4hte<\/strong>\u00a0und zahlreiche massive Bolzen verst\u00e4rken zus\u00e4tzlich die besonders rei\u00dfgef\u00e4hrdeten Stellen<\/li>\n<li>mit Rei\u00dfverschluss befestigt<\/li>\n<li><strong>10 Taschen,<\/strong>\u00a0davon 8 mit Klettverschlusslaschen<\/li>\n<li>zus\u00e4tzlich\u00a0<strong>Taschenverst\u00e4rkungen<\/strong>\u00a0zum Schutz vor Stichen durch scharfe Gegenst\u00e4nde aus robustem 600D-Polyestergewebe.<\/li>\n<li>entsprechend gew\u00e4hlte Breite des Jochs, um einen Druck darunter in der richtigen H\u00f6he zu machen<\/li>\n<li>sehr geringes Einlaufen, auch nach mehrmaligem Waschen<\/li>\n<li><strong>Farbstabilit\u00e4t<\/strong><\/li>\n<\/ul>\n<p><strong>CE Kat.I PN-EN ISO 13688:2013<\/strong><\/p>","protected":false},"excerpt":{"rendered":"<p>Kamizelka CLASSIC Charakteryzuje si\u0119\u00a0atrakcyjnym\u00a0wzornictwem i doskona\u0142\u0105\u00a0funkcjonalno\u015bci\u0105. Wykonane z bardzo\u00a0wytrzyma\u0142ej\u00a0specjalistycznej tkaniny &#8211; p\u0142\u00f3tno (80% poliestru i 20% bawe\u0142ny) o\u00a0bardzo wysokiej\u00a0gramaturze 270<\/p>","protected":false},"featured_media":19436,"template":"","meta":[],"product_brand":[91],"product_cat":[86,92,122],"product_tag":[],"class_list":{"0":"post-19434","1":"product","2":"type-product","3":"status-publish","4":"has-post-thumbnail","6":"product_brand-artmas","7":"product_cat-sklepbhp","8":"product_cat-odziez-robocza","9":"product_cat-kamizelki","11":"first","12":"instock","13":"product-type-variable","14":"wvs-archive-product-wrapper"},"yoast_head":"<!-- This site is optimized with the Yoast SEO plugin v25.3 - https:\/\/yoast.com\/wordpress\/plugins\/seo\/ -->\n<title>Kamizelka robocza Classic - Grapil.pl \u2013 Profesjonalna Odzie\u017c S\u0142u\u017cbowa dla Bran\u017cy Kelnerskiej, HoReCa i Medycyny<\/title>\n<meta name=\"robots\" content=\"index, follow, max-snippet:-1, max-image-preview:large, max-video-preview:-1\" \/>\n<link rel=\"canonical\" href=\"https:\/\/grapil.pl\/de\/produkt\/klassische-arbeitswestevariante1\/\" \/>\n<meta property=\"og:locale\" content=\"de_DE\" \/>\n<meta property=\"og:type\" content=\"article\" \/>\n<meta property=\"og:title\" content=\"Kamizelka robocza Classic - Grapil.pl \u2013 Profesjonalna Odzie\u017c S\u0142u\u017cbowa dla Bran\u017cy Kelnerskiej, HoReCa i Medycyny\" \/>\n<meta property=\"og:description\" content=\"Kamizelka CLASSIC Charakteryzuje si\u0119\u00a0atrakcyjnym\u00a0wzornictwem i doskona\u0142\u0105\u00a0funkcjonalno\u015bci\u0105. Wykonane z bardzo\u00a0wytrzyma\u0142ej\u00a0specjalistycznej tkaniny &#8211; p\u0142\u00f3tno (80% poliestru i 20% bawe\u0142ny) o\u00a0bardzo wysokiej\u00a0gramaturze 270\" \/>\n<meta property=\"og:url\" content=\"https:\/\/grapil.pl\/de\/produkt\/klassische-arbeitswestevariante1\/\" \/>\n<meta property=\"og:site_name\" content=\"Grapil.pl \u2013 Profesjonalna Odzie\u017c S\u0142u\u017cbowa dla Bran\u017cy Kelnerskiej, HoReCa i Medycyny\" \/>\n<meta property=\"article:modified_time\" content=\"2025-04-14T10:58:36+00:00\" \/>\n<meta property=\"og:image\" content=\"https:\/\/grapil.pl\/wp-content\/uploads\/2025\/04\/19802.jpg\" \/>\n\t<meta property=\"og:image:width\" content=\"700\" \/>\n\t<meta property=\"og:image:height\" content=\"700\" \/>\n\t<meta property=\"og:image:type\" content=\"image\/jpeg\" \/>\n<meta name=\"twitter:card\" content=\"summary_large_image\" \/>\n<meta name=\"twitter:label1\" content=\"Gesch\u00e4tzte Lesezeit\" \/>\n\t<meta name=\"twitter:data1\" content=\"1\u00a0Minute\" \/>\n<script type=\"application\/ld+json\" class=\"yoast-schema-graph\">{\"@context\":\"https:\/\/schema.org\",\"@graph\":[{\"@type\":\"WebPage\",\"@id\":\"https:\/\/grapil.pl\/produkt\/kamizelka-robocza-classicwariant1\/\",\"url\":\"https:\/\/grapil.pl\/produkt\/kamizelka-robocza-classicwariant1\/\",\"name\":\"Kamizelka robocza Classic - Grapil.pl \u2013 Profesjonalna Odzie\u017c S\u0142u\u017cbowa dla Bran\u017cy Kelnerskiej, HoReCa i Medycyny\",\"isPartOf\":{\"@id\":\"https:\/\/grapil.pl\/#website\"},\"primaryImageOfPage\":{\"@id\":\"https:\/\/grapil.pl\/produkt\/kamizelka-robocza-classicwariant1\/#primaryimage\"},\"image\":{\"@id\":\"https:\/\/grapil.pl\/produkt\/kamizelka-robocza-classicwariant1\/#primaryimage\"},\"thumbnailUrl\":\"https:\/\/grapil.pl\/wp-content\/uploads\/2025\/04\/19802.jpg\",\"datePublished\":\"2025-04-09T15:42:06+00:00\",\"dateModified\":\"2025-04-14T10:58:36+00:00\",\"breadcrumb\":{\"@id\":\"https:\/\/grapil.pl\/produkt\/kamizelka-robocza-classicwariant1\/#breadcrumb\"},\"inLanguage\":\"de\",\"potentialAction\":[{\"@type\":\"ReadAction\",\"target\":[\"https:\/\/grapil.pl\/produkt\/kamizelka-robocza-classicwariant1\/\"]}]},{\"@type\":\"ImageObject\",\"inLanguage\":\"de\",\"@id\":\"https:\/\/grapil.pl\/produkt\/kamizelka-robocza-classicwariant1\/#primaryimage\",\"url\":\"https:\/\/grapil.pl\/wp-content\/uploads\/2025\/04\/19802.jpg\",\"contentUrl\":\"https:\/\/grapil.pl\/wp-content\/uploads\/2025\/04\/19802.jpg\",\"width\":700,\"height\":700},{\"@type\":\"BreadcrumbList\",\"@id\":\"https:\/\/grapil.pl\/produkt\/kamizelka-robocza-classicwariant1\/#breadcrumb\",\"itemListElement\":[{\"@type\":\"ListItem\",\"position\":1,\"name\":\"Strona g\u0142\u00f3wna\",\"item\":\"https:\/\/grapil.pl\/\"},{\"@type\":\"ListItem\",\"position\":2,\"name\":\"sklep\",\"item\":\"https:\/\/grapil.pl\/sklep\/\"},{\"@type\":\"ListItem\",\"position\":3,\"name\":\"Kamizelka robocza Classic\"}]},{\"@type\":\"WebSite\",\"@id\":\"https:\/\/grapil.pl\/#website\",\"url\":\"https:\/\/grapil.pl\/\",\"name\":\"Grapil.pl \u2013 Profesjonalna Odzie\u017c S\u0142u\u017cbowa dla Bran\u017cy Kelnerskiej, HoReCa i Medycyny\",\"description\":\"\",\"potentialAction\":[{\"@type\":\"SearchAction\",\"target\":{\"@type\":\"EntryPoint\",\"urlTemplate\":\"https:\/\/grapil.pl\/?s={search_term_string}\"},\"query-input\":{\"@type\":\"PropertyValueSpecification\",\"valueRequired\":true,\"valueName\":\"search_term_string\"}}],\"inLanguage\":\"de\"}]}<\/script>\n<!-- \/ Yoast SEO plugin. -->","yoast_head_json":{"title":"Kamizelka robocza Classic - Grapil.pl \u2013 Profesjonalna Odzie\u017c S\u0142u\u017cbowa dla Bran\u017cy Kelnerskiej, HoReCa i Medycyny","robots":{"index":"index","follow":"follow","max-snippet":"max-snippet:-1","max-image-preview":"max-image-preview:large","max-video-preview":"max-video-preview:-1"},"canonical":"https:\/\/grapil.pl\/de\/produkt\/klassische-arbeitswestevariante1\/","og_locale":"de_DE","og_type":"article","og_title":"Kamizelka robocza Classic - Grapil.pl \u2013 Profesjonalna Odzie\u017c S\u0142u\u017cbowa dla Bran\u017cy Kelnerskiej, HoReCa i Medycyny","og_description":"Kamizelka CLASSIC Charakteryzuje si\u0119\u00a0atrakcyjnym\u00a0wzornictwem i doskona\u0142\u0105\u00a0funkcjonalno\u015bci\u0105. Wykonane z bardzo\u00a0wytrzyma\u0142ej\u00a0specjalistycznej tkaniny &#8211; p\u0142\u00f3tno (80% poliestru i 20% bawe\u0142ny) o\u00a0bardzo wysokiej\u00a0gramaturze 270","og_url":"https:\/\/grapil.pl\/de\/produkt\/klassische-arbeitswestevariante1\/","og_site_name":"Grapil.pl \u2013 Profesjonalna Odzie\u017c S\u0142u\u017cbowa dla Bran\u017cy Kelnerskiej, HoReCa i Medycyny","article_modified_time":"2025-04-14T10:58:36+00:00","og_image":[{"width":700,"height":700,"url":"https:\/\/grapil.pl\/wp-content\/uploads\/2025\/04\/19802.jpg","type":"image\/jpeg"}],"twitter_card":"summary_large_image","twitter_misc":{"Gesch\u00e4tzte Lesezeit":"1\u00a0Minute"},"schema":{"@context":"https:\/\/schema.org","@graph":[{"@type":"WebPage","@id":"https:\/\/grapil.pl\/produkt\/kamizelka-robocza-classicwariant1\/","url":"https:\/\/grapil.pl\/produkt\/kamizelka-robocza-classicwariant1\/","name":"Kamizelka robocza Classic - Grapil.pl \u2013 Profesjonalna Odzie\u017c S\u0142u\u017cbowa dla Bran\u017cy Kelnerskiej, HoReCa i Medycyny","isPartOf":{"@id":"https:\/\/grapil.pl\/#website"},"primaryImageOfPage":{"@id":"https:\/\/grapil.pl\/produkt\/kamizelka-robocza-classicwariant1\/#primaryimage"},"image":{"@id":"https:\/\/grapil.pl\/produkt\/kamizelka-robocza-classicwariant1\/#primaryimage"},"thumbnailUrl":"https:\/\/grapil.pl\/wp-content\/uploads\/2025\/04\/19802.jpg","datePublished":"2025-04-09T15:42:06+00:00","dateModified":"2025-04-14T10:58:36+00:00","breadcrumb":{"@id":"https:\/\/grapil.pl\/produkt\/kamizelka-robocza-classicwariant1\/#breadcrumb"},"inLanguage":"de","potentialAction":[{"@type":"ReadAction","target":["https:\/\/grapil.pl\/produkt\/kamizelka-robocza-classicwariant1\/"]}]},{"@type":"ImageObject","inLanguage":"de","@id":"https:\/\/grapil.pl\/produkt\/kamizelka-robocza-classicwariant1\/#primaryimage","url":"https:\/\/grapil.pl\/wp-content\/uploads\/2025\/04\/19802.jpg","contentUrl":"https:\/\/grapil.pl\/wp-content\/uploads\/2025\/04\/19802.jpg","width":700,"height":700},{"@type":"BreadcrumbList","@id":"https:\/\/grapil.pl\/produkt\/kamizelka-robocza-classicwariant1\/#breadcrumb","itemListElement":[{"@type":"ListItem","position":1,"name":"Strona g\u0142\u00f3wna","item":"https:\/\/grapil.pl\/"},{"@type":"ListItem","position":2,"name":"sklep","item":"https:\/\/grapil.pl\/sklep\/"},{"@type":"ListItem","position":3,"name":"Kamizelka robocza Classic"}]},{"@type":"WebSite","@id":"https:\/\/grapil.pl\/#website","url":"https:\/\/grapil.pl\/","name":"Grapil.pl \u2013 Profesjonalna Odzie\u017c S\u0142u\u017cbowa dla Bran\u017cy Kelnerskiej, HoReCa i Medycyny","description":"","potentialAction":[{"@type":"SearchAction","target":{"@type":"EntryPoint","urlTemplate":"https:\/\/grapil.pl\/?s={search_term_string}"},"query-input":{"@type":"PropertyValueSpecification","valueRequired":true,"valueName":"search_term_string"}}],"inLanguage":"de"}]}},"_links":{"self":[{"href":"https:\/\/grapil.pl\/de\/wp-json\/wp\/v2\/product\/19434","targetHints":{"allow":["GET"]}}],"collection":[{"href":"https:\/\/grapil.pl\/de\/wp-json\/wp\/v2\/product"}],"about":[{"href":"https:\/\/grapil.pl\/de\/wp-json\/wp\/v2\/types\/product"}],"version-history":[{"count":2,"href":"https:\/\/grapil.pl\/de\/wp-json\/wp\/v2\/product\/19434\/revisions"}],"predecessor-version":[{"id":20072,"href":"https:\/\/grapil.pl\/de\/wp-json\/wp\/v2\/product\/19434\/revisions\/20072"}],"wp:featuredmedia":[{"embeddable":true,"href":"https:\/\/grapil.pl\/de\/wp-json\/wp\/v2\/media\/19436"}],"wp:attachment":[{"href":"https:\/\/grapil.pl\/de\/wp-json\/wp\/v2\/media?parent=19434"}],"wp:term":[{"taxonomy":"product_brand","embeddable":true,"href":"https:\/\/grapil.pl\/de\/wp-json\/wp\/v2\/product_brand?post=19434"},{"taxonomy":"product_cat","embeddable":true,"href":"https:\/\/grapil.pl\/de\/wp-json\/wp\/v2\/product_cat?post=19434"},{"taxonomy":"product_tag","embeddable":true,"href":"https:\/\/grapil.pl\/de\/wp-json\/wp\/v2\/product_tag?post=19434"}],"curies":[{"name":"wp","href":"https:\/\/api.w.org\/{rel}","templated":true}]}}