{"id":19437,"date":"2025-04-09T17:42:06","date_gmt":"2025-04-09T15:42:06","guid":{"rendered":"https:\/\/grapil.pl\/produkt\/bluza-robocza-asymetricwariant1\/"},"modified":"2025-04-14T13:00:07","modified_gmt":"2025-04-14T11:00:07","slug":"asymmetrische-arbeitsblusevariante1","status":"publish","type":"product","link":"https:\/\/grapil.pl\/de\/produkt\/asymmetrische-arbeitsblusevariante1\/","title":{"rendered":"Asymmetrisches Arbeitssweatshirt grau"},"content":{"rendered":"<h1>300 g\/m2 Fleece-Sweatshirt, aus 100%-Polyester.<\/h1>\n<p>Merkmal:<\/p>\n<ul>\n<li>mit Rei\u00dfverschluss befestigt<\/li>\n<li><strong>\u00c4rmelabschluss mit Gummiband<\/strong>\u2013 Dadurch wird der Durchtritt kalter Luft darunter eingeschr\u00e4nkt<\/li>\n<li><strong>der untere Teil des Sweatshirts ist mit einem elastischen Band verstellbar<\/strong><\/li>\n<li>Kragen \u2013 hoher Stehkragen<\/li>\n<li><strong>3 Au\u00dfentaschen mit Rei\u00dfverschluss<\/strong>, darunter 2 seitliche und 1 napoleonisches (auf der Brust),<\/li>\n<\/ul>\n<p>Farbe: grau-schwarz<\/p>\n<p>CE Kat.I EN ISO 13688:2013<\/p>","protected":false},"excerpt":{"rendered":"<p>Bluza polarowa o gramaturze 300g\/m 2 , wykonana z 100% poliestru. Charakterystyka: zapinana na suwak r\u0119kaw zako\u0144czony gumk\u0105&#8211; ogranicza to<\/p>","protected":false},"featured_media":19439,"template":"","meta":[],"product_brand":[],"product_cat":[86,92,100],"product_tag":[],"class_list":{"0":"post-19437","1":"product","2":"type-product","3":"status-publish","4":"has-post-thumbnail","6":"product_cat-sklepbhp","7":"product_cat-odziez-robocza","8":"product_cat-polary-i-bluzy-robocze","10":"first","11":"instock","12":"product-type-variable","13":"wvs-archive-product-wrapper"},"yoast_head":"<!-- This site is optimized with the Yoast SEO plugin v25.3 - https:\/\/yoast.com\/wordpress\/plugins\/seo\/ -->\n<title>Bluza robocza Asymetric szara - Grapil.pl \u2013 Profesjonalna Odzie\u017c S\u0142u\u017cbowa dla Bran\u017cy Kelnerskiej, HoReCa i Medycyny<\/title>\n<meta name=\"robots\" content=\"index, follow, max-snippet:-1, max-image-preview:large, max-video-preview:-1\" \/>\n<link rel=\"canonical\" href=\"https:\/\/grapil.pl\/de\/produkt\/asymmetrische-arbeitsblusevariante1\/\" \/>\n<meta property=\"og:locale\" content=\"de_DE\" \/>\n<meta property=\"og:type\" content=\"article\" \/>\n<meta property=\"og:title\" content=\"Bluza robocza Asymetric szara - Grapil.pl \u2013 Profesjonalna Odzie\u017c S\u0142u\u017cbowa dla Bran\u017cy Kelnerskiej, HoReCa i Medycyny\" \/>\n<meta property=\"og:description\" content=\"Bluza polarowa o gramaturze 300g\/m 2 , wykonana z 100% poliestru. Charakterystyka: zapinana na suwak r\u0119kaw zako\u0144czony gumk\u0105&#8211; ogranicza to\" \/>\n<meta property=\"og:url\" content=\"https:\/\/grapil.pl\/de\/produkt\/asymmetrische-arbeitsblusevariante1\/\" \/>\n<meta property=\"og:site_name\" content=\"Grapil.pl \u2013 Profesjonalna Odzie\u017c S\u0142u\u017cbowa dla Bran\u017cy Kelnerskiej, HoReCa i Medycyny\" \/>\n<meta property=\"article:modified_time\" content=\"2025-04-14T11:00:07+00:00\" \/>\n<meta property=\"og:image\" content=\"https:\/\/grapil.pl\/wp-content\/uploads\/2025\/04\/20377.jpg\" \/>\n\t<meta property=\"og:image:width\" content=\"700\" \/>\n\t<meta property=\"og:image:height\" content=\"700\" \/>\n\t<meta property=\"og:image:type\" content=\"image\/jpeg\" \/>\n<meta name=\"twitter:card\" content=\"summary_large_image\" \/>\n<meta name=\"twitter:label1\" content=\"Gesch\u00e4tzte Lesezeit\" \/>\n\t<meta name=\"twitter:data1\" content=\"1\u00a0Minute\" \/>\n<script type=\"application\/ld+json\" class=\"yoast-schema-graph\">{\"@context\":\"https:\/\/schema.org\",\"@graph\":[{\"@type\":\"WebPage\",\"@id\":\"https:\/\/grapil.pl\/produkt\/bluza-robocza-asymetricwariant1\/\",\"url\":\"https:\/\/grapil.pl\/produkt\/bluza-robocza-asymetricwariant1\/\",\"name\":\"Bluza robocza Asymetric szara - Grapil.pl \u2013 Profesjonalna Odzie\u017c S\u0142u\u017cbowa dla Bran\u017cy Kelnerskiej, HoReCa i Medycyny\",\"isPartOf\":{\"@id\":\"https:\/\/grapil.pl\/#website\"},\"primaryImageOfPage\":{\"@id\":\"https:\/\/grapil.pl\/produkt\/bluza-robocza-asymetricwariant1\/#primaryimage\"},\"image\":{\"@id\":\"https:\/\/grapil.pl\/produkt\/bluza-robocza-asymetricwariant1\/#primaryimage\"},\"thumbnailUrl\":\"https:\/\/grapil.pl\/wp-content\/uploads\/2025\/04\/20377.jpg\",\"datePublished\":\"2025-04-09T15:42:06+00:00\",\"dateModified\":\"2025-04-14T11:00:07+00:00\",\"breadcrumb\":{\"@id\":\"https:\/\/grapil.pl\/produkt\/bluza-robocza-asymetricwariant1\/#breadcrumb\"},\"inLanguage\":\"de\",\"potentialAction\":[{\"@type\":\"ReadAction\",\"target\":[\"https:\/\/grapil.pl\/produkt\/bluza-robocza-asymetricwariant1\/\"]}]},{\"@type\":\"ImageObject\",\"inLanguage\":\"de\",\"@id\":\"https:\/\/grapil.pl\/produkt\/bluza-robocza-asymetricwariant1\/#primaryimage\",\"url\":\"https:\/\/grapil.pl\/wp-content\/uploads\/2025\/04\/20377.jpg\",\"contentUrl\":\"https:\/\/grapil.pl\/wp-content\/uploads\/2025\/04\/20377.jpg\",\"width\":700,\"height\":700},{\"@type\":\"BreadcrumbList\",\"@id\":\"https:\/\/grapil.pl\/produkt\/bluza-robocza-asymetricwariant1\/#breadcrumb\",\"itemListElement\":[{\"@type\":\"ListItem\",\"position\":1,\"name\":\"Strona g\u0142\u00f3wna\",\"item\":\"https:\/\/grapil.pl\/\"},{\"@type\":\"ListItem\",\"position\":2,\"name\":\"sklep\",\"item\":\"https:\/\/grapil.pl\/sklep\/\"},{\"@type\":\"ListItem\",\"position\":3,\"name\":\"Bluza robocza Asymetric szara\"}]},{\"@type\":\"WebSite\",\"@id\":\"https:\/\/grapil.pl\/#website\",\"url\":\"https:\/\/grapil.pl\/\",\"name\":\"Grapil.pl \u2013 Profesjonalna Odzie\u017c S\u0142u\u017cbowa dla Bran\u017cy Kelnerskiej, HoReCa i Medycyny\",\"description\":\"\",\"potentialAction\":[{\"@type\":\"SearchAction\",\"target\":{\"@type\":\"EntryPoint\",\"urlTemplate\":\"https:\/\/grapil.pl\/?s={search_term_string}\"},\"query-input\":{\"@type\":\"PropertyValueSpecification\",\"valueRequired\":true,\"valueName\":\"search_term_string\"}}],\"inLanguage\":\"de\"}]}<\/script>\n<!-- \/ Yoast SEO plugin. -->","yoast_head_json":{"title":"Bluza robocza Asymetric szara - Grapil.pl \u2013 Profesjonalna Odzie\u017c S\u0142u\u017cbowa dla Bran\u017cy Kelnerskiej, HoReCa i Medycyny","robots":{"index":"index","follow":"follow","max-snippet":"max-snippet:-1","max-image-preview":"max-image-preview:large","max-video-preview":"max-video-preview:-1"},"canonical":"https:\/\/grapil.pl\/de\/produkt\/asymmetrische-arbeitsblusevariante1\/","og_locale":"de_DE","og_type":"article","og_title":"Bluza robocza Asymetric szara - Grapil.pl \u2013 Profesjonalna Odzie\u017c S\u0142u\u017cbowa dla Bran\u017cy Kelnerskiej, HoReCa i Medycyny","og_description":"Bluza polarowa o gramaturze 300g\/m 2 , wykonana z 100% poliestru. Charakterystyka: zapinana na suwak r\u0119kaw zako\u0144czony gumk\u0105&#8211; ogranicza to","og_url":"https:\/\/grapil.pl\/de\/produkt\/asymmetrische-arbeitsblusevariante1\/","og_site_name":"Grapil.pl \u2013 Profesjonalna Odzie\u017c S\u0142u\u017cbowa dla Bran\u017cy Kelnerskiej, HoReCa i Medycyny","article_modified_time":"2025-04-14T11:00:07+00:00","og_image":[{"width":700,"height":700,"url":"https:\/\/grapil.pl\/wp-content\/uploads\/2025\/04\/20377.jpg","type":"image\/jpeg"}],"twitter_card":"summary_large_image","twitter_misc":{"Gesch\u00e4tzte Lesezeit":"1\u00a0Minute"},"schema":{"@context":"https:\/\/schema.org","@graph":[{"@type":"WebPage","@id":"https:\/\/grapil.pl\/produkt\/bluza-robocza-asymetricwariant1\/","url":"https:\/\/grapil.pl\/produkt\/bluza-robocza-asymetricwariant1\/","name":"Bluza robocza Asymetric szara - Grapil.pl \u2013 Profesjonalna Odzie\u017c S\u0142u\u017cbowa dla Bran\u017cy Kelnerskiej, HoReCa i Medycyny","isPartOf":{"@id":"https:\/\/grapil.pl\/#website"},"primaryImageOfPage":{"@id":"https:\/\/grapil.pl\/produkt\/bluza-robocza-asymetricwariant1\/#primaryimage"},"image":{"@id":"https:\/\/grapil.pl\/produkt\/bluza-robocza-asymetricwariant1\/#primaryimage"},"thumbnailUrl":"https:\/\/grapil.pl\/wp-content\/uploads\/2025\/04\/20377.jpg","datePublished":"2025-04-09T15:42:06+00:00","dateModified":"2025-04-14T11:00:07+00:00","breadcrumb":{"@id":"https:\/\/grapil.pl\/produkt\/bluza-robocza-asymetricwariant1\/#breadcrumb"},"inLanguage":"de","potentialAction":[{"@type":"ReadAction","target":["https:\/\/grapil.pl\/produkt\/bluza-robocza-asymetricwariant1\/"]}]},{"@type":"ImageObject","inLanguage":"de","@id":"https:\/\/grapil.pl\/produkt\/bluza-robocza-asymetricwariant1\/#primaryimage","url":"https:\/\/grapil.pl\/wp-content\/uploads\/2025\/04\/20377.jpg","contentUrl":"https:\/\/grapil.pl\/wp-content\/uploads\/2025\/04\/20377.jpg","width":700,"height":700},{"@type":"BreadcrumbList","@id":"https:\/\/grapil.pl\/produkt\/bluza-robocza-asymetricwariant1\/#breadcrumb","itemListElement":[{"@type":"ListItem","position":1,"name":"Strona g\u0142\u00f3wna","item":"https:\/\/grapil.pl\/"},{"@type":"ListItem","position":2,"name":"sklep","item":"https:\/\/grapil.pl\/sklep\/"},{"@type":"ListItem","position":3,"name":"Bluza robocza Asymetric szara"}]},{"@type":"WebSite","@id":"https:\/\/grapil.pl\/#website","url":"https:\/\/grapil.pl\/","name":"Grapil.pl \u2013 Profesjonalna Odzie\u017c S\u0142u\u017cbowa dla Bran\u017cy Kelnerskiej, HoReCa i Medycyny","description":"","potentialAction":[{"@type":"SearchAction","target":{"@type":"EntryPoint","urlTemplate":"https:\/\/grapil.pl\/?s={search_term_string}"},"query-input":{"@type":"PropertyValueSpecification","valueRequired":true,"valueName":"search_term_string"}}],"inLanguage":"de"}]}},"_links":{"self":[{"href":"https:\/\/grapil.pl\/de\/wp-json\/wp\/v2\/product\/19437","targetHints":{"allow":["GET"]}}],"collection":[{"href":"https:\/\/grapil.pl\/de\/wp-json\/wp\/v2\/product"}],"about":[{"href":"https:\/\/grapil.pl\/de\/wp-json\/wp\/v2\/types\/product"}],"version-history":[{"count":2,"href":"https:\/\/grapil.pl\/de\/wp-json\/wp\/v2\/product\/19437\/revisions"}],"predecessor-version":[{"id":20081,"href":"https:\/\/grapil.pl\/de\/wp-json\/wp\/v2\/product\/19437\/revisions\/20081"}],"wp:featuredmedia":[{"embeddable":true,"href":"https:\/\/grapil.pl\/de\/wp-json\/wp\/v2\/media\/19439"}],"wp:attachment":[{"href":"https:\/\/grapil.pl\/de\/wp-json\/wp\/v2\/media?parent=19437"}],"wp:term":[{"taxonomy":"product_brand","embeddable":true,"href":"https:\/\/grapil.pl\/de\/wp-json\/wp\/v2\/product_brand?post=19437"},{"taxonomy":"product_cat","embeddable":true,"href":"https:\/\/grapil.pl\/de\/wp-json\/wp\/v2\/product_cat?post=19437"},{"taxonomy":"product_tag","embeddable":true,"href":"https:\/\/grapil.pl\/de\/wp-json\/wp\/v2\/product_tag?post=19437"}],"curies":[{"name":"wp","href":"https:\/\/api.w.org\/{rel}","templated":true}]}}