{"id":19533,"date":"2025-04-09T17:42:14","date_gmt":"2025-04-09T15:42:14","guid":{"rendered":"https:\/\/grapil.pl\/produkt\/buty-profilaktyczne-wzor-05b-granatowy-groszek\/"},"modified":"2026-01-13T13:30:45","modified_gmt":"2026-01-13T12:30:45","slug":"prophylaxeschuhe-muster-05b-marineblau-erbsen","status":"publish","type":"product","link":"https:\/\/grapil.pl\/de\/produkt\/prophylaxeschuhe-muster-05b-marineblau-erbsen\/","title":{"rendered":"Schutzschuhe Muster 05B marineblau Erbsen"},"content":{"rendered":"<p><span style=\"font-size: 12pt;\">Damenschuhe aus hochwertigsten Materialien<\/span><\/p>\n<ul>\n<li>Obermaterial aus Leder mit PU-Beschichtung gesch\u00fctzt, die Reinigung und Desinfektion erm\u00f6glicht.<\/li>\n<li>Lederfutter aus Naturleder, impr\u00e4gniert mit einem bakteriziden Mittel<br \/>\nfungizid verklebt mit Latexschaum unter Zusatz von Aktivkohle<\/li>\n<li>Schaft mit verstellbarer Weite<\/li>\n<li>Keilboden 4 cm<\/li>\n<li>Rutschfeste Unterseite<\/li>\n<\/ul>\n<p>Berufsschuhe gem\u00e4\u00df der Norm 20347:2012<\/p>","protected":false},"excerpt":{"rendered":"<p>Damenschuhe aus hochwertigsten Materialien. Obermaterial aus Leder mit PU-Beschichtung, die Reinigung und Desinfektion erm\u00f6glicht. Lederfutter mit<\/p>","protected":false},"featured_media":25943,"template":"","meta":[],"product_brand":[],"product_cat":[119,212,106,177],"product_tag":[],"class_list":{"0":"post-19533","1":"product","2":"type-product","3":"status-publish","4":"has-post-thumbnail","6":"product_cat-housekeeping","7":"product_cat-obuwie","8":"product_cat-medycyna-i-kosmetyka","9":"product_cat-buty","11":"first","12":"onbackorder","13":"product-type-simple"},"yoast_head":"<!-- This site is optimized with the Yoast SEO plugin v25.3 - https:\/\/yoast.com\/wordpress\/plugins\/seo\/ -->\n<title>Buty profilaktyczne wz\u00f3r 05B granatowy groszek - Grapil.pl \u2013 Profesjonalna Odzie\u017c S\u0142u\u017cbowa dla Bran\u017cy Kelnerskiej, HoReCa i Medycyny<\/title>\n<meta name=\"robots\" content=\"index, follow, max-snippet:-1, max-image-preview:large, max-video-preview:-1\" \/>\n<link rel=\"canonical\" href=\"https:\/\/grapil.pl\/de\/produkt\/prophylaxeschuhe-muster-05b-marineblau-erbsen\/\" \/>\n<meta property=\"og:locale\" content=\"de_DE\" \/>\n<meta property=\"og:type\" content=\"article\" \/>\n<meta property=\"og:title\" content=\"Buty profilaktyczne wz\u00f3r 05B granatowy groszek - Grapil.pl \u2013 Profesjonalna Odzie\u017c S\u0142u\u017cbowa dla Bran\u017cy Kelnerskiej, HoReCa i Medycyny\" \/>\n<meta property=\"og:description\" content=\"Obuwie damskie wykonane z najwy\u017cszej jako\u015bci materia\u0142\u00f3w Cholewka sk\u00f3rzana zabezpieczona pow\u0142ok\u0105 PU, kt\u00f3ra umo\u017cliwia czyszczenie i dezynfekcje. Wy\u015bci\u00f3\u0142ka sk\u00f3rzana ze\" \/>\n<meta property=\"og:url\" content=\"https:\/\/grapil.pl\/de\/produkt\/prophylaxeschuhe-muster-05b-marineblau-erbsen\/\" \/>\n<meta property=\"og:site_name\" content=\"Grapil.pl \u2013 Profesjonalna Odzie\u017c S\u0142u\u017cbowa dla Bran\u017cy Kelnerskiej, HoReCa i Medycyny\" \/>\n<meta property=\"article:modified_time\" content=\"2026-01-13T12:30:45+00:00\" \/>\n<meta property=\"og:image\" content=\"https:\/\/grapil.pl\/wp-content\/uploads\/2025\/04\/buty-2-gotowe.jpg\" \/>\n\t<meta property=\"og:image:width\" content=\"600\" \/>\n\t<meta property=\"og:image:height\" content=\"800\" \/>\n\t<meta property=\"og:image:type\" content=\"image\/jpeg\" \/>\n<meta name=\"twitter:card\" content=\"summary_large_image\" \/>\n<meta name=\"twitter:label1\" content=\"Gesch\u00e4tzte Lesezeit\" \/>\n\t<meta name=\"twitter:data1\" content=\"1\u00a0Minute\" \/>\n<script type=\"application\/ld+json\" class=\"yoast-schema-graph\">{\"@context\":\"https:\/\/schema.org\",\"@graph\":[{\"@type\":\"WebPage\",\"@id\":\"https:\/\/grapil.pl\/produkt\/buty-profilaktyczne-wzor-05b-granatowy-groszek\/\",\"url\":\"https:\/\/grapil.pl\/produkt\/buty-profilaktyczne-wzor-05b-granatowy-groszek\/\",\"name\":\"Buty profilaktyczne wz\u00f3r 05B granatowy groszek - Grapil.pl \u2013 Profesjonalna Odzie\u017c S\u0142u\u017cbowa dla Bran\u017cy Kelnerskiej, HoReCa i Medycyny\",\"isPartOf\":{\"@id\":\"https:\/\/grapil.pl\/#website\"},\"primaryImageOfPage\":{\"@id\":\"https:\/\/grapil.pl\/produkt\/buty-profilaktyczne-wzor-05b-granatowy-groszek\/#primaryimage\"},\"image\":{\"@id\":\"https:\/\/grapil.pl\/produkt\/buty-profilaktyczne-wzor-05b-granatowy-groszek\/#primaryimage\"},\"thumbnailUrl\":\"https:\/\/grapil.pl\/wp-content\/uploads\/2025\/04\/buty-2-gotowe.jpg\",\"datePublished\":\"2025-04-09T15:42:14+00:00\",\"dateModified\":\"2026-01-13T12:30:45+00:00\",\"breadcrumb\":{\"@id\":\"https:\/\/grapil.pl\/produkt\/buty-profilaktyczne-wzor-05b-granatowy-groszek\/#breadcrumb\"},\"inLanguage\":\"de\",\"potentialAction\":[{\"@type\":\"ReadAction\",\"target\":[\"https:\/\/grapil.pl\/produkt\/buty-profilaktyczne-wzor-05b-granatowy-groszek\/\"]}]},{\"@type\":\"ImageObject\",\"inLanguage\":\"de\",\"@id\":\"https:\/\/grapil.pl\/produkt\/buty-profilaktyczne-wzor-05b-granatowy-groszek\/#primaryimage\",\"url\":\"https:\/\/grapil.pl\/wp-content\/uploads\/2025\/04\/buty-2-gotowe.jpg\",\"contentUrl\":\"https:\/\/grapil.pl\/wp-content\/uploads\/2025\/04\/buty-2-gotowe.jpg\",\"width\":600,\"height\":800},{\"@type\":\"BreadcrumbList\",\"@id\":\"https:\/\/grapil.pl\/produkt\/buty-profilaktyczne-wzor-05b-granatowy-groszek\/#breadcrumb\",\"itemListElement\":[{\"@type\":\"ListItem\",\"position\":1,\"name\":\"Strona g\u0142\u00f3wna\",\"item\":\"https:\/\/grapil.pl\/\"},{\"@type\":\"ListItem\",\"position\":2,\"name\":\"sklep\",\"item\":\"https:\/\/grapil.pl\/sklep\/\"},{\"@type\":\"ListItem\",\"position\":3,\"name\":\"Buty profilaktyczne wz\u00f3r 05B granatowy groszek\"}]},{\"@type\":\"WebSite\",\"@id\":\"https:\/\/grapil.pl\/#website\",\"url\":\"https:\/\/grapil.pl\/\",\"name\":\"Grapil.pl \u2013 Profesjonalna Odzie\u017c S\u0142u\u017cbowa dla Bran\u017cy Kelnerskiej, HoReCa i Medycyny\",\"description\":\"\",\"potentialAction\":[{\"@type\":\"SearchAction\",\"target\":{\"@type\":\"EntryPoint\",\"urlTemplate\":\"https:\/\/grapil.pl\/?s={search_term_string}\"},\"query-input\":{\"@type\":\"PropertyValueSpecification\",\"valueRequired\":true,\"valueName\":\"search_term_string\"}}],\"inLanguage\":\"de\"}]}<\/script>\n<!-- \/ Yoast SEO plugin. -->","yoast_head_json":{"title":"Buty profilaktyczne wz\u00f3r 05B granatowy groszek - Grapil.pl \u2013 Profesjonalna Odzie\u017c S\u0142u\u017cbowa dla Bran\u017cy Kelnerskiej, HoReCa i Medycyny","robots":{"index":"index","follow":"follow","max-snippet":"max-snippet:-1","max-image-preview":"max-image-preview:large","max-video-preview":"max-video-preview:-1"},"canonical":"https:\/\/grapil.pl\/de\/produkt\/prophylaxeschuhe-muster-05b-marineblau-erbsen\/","og_locale":"de_DE","og_type":"article","og_title":"Buty profilaktyczne wz\u00f3r 05B granatowy groszek - Grapil.pl \u2013 Profesjonalna Odzie\u017c S\u0142u\u017cbowa dla Bran\u017cy Kelnerskiej, HoReCa i Medycyny","og_description":"Obuwie damskie wykonane z najwy\u017cszej jako\u015bci materia\u0142\u00f3w Cholewka sk\u00f3rzana zabezpieczona pow\u0142ok\u0105 PU, kt\u00f3ra umo\u017cliwia czyszczenie i dezynfekcje. Wy\u015bci\u00f3\u0142ka sk\u00f3rzana ze","og_url":"https:\/\/grapil.pl\/de\/produkt\/prophylaxeschuhe-muster-05b-marineblau-erbsen\/","og_site_name":"Grapil.pl \u2013 Profesjonalna Odzie\u017c S\u0142u\u017cbowa dla Bran\u017cy Kelnerskiej, HoReCa i Medycyny","article_modified_time":"2026-01-13T12:30:45+00:00","og_image":[{"width":600,"height":800,"url":"https:\/\/grapil.pl\/wp-content\/uploads\/2025\/04\/buty-2-gotowe.jpg","type":"image\/jpeg"}],"twitter_card":"summary_large_image","twitter_misc":{"Gesch\u00e4tzte Lesezeit":"1\u00a0Minute"},"schema":{"@context":"https:\/\/schema.org","@graph":[{"@type":"WebPage","@id":"https:\/\/grapil.pl\/produkt\/buty-profilaktyczne-wzor-05b-granatowy-groszek\/","url":"https:\/\/grapil.pl\/produkt\/buty-profilaktyczne-wzor-05b-granatowy-groszek\/","name":"Buty profilaktyczne wz\u00f3r 05B granatowy groszek - Grapil.pl \u2013 Profesjonalna Odzie\u017c S\u0142u\u017cbowa dla Bran\u017cy Kelnerskiej, HoReCa i Medycyny","isPartOf":{"@id":"https:\/\/grapil.pl\/#website"},"primaryImageOfPage":{"@id":"https:\/\/grapil.pl\/produkt\/buty-profilaktyczne-wzor-05b-granatowy-groszek\/#primaryimage"},"image":{"@id":"https:\/\/grapil.pl\/produkt\/buty-profilaktyczne-wzor-05b-granatowy-groszek\/#primaryimage"},"thumbnailUrl":"https:\/\/grapil.pl\/wp-content\/uploads\/2025\/04\/buty-2-gotowe.jpg","datePublished":"2025-04-09T15:42:14+00:00","dateModified":"2026-01-13T12:30:45+00:00","breadcrumb":{"@id":"https:\/\/grapil.pl\/produkt\/buty-profilaktyczne-wzor-05b-granatowy-groszek\/#breadcrumb"},"inLanguage":"de","potentialAction":[{"@type":"ReadAction","target":["https:\/\/grapil.pl\/produkt\/buty-profilaktyczne-wzor-05b-granatowy-groszek\/"]}]},{"@type":"ImageObject","inLanguage":"de","@id":"https:\/\/grapil.pl\/produkt\/buty-profilaktyczne-wzor-05b-granatowy-groszek\/#primaryimage","url":"https:\/\/grapil.pl\/wp-content\/uploads\/2025\/04\/buty-2-gotowe.jpg","contentUrl":"https:\/\/grapil.pl\/wp-content\/uploads\/2025\/04\/buty-2-gotowe.jpg","width":600,"height":800},{"@type":"BreadcrumbList","@id":"https:\/\/grapil.pl\/produkt\/buty-profilaktyczne-wzor-05b-granatowy-groszek\/#breadcrumb","itemListElement":[{"@type":"ListItem","position":1,"name":"Strona g\u0142\u00f3wna","item":"https:\/\/grapil.pl\/"},{"@type":"ListItem","position":2,"name":"sklep","item":"https:\/\/grapil.pl\/sklep\/"},{"@type":"ListItem","position":3,"name":"Buty profilaktyczne wz\u00f3r 05B granatowy groszek"}]},{"@type":"WebSite","@id":"https:\/\/grapil.pl\/#website","url":"https:\/\/grapil.pl\/","name":"Grapil.pl \u2013 Profesjonalna Odzie\u017c S\u0142u\u017cbowa dla Bran\u017cy Kelnerskiej, HoReCa i Medycyny","description":"","potentialAction":[{"@type":"SearchAction","target":{"@type":"EntryPoint","urlTemplate":"https:\/\/grapil.pl\/?s={search_term_string}"},"query-input":{"@type":"PropertyValueSpecification","valueRequired":true,"valueName":"search_term_string"}}],"inLanguage":"de"}]}},"_links":{"self":[{"href":"https:\/\/grapil.pl\/de\/wp-json\/wp\/v2\/product\/19533","targetHints":{"allow":["GET"]}}],"collection":[{"href":"https:\/\/grapil.pl\/de\/wp-json\/wp\/v2\/product"}],"about":[{"href":"https:\/\/grapil.pl\/de\/wp-json\/wp\/v2\/types\/product"}],"version-history":[{"count":2,"href":"https:\/\/grapil.pl\/de\/wp-json\/wp\/v2\/product\/19533\/revisions"}],"predecessor-version":[{"id":20259,"href":"https:\/\/grapil.pl\/de\/wp-json\/wp\/v2\/product\/19533\/revisions\/20259"}],"wp:featuredmedia":[{"embeddable":true,"href":"https:\/\/grapil.pl\/de\/wp-json\/wp\/v2\/media\/25943"}],"wp:attachment":[{"href":"https:\/\/grapil.pl\/de\/wp-json\/wp\/v2\/media?parent=19533"}],"wp:term":[{"taxonomy":"product_brand","embeddable":true,"href":"https:\/\/grapil.pl\/de\/wp-json\/wp\/v2\/product_brand?post=19533"},{"taxonomy":"product_cat","embeddable":true,"href":"https:\/\/grapil.pl\/de\/wp-json\/wp\/v2\/product_cat?post=19533"},{"taxonomy":"product_tag","embeddable":true,"href":"https:\/\/grapil.pl\/de\/wp-json\/wp\/v2\/product_tag?post=19533"}],"curies":[{"name":"wp","href":"https:\/\/api.w.org\/{rel}","templated":true}]}}