{"id":19543,"date":"2025-04-09T17:42:14","date_gmt":"2025-04-09T15:42:14","guid":{"rendered":"https:\/\/grapil.pl\/produkt\/krotkie-spodnie-robocze-bezowe-urg-cwariant1\/"},"modified":"2025-11-25T12:56:50","modified_gmt":"2025-11-25T11:56:50","slug":"kurze-beige-arbeitshose-urg-cvariant1","status":"publish","type":"product","link":"https:\/\/grapil.pl\/de\/produkt\/kurze-beige-arbeitshose-urg-cvariant1\/","title":{"rendered":"Beige URG C Arbeitsshorts"},"content":{"rendered":"<div class=\"mpof_ki myre_zn myre_8v_l _0d3bd_YrWCD\">\n<div class=\"mp4t_16_s mryx_16_s mr3m_1 mli2_1 mh85_56 mh85_0_l\">\n<div class=\"mgn2_16 _0d3bd_5pK0q\">\n<h1>URG C Shorts<\/h1>\n<p>\u2013 attraktives, elegantes Design und hervorragende Funktionalit\u00e4t und Bedienkomfort.<\/p>\n<p>Aus strapazierf\u00e4higem Stoff (<strong>65% Polyester und 35% Baumwolle<\/strong>) mit einem Gewicht von 240<strong>+\/-10 Gramm\/m2<\/strong>\u00a0und ein starkes, dichtes Gewebe.<\/p>\n<p><strong>Merkmal:<\/strong><\/p>\n<\/div>\n<\/div>\n<\/div>\n<div class=\"mpof_ki myre_zn myre_8v_l _0d3bd_YrWCD\">\n<div class=\"mp4t_16_s mryx_16_s mr3m_1 mli2_1 mh85_56 mh85_0_l\">\n<div class=\"mgn2_16 _0d3bd_5pK0q\">\n<ul>\n<li>professionelle N\u00e4harbeit und \u00e4sthetische Verarbeitung<\/li>\n<li><strong>9 praktische Taschen<\/strong><\/li>\n<li>sehr geringes Einlaufen, auch nach mehrmaligem Waschen,<\/li>\n<li>Farbstabilit\u00e4t.<\/li>\n<li>aus leichten Materialien<\/li>\n<li><strong>verst\u00e4rkte Oxford- und PU-Taschen<\/strong><\/li>\n<\/ul>\n<\/div>\n<\/div>\n<\/div>","protected":false},"excerpt":{"rendered":"<h1>URG C Shorts<\/h1>\n<p>\u2013 attraktives, elegantes Design und hervorragende Funktionalit\u00e4t und Bedienkomfort.<\/p>\n<p>Aus strapazierf\u00e4higem Stoff (<strong>65% Polyester und 35% Baumwolle<\/strong>) mit einem Gewicht von 240<strong>+\/-10 Gramm\/m2<\/strong>\u00a0und ein starkes, dichtes Gewebe.<\/p>","protected":false},"featured_media":19545,"template":"","meta":[],"product_brand":[88],"product_cat":[86,92,93],"product_tag":[],"class_list":{"0":"post-19543","1":"product","2":"type-product","3":"status-publish","4":"has-post-thumbnail","6":"product_brand-urgent","7":"product_cat-sklepbhp","8":"product_cat-odziez-robocza","9":"product_cat-spodnie-robocze","11":"first","12":"instock","13":"product-type-variable","14":"wvs-archive-product-wrapper"},"yoast_head":"<!-- This site is optimized with the Yoast SEO plugin v25.3 - https:\/\/yoast.com\/wordpress\/plugins\/seo\/ -->\n<title>Kr\u00f3tkie spodnie robocze be\u017cowe URG C - Grapil.pl \u2013 Profesjonalna Odzie\u017c S\u0142u\u017cbowa dla Bran\u017cy Kelnerskiej, HoReCa i Medycyny<\/title>\n<meta name=\"robots\" content=\"index, follow, max-snippet:-1, max-image-preview:large, max-video-preview:-1\" \/>\n<link rel=\"canonical\" href=\"https:\/\/grapil.pl\/de\/produkt\/kurze-beige-arbeitshose-urg-cvariant1\/\" \/>\n<meta property=\"og:locale\" content=\"de_DE\" \/>\n<meta property=\"og:type\" content=\"article\" \/>\n<meta property=\"og:title\" content=\"Kr\u00f3tkie spodnie robocze be\u017cowe URG C - Grapil.pl \u2013 Profesjonalna Odzie\u017c S\u0142u\u017cbowa dla Bran\u017cy Kelnerskiej, HoReCa i Medycyny\" \/>\n<meta property=\"og:description\" content=\"Spodenki kr\u00f3tkie URG C \u2013 atrakcyjne, eleganckie wzornictwo i doskona\u0142a funkcjonalno\u015b\u0107 i wygoda u\u017cytkowania.  Wykonane z wytrzyma\u0142ej tkaniny (65% poliestru i 35% bawe\u0142ny) o gramaturze 240+\/-10 gram\/m2\u00a0oraz mocnym zwartym splocie.\" \/>\n<meta property=\"og:url\" content=\"https:\/\/grapil.pl\/de\/produkt\/kurze-beige-arbeitshose-urg-cvariant1\/\" \/>\n<meta property=\"og:site_name\" content=\"Grapil.pl \u2013 Profesjonalna Odzie\u017c S\u0142u\u017cbowa dla Bran\u017cy Kelnerskiej, HoReCa i Medycyny\" \/>\n<meta property=\"article:modified_time\" content=\"2025-11-25T11:56:50+00:00\" \/>\n<meta property=\"og:image\" content=\"https:\/\/grapil.pl\/wp-content\/uploads\/2025\/04\/20809.jpg\" \/>\n\t<meta property=\"og:image:width\" content=\"1200\" \/>\n\t<meta property=\"og:image:height\" content=\"1200\" \/>\n\t<meta property=\"og:image:type\" content=\"image\/jpeg\" \/>\n<meta name=\"twitter:card\" content=\"summary_large_image\" \/>\n<meta name=\"twitter:label1\" content=\"Gesch\u00e4tzte Lesezeit\" \/>\n\t<meta name=\"twitter:data1\" content=\"1\u00a0Minute\" \/>\n<script type=\"application\/ld+json\" class=\"yoast-schema-graph\">{\"@context\":\"https:\/\/schema.org\",\"@graph\":[{\"@type\":\"WebPage\",\"@id\":\"https:\/\/grapil.pl\/produkt\/krotkie-spodnie-robocze-bezowe-urg-cwariant1\/\",\"url\":\"https:\/\/grapil.pl\/produkt\/krotkie-spodnie-robocze-bezowe-urg-cwariant1\/\",\"name\":\"Kr\u00f3tkie spodnie robocze be\u017cowe URG C - Grapil.pl \u2013 Profesjonalna Odzie\u017c S\u0142u\u017cbowa dla Bran\u017cy Kelnerskiej, HoReCa i Medycyny\",\"isPartOf\":{\"@id\":\"https:\/\/grapil.pl\/#website\"},\"primaryImageOfPage\":{\"@id\":\"https:\/\/grapil.pl\/produkt\/krotkie-spodnie-robocze-bezowe-urg-cwariant1\/#primaryimage\"},\"image\":{\"@id\":\"https:\/\/grapil.pl\/produkt\/krotkie-spodnie-robocze-bezowe-urg-cwariant1\/#primaryimage\"},\"thumbnailUrl\":\"https:\/\/grapil.pl\/wp-content\/uploads\/2025\/04\/20809.jpg\",\"datePublished\":\"2025-04-09T15:42:14+00:00\",\"dateModified\":\"2025-11-25T11:56:50+00:00\",\"breadcrumb\":{\"@id\":\"https:\/\/grapil.pl\/produkt\/krotkie-spodnie-robocze-bezowe-urg-cwariant1\/#breadcrumb\"},\"inLanguage\":\"de\",\"potentialAction\":[{\"@type\":\"ReadAction\",\"target\":[\"https:\/\/grapil.pl\/produkt\/krotkie-spodnie-robocze-bezowe-urg-cwariant1\/\"]}]},{\"@type\":\"ImageObject\",\"inLanguage\":\"de\",\"@id\":\"https:\/\/grapil.pl\/produkt\/krotkie-spodnie-robocze-bezowe-urg-cwariant1\/#primaryimage\",\"url\":\"https:\/\/grapil.pl\/wp-content\/uploads\/2025\/04\/20809.jpg\",\"contentUrl\":\"https:\/\/grapil.pl\/wp-content\/uploads\/2025\/04\/20809.jpg\",\"width\":1200,\"height\":1200},{\"@type\":\"BreadcrumbList\",\"@id\":\"https:\/\/grapil.pl\/produkt\/krotkie-spodnie-robocze-bezowe-urg-cwariant1\/#breadcrumb\",\"itemListElement\":[{\"@type\":\"ListItem\",\"position\":1,\"name\":\"Strona g\u0142\u00f3wna\",\"item\":\"https:\/\/grapil.pl\/\"},{\"@type\":\"ListItem\",\"position\":2,\"name\":\"sklep\",\"item\":\"https:\/\/grapil.pl\/sklep\/\"},{\"@type\":\"ListItem\",\"position\":3,\"name\":\"Kr\u00f3tkie spodnie robocze be\u017cowe URG C\"}]},{\"@type\":\"WebSite\",\"@id\":\"https:\/\/grapil.pl\/#website\",\"url\":\"https:\/\/grapil.pl\/\",\"name\":\"Grapil.pl \u2013 Profesjonalna Odzie\u017c S\u0142u\u017cbowa dla Bran\u017cy Kelnerskiej, HoReCa i Medycyny\",\"description\":\"\",\"potentialAction\":[{\"@type\":\"SearchAction\",\"target\":{\"@type\":\"EntryPoint\",\"urlTemplate\":\"https:\/\/grapil.pl\/?s={search_term_string}\"},\"query-input\":{\"@type\":\"PropertyValueSpecification\",\"valueRequired\":true,\"valueName\":\"search_term_string\"}}],\"inLanguage\":\"de\"}]}<\/script>\n<!-- \/ Yoast SEO plugin. -->","yoast_head_json":{"title":"Kr\u00f3tkie spodnie robocze be\u017cowe URG C - Grapil.pl \u2013 Profesjonalna Odzie\u017c S\u0142u\u017cbowa dla Bran\u017cy Kelnerskiej, HoReCa i Medycyny","robots":{"index":"index","follow":"follow","max-snippet":"max-snippet:-1","max-image-preview":"max-image-preview:large","max-video-preview":"max-video-preview:-1"},"canonical":"https:\/\/grapil.pl\/de\/produkt\/kurze-beige-arbeitshose-urg-cvariant1\/","og_locale":"de_DE","og_type":"article","og_title":"Kr\u00f3tkie spodnie robocze be\u017cowe URG C - Grapil.pl \u2013 Profesjonalna Odzie\u017c S\u0142u\u017cbowa dla Bran\u017cy Kelnerskiej, HoReCa i Medycyny","og_description":"Spodenki kr\u00f3tkie URG C \u2013 atrakcyjne, eleganckie wzornictwo i doskona\u0142a funkcjonalno\u015b\u0107 i wygoda u\u017cytkowania.  Wykonane z wytrzyma\u0142ej tkaniny (65% poliestru i 35% bawe\u0142ny) o gramaturze 240+\/-10 gram\/m2\u00a0oraz mocnym zwartym splocie.","og_url":"https:\/\/grapil.pl\/de\/produkt\/kurze-beige-arbeitshose-urg-cvariant1\/","og_site_name":"Grapil.pl \u2013 Profesjonalna Odzie\u017c S\u0142u\u017cbowa dla Bran\u017cy Kelnerskiej, HoReCa i Medycyny","article_modified_time":"2025-11-25T11:56:50+00:00","og_image":[{"width":1200,"height":1200,"url":"https:\/\/grapil.pl\/wp-content\/uploads\/2025\/04\/20809.jpg","type":"image\/jpeg"}],"twitter_card":"summary_large_image","twitter_misc":{"Gesch\u00e4tzte Lesezeit":"1\u00a0Minute"},"schema":{"@context":"https:\/\/schema.org","@graph":[{"@type":"WebPage","@id":"https:\/\/grapil.pl\/produkt\/krotkie-spodnie-robocze-bezowe-urg-cwariant1\/","url":"https:\/\/grapil.pl\/produkt\/krotkie-spodnie-robocze-bezowe-urg-cwariant1\/","name":"Kr\u00f3tkie spodnie robocze be\u017cowe URG C - Grapil.pl \u2013 Profesjonalna Odzie\u017c S\u0142u\u017cbowa dla Bran\u017cy Kelnerskiej, HoReCa i Medycyny","isPartOf":{"@id":"https:\/\/grapil.pl\/#website"},"primaryImageOfPage":{"@id":"https:\/\/grapil.pl\/produkt\/krotkie-spodnie-robocze-bezowe-urg-cwariant1\/#primaryimage"},"image":{"@id":"https:\/\/grapil.pl\/produkt\/krotkie-spodnie-robocze-bezowe-urg-cwariant1\/#primaryimage"},"thumbnailUrl":"https:\/\/grapil.pl\/wp-content\/uploads\/2025\/04\/20809.jpg","datePublished":"2025-04-09T15:42:14+00:00","dateModified":"2025-11-25T11:56:50+00:00","breadcrumb":{"@id":"https:\/\/grapil.pl\/produkt\/krotkie-spodnie-robocze-bezowe-urg-cwariant1\/#breadcrumb"},"inLanguage":"de","potentialAction":[{"@type":"ReadAction","target":["https:\/\/grapil.pl\/produkt\/krotkie-spodnie-robocze-bezowe-urg-cwariant1\/"]}]},{"@type":"ImageObject","inLanguage":"de","@id":"https:\/\/grapil.pl\/produkt\/krotkie-spodnie-robocze-bezowe-urg-cwariant1\/#primaryimage","url":"https:\/\/grapil.pl\/wp-content\/uploads\/2025\/04\/20809.jpg","contentUrl":"https:\/\/grapil.pl\/wp-content\/uploads\/2025\/04\/20809.jpg","width":1200,"height":1200},{"@type":"BreadcrumbList","@id":"https:\/\/grapil.pl\/produkt\/krotkie-spodnie-robocze-bezowe-urg-cwariant1\/#breadcrumb","itemListElement":[{"@type":"ListItem","position":1,"name":"Strona g\u0142\u00f3wna","item":"https:\/\/grapil.pl\/"},{"@type":"ListItem","position":2,"name":"sklep","item":"https:\/\/grapil.pl\/sklep\/"},{"@type":"ListItem","position":3,"name":"Kr\u00f3tkie spodnie robocze be\u017cowe URG C"}]},{"@type":"WebSite","@id":"https:\/\/grapil.pl\/#website","url":"https:\/\/grapil.pl\/","name":"Grapil.pl \u2013 Profesjonalna Odzie\u017c S\u0142u\u017cbowa dla Bran\u017cy Kelnerskiej, HoReCa i Medycyny","description":"","potentialAction":[{"@type":"SearchAction","target":{"@type":"EntryPoint","urlTemplate":"https:\/\/grapil.pl\/?s={search_term_string}"},"query-input":{"@type":"PropertyValueSpecification","valueRequired":true,"valueName":"search_term_string"}}],"inLanguage":"de"}]}},"_links":{"self":[{"href":"https:\/\/grapil.pl\/de\/wp-json\/wp\/v2\/product\/19543","targetHints":{"allow":["GET"]}}],"collection":[{"href":"https:\/\/grapil.pl\/de\/wp-json\/wp\/v2\/product"}],"about":[{"href":"https:\/\/grapil.pl\/de\/wp-json\/wp\/v2\/types\/product"}],"version-history":[{"count":3,"href":"https:\/\/grapil.pl\/de\/wp-json\/wp\/v2\/product\/19543\/revisions"}],"predecessor-version":[{"id":20399,"href":"https:\/\/grapil.pl\/de\/wp-json\/wp\/v2\/product\/19543\/revisions\/20399"}],"wp:featuredmedia":[{"embeddable":true,"href":"https:\/\/grapil.pl\/de\/wp-json\/wp\/v2\/media\/19545"}],"wp:attachment":[{"href":"https:\/\/grapil.pl\/de\/wp-json\/wp\/v2\/media?parent=19543"}],"wp:term":[{"taxonomy":"product_brand","embeddable":true,"href":"https:\/\/grapil.pl\/de\/wp-json\/wp\/v2\/product_brand?post=19543"},{"taxonomy":"product_cat","embeddable":true,"href":"https:\/\/grapil.pl\/de\/wp-json\/wp\/v2\/product_cat?post=19543"},{"taxonomy":"product_tag","embeddable":true,"href":"https:\/\/grapil.pl\/de\/wp-json\/wp\/v2\/product_tag?post=19543"}],"curies":[{"name":"wp","href":"https:\/\/api.w.org\/{rel}","templated":true}]}}