{"id":19555,"date":"2025-04-09T17:42:14","date_gmt":"2025-04-09T15:42:14","guid":{"rendered":"https:\/\/grapil.pl\/produkt\/buty-robocze-sportowe-x250-fluowariant1\/"},"modified":"2025-04-14T12:42:20","modified_gmt":"2025-04-14T10:42:20","slug":"sport-arbeitsschuhe-x250-fluovariant1","status":"publish","type":"product","link":"https:\/\/grapil.pl\/de\/produkt\/sport-arbeitsschuhe-x250-fluovariant1\/","title":{"rendered":"Arbeitsschuhe Sport x250 Fluo"},"content":{"rendered":"<h1>Sportlicher, urbaner Schuh aus textilen Materialien.<\/h1>\n<p><strong>D<\/strong><strong>Das genarbte Obermaterial (durchgehend mit zus\u00e4tzlichem Futter) reduziert das Gewicht des Schuhs und sorgt f\u00fcr hervorragende Bel\u00fcftung.<\/strong>\u00a0<strong>Weiche Sohle - EVA-Schaum -<\/strong>\u00a0<strong>erh\u00f6ht die D\u00e4mpfung und Bodenhaftung.<\/strong><\/p>\n<p>Merkmal:<\/p>\n<ul>\n<li>Schuh ohne Zehenkappe,<\/li>\n<li>weiche Zunge und Kragen f\u00fcr mehr Komfort,<\/li>\n<li>Schn\u00fcrschuhe,<\/li>\n<li>geklebte Sohle,<\/li>\n<li>auswechselbarer Einsatz.<\/li>\n<\/ul>\n<p>&nbsp;<\/p>\n<p><strong>X250 FLUO ist ein Sport-Arbeitsschuh<\/strong>, die dem Benutzer maximalen Komfort bei der Arbeit bieten. Sie bestehen aus textilen Materialien, wodurch die F\u00fc\u00dfe optimal luftdurchl\u00e4ssig sind. Diese Eigenschaft ist besonders im Sommer an hei\u00dfen Tagen wichtig.<\/p>\n<p>Das geringe Gewicht, das die vorgestellten Sportarbeitsschuhe auszeichnet, garantiert dem Tr\u00e4ger Komfort. Dies ist ein Vorteil, den insbesondere Arbeitnehmer sch\u00e4tzen werden, die eine Schicht von mehreren Dutzend Stunden arbeiten.<\/p>\n<p>Ein gro\u00dfes Plus des Modells X250 FLUO sind zudem die fluoreszierenden Elemente, die auch im Halbdunkel gut sichtbar sind. Der Tr\u00e4ger ist so aus gr\u00f6\u00dferer Entfernung sichtbar, was das Risiko eines m\u00f6glichen Arbeitsunfalls eliminiert.<\/p>\n<p>Die geklebte Sohle tr\u00e4gt zur Haltbarkeit der Schuhe und ihrer langen Tragedauer bei. Die austauschbare Innensohle wiederum sorgt f\u00fcr Komfort f\u00fcr die F\u00fc\u00dfe und verhindert das Risiko von Erkrankungen.<\/p>\n<p>Die Schuhe sind in verschiedenen Gr\u00f6\u00dfen erh\u00e4ltlich und somit sowohl f\u00fcr Damen als auch f\u00fcr Herren geeignet. Um das richtige Modell zu finden, messen Sie einfach Ihren Fu\u00df und w\u00e4hlen Sie das Produkt anhand der Angaben in der Tabelle aus.<\/p>","protected":false},"excerpt":{"rendered":"<p>Sportlicher Stadtschuh aus Textilmaterialien. Gestricktes Obermaterial (mit zus\u00e4tzlichem Futter) reduziert das Gewicht der Schuhe und bietet<\/p>","protected":false},"featured_media":19557,"template":"","meta":[],"product_brand":[91],"product_cat":[86,87,89],"product_tag":[],"class_list":{"0":"post-19555","1":"product","2":"type-product","3":"status-publish","4":"has-post-thumbnail","6":"product_brand-artmas","7":"product_cat-sklepbhp","8":"product_cat-obuwie-robocze","9":"product_cat-polbuty","11":"first","12":"instock","13":"product-type-variable","14":"wvs-archive-product-wrapper"},"yoast_head":"<!-- This site is optimized with the Yoast SEO plugin v25.3 - https:\/\/yoast.com\/wordpress\/plugins\/seo\/ -->\n<title>Buty robocze sportowe x250 Fluo - Grapil.pl \u2013 Profesjonalna Odzie\u017c S\u0142u\u017cbowa dla Bran\u017cy Kelnerskiej, HoReCa i Medycyny<\/title>\n<meta name=\"robots\" content=\"index, follow, max-snippet:-1, max-image-preview:large, max-video-preview:-1\" \/>\n<link rel=\"canonical\" href=\"https:\/\/grapil.pl\/de\/produkt\/sport-arbeitsschuhe-x250-fluovariant1\/\" \/>\n<meta property=\"og:locale\" content=\"de_DE\" \/>\n<meta property=\"og:type\" content=\"article\" \/>\n<meta property=\"og:title\" content=\"Buty robocze sportowe x250 Fluo - Grapil.pl \u2013 Profesjonalna Odzie\u017c S\u0142u\u017cbowa dla Bran\u017cy Kelnerskiej, HoReCa i Medycyny\" \/>\n<meta property=\"og:description\" content=\"P\u00f3\u0142but sportowy, miejski, wykonany z materia\u0142\u00f3w tekstylnych. Dzianinowa cholewka (z dodatkow\u0105 podszewk\u0105 na ca\u0142ym obszarze) obni\u017ca wag\u0119 but\u00f3w i zapewnia\" \/>\n<meta property=\"og:url\" content=\"https:\/\/grapil.pl\/de\/produkt\/sport-arbeitsschuhe-x250-fluovariant1\/\" \/>\n<meta property=\"og:site_name\" content=\"Grapil.pl \u2013 Profesjonalna Odzie\u017c S\u0142u\u017cbowa dla Bran\u017cy Kelnerskiej, HoReCa i Medycyny\" \/>\n<meta property=\"article:modified_time\" content=\"2025-04-14T10:42:20+00:00\" \/>\n<meta property=\"og:image\" content=\"https:\/\/grapil.pl\/wp-content\/uploads\/2025\/04\/20830.jpg\" \/>\n\t<meta property=\"og:image:width\" content=\"700\" \/>\n\t<meta property=\"og:image:height\" content=\"700\" \/>\n\t<meta property=\"og:image:type\" content=\"image\/jpeg\" \/>\n<meta name=\"twitter:card\" content=\"summary_large_image\" \/>\n<meta name=\"twitter:label1\" content=\"Gesch\u00e4tzte Lesezeit\" \/>\n\t<meta name=\"twitter:data1\" content=\"2\u00a0Minuten\" \/>\n<script type=\"application\/ld+json\" class=\"yoast-schema-graph\">{\"@context\":\"https:\/\/schema.org\",\"@graph\":[{\"@type\":\"WebPage\",\"@id\":\"https:\/\/grapil.pl\/produkt\/buty-robocze-sportowe-x250-fluowariant1\/\",\"url\":\"https:\/\/grapil.pl\/produkt\/buty-robocze-sportowe-x250-fluowariant1\/\",\"name\":\"Buty robocze sportowe x250 Fluo - Grapil.pl \u2013 Profesjonalna Odzie\u017c S\u0142u\u017cbowa dla Bran\u017cy Kelnerskiej, HoReCa i Medycyny\",\"isPartOf\":{\"@id\":\"https:\/\/grapil.pl\/#website\"},\"primaryImageOfPage\":{\"@id\":\"https:\/\/grapil.pl\/produkt\/buty-robocze-sportowe-x250-fluowariant1\/#primaryimage\"},\"image\":{\"@id\":\"https:\/\/grapil.pl\/produkt\/buty-robocze-sportowe-x250-fluowariant1\/#primaryimage\"},\"thumbnailUrl\":\"https:\/\/grapil.pl\/wp-content\/uploads\/2025\/04\/20830.jpg\",\"datePublished\":\"2025-04-09T15:42:14+00:00\",\"dateModified\":\"2025-04-14T10:42:20+00:00\",\"breadcrumb\":{\"@id\":\"https:\/\/grapil.pl\/produkt\/buty-robocze-sportowe-x250-fluowariant1\/#breadcrumb\"},\"inLanguage\":\"de\",\"potentialAction\":[{\"@type\":\"ReadAction\",\"target\":[\"https:\/\/grapil.pl\/produkt\/buty-robocze-sportowe-x250-fluowariant1\/\"]}]},{\"@type\":\"ImageObject\",\"inLanguage\":\"de\",\"@id\":\"https:\/\/grapil.pl\/produkt\/buty-robocze-sportowe-x250-fluowariant1\/#primaryimage\",\"url\":\"https:\/\/grapil.pl\/wp-content\/uploads\/2025\/04\/20830.jpg\",\"contentUrl\":\"https:\/\/grapil.pl\/wp-content\/uploads\/2025\/04\/20830.jpg\",\"width\":700,\"height\":700},{\"@type\":\"BreadcrumbList\",\"@id\":\"https:\/\/grapil.pl\/produkt\/buty-robocze-sportowe-x250-fluowariant1\/#breadcrumb\",\"itemListElement\":[{\"@type\":\"ListItem\",\"position\":1,\"name\":\"Strona g\u0142\u00f3wna\",\"item\":\"https:\/\/grapil.pl\/\"},{\"@type\":\"ListItem\",\"position\":2,\"name\":\"sklep\",\"item\":\"https:\/\/grapil.pl\/sklep\/\"},{\"@type\":\"ListItem\",\"position\":3,\"name\":\"Buty robocze sportowe x250 Fluo\"}]},{\"@type\":\"WebSite\",\"@id\":\"https:\/\/grapil.pl\/#website\",\"url\":\"https:\/\/grapil.pl\/\",\"name\":\"Grapil.pl \u2013 Profesjonalna Odzie\u017c S\u0142u\u017cbowa dla Bran\u017cy Kelnerskiej, HoReCa i Medycyny\",\"description\":\"\",\"potentialAction\":[{\"@type\":\"SearchAction\",\"target\":{\"@type\":\"EntryPoint\",\"urlTemplate\":\"https:\/\/grapil.pl\/?s={search_term_string}\"},\"query-input\":{\"@type\":\"PropertyValueSpecification\",\"valueRequired\":true,\"valueName\":\"search_term_string\"}}],\"inLanguage\":\"de\"}]}<\/script>\n<!-- \/ Yoast SEO plugin. -->","yoast_head_json":{"title":"Buty robocze sportowe x250 Fluo - Grapil.pl \u2013 Profesjonalna Odzie\u017c S\u0142u\u017cbowa dla Bran\u017cy Kelnerskiej, HoReCa i Medycyny","robots":{"index":"index","follow":"follow","max-snippet":"max-snippet:-1","max-image-preview":"max-image-preview:large","max-video-preview":"max-video-preview:-1"},"canonical":"https:\/\/grapil.pl\/de\/produkt\/sport-arbeitsschuhe-x250-fluovariant1\/","og_locale":"de_DE","og_type":"article","og_title":"Buty robocze sportowe x250 Fluo - Grapil.pl \u2013 Profesjonalna Odzie\u017c S\u0142u\u017cbowa dla Bran\u017cy Kelnerskiej, HoReCa i Medycyny","og_description":"P\u00f3\u0142but sportowy, miejski, wykonany z materia\u0142\u00f3w tekstylnych. Dzianinowa cholewka (z dodatkow\u0105 podszewk\u0105 na ca\u0142ym obszarze) obni\u017ca wag\u0119 but\u00f3w i zapewnia","og_url":"https:\/\/grapil.pl\/de\/produkt\/sport-arbeitsschuhe-x250-fluovariant1\/","og_site_name":"Grapil.pl \u2013 Profesjonalna Odzie\u017c S\u0142u\u017cbowa dla Bran\u017cy Kelnerskiej, HoReCa i Medycyny","article_modified_time":"2025-04-14T10:42:20+00:00","og_image":[{"width":700,"height":700,"url":"https:\/\/grapil.pl\/wp-content\/uploads\/2025\/04\/20830.jpg","type":"image\/jpeg"}],"twitter_card":"summary_large_image","twitter_misc":{"Gesch\u00e4tzte Lesezeit":"2\u00a0Minuten"},"schema":{"@context":"https:\/\/schema.org","@graph":[{"@type":"WebPage","@id":"https:\/\/grapil.pl\/produkt\/buty-robocze-sportowe-x250-fluowariant1\/","url":"https:\/\/grapil.pl\/produkt\/buty-robocze-sportowe-x250-fluowariant1\/","name":"Buty robocze sportowe x250 Fluo - Grapil.pl \u2013 Profesjonalna Odzie\u017c S\u0142u\u017cbowa dla Bran\u017cy Kelnerskiej, HoReCa i Medycyny","isPartOf":{"@id":"https:\/\/grapil.pl\/#website"},"primaryImageOfPage":{"@id":"https:\/\/grapil.pl\/produkt\/buty-robocze-sportowe-x250-fluowariant1\/#primaryimage"},"image":{"@id":"https:\/\/grapil.pl\/produkt\/buty-robocze-sportowe-x250-fluowariant1\/#primaryimage"},"thumbnailUrl":"https:\/\/grapil.pl\/wp-content\/uploads\/2025\/04\/20830.jpg","datePublished":"2025-04-09T15:42:14+00:00","dateModified":"2025-04-14T10:42:20+00:00","breadcrumb":{"@id":"https:\/\/grapil.pl\/produkt\/buty-robocze-sportowe-x250-fluowariant1\/#breadcrumb"},"inLanguage":"de","potentialAction":[{"@type":"ReadAction","target":["https:\/\/grapil.pl\/produkt\/buty-robocze-sportowe-x250-fluowariant1\/"]}]},{"@type":"ImageObject","inLanguage":"de","@id":"https:\/\/grapil.pl\/produkt\/buty-robocze-sportowe-x250-fluowariant1\/#primaryimage","url":"https:\/\/grapil.pl\/wp-content\/uploads\/2025\/04\/20830.jpg","contentUrl":"https:\/\/grapil.pl\/wp-content\/uploads\/2025\/04\/20830.jpg","width":700,"height":700},{"@type":"BreadcrumbList","@id":"https:\/\/grapil.pl\/produkt\/buty-robocze-sportowe-x250-fluowariant1\/#breadcrumb","itemListElement":[{"@type":"ListItem","position":1,"name":"Strona g\u0142\u00f3wna","item":"https:\/\/grapil.pl\/"},{"@type":"ListItem","position":2,"name":"sklep","item":"https:\/\/grapil.pl\/sklep\/"},{"@type":"ListItem","position":3,"name":"Buty robocze sportowe x250 Fluo"}]},{"@type":"WebSite","@id":"https:\/\/grapil.pl\/#website","url":"https:\/\/grapil.pl\/","name":"Grapil.pl \u2013 Profesjonalna Odzie\u017c S\u0142u\u017cbowa dla Bran\u017cy Kelnerskiej, HoReCa i Medycyny","description":"","potentialAction":[{"@type":"SearchAction","target":{"@type":"EntryPoint","urlTemplate":"https:\/\/grapil.pl\/?s={search_term_string}"},"query-input":{"@type":"PropertyValueSpecification","valueRequired":true,"valueName":"search_term_string"}}],"inLanguage":"de"}]}},"_links":{"self":[{"href":"https:\/\/grapil.pl\/de\/wp-json\/wp\/v2\/product\/19555","targetHints":{"allow":["GET"]}}],"collection":[{"href":"https:\/\/grapil.pl\/de\/wp-json\/wp\/v2\/product"}],"about":[{"href":"https:\/\/grapil.pl\/de\/wp-json\/wp\/v2\/types\/product"}],"version-history":[{"count":3,"href":"https:\/\/grapil.pl\/de\/wp-json\/wp\/v2\/product\/19555\/revisions"}],"predecessor-version":[{"id":20045,"href":"https:\/\/grapil.pl\/de\/wp-json\/wp\/v2\/product\/19555\/revisions\/20045"}],"wp:featuredmedia":[{"embeddable":true,"href":"https:\/\/grapil.pl\/de\/wp-json\/wp\/v2\/media\/19557"}],"wp:attachment":[{"href":"https:\/\/grapil.pl\/de\/wp-json\/wp\/v2\/media?parent=19555"}],"wp:term":[{"taxonomy":"product_brand","embeddable":true,"href":"https:\/\/grapil.pl\/de\/wp-json\/wp\/v2\/product_brand?post=19555"},{"taxonomy":"product_cat","embeddable":true,"href":"https:\/\/grapil.pl\/de\/wp-json\/wp\/v2\/product_cat?post=19555"},{"taxonomy":"product_tag","embeddable":true,"href":"https:\/\/grapil.pl\/de\/wp-json\/wp\/v2\/product_tag?post=19555"}],"curies":[{"name":"wp","href":"https:\/\/api.w.org\/{rel}","templated":true}]}}