{"id":19570,"date":"2025-04-09T17:42:37","date_gmt":"2025-04-09T15:42:37","guid":{"rendered":"https:\/\/grapil.pl\/produkt\/spodnie-robocze-do-pasa-classic-stretch-slimwariant1\/"},"modified":"2025-04-14T12:32:16","modified_gmt":"2025-04-14T10:32:16","slug":"klassische-stretch-arbeitshose-mit-schmaler-taillevariante1","status":"publish","type":"product","link":"https:\/\/grapil.pl\/de\/produkt\/klassische-stretch-arbeitshose-mit-schmaler-taillevariante1\/","title":{"rendered":"Klassische Stretch-Arbeitshose mit schmaler Taille"},"content":{"rendered":"<h1>CLASSIC STRETCH SLIM-Hose<\/h1>\n<p>Schutzhose\u00a0<strong>CLASSIC STRETCH SLIM Bund<\/strong>, mit au\u00dfergew\u00f6hnlich ansprechendem Design und hervorragender Funktionalit\u00e4t.\u00a0<strong>Bequemer und moderner Slim-Schnitt passt sich perfekt dem K\u00f6rper an<\/strong>, in keiner Weise<strong>\u00a0ohne die Bewegungsfreiheit einzuschr\u00e4nken, dank der Verwendung von Material mit Elasthan-Zusatz<\/strong>.<\/p>\n<p>Hergestellt aus sehr strapazierf\u00e4higem und flexiblem Canvas-Gewebe mit folgender Zusammensetzung:\u00a0<strong>60% Baumwolle und 38% Polyester, 2% Elasthan mit einem Gewicht von 260 +\/- 10 g\/m2 und einer starken, dichten Webart.<\/strong><\/p>\n<h2>Merkmal:<\/h2>\n<ul>\n<li><strong>professionelle N\u00e4harbeit und \u00e4sthetische Verarbeitung, schwarzer Zwickel, Dreifachn\u00e4hte und zahlreiche solide Riegeln\u00e4hte verst\u00e4rken besonders rei\u00dfgef\u00e4hrdete Stellen<\/strong><\/li>\n<li>reflektierende Elemente auf der Vorderseite der Hose \u2013 erh\u00f6hen die Sicherheit des Tr\u00e4gers<\/li>\n<li><strong>10 funktionelle Taschen verst\u00e4rkt mit Polyestergewebe<\/strong>\u00a0Oxford600D, Hammerschlaufe.<\/li>\n<li>Taschen mit Patte werden mit Klettverschluss verschlossen.<\/li>\n<li>2 Knietaschen mit Boden\u00f6ffnung, mit Klettverschluss f\u00fcr Kniesch\u00fctzer befestigt.<\/li>\n<li>Die Taschen sind mit 600D Oxford-Polyestergewebe verst\u00e4rkt, das sich durch hohe Haltbarkeit, Abrieb- und Dehnungsfestigkeit sowie Wasserbest\u00e4ndigkeit auszeichnet.<\/li>\n<li>vorne mit Knopf und Rei\u00dfverschluss zu schlie\u00dfen,<\/li>\n<li><strong>bequemes und praktisches Taillenverstellsystem mit Gummizug in der Taille,<\/strong><\/li>\n<li>sehr geringes Einlaufen, auch nach mehrmaligem Waschen<\/li>\n<li>Farbstabilit\u00e4t<\/li>\n<\/ul>\n<p><img fetchpriority=\"high\" decoding=\"async\" src=\"\/userdata\/public\/assets\/\/classic.PNG\" alt=\"\" width=\"376\" height=\"316\" \/><\/p>","protected":false},"excerpt":{"rendered":"<h1>CLASSIC STRETCH SLIM-Hose<\/h1>\n<p>Schutzhose\u00a0<strong>CLASSIC STRETCH SLIM Bund<\/strong>, mit au\u00dfergew\u00f6hnlich ansprechendem Design und hervorragender Funktionalit\u00e4t.\u00a0<strong>Bequemer und moderner Slim-Schnitt passt sich perfekt dem K\u00f6rper an<\/strong>, in keiner Weise<strong>\u00a0ohne die Bewegungsfreiheit einzuschr\u00e4nken, dank der Verwendung von Material mit Elasthan-Zusatz<\/strong>.<\/p>","protected":false},"featured_media":19572,"template":"","meta":[],"product_brand":[91],"product_cat":[86,92,93],"product_tag":[],"class_list":{"0":"post-19570","1":"product","2":"type-product","3":"status-publish","4":"has-post-thumbnail","6":"product_brand-artmas","7":"product_cat-sklepbhp","8":"product_cat-odziez-robocza","9":"product_cat-spodnie-robocze","11":"first","12":"instock","13":"product-type-variable","14":"wvs-archive-product-wrapper"},"yoast_head":"<!-- This site is optimized with the Yoast SEO plugin v25.3 - https:\/\/yoast.com\/wordpress\/plugins\/seo\/ -->\n<title>Spodnie robocze do pasa Classic Stretch Slim - Grapil.pl \u2013 Profesjonalna Odzie\u017c S\u0142u\u017cbowa dla Bran\u017cy Kelnerskiej, HoReCa i Medycyny<\/title>\n<meta name=\"robots\" content=\"index, follow, max-snippet:-1, max-image-preview:large, max-video-preview:-1\" \/>\n<link rel=\"canonical\" href=\"https:\/\/grapil.pl\/de\/produkt\/klassische-stretch-arbeitshose-mit-schmaler-taillevariante1\/\" \/>\n<meta property=\"og:locale\" content=\"de_DE\" \/>\n<meta property=\"og:type\" content=\"article\" \/>\n<meta property=\"og:title\" content=\"Spodnie robocze do pasa Classic Stretch Slim - Grapil.pl \u2013 Profesjonalna Odzie\u017c S\u0142u\u017cbowa dla Bran\u017cy Kelnerskiej, HoReCa i Medycyny\" \/>\n<meta property=\"og:description\" content=\"Spodnie do pasa CLASSIC STRETCH SLIM Spodnie ochronne\u00a0CLASSIC STRETCH SLIM do pasa, o wyj\u0105tkowo atrakcyjnym wzornictwie i doskona\u0142ej funkcjonalno\u015bci.\u00a0Wygodny i nowoczesny fason Slim doskonale dopasowuje si\u0119 do sylwetki, w \u017caden spos\u00f3b\u00a0nie kr\u0119puj\u0105c ruch\u00f3w, dzi\u0119ki zastosowaniu materia\u0142u z dodatkiem elastanu.\" \/>\n<meta property=\"og:url\" content=\"https:\/\/grapil.pl\/de\/produkt\/klassische-stretch-arbeitshose-mit-schmaler-taillevariante1\/\" \/>\n<meta property=\"og:site_name\" content=\"Grapil.pl \u2013 Profesjonalna Odzie\u017c S\u0142u\u017cbowa dla Bran\u017cy Kelnerskiej, HoReCa i Medycyny\" \/>\n<meta property=\"article:modified_time\" content=\"2025-04-14T10:32:16+00:00\" \/>\n<meta property=\"og:image\" content=\"https:\/\/grapil.pl\/wp-content\/uploads\/2025\/04\/20847.jpg\" \/>\n\t<meta property=\"og:image:width\" content=\"700\" \/>\n\t<meta property=\"og:image:height\" content=\"700\" \/>\n\t<meta property=\"og:image:type\" content=\"image\/jpeg\" \/>\n<meta name=\"twitter:card\" content=\"summary_large_image\" \/>\n<meta name=\"twitter:label1\" content=\"Gesch\u00e4tzte Lesezeit\" \/>\n\t<meta name=\"twitter:data1\" content=\"2\u00a0Minuten\" \/>\n<script type=\"application\/ld+json\" class=\"yoast-schema-graph\">{\"@context\":\"https:\/\/schema.org\",\"@graph\":[{\"@type\":\"WebPage\",\"@id\":\"https:\/\/grapil.pl\/produkt\/spodnie-robocze-do-pasa-classic-stretch-slimwariant1\/\",\"url\":\"https:\/\/grapil.pl\/produkt\/spodnie-robocze-do-pasa-classic-stretch-slimwariant1\/\",\"name\":\"Spodnie robocze do pasa Classic Stretch Slim - Grapil.pl \u2013 Profesjonalna Odzie\u017c S\u0142u\u017cbowa dla Bran\u017cy Kelnerskiej, HoReCa i Medycyny\",\"isPartOf\":{\"@id\":\"https:\/\/grapil.pl\/#website\"},\"primaryImageOfPage\":{\"@id\":\"https:\/\/grapil.pl\/produkt\/spodnie-robocze-do-pasa-classic-stretch-slimwariant1\/#primaryimage\"},\"image\":{\"@id\":\"https:\/\/grapil.pl\/produkt\/spodnie-robocze-do-pasa-classic-stretch-slimwariant1\/#primaryimage\"},\"thumbnailUrl\":\"https:\/\/grapil.pl\/wp-content\/uploads\/2025\/04\/20847.jpg\",\"datePublished\":\"2025-04-09T15:42:37+00:00\",\"dateModified\":\"2025-04-14T10:32:16+00:00\",\"breadcrumb\":{\"@id\":\"https:\/\/grapil.pl\/produkt\/spodnie-robocze-do-pasa-classic-stretch-slimwariant1\/#breadcrumb\"},\"inLanguage\":\"de\",\"potentialAction\":[{\"@type\":\"ReadAction\",\"target\":[\"https:\/\/grapil.pl\/produkt\/spodnie-robocze-do-pasa-classic-stretch-slimwariant1\/\"]}]},{\"@type\":\"ImageObject\",\"inLanguage\":\"de\",\"@id\":\"https:\/\/grapil.pl\/produkt\/spodnie-robocze-do-pasa-classic-stretch-slimwariant1\/#primaryimage\",\"url\":\"https:\/\/grapil.pl\/wp-content\/uploads\/2025\/04\/20847.jpg\",\"contentUrl\":\"https:\/\/grapil.pl\/wp-content\/uploads\/2025\/04\/20847.jpg\",\"width\":700,\"height\":700},{\"@type\":\"BreadcrumbList\",\"@id\":\"https:\/\/grapil.pl\/produkt\/spodnie-robocze-do-pasa-classic-stretch-slimwariant1\/#breadcrumb\",\"itemListElement\":[{\"@type\":\"ListItem\",\"position\":1,\"name\":\"Strona g\u0142\u00f3wna\",\"item\":\"https:\/\/grapil.pl\/\"},{\"@type\":\"ListItem\",\"position\":2,\"name\":\"sklep\",\"item\":\"https:\/\/grapil.pl\/sklep\/\"},{\"@type\":\"ListItem\",\"position\":3,\"name\":\"Spodnie robocze do pasa Classic Stretch Slim\"}]},{\"@type\":\"WebSite\",\"@id\":\"https:\/\/grapil.pl\/#website\",\"url\":\"https:\/\/grapil.pl\/\",\"name\":\"Grapil.pl \u2013 Profesjonalna Odzie\u017c S\u0142u\u017cbowa dla Bran\u017cy Kelnerskiej, HoReCa i Medycyny\",\"description\":\"\",\"potentialAction\":[{\"@type\":\"SearchAction\",\"target\":{\"@type\":\"EntryPoint\",\"urlTemplate\":\"https:\/\/grapil.pl\/?s={search_term_string}\"},\"query-input\":{\"@type\":\"PropertyValueSpecification\",\"valueRequired\":true,\"valueName\":\"search_term_string\"}}],\"inLanguage\":\"de\"}]}<\/script>\n<!-- \/ Yoast SEO plugin. -->","yoast_head_json":{"title":"Spodnie robocze do pasa Classic Stretch Slim - Grapil.pl \u2013 Profesjonalna Odzie\u017c S\u0142u\u017cbowa dla Bran\u017cy Kelnerskiej, HoReCa i Medycyny","robots":{"index":"index","follow":"follow","max-snippet":"max-snippet:-1","max-image-preview":"max-image-preview:large","max-video-preview":"max-video-preview:-1"},"canonical":"https:\/\/grapil.pl\/de\/produkt\/klassische-stretch-arbeitshose-mit-schmaler-taillevariante1\/","og_locale":"de_DE","og_type":"article","og_title":"Spodnie robocze do pasa Classic Stretch Slim - Grapil.pl \u2013 Profesjonalna Odzie\u017c S\u0142u\u017cbowa dla Bran\u017cy Kelnerskiej, HoReCa i Medycyny","og_description":"Spodnie do pasa CLASSIC STRETCH SLIM Spodnie ochronne\u00a0CLASSIC STRETCH SLIM do pasa, o wyj\u0105tkowo atrakcyjnym wzornictwie i doskona\u0142ej funkcjonalno\u015bci.\u00a0Wygodny i nowoczesny fason Slim doskonale dopasowuje si\u0119 do sylwetki, w \u017caden spos\u00f3b\u00a0nie kr\u0119puj\u0105c ruch\u00f3w, dzi\u0119ki zastosowaniu materia\u0142u z dodatkiem elastanu.","og_url":"https:\/\/grapil.pl\/de\/produkt\/klassische-stretch-arbeitshose-mit-schmaler-taillevariante1\/","og_site_name":"Grapil.pl \u2013 Profesjonalna Odzie\u017c S\u0142u\u017cbowa dla Bran\u017cy Kelnerskiej, HoReCa i Medycyny","article_modified_time":"2025-04-14T10:32:16+00:00","og_image":[{"width":700,"height":700,"url":"https:\/\/grapil.pl\/wp-content\/uploads\/2025\/04\/20847.jpg","type":"image\/jpeg"}],"twitter_card":"summary_large_image","twitter_misc":{"Gesch\u00e4tzte Lesezeit":"2\u00a0Minuten"},"schema":{"@context":"https:\/\/schema.org","@graph":[{"@type":"WebPage","@id":"https:\/\/grapil.pl\/produkt\/spodnie-robocze-do-pasa-classic-stretch-slimwariant1\/","url":"https:\/\/grapil.pl\/produkt\/spodnie-robocze-do-pasa-classic-stretch-slimwariant1\/","name":"Spodnie robocze do pasa Classic Stretch Slim - Grapil.pl \u2013 Profesjonalna Odzie\u017c S\u0142u\u017cbowa dla Bran\u017cy Kelnerskiej, HoReCa i Medycyny","isPartOf":{"@id":"https:\/\/grapil.pl\/#website"},"primaryImageOfPage":{"@id":"https:\/\/grapil.pl\/produkt\/spodnie-robocze-do-pasa-classic-stretch-slimwariant1\/#primaryimage"},"image":{"@id":"https:\/\/grapil.pl\/produkt\/spodnie-robocze-do-pasa-classic-stretch-slimwariant1\/#primaryimage"},"thumbnailUrl":"https:\/\/grapil.pl\/wp-content\/uploads\/2025\/04\/20847.jpg","datePublished":"2025-04-09T15:42:37+00:00","dateModified":"2025-04-14T10:32:16+00:00","breadcrumb":{"@id":"https:\/\/grapil.pl\/produkt\/spodnie-robocze-do-pasa-classic-stretch-slimwariant1\/#breadcrumb"},"inLanguage":"de","potentialAction":[{"@type":"ReadAction","target":["https:\/\/grapil.pl\/produkt\/spodnie-robocze-do-pasa-classic-stretch-slimwariant1\/"]}]},{"@type":"ImageObject","inLanguage":"de","@id":"https:\/\/grapil.pl\/produkt\/spodnie-robocze-do-pasa-classic-stretch-slimwariant1\/#primaryimage","url":"https:\/\/grapil.pl\/wp-content\/uploads\/2025\/04\/20847.jpg","contentUrl":"https:\/\/grapil.pl\/wp-content\/uploads\/2025\/04\/20847.jpg","width":700,"height":700},{"@type":"BreadcrumbList","@id":"https:\/\/grapil.pl\/produkt\/spodnie-robocze-do-pasa-classic-stretch-slimwariant1\/#breadcrumb","itemListElement":[{"@type":"ListItem","position":1,"name":"Strona g\u0142\u00f3wna","item":"https:\/\/grapil.pl\/"},{"@type":"ListItem","position":2,"name":"sklep","item":"https:\/\/grapil.pl\/sklep\/"},{"@type":"ListItem","position":3,"name":"Spodnie robocze do pasa Classic Stretch Slim"}]},{"@type":"WebSite","@id":"https:\/\/grapil.pl\/#website","url":"https:\/\/grapil.pl\/","name":"Grapil.pl \u2013 Profesjonalna Odzie\u017c S\u0142u\u017cbowa dla Bran\u017cy Kelnerskiej, HoReCa i Medycyny","description":"","potentialAction":[{"@type":"SearchAction","target":{"@type":"EntryPoint","urlTemplate":"https:\/\/grapil.pl\/?s={search_term_string}"},"query-input":{"@type":"PropertyValueSpecification","valueRequired":true,"valueName":"search_term_string"}}],"inLanguage":"de"}]}},"_links":{"self":[{"href":"https:\/\/grapil.pl\/de\/wp-json\/wp\/v2\/product\/19570","targetHints":{"allow":["GET"]}}],"collection":[{"href":"https:\/\/grapil.pl\/de\/wp-json\/wp\/v2\/product"}],"about":[{"href":"https:\/\/grapil.pl\/de\/wp-json\/wp\/v2\/types\/product"}],"version-history":[{"count":3,"href":"https:\/\/grapil.pl\/de\/wp-json\/wp\/v2\/product\/19570\/revisions"}],"predecessor-version":[{"id":20004,"href":"https:\/\/grapil.pl\/de\/wp-json\/wp\/v2\/product\/19570\/revisions\/20004"}],"wp:featuredmedia":[{"embeddable":true,"href":"https:\/\/grapil.pl\/de\/wp-json\/wp\/v2\/media\/19572"}],"wp:attachment":[{"href":"https:\/\/grapil.pl\/de\/wp-json\/wp\/v2\/media?parent=19570"}],"wp:term":[{"taxonomy":"product_brand","embeddable":true,"href":"https:\/\/grapil.pl\/de\/wp-json\/wp\/v2\/product_brand?post=19570"},{"taxonomy":"product_cat","embeddable":true,"href":"https:\/\/grapil.pl\/de\/wp-json\/wp\/v2\/product_cat?post=19570"},{"taxonomy":"product_tag","embeddable":true,"href":"https:\/\/grapil.pl\/de\/wp-json\/wp\/v2\/product_tag?post=19570"}],"curies":[{"name":"wp","href":"https:\/\/api.w.org\/{rel}","templated":true}]}}