{"id":19575,"date":"2025-04-09T17:42:37","date_gmt":"2025-04-09T15:42:37","guid":{"rendered":"https:\/\/grapil.pl\/produkt\/buty-robocze-bp-canvas-s1\/"},"modified":"2025-04-14T12:37:28","modified_gmt":"2025-04-14T10:37:28","slug":"bp-canvas-s1-arbeitsschuhe","status":"publish","type":"product","link":"https:\/\/grapil.pl\/de\/produkt\/bp-canvas-s1-arbeitsschuhe\/","title":{"rendered":"BP Canvas S1 Arbeitsschuhe"},"content":{"rendered":"<h1>Sicherheitsschuhe BP CANVAS SHOES<\/h1>\n<p>Ein Schuh mit attraktivem, modernem Design,\u00a0<strong>aus Velours-Rindsleder und impr\u00e4gniertem Cordura-Textilgewebe<\/strong>\u00a0<strong>Ausgestattet mit einer Zehenkappe aus Stahl, best\u00e4ndig gegen St\u00f6\u00dfe mit einer Energie von bis zu 200 J und Druck mit einer Kraft von bis zu 15 kN.<\/strong><\/p>\n<ul>\n<li>Obermaterial aus Wildleder und Cordura-Gewebe in Marineblau. Verst\u00e4rkende N\u00e4hte mit wei\u00dfen F\u00e4den erh\u00f6hen die Optik des Schuhs. Hochwertige und \u00e4sthetische Verarbeitung.<\/li>\n<li><strong>Cordura-Gewebeelemente und ein bequemes Futter aus atmungsaktivem Textilgewebe in Grau erh\u00f6hen die Bel\u00fcftung,<\/strong><\/li>\n<\/ul>\n<ul>\n<li>Weiche Zunge und Kragen erh\u00f6hen den Tragekomfort,<\/li>\n<li>5 Paar stabile Schn\u00fcrsenkelhalter,<\/li>\n<li>Austauschbarer Einsatz,<\/li>\n<\/ul>\n<p><strong>Sohleneigenschaften:<\/strong><\/p>\n<ul>\n<li>Zweischichtige Polyurethansohle (PU\/PU) in Schwarz und Grau,<\/li>\n<li>durch Direkteinspritzung hergestellt,<\/li>\n<li><strong>best\u00e4ndig gegen \u00d6le, Benzin und andere organische L\u00f6sungsmittel,<\/strong><\/li>\n<li>geschnitzt,<\/li>\n<li><strong>Rutschhemmung (SRC),<\/strong><\/li>\n<li>Energieabsorption im Fersenbereich,<\/li>\n<li>eine h\u00f6her geformte Spitze sch\u00fctzt das Schuhwerk besser vor Besch\u00e4digungen und absorbiert zus\u00e4tzlich St\u00f6\u00dfe,<\/li>\n<\/ul>","protected":false},"excerpt":{"rendered":"<h1>Sicherheitsschuhe BP CANVAS SHOES<\/h1>\n<p>Ein Schuh mit attraktivem, modernem Design,\u00a0<strong>aus Velours-Rindsleder und impr\u00e4gniertem Cordura-Textilgewebe<\/strong>\u00a0<strong>Ausgestattet mit einer Zehenkappe aus Stahl, best\u00e4ndig gegen St\u00f6\u00dfe mit einer Energie von bis zu 200 J und Druck mit einer Kraft von bis zu 15 kN.<\/strong><\/p>","protected":false},"featured_media":19577,"template":"","meta":[],"product_brand":[91],"product_cat":[86,87,89],"product_tag":[],"class_list":{"0":"post-19575","1":"product","2":"type-product","3":"status-publish","4":"has-post-thumbnail","6":"product_brand-artmas","7":"product_cat-sklepbhp","8":"product_cat-obuwie-robocze","9":"product_cat-polbuty","11":"first","12":"instock","13":"product-type-variable","14":"wvs-archive-product-wrapper"},"yoast_head":"<!-- This site is optimized with the Yoast SEO plugin v25.3 - https:\/\/yoast.com\/wordpress\/plugins\/seo\/ -->\n<title>Buty robocze BP Canvas S1 - Grapil.pl \u2013 Profesjonalna Odzie\u017c S\u0142u\u017cbowa dla Bran\u017cy Kelnerskiej, HoReCa i Medycyny<\/title>\n<meta name=\"robots\" content=\"index, follow, max-snippet:-1, max-image-preview:large, max-video-preview:-1\" \/>\n<link rel=\"canonical\" href=\"https:\/\/grapil.pl\/de\/produkt\/bp-canvas-s1-arbeitsschuhe\/\" \/>\n<meta property=\"og:locale\" content=\"de_DE\" \/>\n<meta property=\"og:type\" content=\"article\" \/>\n<meta property=\"og:title\" content=\"Buty robocze BP Canvas S1 - Grapil.pl \u2013 Profesjonalna Odzie\u017c S\u0142u\u017cbowa dla Bran\u017cy Kelnerskiej, HoReCa i Medycyny\" \/>\n<meta property=\"og:description\" content=\"P\u00f3\u0142but ochronny BUTY BP CANVAS But o atrakcyjnym nowoczesnym wzornictwie,\u00a0wykonany ze ze sk\u00f3ry bydl\u0119cej welurowej oraz impregnowanej tkaniny tekstylnej typu Cordura\u00a0wyposa\u017cony w podnosek stalowy, wytrzyma\u0142y na uderzenia z energi\u0105 do 200 J oraz przed \u015bciskaniem z si\u0142\u0105 do 15 kN.\" \/>\n<meta property=\"og:url\" content=\"https:\/\/grapil.pl\/de\/produkt\/bp-canvas-s1-arbeitsschuhe\/\" \/>\n<meta property=\"og:site_name\" content=\"Grapil.pl \u2013 Profesjonalna Odzie\u017c S\u0142u\u017cbowa dla Bran\u017cy Kelnerskiej, HoReCa i Medycyny\" \/>\n<meta property=\"article:modified_time\" content=\"2025-04-14T10:37:28+00:00\" \/>\n<meta property=\"og:image\" content=\"https:\/\/grapil.pl\/wp-content\/uploads\/2025\/04\/20841.jpg\" \/>\n\t<meta property=\"og:image:width\" content=\"700\" \/>\n\t<meta property=\"og:image:height\" content=\"700\" \/>\n\t<meta property=\"og:image:type\" content=\"image\/jpeg\" \/>\n<meta name=\"twitter:card\" content=\"summary_large_image\" \/>\n<meta name=\"twitter:label1\" content=\"Gesch\u00e4tzte Lesezeit\" \/>\n\t<meta name=\"twitter:data1\" content=\"2\u00a0Minuten\" \/>\n<script type=\"application\/ld+json\" class=\"yoast-schema-graph\">{\"@context\":\"https:\/\/schema.org\",\"@graph\":[{\"@type\":\"WebPage\",\"@id\":\"https:\/\/grapil.pl\/produkt\/buty-robocze-bp-canvas-s1\/\",\"url\":\"https:\/\/grapil.pl\/produkt\/buty-robocze-bp-canvas-s1\/\",\"name\":\"Buty robocze BP Canvas S1 - Grapil.pl \u2013 Profesjonalna Odzie\u017c S\u0142u\u017cbowa dla Bran\u017cy Kelnerskiej, HoReCa i Medycyny\",\"isPartOf\":{\"@id\":\"https:\/\/grapil.pl\/#website\"},\"primaryImageOfPage\":{\"@id\":\"https:\/\/grapil.pl\/produkt\/buty-robocze-bp-canvas-s1\/#primaryimage\"},\"image\":{\"@id\":\"https:\/\/grapil.pl\/produkt\/buty-robocze-bp-canvas-s1\/#primaryimage\"},\"thumbnailUrl\":\"https:\/\/grapil.pl\/wp-content\/uploads\/2025\/04\/20841.jpg\",\"datePublished\":\"2025-04-09T15:42:37+00:00\",\"dateModified\":\"2025-04-14T10:37:28+00:00\",\"breadcrumb\":{\"@id\":\"https:\/\/grapil.pl\/produkt\/buty-robocze-bp-canvas-s1\/#breadcrumb\"},\"inLanguage\":\"de\",\"potentialAction\":[{\"@type\":\"ReadAction\",\"target\":[\"https:\/\/grapil.pl\/produkt\/buty-robocze-bp-canvas-s1\/\"]}]},{\"@type\":\"ImageObject\",\"inLanguage\":\"de\",\"@id\":\"https:\/\/grapil.pl\/produkt\/buty-robocze-bp-canvas-s1\/#primaryimage\",\"url\":\"https:\/\/grapil.pl\/wp-content\/uploads\/2025\/04\/20841.jpg\",\"contentUrl\":\"https:\/\/grapil.pl\/wp-content\/uploads\/2025\/04\/20841.jpg\",\"width\":700,\"height\":700},{\"@type\":\"BreadcrumbList\",\"@id\":\"https:\/\/grapil.pl\/produkt\/buty-robocze-bp-canvas-s1\/#breadcrumb\",\"itemListElement\":[{\"@type\":\"ListItem\",\"position\":1,\"name\":\"Strona g\u0142\u00f3wna\",\"item\":\"https:\/\/grapil.pl\/\"},{\"@type\":\"ListItem\",\"position\":2,\"name\":\"sklep\",\"item\":\"https:\/\/grapil.pl\/sklep\/\"},{\"@type\":\"ListItem\",\"position\":3,\"name\":\"Buty robocze BP Canvas S1\"}]},{\"@type\":\"WebSite\",\"@id\":\"https:\/\/grapil.pl\/#website\",\"url\":\"https:\/\/grapil.pl\/\",\"name\":\"Grapil.pl \u2013 Profesjonalna Odzie\u017c S\u0142u\u017cbowa dla Bran\u017cy Kelnerskiej, HoReCa i Medycyny\",\"description\":\"\",\"potentialAction\":[{\"@type\":\"SearchAction\",\"target\":{\"@type\":\"EntryPoint\",\"urlTemplate\":\"https:\/\/grapil.pl\/?s={search_term_string}\"},\"query-input\":{\"@type\":\"PropertyValueSpecification\",\"valueRequired\":true,\"valueName\":\"search_term_string\"}}],\"inLanguage\":\"de\"}]}<\/script>\n<!-- \/ Yoast SEO plugin. -->","yoast_head_json":{"title":"Buty robocze BP Canvas S1 - Grapil.pl \u2013 Profesjonalna Odzie\u017c S\u0142u\u017cbowa dla Bran\u017cy Kelnerskiej, HoReCa i Medycyny","robots":{"index":"index","follow":"follow","max-snippet":"max-snippet:-1","max-image-preview":"max-image-preview:large","max-video-preview":"max-video-preview:-1"},"canonical":"https:\/\/grapil.pl\/de\/produkt\/bp-canvas-s1-arbeitsschuhe\/","og_locale":"de_DE","og_type":"article","og_title":"Buty robocze BP Canvas S1 - Grapil.pl \u2013 Profesjonalna Odzie\u017c S\u0142u\u017cbowa dla Bran\u017cy Kelnerskiej, HoReCa i Medycyny","og_description":"P\u00f3\u0142but ochronny BUTY BP CANVAS But o atrakcyjnym nowoczesnym wzornictwie,\u00a0wykonany ze ze sk\u00f3ry bydl\u0119cej welurowej oraz impregnowanej tkaniny tekstylnej typu Cordura\u00a0wyposa\u017cony w podnosek stalowy, wytrzyma\u0142y na uderzenia z energi\u0105 do 200 J oraz przed \u015bciskaniem z si\u0142\u0105 do 15 kN.","og_url":"https:\/\/grapil.pl\/de\/produkt\/bp-canvas-s1-arbeitsschuhe\/","og_site_name":"Grapil.pl \u2013 Profesjonalna Odzie\u017c S\u0142u\u017cbowa dla Bran\u017cy Kelnerskiej, HoReCa i Medycyny","article_modified_time":"2025-04-14T10:37:28+00:00","og_image":[{"width":700,"height":700,"url":"https:\/\/grapil.pl\/wp-content\/uploads\/2025\/04\/20841.jpg","type":"image\/jpeg"}],"twitter_card":"summary_large_image","twitter_misc":{"Gesch\u00e4tzte Lesezeit":"2\u00a0Minuten"},"schema":{"@context":"https:\/\/schema.org","@graph":[{"@type":"WebPage","@id":"https:\/\/grapil.pl\/produkt\/buty-robocze-bp-canvas-s1\/","url":"https:\/\/grapil.pl\/produkt\/buty-robocze-bp-canvas-s1\/","name":"Buty robocze BP Canvas S1 - Grapil.pl \u2013 Profesjonalna Odzie\u017c S\u0142u\u017cbowa dla Bran\u017cy Kelnerskiej, HoReCa i Medycyny","isPartOf":{"@id":"https:\/\/grapil.pl\/#website"},"primaryImageOfPage":{"@id":"https:\/\/grapil.pl\/produkt\/buty-robocze-bp-canvas-s1\/#primaryimage"},"image":{"@id":"https:\/\/grapil.pl\/produkt\/buty-robocze-bp-canvas-s1\/#primaryimage"},"thumbnailUrl":"https:\/\/grapil.pl\/wp-content\/uploads\/2025\/04\/20841.jpg","datePublished":"2025-04-09T15:42:37+00:00","dateModified":"2025-04-14T10:37:28+00:00","breadcrumb":{"@id":"https:\/\/grapil.pl\/produkt\/buty-robocze-bp-canvas-s1\/#breadcrumb"},"inLanguage":"de","potentialAction":[{"@type":"ReadAction","target":["https:\/\/grapil.pl\/produkt\/buty-robocze-bp-canvas-s1\/"]}]},{"@type":"ImageObject","inLanguage":"de","@id":"https:\/\/grapil.pl\/produkt\/buty-robocze-bp-canvas-s1\/#primaryimage","url":"https:\/\/grapil.pl\/wp-content\/uploads\/2025\/04\/20841.jpg","contentUrl":"https:\/\/grapil.pl\/wp-content\/uploads\/2025\/04\/20841.jpg","width":700,"height":700},{"@type":"BreadcrumbList","@id":"https:\/\/grapil.pl\/produkt\/buty-robocze-bp-canvas-s1\/#breadcrumb","itemListElement":[{"@type":"ListItem","position":1,"name":"Strona g\u0142\u00f3wna","item":"https:\/\/grapil.pl\/"},{"@type":"ListItem","position":2,"name":"sklep","item":"https:\/\/grapil.pl\/sklep\/"},{"@type":"ListItem","position":3,"name":"Buty robocze BP Canvas S1"}]},{"@type":"WebSite","@id":"https:\/\/grapil.pl\/#website","url":"https:\/\/grapil.pl\/","name":"Grapil.pl \u2013 Profesjonalna Odzie\u017c S\u0142u\u017cbowa dla Bran\u017cy Kelnerskiej, HoReCa i Medycyny","description":"","potentialAction":[{"@type":"SearchAction","target":{"@type":"EntryPoint","urlTemplate":"https:\/\/grapil.pl\/?s={search_term_string}"},"query-input":{"@type":"PropertyValueSpecification","valueRequired":true,"valueName":"search_term_string"}}],"inLanguage":"de"}]}},"_links":{"self":[{"href":"https:\/\/grapil.pl\/de\/wp-json\/wp\/v2\/product\/19575","targetHints":{"allow":["GET"]}}],"collection":[{"href":"https:\/\/grapil.pl\/de\/wp-json\/wp\/v2\/product"}],"about":[{"href":"https:\/\/grapil.pl\/de\/wp-json\/wp\/v2\/types\/product"}],"version-history":[{"count":2,"href":"https:\/\/grapil.pl\/de\/wp-json\/wp\/v2\/product\/19575\/revisions"}],"predecessor-version":[{"id":20029,"href":"https:\/\/grapil.pl\/de\/wp-json\/wp\/v2\/product\/19575\/revisions\/20029"}],"wp:featuredmedia":[{"embeddable":true,"href":"https:\/\/grapil.pl\/de\/wp-json\/wp\/v2\/media\/19577"}],"wp:attachment":[{"href":"https:\/\/grapil.pl\/de\/wp-json\/wp\/v2\/media?parent=19575"}],"wp:term":[{"taxonomy":"product_brand","embeddable":true,"href":"https:\/\/grapil.pl\/de\/wp-json\/wp\/v2\/product_brand?post=19575"},{"taxonomy":"product_cat","embeddable":true,"href":"https:\/\/grapil.pl\/de\/wp-json\/wp\/v2\/product_cat?post=19575"},{"taxonomy":"product_tag","embeddable":true,"href":"https:\/\/grapil.pl\/de\/wp-json\/wp\/v2\/product_tag?post=19575"}],"curies":[{"name":"wp","href":"https:\/\/api.w.org\/{rel}","templated":true}]}}