{"id":19586,"date":"2025-04-09T17:42:37","date_gmt":"2025-04-09T15:42:37","guid":{"rendered":"https:\/\/grapil.pl\/produkt\/czapka-z-daszkiem-classic\/"},"modified":"2025-09-03T12:46:46","modified_gmt":"2025-09-03T10:46:46","slug":"klassische-baseballkappe","status":"publish","type":"product","link":"https:\/\/grapil.pl\/de\/produkt\/klassische-baseballkappe\/","title":{"rendered":"Klassische Baseballkappe"},"content":{"rendered":"<h1>Ein 6-Panel-Baseballcap mit au\u00dfergew\u00f6hnlich ansprechendem Design und unverwechselbarem Design.<\/h1>\n<p>Hergestellt aus Stoff mit einer Zusammensetzung\u00a0<strong>100% Baumwolle<\/strong>, daher hat die Kappe eine gr\u00f6\u00dfere Luftzirkulation.<\/p>\n<p>Zus\u00e4tzlich verf\u00fcgt die Kappe \u00fcber eingen\u00e4hte Air Transpiratoren (Bel\u00fcftungsl\u00f6cher).<\/p>\n<p><strong>Der Schirm und die Vorderseite der Kappe sind versteift, was f\u00fcr eine gleichbleibende Optik bei langer Nutzung sorgt.<\/strong><\/p>\n<p><strong>Metallschnallenverschluss<\/strong>\u00a0mit verstellbarem Kopfumfang.<\/p>\n<p>Einheitsgr\u00f6\u00dfe.<\/p>","protected":false},"excerpt":{"rendered":"<p>Eine Baseballkappe, 6-Panel, mit au\u00dfergew\u00f6hnlich attraktivem Design und unverwechselbarem Design. Hergestellt aus 100%-Stoff.<\/p>","protected":false},"featured_media":19588,"template":"","meta":[],"product_brand":[91],"product_cat":[86,92,161],"product_tag":[],"class_list":{"0":"post-19586","1":"product","2":"type-product","3":"status-publish","4":"has-post-thumbnail","6":"product_brand-artmas","7":"product_cat-sklepbhp","8":"product_cat-odziez-robocza","9":"product_cat-czapki","11":"first","12":"instock","13":"product-type-simple"},"yoast_head":"<!-- This site is optimized with the Yoast SEO plugin v25.3 - https:\/\/yoast.com\/wordpress\/plugins\/seo\/ -->\n<title>Czapka z daszkiem Classic - Grapil.pl \u2013 Profesjonalna Odzie\u017c S\u0142u\u017cbowa dla Bran\u017cy Kelnerskiej, HoReCa i Medycyny<\/title>\n<meta name=\"robots\" content=\"index, follow, max-snippet:-1, max-image-preview:large, max-video-preview:-1\" \/>\n<link rel=\"canonical\" href=\"https:\/\/grapil.pl\/de\/produkt\/klassische-baseballkappe\/\" \/>\n<meta property=\"og:locale\" content=\"de_DE\" \/>\n<meta property=\"og:type\" content=\"article\" \/>\n<meta property=\"og:title\" content=\"Czapka z daszkiem Classic - Grapil.pl \u2013 Profesjonalna Odzie\u017c S\u0142u\u017cbowa dla Bran\u017cy Kelnerskiej, HoReCa i Medycyny\" \/>\n<meta property=\"og:description\" content=\"Czapka z daszkiem, typu baseballowa, 6- panelowa o wyj\u0105tkowo atrakcyjnym wzornictwie i wyr\u00f3\u017cniaj\u0105cym si\u0119 design. Wykonana z tkaniny o sk\u0142adzie\u00a0100%\" \/>\n<meta property=\"og:url\" content=\"https:\/\/grapil.pl\/de\/produkt\/klassische-baseballkappe\/\" \/>\n<meta property=\"og:site_name\" content=\"Grapil.pl \u2013 Profesjonalna Odzie\u017c S\u0142u\u017cbowa dla Bran\u017cy Kelnerskiej, HoReCa i Medycyny\" \/>\n<meta property=\"article:modified_time\" content=\"2025-09-03T10:46:46+00:00\" \/>\n<meta property=\"og:image\" content=\"https:\/\/grapil.pl\/wp-content\/uploads\/2025\/04\/20994.jpg\" \/>\n\t<meta property=\"og:image:width\" content=\"700\" \/>\n\t<meta property=\"og:image:height\" content=\"700\" \/>\n\t<meta property=\"og:image:type\" content=\"image\/jpeg\" \/>\n<meta name=\"twitter:card\" content=\"summary_large_image\" \/>\n<script type=\"application\/ld+json\" class=\"yoast-schema-graph\">{\"@context\":\"https:\/\/schema.org\",\"@graph\":[{\"@type\":\"WebPage\",\"@id\":\"https:\/\/grapil.pl\/produkt\/czapka-z-daszkiem-classic\/\",\"url\":\"https:\/\/grapil.pl\/produkt\/czapka-z-daszkiem-classic\/\",\"name\":\"Czapka z daszkiem Classic - Grapil.pl \u2013 Profesjonalna Odzie\u017c S\u0142u\u017cbowa dla Bran\u017cy Kelnerskiej, HoReCa i Medycyny\",\"isPartOf\":{\"@id\":\"https:\/\/grapil.pl\/#website\"},\"primaryImageOfPage\":{\"@id\":\"https:\/\/grapil.pl\/produkt\/czapka-z-daszkiem-classic\/#primaryimage\"},\"image\":{\"@id\":\"https:\/\/grapil.pl\/produkt\/czapka-z-daszkiem-classic\/#primaryimage\"},\"thumbnailUrl\":\"https:\/\/grapil.pl\/wp-content\/uploads\/2025\/04\/20994.jpg\",\"datePublished\":\"2025-04-09T15:42:37+00:00\",\"dateModified\":\"2025-09-03T10:46:46+00:00\",\"breadcrumb\":{\"@id\":\"https:\/\/grapil.pl\/produkt\/czapka-z-daszkiem-classic\/#breadcrumb\"},\"inLanguage\":\"de\",\"potentialAction\":[{\"@type\":\"ReadAction\",\"target\":[\"https:\/\/grapil.pl\/produkt\/czapka-z-daszkiem-classic\/\"]}]},{\"@type\":\"ImageObject\",\"inLanguage\":\"de\",\"@id\":\"https:\/\/grapil.pl\/produkt\/czapka-z-daszkiem-classic\/#primaryimage\",\"url\":\"https:\/\/grapil.pl\/wp-content\/uploads\/2025\/04\/20994.jpg\",\"contentUrl\":\"https:\/\/grapil.pl\/wp-content\/uploads\/2025\/04\/20994.jpg\",\"width\":700,\"height\":700},{\"@type\":\"BreadcrumbList\",\"@id\":\"https:\/\/grapil.pl\/produkt\/czapka-z-daszkiem-classic\/#breadcrumb\",\"itemListElement\":[{\"@type\":\"ListItem\",\"position\":1,\"name\":\"Strona g\u0142\u00f3wna\",\"item\":\"https:\/\/grapil.pl\/\"},{\"@type\":\"ListItem\",\"position\":2,\"name\":\"sklep\",\"item\":\"https:\/\/grapil.pl\/sklep\/\"},{\"@type\":\"ListItem\",\"position\":3,\"name\":\"Czapka z daszkiem Classic\"}]},{\"@type\":\"WebSite\",\"@id\":\"https:\/\/grapil.pl\/#website\",\"url\":\"https:\/\/grapil.pl\/\",\"name\":\"Grapil.pl \u2013 Profesjonalna Odzie\u017c S\u0142u\u017cbowa dla Bran\u017cy Kelnerskiej, HoReCa i Medycyny\",\"description\":\"\",\"potentialAction\":[{\"@type\":\"SearchAction\",\"target\":{\"@type\":\"EntryPoint\",\"urlTemplate\":\"https:\/\/grapil.pl\/?s={search_term_string}\"},\"query-input\":{\"@type\":\"PropertyValueSpecification\",\"valueRequired\":true,\"valueName\":\"search_term_string\"}}],\"inLanguage\":\"de\"}]}<\/script>\n<!-- \/ Yoast SEO plugin. -->","yoast_head_json":{"title":"Czapka z daszkiem Classic - Grapil.pl \u2013 Profesjonalna Odzie\u017c S\u0142u\u017cbowa dla Bran\u017cy Kelnerskiej, HoReCa i Medycyny","robots":{"index":"index","follow":"follow","max-snippet":"max-snippet:-1","max-image-preview":"max-image-preview:large","max-video-preview":"max-video-preview:-1"},"canonical":"https:\/\/grapil.pl\/de\/produkt\/klassische-baseballkappe\/","og_locale":"de_DE","og_type":"article","og_title":"Czapka z daszkiem Classic - Grapil.pl \u2013 Profesjonalna Odzie\u017c S\u0142u\u017cbowa dla Bran\u017cy Kelnerskiej, HoReCa i Medycyny","og_description":"Czapka z daszkiem, typu baseballowa, 6- panelowa o wyj\u0105tkowo atrakcyjnym wzornictwie i wyr\u00f3\u017cniaj\u0105cym si\u0119 design. Wykonana z tkaniny o sk\u0142adzie\u00a0100%","og_url":"https:\/\/grapil.pl\/de\/produkt\/klassische-baseballkappe\/","og_site_name":"Grapil.pl \u2013 Profesjonalna Odzie\u017c S\u0142u\u017cbowa dla Bran\u017cy Kelnerskiej, HoReCa i Medycyny","article_modified_time":"2025-09-03T10:46:46+00:00","og_image":[{"width":700,"height":700,"url":"https:\/\/grapil.pl\/wp-content\/uploads\/2025\/04\/20994.jpg","type":"image\/jpeg"}],"twitter_card":"summary_large_image","schema":{"@context":"https:\/\/schema.org","@graph":[{"@type":"WebPage","@id":"https:\/\/grapil.pl\/produkt\/czapka-z-daszkiem-classic\/","url":"https:\/\/grapil.pl\/produkt\/czapka-z-daszkiem-classic\/","name":"Czapka z daszkiem Classic - Grapil.pl \u2013 Profesjonalna Odzie\u017c S\u0142u\u017cbowa dla Bran\u017cy Kelnerskiej, HoReCa i Medycyny","isPartOf":{"@id":"https:\/\/grapil.pl\/#website"},"primaryImageOfPage":{"@id":"https:\/\/grapil.pl\/produkt\/czapka-z-daszkiem-classic\/#primaryimage"},"image":{"@id":"https:\/\/grapil.pl\/produkt\/czapka-z-daszkiem-classic\/#primaryimage"},"thumbnailUrl":"https:\/\/grapil.pl\/wp-content\/uploads\/2025\/04\/20994.jpg","datePublished":"2025-04-09T15:42:37+00:00","dateModified":"2025-09-03T10:46:46+00:00","breadcrumb":{"@id":"https:\/\/grapil.pl\/produkt\/czapka-z-daszkiem-classic\/#breadcrumb"},"inLanguage":"de","potentialAction":[{"@type":"ReadAction","target":["https:\/\/grapil.pl\/produkt\/czapka-z-daszkiem-classic\/"]}]},{"@type":"ImageObject","inLanguage":"de","@id":"https:\/\/grapil.pl\/produkt\/czapka-z-daszkiem-classic\/#primaryimage","url":"https:\/\/grapil.pl\/wp-content\/uploads\/2025\/04\/20994.jpg","contentUrl":"https:\/\/grapil.pl\/wp-content\/uploads\/2025\/04\/20994.jpg","width":700,"height":700},{"@type":"BreadcrumbList","@id":"https:\/\/grapil.pl\/produkt\/czapka-z-daszkiem-classic\/#breadcrumb","itemListElement":[{"@type":"ListItem","position":1,"name":"Strona g\u0142\u00f3wna","item":"https:\/\/grapil.pl\/"},{"@type":"ListItem","position":2,"name":"sklep","item":"https:\/\/grapil.pl\/sklep\/"},{"@type":"ListItem","position":3,"name":"Czapka z daszkiem Classic"}]},{"@type":"WebSite","@id":"https:\/\/grapil.pl\/#website","url":"https:\/\/grapil.pl\/","name":"Grapil.pl \u2013 Profesjonalna Odzie\u017c S\u0142u\u017cbowa dla Bran\u017cy Kelnerskiej, HoReCa i Medycyny","description":"","potentialAction":[{"@type":"SearchAction","target":{"@type":"EntryPoint","urlTemplate":"https:\/\/grapil.pl\/?s={search_term_string}"},"query-input":{"@type":"PropertyValueSpecification","valueRequired":true,"valueName":"search_term_string"}}],"inLanguage":"de"}]}},"_links":{"self":[{"href":"https:\/\/grapil.pl\/de\/wp-json\/wp\/v2\/product\/19586","targetHints":{"allow":["GET"]}}],"collection":[{"href":"https:\/\/grapil.pl\/de\/wp-json\/wp\/v2\/product"}],"about":[{"href":"https:\/\/grapil.pl\/de\/wp-json\/wp\/v2\/types\/product"}],"version-history":[{"count":1,"href":"https:\/\/grapil.pl\/de\/wp-json\/wp\/v2\/product\/19586\/revisions"}],"predecessor-version":[{"id":19587,"href":"https:\/\/grapil.pl\/de\/wp-json\/wp\/v2\/product\/19586\/revisions\/19587"}],"wp:featuredmedia":[{"embeddable":true,"href":"https:\/\/grapil.pl\/de\/wp-json\/wp\/v2\/media\/19588"}],"wp:attachment":[{"href":"https:\/\/grapil.pl\/de\/wp-json\/wp\/v2\/media?parent=19586"}],"wp:term":[{"taxonomy":"product_brand","embeddable":true,"href":"https:\/\/grapil.pl\/de\/wp-json\/wp\/v2\/product_brand?post=19586"},{"taxonomy":"product_cat","embeddable":true,"href":"https:\/\/grapil.pl\/de\/wp-json\/wp\/v2\/product_cat?post=19586"},{"taxonomy":"product_tag","embeddable":true,"href":"https:\/\/grapil.pl\/de\/wp-json\/wp\/v2\/product_tag?post=19586"}],"curies":[{"name":"wp","href":"https:\/\/api.w.org\/{rel}","templated":true}]}}