{"id":19612,"date":"2025-04-09T17:42:37","date_gmt":"2025-04-09T15:42:37","guid":{"rendered":"https:\/\/grapil.pl\/produkt\/zapaska-do-pasa-bordowa\/"},"modified":"2026-02-17T14:15:38","modified_gmt":"2026-02-17T13:15:38","slug":"burgunderfarbene-gurtelschurze","status":"publish","type":"product","link":"https:\/\/grapil.pl\/de\/produkt\/burgunderfarbene-gurtelschurze\/","title":{"rendered":"G\u00dcRTELBAND \u2013 BURGUNDERROT"},"content":{"rendered":"<p style=\"text-align: center;\"><span style=\"font-size: 36pt;\">Kochsch\u00fcrze<\/span><\/p>\n<p style=\"text-align: center;\"><span style=\"font-size: 36pt;\">\u00a0<\/span><\/p>\n<p style=\"text-align: center;\">Kurze Damen-\/Herrensch\u00fcrze <strong><span style=\"color: #bf2626;\">Burgund<\/span><\/strong>\u00a0ist f\u00fcr den Kellnerservice in Restaurants oder Hotels bestimmt. Das Produkt wird aus hochwertigem Stoff in einer polnischen N\u00e4herei gen\u00e4ht.<\/p>\n<p style=\"text-align: center;\"><span style=\"font-size: 14pt;\">Breite -\u00a0<strong>70 cm<\/strong><\/span><\/p>\n<p style=\"text-align: center;\"><span style=\"font-size: 14pt;\">L\u00e4nge -\u00a0<strong>52 cm<\/strong><\/span><\/p>\n<p style=\"text-align: center;\">Die Gr\u00f6\u00dfe ist auf jede Figur zugeschnitten und passt hervorragend zu anderen Elementen der Kellnerbekleidung, und die intensive Farbe verleiht dem Ganzen einen originellen Look.<\/p>\n<p style=\"text-align: center;\">Es besteht aus einer Mischung aus 65% Baumwolle und 35% Polyester. Aus diesem Grund k\u00f6nnen die Textilien bei bis zu 60 \u00b0C gewaschen werden \u2013 ohne an Helligkeit zu verlieren. Das Material hat ein Gewicht von 220 g\/m2 und entspricht dem \u00d6ko-Tex Standard 100. F\u00fcr die Produktion werden ausschlie\u00dflich farbechte Stoffe verwendet.<\/p>","protected":false},"excerpt":{"rendered":"<p>Die kurze Damen-\/Herrensch\u00fcrze in Burgunderrot ist f\u00fcr Kellner in Restaurants oder Hotels bestimmt. Das Produkt ist aus hochwertigem<\/p>","protected":false},"featured_media":25176,"template":"","meta":[],"product_brand":[],"product_cat":[83,109,79,133,119,138],"product_tag":[],"class_list":{"0":"post-19612","1":"product","2":"type-product","3":"status-publish","4":"has-post-thumbnail","6":"product_cat-branza-kelnerska","7":"product_cat-zapaski-i-fartuchy","8":"product_cat-gastronomia","9":"product_cat-zapaski-i-fartuszki","10":"product_cat-housekeeping","11":"product_cat-zapaski-i-fartuszki-housekeeping-i-uslugi-porzadkowe","13":"first","14":"instock","15":"product-type-simple"},"yoast_head":"<!-- This site is optimized with the Yoast SEO plugin v25.3 - https:\/\/yoast.com\/wordpress\/plugins\/seo\/ -->\n<title>ZAPASKA do pasa - BORDOWA - Grapil.pl \u2013 Profesjonalna Odzie\u017c S\u0142u\u017cbowa dla Bran\u017cy Kelnerskiej, HoReCa i Medycyny<\/title>\n<meta name=\"robots\" content=\"index, follow, max-snippet:-1, max-image-preview:large, max-video-preview:-1\" \/>\n<link rel=\"canonical\" href=\"https:\/\/grapil.pl\/de\/produkt\/burgunderfarbene-gurtelschurze\/\" \/>\n<meta property=\"og:locale\" content=\"de_DE\" \/>\n<meta property=\"og:type\" content=\"article\" \/>\n<meta property=\"og:title\" content=\"ZAPASKA do pasa - BORDOWA - Grapil.pl \u2013 Profesjonalna Odzie\u017c S\u0142u\u017cbowa dla Bran\u017cy Kelnerskiej, HoReCa i Medycyny\" \/>\n<meta property=\"og:description\" content=\"Zapaska kucharska \u00a0 Zapaska kr\u00f3tka damska\/m\u0119ska BORDOWA\u00a0przeznaczona jest dla obs\u0142ugi kelnerskiej lokali gastronomicznych lub hoteli. Produkt uszyty z wysokiej jako\u015bci\" \/>\n<meta property=\"og:url\" content=\"https:\/\/grapil.pl\/de\/produkt\/burgunderfarbene-gurtelschurze\/\" \/>\n<meta property=\"og:site_name\" content=\"Grapil.pl \u2013 Profesjonalna Odzie\u017c S\u0142u\u017cbowa dla Bran\u017cy Kelnerskiej, HoReCa i Medycyny\" \/>\n<meta property=\"article:modified_time\" content=\"2026-02-17T13:15:38+00:00\" \/>\n<meta property=\"og:image\" content=\"https:\/\/grapil.pl\/wp-content\/uploads\/2025\/04\/zapaska-czerwona-kopia.jpg\" \/>\n\t<meta property=\"og:image:width\" content=\"600\" \/>\n\t<meta property=\"og:image:height\" content=\"800\" \/>\n\t<meta property=\"og:image:type\" content=\"image\/jpeg\" \/>\n<meta name=\"twitter:card\" content=\"summary_large_image\" \/>\n<meta name=\"twitter:label1\" content=\"Gesch\u00e4tzte Lesezeit\" \/>\n\t<meta name=\"twitter:data1\" content=\"1\u00a0Minute\" \/>\n<script type=\"application\/ld+json\" class=\"yoast-schema-graph\">{\"@context\":\"https:\/\/schema.org\",\"@graph\":[{\"@type\":\"WebPage\",\"@id\":\"https:\/\/grapil.pl\/produkt\/zapaska-do-pasa-bordowa\/\",\"url\":\"https:\/\/grapil.pl\/produkt\/zapaska-do-pasa-bordowa\/\",\"name\":\"ZAPASKA do pasa - BORDOWA - Grapil.pl \u2013 Profesjonalna Odzie\u017c S\u0142u\u017cbowa dla Bran\u017cy Kelnerskiej, HoReCa i Medycyny\",\"isPartOf\":{\"@id\":\"https:\/\/grapil.pl\/#website\"},\"primaryImageOfPage\":{\"@id\":\"https:\/\/grapil.pl\/produkt\/zapaska-do-pasa-bordowa\/#primaryimage\"},\"image\":{\"@id\":\"https:\/\/grapil.pl\/produkt\/zapaska-do-pasa-bordowa\/#primaryimage\"},\"thumbnailUrl\":\"https:\/\/grapil.pl\/wp-content\/uploads\/2025\/04\/zapaska-czerwona-kopia.jpg\",\"datePublished\":\"2025-04-09T15:42:37+00:00\",\"dateModified\":\"2026-02-17T13:15:38+00:00\",\"breadcrumb\":{\"@id\":\"https:\/\/grapil.pl\/produkt\/zapaska-do-pasa-bordowa\/#breadcrumb\"},\"inLanguage\":\"de\",\"potentialAction\":[{\"@type\":\"ReadAction\",\"target\":[\"https:\/\/grapil.pl\/produkt\/zapaska-do-pasa-bordowa\/\"]}]},{\"@type\":\"ImageObject\",\"inLanguage\":\"de\",\"@id\":\"https:\/\/grapil.pl\/produkt\/zapaska-do-pasa-bordowa\/#primaryimage\",\"url\":\"https:\/\/grapil.pl\/wp-content\/uploads\/2025\/04\/zapaska-czerwona-kopia.jpg\",\"contentUrl\":\"https:\/\/grapil.pl\/wp-content\/uploads\/2025\/04\/zapaska-czerwona-kopia.jpg\",\"width\":600,\"height\":800},{\"@type\":\"BreadcrumbList\",\"@id\":\"https:\/\/grapil.pl\/produkt\/zapaska-do-pasa-bordowa\/#breadcrumb\",\"itemListElement\":[{\"@type\":\"ListItem\",\"position\":1,\"name\":\"Strona g\u0142\u00f3wna\",\"item\":\"https:\/\/grapil.pl\/\"},{\"@type\":\"ListItem\",\"position\":2,\"name\":\"sklep\",\"item\":\"https:\/\/grapil.pl\/sklep\/\"},{\"@type\":\"ListItem\",\"position\":3,\"name\":\"ZAPASKA do pasa &#8211; BORDOWA\"}]},{\"@type\":\"WebSite\",\"@id\":\"https:\/\/grapil.pl\/#website\",\"url\":\"https:\/\/grapil.pl\/\",\"name\":\"Grapil.pl \u2013 Profesjonalna Odzie\u017c S\u0142u\u017cbowa dla Bran\u017cy Kelnerskiej, HoReCa i Medycyny\",\"description\":\"\",\"potentialAction\":[{\"@type\":\"SearchAction\",\"target\":{\"@type\":\"EntryPoint\",\"urlTemplate\":\"https:\/\/grapil.pl\/?s={search_term_string}\"},\"query-input\":{\"@type\":\"PropertyValueSpecification\",\"valueRequired\":true,\"valueName\":\"search_term_string\"}}],\"inLanguage\":\"de\"}]}<\/script>\n<!-- \/ Yoast SEO plugin. -->","yoast_head_json":{"title":"ZAPASKA do pasa - BORDOWA - Grapil.pl \u2013 Profesjonalna Odzie\u017c S\u0142u\u017cbowa dla Bran\u017cy Kelnerskiej, HoReCa i Medycyny","robots":{"index":"index","follow":"follow","max-snippet":"max-snippet:-1","max-image-preview":"max-image-preview:large","max-video-preview":"max-video-preview:-1"},"canonical":"https:\/\/grapil.pl\/de\/produkt\/burgunderfarbene-gurtelschurze\/","og_locale":"de_DE","og_type":"article","og_title":"ZAPASKA do pasa - BORDOWA - Grapil.pl \u2013 Profesjonalna Odzie\u017c S\u0142u\u017cbowa dla Bran\u017cy Kelnerskiej, HoReCa i Medycyny","og_description":"Zapaska kucharska \u00a0 Zapaska kr\u00f3tka damska\/m\u0119ska BORDOWA\u00a0przeznaczona jest dla obs\u0142ugi kelnerskiej lokali gastronomicznych lub hoteli. Produkt uszyty z wysokiej jako\u015bci","og_url":"https:\/\/grapil.pl\/de\/produkt\/burgunderfarbene-gurtelschurze\/","og_site_name":"Grapil.pl \u2013 Profesjonalna Odzie\u017c S\u0142u\u017cbowa dla Bran\u017cy Kelnerskiej, HoReCa i Medycyny","article_modified_time":"2026-02-17T13:15:38+00:00","og_image":[{"width":600,"height":800,"url":"https:\/\/grapil.pl\/wp-content\/uploads\/2025\/04\/zapaska-czerwona-kopia.jpg","type":"image\/jpeg"}],"twitter_card":"summary_large_image","twitter_misc":{"Gesch\u00e4tzte Lesezeit":"1\u00a0Minute"},"schema":{"@context":"https:\/\/schema.org","@graph":[{"@type":"WebPage","@id":"https:\/\/grapil.pl\/produkt\/zapaska-do-pasa-bordowa\/","url":"https:\/\/grapil.pl\/produkt\/zapaska-do-pasa-bordowa\/","name":"ZAPASKA do pasa - BORDOWA - Grapil.pl \u2013 Profesjonalna Odzie\u017c S\u0142u\u017cbowa dla Bran\u017cy Kelnerskiej, HoReCa i Medycyny","isPartOf":{"@id":"https:\/\/grapil.pl\/#website"},"primaryImageOfPage":{"@id":"https:\/\/grapil.pl\/produkt\/zapaska-do-pasa-bordowa\/#primaryimage"},"image":{"@id":"https:\/\/grapil.pl\/produkt\/zapaska-do-pasa-bordowa\/#primaryimage"},"thumbnailUrl":"https:\/\/grapil.pl\/wp-content\/uploads\/2025\/04\/zapaska-czerwona-kopia.jpg","datePublished":"2025-04-09T15:42:37+00:00","dateModified":"2026-02-17T13:15:38+00:00","breadcrumb":{"@id":"https:\/\/grapil.pl\/produkt\/zapaska-do-pasa-bordowa\/#breadcrumb"},"inLanguage":"de","potentialAction":[{"@type":"ReadAction","target":["https:\/\/grapil.pl\/produkt\/zapaska-do-pasa-bordowa\/"]}]},{"@type":"ImageObject","inLanguage":"de","@id":"https:\/\/grapil.pl\/produkt\/zapaska-do-pasa-bordowa\/#primaryimage","url":"https:\/\/grapil.pl\/wp-content\/uploads\/2025\/04\/zapaska-czerwona-kopia.jpg","contentUrl":"https:\/\/grapil.pl\/wp-content\/uploads\/2025\/04\/zapaska-czerwona-kopia.jpg","width":600,"height":800},{"@type":"BreadcrumbList","@id":"https:\/\/grapil.pl\/produkt\/zapaska-do-pasa-bordowa\/#breadcrumb","itemListElement":[{"@type":"ListItem","position":1,"name":"Strona g\u0142\u00f3wna","item":"https:\/\/grapil.pl\/"},{"@type":"ListItem","position":2,"name":"sklep","item":"https:\/\/grapil.pl\/sklep\/"},{"@type":"ListItem","position":3,"name":"ZAPASKA do pasa &#8211; BORDOWA"}]},{"@type":"WebSite","@id":"https:\/\/grapil.pl\/#website","url":"https:\/\/grapil.pl\/","name":"Grapil.pl \u2013 Profesjonalna Odzie\u017c S\u0142u\u017cbowa dla Bran\u017cy Kelnerskiej, HoReCa i Medycyny","description":"","potentialAction":[{"@type":"SearchAction","target":{"@type":"EntryPoint","urlTemplate":"https:\/\/grapil.pl\/?s={search_term_string}"},"query-input":{"@type":"PropertyValueSpecification","valueRequired":true,"valueName":"search_term_string"}}],"inLanguage":"de"}]}},"_links":{"self":[{"href":"https:\/\/grapil.pl\/de\/wp-json\/wp\/v2\/product\/19612","targetHints":{"allow":["GET"]}}],"collection":[{"href":"https:\/\/grapil.pl\/de\/wp-json\/wp\/v2\/product"}],"about":[{"href":"https:\/\/grapil.pl\/de\/wp-json\/wp\/v2\/types\/product"}],"version-history":[{"count":2,"href":"https:\/\/grapil.pl\/de\/wp-json\/wp\/v2\/product\/19612\/revisions"}],"predecessor-version":[{"id":20992,"href":"https:\/\/grapil.pl\/de\/wp-json\/wp\/v2\/product\/19612\/revisions\/20992"}],"wp:featuredmedia":[{"embeddable":true,"href":"https:\/\/grapil.pl\/de\/wp-json\/wp\/v2\/media\/25176"}],"wp:attachment":[{"href":"https:\/\/grapil.pl\/de\/wp-json\/wp\/v2\/media?parent=19612"}],"wp:term":[{"taxonomy":"product_brand","embeddable":true,"href":"https:\/\/grapil.pl\/de\/wp-json\/wp\/v2\/product_brand?post=19612"},{"taxonomy":"product_cat","embeddable":true,"href":"https:\/\/grapil.pl\/de\/wp-json\/wp\/v2\/product_cat?post=19612"},{"taxonomy":"product_tag","embeddable":true,"href":"https:\/\/grapil.pl\/de\/wp-json\/wp\/v2\/product_tag?post=19612"}],"curies":[{"name":"wp","href":"https:\/\/api.w.org\/{rel}","templated":true}]}}