{"id":19653,"date":"2025-04-09T17:42:59","date_gmt":"2025-04-09T15:42:59","guid":{"rendered":"https:\/\/grapil.pl\/produkt\/zestaw-damski-w-krate-zakiet-spodnica-oraz-blekitna-bluzka\/"},"modified":"2026-02-17T14:20:05","modified_gmt":"2026-02-17T13:20:05","slug":"damenset-aus-karierter-jacke-rock-und-hellblauer-bluse","status":"publish","type":"product","link":"https:\/\/grapil.pl\/de\/produkt\/damenset-aus-karierter-jacke-rock-und-hellblauer-bluse\/","title":{"rendered":"\u017bakiet 4"},"content":{"rendered":"<p><strong><span style=\"font-size: 14pt;\">Kariertes Damen-Set: Jacke, Rock und blaue Bluse.<\/span><\/strong><\/p>\n<p><span style=\"font-size: 12pt;\"><strong>Damenjacke<\/strong><\/span>, klassisch, gef\u00fcttert. Mit 2 Kn\u00f6pfen zu schlie\u00dfen, leicht tailliert, Umlegekragen. Zwei untere Taschen mit Paspelierung.<\/p>\n<p>Karierter Stoff \u2013 marineblaue Basis, blaues Karomuster<\/p>\n<p><strong>Stoffzusammensetzung:<\/strong> Polyester\/ Viskose<\/p>\n<p><strong>Zus\u00e4tzliche kostenpflichtige Artikel:<\/strong><\/p>\n<p>- Stickerei,<\/p>\n<p>-Stoffwechsel<\/p>\n<p>-Schaltfl\u00e4chen \u00e4ndern<\/p>\n<p>\u2013 Innentaschen,<\/p>\n<p>\u2013 benutzerdefinierte Gr\u00f6\u00dfe.<\/p>\n<p><span style=\"font-size: 12pt;\"><strong>Damenrock<\/strong><\/span> Klassisch an breitem Tr\u00e4ger, gef\u00fcttert. Nach unten hin leicht verj\u00fcngt. Mit verdecktem Rei\u00dfverschluss hinten befestigt, ebenfalls mit Schlitz hinten.<\/p>\n<p>Karierter Stoff \u2013 marineblaue Basis, blaues Karomuster<\/p>\n<p><strong>Stoffzusammensetzung:<\/strong> Polyester \/ Viskose<\/p>\n<p><strong>Zus\u00e4tzliche kostenpflichtige Artikel:<\/strong><\/p>\n<p>-Stoffwechsel<\/p>\n<p>\u2013 benutzerdefinierte Gr\u00f6\u00dfe.<\/p>\n<p><span style=\"font-size: 12pt;\"><strong>Klassisches blaues Damenhemd<\/strong><\/span> an einem Stehkragen. Lange \u00c4rmel mit gekn\u00f6pften Manschetten.<\/p>\n<p>Abn\u00e4her, die die Silhouette formen, halbrunder Saum. Hemd mit Kn\u00f6pfen zu schlie\u00dfen, keine Tasche.<\/p>\n<p><strong>Stoffzusammensetzung<\/strong> \u2013 Baumwoll-\/Polyestermischung, Mischung mit Elasthan.<\/p>\n<p>Andere Farbkonfigurationen sind nach Absprache mit dem Kunden m\u00f6glich.<\/p>\n<p><strong>Zus\u00e4tzliche kostenpflichtige Artikel:<\/strong><\/p>\n<p>\u2013 Stickerei (Position (Kragen \u2013 je nach Gr\u00f6\u00dfe, linke Brust, \u00c4rmel, untere Manschette)<\/p>\n<p>-Stoffwechsel<\/p>\n<p>\u2013 benutzerdefinierte Gr\u00f6\u00dfe.<\/p>\n<p><span style=\"color: #ff0000;\">Der Preis wird individuell mit dem Kunden vereinbart.<\/span><\/p>","protected":false},"excerpt":{"rendered":"<p>Damen-Set im Karomuster: Jacke, Rock und hellblaue Bluse. Damenjacke, klassisch, gef\u00fcttert. Mit 2 Kn\u00f6pfen geschlossen, leicht tailliert,<\/p>","protected":false},"featured_media":25375,"template":"","meta":[],"product_brand":[127],"product_cat":[82,145],"product_tag":[],"class_list":{"0":"post-19653","1":"product","2":"type-product","3":"status-publish","4":"has-post-thumbnail","6":"product_brand-produkt-na-zamowienie","7":"product_cat-hotelarstwo","8":"product_cat-zakiety","10":"first","11":"instock","12":"product-type-simple"},"yoast_head":"<!-- This site is optimized with the Yoast SEO plugin v25.3 - https:\/\/yoast.com\/wordpress\/plugins\/seo\/ -->\n<title>\u017bakiet 4 - Grapil.pl \u2013 Profesjonalna Odzie\u017c S\u0142u\u017cbowa dla Bran\u017cy Kelnerskiej, HoReCa i Medycyny<\/title>\n<meta name=\"robots\" content=\"index, follow, max-snippet:-1, max-image-preview:large, max-video-preview:-1\" \/>\n<link rel=\"canonical\" href=\"https:\/\/grapil.pl\/de\/produkt\/damenset-aus-karierter-jacke-rock-und-hellblauer-bluse\/\" \/>\n<meta property=\"og:locale\" content=\"de_DE\" \/>\n<meta property=\"og:type\" content=\"article\" \/>\n<meta property=\"og:title\" content=\"\u017bakiet 4 - Grapil.pl \u2013 Profesjonalna Odzie\u017c S\u0142u\u017cbowa dla Bran\u017cy Kelnerskiej, HoReCa i Medycyny\" \/>\n<meta property=\"og:description\" content=\"Zestaw damski w krat: \u017cakiet, sp\u00f3dnica oraz b\u0142\u0119kitna bluzka. \u017bakiet damski, klasyczny, na podszewce. Zapinany na 2 guziki, lekko taliowany,\" \/>\n<meta property=\"og:url\" content=\"https:\/\/grapil.pl\/de\/produkt\/damenset-aus-karierter-jacke-rock-und-hellblauer-bluse\/\" \/>\n<meta property=\"og:site_name\" content=\"Grapil.pl \u2013 Profesjonalna Odzie\u017c S\u0142u\u017cbowa dla Bran\u017cy Kelnerskiej, HoReCa i Medycyny\" \/>\n<meta property=\"article:modified_time\" content=\"2026-02-17T13:20:05+00:00\" \/>\n<meta property=\"og:image\" content=\"https:\/\/grapil.pl\/wp-content\/uploads\/2025\/04\/zakiet-4-kopia.jpg\" \/>\n\t<meta property=\"og:image:width\" content=\"600\" \/>\n\t<meta property=\"og:image:height\" content=\"799\" \/>\n\t<meta property=\"og:image:type\" content=\"image\/jpeg\" \/>\n<meta name=\"twitter:card\" content=\"summary_large_image\" \/>\n<meta name=\"twitter:label1\" content=\"Gesch\u00e4tzte Lesezeit\" \/>\n\t<meta name=\"twitter:data1\" content=\"2\u00a0Minuten\" \/>\n<script type=\"application\/ld+json\" class=\"yoast-schema-graph\">{\"@context\":\"https:\/\/schema.org\",\"@graph\":[{\"@type\":\"WebPage\",\"@id\":\"https:\/\/grapil.pl\/produkt\/zestaw-damski-w-krate-zakiet-spodnica-oraz-blekitna-bluzka\/\",\"url\":\"https:\/\/grapil.pl\/produkt\/zestaw-damski-w-krate-zakiet-spodnica-oraz-blekitna-bluzka\/\",\"name\":\"\u017bakiet 4 - Grapil.pl \u2013 Profesjonalna Odzie\u017c S\u0142u\u017cbowa dla Bran\u017cy Kelnerskiej, HoReCa i Medycyny\",\"isPartOf\":{\"@id\":\"https:\/\/grapil.pl\/#website\"},\"primaryImageOfPage\":{\"@id\":\"https:\/\/grapil.pl\/produkt\/zestaw-damski-w-krate-zakiet-spodnica-oraz-blekitna-bluzka\/#primaryimage\"},\"image\":{\"@id\":\"https:\/\/grapil.pl\/produkt\/zestaw-damski-w-krate-zakiet-spodnica-oraz-blekitna-bluzka\/#primaryimage\"},\"thumbnailUrl\":\"https:\/\/grapil.pl\/wp-content\/uploads\/2025\/04\/zakiet-4-kopia.jpg\",\"datePublished\":\"2025-04-09T15:42:59+00:00\",\"dateModified\":\"2026-02-17T13:20:05+00:00\",\"breadcrumb\":{\"@id\":\"https:\/\/grapil.pl\/produkt\/zestaw-damski-w-krate-zakiet-spodnica-oraz-blekitna-bluzka\/#breadcrumb\"},\"inLanguage\":\"de\",\"potentialAction\":[{\"@type\":\"ReadAction\",\"target\":[\"https:\/\/grapil.pl\/produkt\/zestaw-damski-w-krate-zakiet-spodnica-oraz-blekitna-bluzka\/\"]}]},{\"@type\":\"ImageObject\",\"inLanguage\":\"de\",\"@id\":\"https:\/\/grapil.pl\/produkt\/zestaw-damski-w-krate-zakiet-spodnica-oraz-blekitna-bluzka\/#primaryimage\",\"url\":\"https:\/\/grapil.pl\/wp-content\/uploads\/2025\/04\/zakiet-4-kopia.jpg\",\"contentUrl\":\"https:\/\/grapil.pl\/wp-content\/uploads\/2025\/04\/zakiet-4-kopia.jpg\",\"width\":600,\"height\":799},{\"@type\":\"BreadcrumbList\",\"@id\":\"https:\/\/grapil.pl\/produkt\/zestaw-damski-w-krate-zakiet-spodnica-oraz-blekitna-bluzka\/#breadcrumb\",\"itemListElement\":[{\"@type\":\"ListItem\",\"position\":1,\"name\":\"Strona g\u0142\u00f3wna\",\"item\":\"https:\/\/grapil.pl\/\"},{\"@type\":\"ListItem\",\"position\":2,\"name\":\"sklep\",\"item\":\"https:\/\/grapil.pl\/sklep\/\"},{\"@type\":\"ListItem\",\"position\":3,\"name\":\"\u017bakiet 4\"}]},{\"@type\":\"WebSite\",\"@id\":\"https:\/\/grapil.pl\/#website\",\"url\":\"https:\/\/grapil.pl\/\",\"name\":\"Grapil.pl \u2013 Profesjonalna Odzie\u017c S\u0142u\u017cbowa dla Bran\u017cy Kelnerskiej, HoReCa i Medycyny\",\"description\":\"\",\"potentialAction\":[{\"@type\":\"SearchAction\",\"target\":{\"@type\":\"EntryPoint\",\"urlTemplate\":\"https:\/\/grapil.pl\/?s={search_term_string}\"},\"query-input\":{\"@type\":\"PropertyValueSpecification\",\"valueRequired\":true,\"valueName\":\"search_term_string\"}}],\"inLanguage\":\"de\"}]}<\/script>\n<!-- \/ Yoast SEO plugin. -->","yoast_head_json":{"title":"\u017bakiet 4 - Grapil.pl \u2013 Profesjonalna Odzie\u017c S\u0142u\u017cbowa dla Bran\u017cy Kelnerskiej, HoReCa i Medycyny","robots":{"index":"index","follow":"follow","max-snippet":"max-snippet:-1","max-image-preview":"max-image-preview:large","max-video-preview":"max-video-preview:-1"},"canonical":"https:\/\/grapil.pl\/de\/produkt\/damenset-aus-karierter-jacke-rock-und-hellblauer-bluse\/","og_locale":"de_DE","og_type":"article","og_title":"\u017bakiet 4 - Grapil.pl \u2013 Profesjonalna Odzie\u017c S\u0142u\u017cbowa dla Bran\u017cy Kelnerskiej, HoReCa i Medycyny","og_description":"Zestaw damski w krat: \u017cakiet, sp\u00f3dnica oraz b\u0142\u0119kitna bluzka. \u017bakiet damski, klasyczny, na podszewce. Zapinany na 2 guziki, lekko taliowany,","og_url":"https:\/\/grapil.pl\/de\/produkt\/damenset-aus-karierter-jacke-rock-und-hellblauer-bluse\/","og_site_name":"Grapil.pl \u2013 Profesjonalna Odzie\u017c S\u0142u\u017cbowa dla Bran\u017cy Kelnerskiej, HoReCa i Medycyny","article_modified_time":"2026-02-17T13:20:05+00:00","og_image":[{"width":600,"height":799,"url":"https:\/\/grapil.pl\/wp-content\/uploads\/2025\/04\/zakiet-4-kopia.jpg","type":"image\/jpeg"}],"twitter_card":"summary_large_image","twitter_misc":{"Gesch\u00e4tzte Lesezeit":"2\u00a0Minuten"},"schema":{"@context":"https:\/\/schema.org","@graph":[{"@type":"WebPage","@id":"https:\/\/grapil.pl\/produkt\/zestaw-damski-w-krate-zakiet-spodnica-oraz-blekitna-bluzka\/","url":"https:\/\/grapil.pl\/produkt\/zestaw-damski-w-krate-zakiet-spodnica-oraz-blekitna-bluzka\/","name":"\u017bakiet 4 - Grapil.pl \u2013 Profesjonalna Odzie\u017c S\u0142u\u017cbowa dla Bran\u017cy Kelnerskiej, HoReCa i Medycyny","isPartOf":{"@id":"https:\/\/grapil.pl\/#website"},"primaryImageOfPage":{"@id":"https:\/\/grapil.pl\/produkt\/zestaw-damski-w-krate-zakiet-spodnica-oraz-blekitna-bluzka\/#primaryimage"},"image":{"@id":"https:\/\/grapil.pl\/produkt\/zestaw-damski-w-krate-zakiet-spodnica-oraz-blekitna-bluzka\/#primaryimage"},"thumbnailUrl":"https:\/\/grapil.pl\/wp-content\/uploads\/2025\/04\/zakiet-4-kopia.jpg","datePublished":"2025-04-09T15:42:59+00:00","dateModified":"2026-02-17T13:20:05+00:00","breadcrumb":{"@id":"https:\/\/grapil.pl\/produkt\/zestaw-damski-w-krate-zakiet-spodnica-oraz-blekitna-bluzka\/#breadcrumb"},"inLanguage":"de","potentialAction":[{"@type":"ReadAction","target":["https:\/\/grapil.pl\/produkt\/zestaw-damski-w-krate-zakiet-spodnica-oraz-blekitna-bluzka\/"]}]},{"@type":"ImageObject","inLanguage":"de","@id":"https:\/\/grapil.pl\/produkt\/zestaw-damski-w-krate-zakiet-spodnica-oraz-blekitna-bluzka\/#primaryimage","url":"https:\/\/grapil.pl\/wp-content\/uploads\/2025\/04\/zakiet-4-kopia.jpg","contentUrl":"https:\/\/grapil.pl\/wp-content\/uploads\/2025\/04\/zakiet-4-kopia.jpg","width":600,"height":799},{"@type":"BreadcrumbList","@id":"https:\/\/grapil.pl\/produkt\/zestaw-damski-w-krate-zakiet-spodnica-oraz-blekitna-bluzka\/#breadcrumb","itemListElement":[{"@type":"ListItem","position":1,"name":"Strona g\u0142\u00f3wna","item":"https:\/\/grapil.pl\/"},{"@type":"ListItem","position":2,"name":"sklep","item":"https:\/\/grapil.pl\/sklep\/"},{"@type":"ListItem","position":3,"name":"\u017bakiet 4"}]},{"@type":"WebSite","@id":"https:\/\/grapil.pl\/#website","url":"https:\/\/grapil.pl\/","name":"Grapil.pl \u2013 Profesjonalna Odzie\u017c S\u0142u\u017cbowa dla Bran\u017cy Kelnerskiej, HoReCa i Medycyny","description":"","potentialAction":[{"@type":"SearchAction","target":{"@type":"EntryPoint","urlTemplate":"https:\/\/grapil.pl\/?s={search_term_string}"},"query-input":{"@type":"PropertyValueSpecification","valueRequired":true,"valueName":"search_term_string"}}],"inLanguage":"de"}]}},"_links":{"self":[{"href":"https:\/\/grapil.pl\/de\/wp-json\/wp\/v2\/product\/19653","targetHints":{"allow":["GET"]}}],"collection":[{"href":"https:\/\/grapil.pl\/de\/wp-json\/wp\/v2\/product"}],"about":[{"href":"https:\/\/grapil.pl\/de\/wp-json\/wp\/v2\/types\/product"}],"version-history":[{"count":3,"href":"https:\/\/grapil.pl\/de\/wp-json\/wp\/v2\/product\/19653\/revisions"}],"predecessor-version":[{"id":25376,"href":"https:\/\/grapil.pl\/de\/wp-json\/wp\/v2\/product\/19653\/revisions\/25376"}],"wp:featuredmedia":[{"embeddable":true,"href":"https:\/\/grapil.pl\/de\/wp-json\/wp\/v2\/media\/25375"}],"wp:attachment":[{"href":"https:\/\/grapil.pl\/de\/wp-json\/wp\/v2\/media?parent=19653"}],"wp:term":[{"taxonomy":"product_brand","embeddable":true,"href":"https:\/\/grapil.pl\/de\/wp-json\/wp\/v2\/product_brand?post=19653"},{"taxonomy":"product_cat","embeddable":true,"href":"https:\/\/grapil.pl\/de\/wp-json\/wp\/v2\/product_cat?post=19653"},{"taxonomy":"product_tag","embeddable":true,"href":"https:\/\/grapil.pl\/de\/wp-json\/wp\/v2\/product_tag?post=19653"}],"curies":[{"name":"wp","href":"https:\/\/api.w.org\/{rel}","templated":true}]}}