{"id":19728,"date":"2025-04-09T17:43:26","date_gmt":"2025-04-09T15:43:26","guid":{"rendered":"https:\/\/grapil.pl\/produkt\/polar-roboczy-refus-zoltywariant1\/"},"modified":"2025-04-14T12:09:16","modified_gmt":"2025-04-14T10:09:16","slug":"refuse-arbeitsfleece-gelbvariante1","status":"publish","type":"product","link":"https:\/\/grapil.pl\/de\/produkt\/refuse-arbeitsfleece-gelbvariante1\/","title":{"rendered":"Refus Arbeitsvlies gelb"},"content":{"rendered":"<h1>Fluoreszierendes Fleece-Sweatshirt<\/h1>\n<p><strong>Gewicht 300g\/m 2<\/strong>\u00a0, aus 100%-Polyester.<\/p>\n<h2>Merkmal:<\/h2>\n<ul>\n<li><strong>eingen\u00e4hte Reflektorstreifen<\/strong>\u00a0am Rumpf und an den \u00c4rmeln \u2013 erh\u00f6ht die Sicherheit des Benutzers<\/li>\n<li>mit Rei\u00dfverschluss befestigt<\/li>\n<li><strong>\u00c4rmel mit Gummiband \u2013 dadurch wird der Durchtritt kalter Luft darunter begrenzt<\/strong><\/li>\n<li>der untere Teil des Sweatshirts ist mit einem elastischen Band verstellbar<\/li>\n<li>Kragen \u2013 hoher Stehkragen<\/li>\n<li><strong>3 Au\u00dfentaschen mit Rei\u00dfverschluss<\/strong>, darunter 2 seitliche und 1 napoleonisches (auf der Brust),<\/li>\n<\/ul>\n<p>Perfekt f\u00fcr Arbeiten, die eine erh\u00f6hte Sichtbarkeit des Benutzers erfordern.<\/p>\n<p>CE Kat.I EN ISO 13688:2013<\/p>\n<p>Reflektierendes Vlies ist f\u00fcr Arbeiter konzipiert, die an Orten mit eingeschr\u00e4nkter Sicht oder in der N\u00e4he von Maschinen arbeiten. Es eignet sich gut f\u00fcr Laderampen, Br\u00fcckenkr\u00e4ne, Baustellen und Stra\u00dfen.<\/p>\n<p>Das Arbeitsfleece-Sweatshirt ist sehr warm und sch\u00fctzt den K\u00f6rper bei niedrigen Temperaturen vor dem Ausk\u00fchlen. Das Polyestergewebe ist resistent gegen hartn\u00e4ckigen Schmutz. Es l\u00e4sst sich mit Waschmittel waschen und trocknet innerhalb k\u00fcrzester Zeit. Dies liegt daran, dass Polyesterfasern kein Wasser aufnehmen.<\/p>\n<p><a title=\"Arbeitsvlies\" href=\"https:\/\/grapil.pl\/de\/pl\/c\/fleece-und-arbeitssweatshirts\/20\/\">Arbeitsvlies<\/a> Refus ist dank Rei\u00dfverschl\u00fcssen bequem zu tragen und praktisch zu verwenden. Die damit ausgestatteten Taschen sind absolut sicher und die darin enthaltenen Gegenst\u00e4nde fallen auch in ungew\u00f6hnlichen Positionen nicht heraus.<\/p>\n<p>Neben der Windbest\u00e4ndigkeit ist das Fleece mit einem Kordelzug, elastischen B\u00fcndchen in den \u00c4rmeln und einem Stehkragen am K\u00f6rper befestigt, was den W\u00e4rmekomfort verbessert. Dar\u00fcber hinaus sch\u00fctzt das fluoreszierende Sweatshirt wirksam vor versehentlichen Verletzungen und Absch\u00fcrfungen.<\/p>","protected":false},"excerpt":{"rendered":"<p>Fluoreszierendes Fleece-Sweatshirt mit einem Gewicht von 300 g\/m\u00b2, hergestellt aus 100%-Polyester. Besonderheiten: aufgen\u00e4hte Reflektorstreifen am Rumpf und an den \u00c4rmeln - erh\u00f6hen die Sicherheit<\/p>","protected":false},"featured_media":19730,"template":"","meta":[],"product_brand":[91],"product_cat":[86,92,100,120],"product_tag":[],"class_list":{"0":"post-19728","1":"product","2":"type-product","3":"status-publish","4":"has-post-thumbnail","6":"product_brand-artmas","7":"product_cat-sklepbhp","8":"product_cat-odziez-robocza","9":"product_cat-polary-i-bluzy-robocze","10":"product_cat-polary-i-bluzy-meskie","12":"first","13":"instock","14":"product-type-variable","15":"wvs-archive-product-wrapper"},"yoast_head":"<!-- This site is optimized with the Yoast SEO plugin v25.3 - https:\/\/yoast.com\/wordpress\/plugins\/seo\/ -->\n<title>Polar roboczy Refus \u017c\u00f3\u0142ty - Grapil.pl \u2013 Profesjonalna Odzie\u017c S\u0142u\u017cbowa dla Bran\u017cy Kelnerskiej, HoReCa i Medycyny<\/title>\n<meta name=\"robots\" content=\"index, follow, max-snippet:-1, max-image-preview:large, max-video-preview:-1\" \/>\n<link rel=\"canonical\" href=\"https:\/\/grapil.pl\/de\/produkt\/refuse-arbeitsfleece-gelbvariante1\/\" \/>\n<meta property=\"og:locale\" content=\"de_DE\" \/>\n<meta property=\"og:type\" content=\"article\" \/>\n<meta property=\"og:title\" content=\"Polar roboczy Refus \u017c\u00f3\u0142ty - Grapil.pl \u2013 Profesjonalna Odzie\u017c S\u0142u\u017cbowa dla Bran\u017cy Kelnerskiej, HoReCa i Medycyny\" \/>\n<meta property=\"og:description\" content=\"Flouorescencyjna bluza polarowa o gramaturze 300g\/m 2\u00a0, wykonana z 100% poliestru. Charakterystyka: naszyte pasy odblaskowe\u00a0na torsie i r\u0119kawach- podnosz\u0105ce bezpiecze\u0144stwo\" \/>\n<meta property=\"og:url\" content=\"https:\/\/grapil.pl\/de\/produkt\/refuse-arbeitsfleece-gelbvariante1\/\" \/>\n<meta property=\"og:site_name\" content=\"Grapil.pl \u2013 Profesjonalna Odzie\u017c S\u0142u\u017cbowa dla Bran\u017cy Kelnerskiej, HoReCa i Medycyny\" \/>\n<meta property=\"article:modified_time\" content=\"2025-04-14T10:09:16+00:00\" \/>\n<meta property=\"og:image\" content=\"https:\/\/grapil.pl\/wp-content\/uploads\/2025\/04\/21032.jpg\" \/>\n\t<meta property=\"og:image:width\" content=\"700\" \/>\n\t<meta property=\"og:image:height\" content=\"700\" \/>\n\t<meta property=\"og:image:type\" content=\"image\/jpeg\" \/>\n<meta name=\"twitter:card\" content=\"summary_large_image\" \/>\n<meta name=\"twitter:label1\" content=\"Gesch\u00e4tzte Lesezeit\" \/>\n\t<meta name=\"twitter:data1\" content=\"2\u00a0Minuten\" \/>\n<script type=\"application\/ld+json\" class=\"yoast-schema-graph\">{\"@context\":\"https:\/\/schema.org\",\"@graph\":[{\"@type\":\"WebPage\",\"@id\":\"https:\/\/grapil.pl\/produkt\/polar-roboczy-refus-zoltywariant1\/\",\"url\":\"https:\/\/grapil.pl\/produkt\/polar-roboczy-refus-zoltywariant1\/\",\"name\":\"Polar roboczy Refus \u017c\u00f3\u0142ty - Grapil.pl \u2013 Profesjonalna Odzie\u017c S\u0142u\u017cbowa dla Bran\u017cy Kelnerskiej, HoReCa i Medycyny\",\"isPartOf\":{\"@id\":\"https:\/\/grapil.pl\/#website\"},\"primaryImageOfPage\":{\"@id\":\"https:\/\/grapil.pl\/produkt\/polar-roboczy-refus-zoltywariant1\/#primaryimage\"},\"image\":{\"@id\":\"https:\/\/grapil.pl\/produkt\/polar-roboczy-refus-zoltywariant1\/#primaryimage\"},\"thumbnailUrl\":\"https:\/\/grapil.pl\/wp-content\/uploads\/2025\/04\/21032.jpg\",\"datePublished\":\"2025-04-09T15:43:26+00:00\",\"dateModified\":\"2025-04-14T10:09:16+00:00\",\"breadcrumb\":{\"@id\":\"https:\/\/grapil.pl\/produkt\/polar-roboczy-refus-zoltywariant1\/#breadcrumb\"},\"inLanguage\":\"de\",\"potentialAction\":[{\"@type\":\"ReadAction\",\"target\":[\"https:\/\/grapil.pl\/produkt\/polar-roboczy-refus-zoltywariant1\/\"]}]},{\"@type\":\"ImageObject\",\"inLanguage\":\"de\",\"@id\":\"https:\/\/grapil.pl\/produkt\/polar-roboczy-refus-zoltywariant1\/#primaryimage\",\"url\":\"https:\/\/grapil.pl\/wp-content\/uploads\/2025\/04\/21032.jpg\",\"contentUrl\":\"https:\/\/grapil.pl\/wp-content\/uploads\/2025\/04\/21032.jpg\",\"width\":700,\"height\":700},{\"@type\":\"BreadcrumbList\",\"@id\":\"https:\/\/grapil.pl\/produkt\/polar-roboczy-refus-zoltywariant1\/#breadcrumb\",\"itemListElement\":[{\"@type\":\"ListItem\",\"position\":1,\"name\":\"Strona g\u0142\u00f3wna\",\"item\":\"https:\/\/grapil.pl\/\"},{\"@type\":\"ListItem\",\"position\":2,\"name\":\"sklep\",\"item\":\"https:\/\/grapil.pl\/sklep\/\"},{\"@type\":\"ListItem\",\"position\":3,\"name\":\"Polar roboczy Refus \u017c\u00f3\u0142ty\"}]},{\"@type\":\"WebSite\",\"@id\":\"https:\/\/grapil.pl\/#website\",\"url\":\"https:\/\/grapil.pl\/\",\"name\":\"Grapil.pl \u2013 Profesjonalna Odzie\u017c S\u0142u\u017cbowa dla Bran\u017cy Kelnerskiej, HoReCa i Medycyny\",\"description\":\"\",\"potentialAction\":[{\"@type\":\"SearchAction\",\"target\":{\"@type\":\"EntryPoint\",\"urlTemplate\":\"https:\/\/grapil.pl\/?s={search_term_string}\"},\"query-input\":{\"@type\":\"PropertyValueSpecification\",\"valueRequired\":true,\"valueName\":\"search_term_string\"}}],\"inLanguage\":\"de\"}]}<\/script>\n<!-- \/ Yoast SEO plugin. -->","yoast_head_json":{"title":"Polar roboczy Refus \u017c\u00f3\u0142ty - Grapil.pl \u2013 Profesjonalna Odzie\u017c S\u0142u\u017cbowa dla Bran\u017cy Kelnerskiej, HoReCa i Medycyny","robots":{"index":"index","follow":"follow","max-snippet":"max-snippet:-1","max-image-preview":"max-image-preview:large","max-video-preview":"max-video-preview:-1"},"canonical":"https:\/\/grapil.pl\/de\/produkt\/refuse-arbeitsfleece-gelbvariante1\/","og_locale":"de_DE","og_type":"article","og_title":"Polar roboczy Refus \u017c\u00f3\u0142ty - Grapil.pl \u2013 Profesjonalna Odzie\u017c S\u0142u\u017cbowa dla Bran\u017cy Kelnerskiej, HoReCa i Medycyny","og_description":"Flouorescencyjna bluza polarowa o gramaturze 300g\/m 2\u00a0, wykonana z 100% poliestru. Charakterystyka: naszyte pasy odblaskowe\u00a0na torsie i r\u0119kawach- podnosz\u0105ce bezpiecze\u0144stwo","og_url":"https:\/\/grapil.pl\/de\/produkt\/refuse-arbeitsfleece-gelbvariante1\/","og_site_name":"Grapil.pl \u2013 Profesjonalna Odzie\u017c S\u0142u\u017cbowa dla Bran\u017cy Kelnerskiej, HoReCa i Medycyny","article_modified_time":"2025-04-14T10:09:16+00:00","og_image":[{"width":700,"height":700,"url":"https:\/\/grapil.pl\/wp-content\/uploads\/2025\/04\/21032.jpg","type":"image\/jpeg"}],"twitter_card":"summary_large_image","twitter_misc":{"Gesch\u00e4tzte Lesezeit":"2\u00a0Minuten"},"schema":{"@context":"https:\/\/schema.org","@graph":[{"@type":"WebPage","@id":"https:\/\/grapil.pl\/produkt\/polar-roboczy-refus-zoltywariant1\/","url":"https:\/\/grapil.pl\/produkt\/polar-roboczy-refus-zoltywariant1\/","name":"Polar roboczy Refus \u017c\u00f3\u0142ty - Grapil.pl \u2013 Profesjonalna Odzie\u017c S\u0142u\u017cbowa dla Bran\u017cy Kelnerskiej, HoReCa i Medycyny","isPartOf":{"@id":"https:\/\/grapil.pl\/#website"},"primaryImageOfPage":{"@id":"https:\/\/grapil.pl\/produkt\/polar-roboczy-refus-zoltywariant1\/#primaryimage"},"image":{"@id":"https:\/\/grapil.pl\/produkt\/polar-roboczy-refus-zoltywariant1\/#primaryimage"},"thumbnailUrl":"https:\/\/grapil.pl\/wp-content\/uploads\/2025\/04\/21032.jpg","datePublished":"2025-04-09T15:43:26+00:00","dateModified":"2025-04-14T10:09:16+00:00","breadcrumb":{"@id":"https:\/\/grapil.pl\/produkt\/polar-roboczy-refus-zoltywariant1\/#breadcrumb"},"inLanguage":"de","potentialAction":[{"@type":"ReadAction","target":["https:\/\/grapil.pl\/produkt\/polar-roboczy-refus-zoltywariant1\/"]}]},{"@type":"ImageObject","inLanguage":"de","@id":"https:\/\/grapil.pl\/produkt\/polar-roboczy-refus-zoltywariant1\/#primaryimage","url":"https:\/\/grapil.pl\/wp-content\/uploads\/2025\/04\/21032.jpg","contentUrl":"https:\/\/grapil.pl\/wp-content\/uploads\/2025\/04\/21032.jpg","width":700,"height":700},{"@type":"BreadcrumbList","@id":"https:\/\/grapil.pl\/produkt\/polar-roboczy-refus-zoltywariant1\/#breadcrumb","itemListElement":[{"@type":"ListItem","position":1,"name":"Strona g\u0142\u00f3wna","item":"https:\/\/grapil.pl\/"},{"@type":"ListItem","position":2,"name":"sklep","item":"https:\/\/grapil.pl\/sklep\/"},{"@type":"ListItem","position":3,"name":"Polar roboczy Refus \u017c\u00f3\u0142ty"}]},{"@type":"WebSite","@id":"https:\/\/grapil.pl\/#website","url":"https:\/\/grapil.pl\/","name":"Grapil.pl \u2013 Profesjonalna Odzie\u017c S\u0142u\u017cbowa dla Bran\u017cy Kelnerskiej, HoReCa i Medycyny","description":"","potentialAction":[{"@type":"SearchAction","target":{"@type":"EntryPoint","urlTemplate":"https:\/\/grapil.pl\/?s={search_term_string}"},"query-input":{"@type":"PropertyValueSpecification","valueRequired":true,"valueName":"search_term_string"}}],"inLanguage":"de"}]}},"_links":{"self":[{"href":"https:\/\/grapil.pl\/de\/wp-json\/wp\/v2\/product\/19728","targetHints":{"allow":["GET"]}}],"collection":[{"href":"https:\/\/grapil.pl\/de\/wp-json\/wp\/v2\/product"}],"about":[{"href":"https:\/\/grapil.pl\/de\/wp-json\/wp\/v2\/types\/product"}],"version-history":[{"count":2,"href":"https:\/\/grapil.pl\/de\/wp-json\/wp\/v2\/product\/19728\/revisions"}],"predecessor-version":[{"id":19965,"href":"https:\/\/grapil.pl\/de\/wp-json\/wp\/v2\/product\/19728\/revisions\/19965"}],"wp:featuredmedia":[{"embeddable":true,"href":"https:\/\/grapil.pl\/de\/wp-json\/wp\/v2\/media\/19730"}],"wp:attachment":[{"href":"https:\/\/grapil.pl\/de\/wp-json\/wp\/v2\/media?parent=19728"}],"wp:term":[{"taxonomy":"product_brand","embeddable":true,"href":"https:\/\/grapil.pl\/de\/wp-json\/wp\/v2\/product_brand?post=19728"},{"taxonomy":"product_cat","embeddable":true,"href":"https:\/\/grapil.pl\/de\/wp-json\/wp\/v2\/product_cat?post=19728"},{"taxonomy":"product_tag","embeddable":true,"href":"https:\/\/grapil.pl\/de\/wp-json\/wp\/v2\/product_tag?post=19728"}],"curies":[{"name":"wp","href":"https:\/\/api.w.org\/{rel}","templated":true}]}}