{"id":19731,"date":"2025-04-09T17:43:26","date_gmt":"2025-04-09T15:43:26","guid":{"rendered":"https:\/\/grapil.pl\/produkt\/polar-roboczy-odblaskowy-ref-pomaranczowywariant1\/"},"modified":"2025-04-14T12:11:15","modified_gmt":"2025-04-14T10:11:15","slug":"reflektierendes-arbeitsvlies-ref-orangevariante1","status":"publish","type":"product","link":"https:\/\/grapil.pl\/de\/produkt\/reflektierendes-arbeitsvlies-ref-orangevariante1\/","title":{"rendered":"REF orange reflektierendes Arbeitsvlies"},"content":{"rendered":"<h1>Fleece REF ORANGE<\/h1>\n<p>Reflektierendes Fleece ist eine Arbeitsuniform, die alle Gesundheits- und Sicherheitsanforderungen erf\u00fcllt. Einerseits verbessert es die Sichtbarkeit des Mitarbeiters auf der Stra\u00dfe oder am Arbeitsplatz von Maschinen und Gabelstaplern. Andererseits bietet das weiche und dicke Fleecegewebe wirksamen Schutz vor K\u00e4lte bei gleichzeitiger Wahrung der vollen Bewegungsfreiheit.<\/p>\n<p>Neben seiner intensiven gr\u00fcnen Farbe verf\u00fcgt das reflektierende Fleece \u00fcber zus\u00e4tzliche Streifen, die auch bei schlechten Lichtverh\u00e4ltnissen oder im Halbdunkel perfekt sichtbar sind. Das Sweatshirt ist sorgf\u00e4ltig mit Doppeln\u00e4hten verarbeitet und mit praktischen Rei\u00dfverschlusstaschen ausgestattet. Dank der f\u00fcnf verf\u00fcgbaren Gr\u00f6\u00dfen l\u00e4sst sich das reflektierende Fleece an jede Figur anpassen.<\/p>\n<p><strong>Fluoreszierend<\/strong>\u00a0Fleece-Sweatshirt,\u00a0<strong>dick<\/strong>\u00a0&#8211;\u00a0<strong>hohes Gewicht<\/strong>\u00a0400 g\/m2, aus 100%-Polyester.<\/p>\n<p>Perfekt f\u00fcr Arbeiten mit erh\u00f6hten\u00a0<strong>Benutzersichtbarkeit.<\/strong><\/p>\n<h2>Merkmal:<\/h2>\n<ul>\n<li>eingen\u00e4hte Reflektorstreifen am Rumpf und an den \u00c4rmeln,<\/li>\n<li>mit Rei\u00dfverschluss befestigt<\/li>\n<li>\u00c4rmel mit Gummiband - das begrenzt den Durchgang kalter Luft darunter<\/li>\n<li>der untere Teil des Sweatshirts ist mit einem elastischen Band verstellbar<\/li>\n<li>Kragen \u2013 hoher Stehkragen<\/li>\n<li>2 Au\u00dfentaschen mit Rei\u00dfverschluss,<\/li>\n<\/ul>","protected":false},"excerpt":{"rendered":"<p>Polar REF ORANGE Reflective Fleece ist ein Arbeitsoutfit, das alle Gesundheits- und Sicherheitsanforderungen erf\u00fcllt. Einerseits verbessert es die Sichtbarkeit des Mitarbeiters auf der Stra\u00dfe<\/p>","protected":false},"featured_media":19733,"template":"","meta":[],"product_brand":[91],"product_cat":[86,92,100,120],"product_tag":[],"class_list":{"0":"post-19731","1":"product","2":"type-product","3":"status-publish","4":"has-post-thumbnail","6":"product_brand-artmas","7":"product_cat-sklepbhp","8":"product_cat-odziez-robocza","9":"product_cat-polary-i-bluzy-robocze","10":"product_cat-polary-i-bluzy-meskie","12":"first","13":"instock","14":"product-type-variable","15":"wvs-archive-product-wrapper"},"yoast_head":"<!-- This site is optimized with the Yoast SEO plugin v25.3 - https:\/\/yoast.com\/wordpress\/plugins\/seo\/ -->\n<title>Polar roboczy odblaskowy REF pomara\u0144czowy - Grapil.pl \u2013 Profesjonalna Odzie\u017c S\u0142u\u017cbowa dla Bran\u017cy Kelnerskiej, HoReCa i Medycyny<\/title>\n<meta name=\"robots\" content=\"index, follow, max-snippet:-1, max-image-preview:large, max-video-preview:-1\" \/>\n<link rel=\"canonical\" href=\"https:\/\/grapil.pl\/de\/produkt\/reflektierendes-arbeitsvlies-ref-orangevariante1\/\" \/>\n<meta property=\"og:locale\" content=\"de_DE\" \/>\n<meta property=\"og:type\" content=\"article\" \/>\n<meta property=\"og:title\" content=\"Polar roboczy odblaskowy REF pomara\u0144czowy - Grapil.pl \u2013 Profesjonalna Odzie\u017c S\u0142u\u017cbowa dla Bran\u017cy Kelnerskiej, HoReCa i Medycyny\" \/>\n<meta property=\"og:description\" content=\"Polar REF\u00a0ORANGE Polar odblaskowy jest strojem roboczym, kt\u00f3ry spe\u0142nia wszystkie wymogi BHP. Z jednej strony poprawia widoczno\u015b\u0107 pracownika na drodze\" \/>\n<meta property=\"og:url\" content=\"https:\/\/grapil.pl\/de\/produkt\/reflektierendes-arbeitsvlies-ref-orangevariante1\/\" \/>\n<meta property=\"og:site_name\" content=\"Grapil.pl \u2013 Profesjonalna Odzie\u017c S\u0142u\u017cbowa dla Bran\u017cy Kelnerskiej, HoReCa i Medycyny\" \/>\n<meta property=\"article:modified_time\" content=\"2025-04-14T10:11:15+00:00\" \/>\n<meta property=\"og:image\" content=\"https:\/\/grapil.pl\/wp-content\/uploads\/2025\/04\/21028.jpg\" \/>\n\t<meta property=\"og:image:width\" content=\"700\" \/>\n\t<meta property=\"og:image:height\" content=\"700\" \/>\n\t<meta property=\"og:image:type\" content=\"image\/jpeg\" \/>\n<meta name=\"twitter:card\" content=\"summary_large_image\" \/>\n<meta name=\"twitter:label1\" content=\"Gesch\u00e4tzte Lesezeit\" \/>\n\t<meta name=\"twitter:data1\" content=\"2\u00a0Minuten\" \/>\n<script type=\"application\/ld+json\" class=\"yoast-schema-graph\">{\"@context\":\"https:\/\/schema.org\",\"@graph\":[{\"@type\":\"WebPage\",\"@id\":\"https:\/\/grapil.pl\/produkt\/polar-roboczy-odblaskowy-ref-pomaranczowywariant1\/\",\"url\":\"https:\/\/grapil.pl\/produkt\/polar-roboczy-odblaskowy-ref-pomaranczowywariant1\/\",\"name\":\"Polar roboczy odblaskowy REF pomara\u0144czowy - Grapil.pl \u2013 Profesjonalna Odzie\u017c S\u0142u\u017cbowa dla Bran\u017cy Kelnerskiej, HoReCa i Medycyny\",\"isPartOf\":{\"@id\":\"https:\/\/grapil.pl\/#website\"},\"primaryImageOfPage\":{\"@id\":\"https:\/\/grapil.pl\/produkt\/polar-roboczy-odblaskowy-ref-pomaranczowywariant1\/#primaryimage\"},\"image\":{\"@id\":\"https:\/\/grapil.pl\/produkt\/polar-roboczy-odblaskowy-ref-pomaranczowywariant1\/#primaryimage\"},\"thumbnailUrl\":\"https:\/\/grapil.pl\/wp-content\/uploads\/2025\/04\/21028.jpg\",\"datePublished\":\"2025-04-09T15:43:26+00:00\",\"dateModified\":\"2025-04-14T10:11:15+00:00\",\"breadcrumb\":{\"@id\":\"https:\/\/grapil.pl\/produkt\/polar-roboczy-odblaskowy-ref-pomaranczowywariant1\/#breadcrumb\"},\"inLanguage\":\"de\",\"potentialAction\":[{\"@type\":\"ReadAction\",\"target\":[\"https:\/\/grapil.pl\/produkt\/polar-roboczy-odblaskowy-ref-pomaranczowywariant1\/\"]}]},{\"@type\":\"ImageObject\",\"inLanguage\":\"de\",\"@id\":\"https:\/\/grapil.pl\/produkt\/polar-roboczy-odblaskowy-ref-pomaranczowywariant1\/#primaryimage\",\"url\":\"https:\/\/grapil.pl\/wp-content\/uploads\/2025\/04\/21028.jpg\",\"contentUrl\":\"https:\/\/grapil.pl\/wp-content\/uploads\/2025\/04\/21028.jpg\",\"width\":700,\"height\":700},{\"@type\":\"BreadcrumbList\",\"@id\":\"https:\/\/grapil.pl\/produkt\/polar-roboczy-odblaskowy-ref-pomaranczowywariant1\/#breadcrumb\",\"itemListElement\":[{\"@type\":\"ListItem\",\"position\":1,\"name\":\"Strona g\u0142\u00f3wna\",\"item\":\"https:\/\/grapil.pl\/\"},{\"@type\":\"ListItem\",\"position\":2,\"name\":\"sklep\",\"item\":\"https:\/\/grapil.pl\/sklep\/\"},{\"@type\":\"ListItem\",\"position\":3,\"name\":\"Polar roboczy odblaskowy REF pomara\u0144czowy\"}]},{\"@type\":\"WebSite\",\"@id\":\"https:\/\/grapil.pl\/#website\",\"url\":\"https:\/\/grapil.pl\/\",\"name\":\"Grapil.pl \u2013 Profesjonalna Odzie\u017c S\u0142u\u017cbowa dla Bran\u017cy Kelnerskiej, HoReCa i Medycyny\",\"description\":\"\",\"potentialAction\":[{\"@type\":\"SearchAction\",\"target\":{\"@type\":\"EntryPoint\",\"urlTemplate\":\"https:\/\/grapil.pl\/?s={search_term_string}\"},\"query-input\":{\"@type\":\"PropertyValueSpecification\",\"valueRequired\":true,\"valueName\":\"search_term_string\"}}],\"inLanguage\":\"de\"}]}<\/script>\n<!-- \/ Yoast SEO plugin. -->","yoast_head_json":{"title":"Polar roboczy odblaskowy REF pomara\u0144czowy - Grapil.pl \u2013 Profesjonalna Odzie\u017c S\u0142u\u017cbowa dla Bran\u017cy Kelnerskiej, HoReCa i Medycyny","robots":{"index":"index","follow":"follow","max-snippet":"max-snippet:-1","max-image-preview":"max-image-preview:large","max-video-preview":"max-video-preview:-1"},"canonical":"https:\/\/grapil.pl\/de\/produkt\/reflektierendes-arbeitsvlies-ref-orangevariante1\/","og_locale":"de_DE","og_type":"article","og_title":"Polar roboczy odblaskowy REF pomara\u0144czowy - Grapil.pl \u2013 Profesjonalna Odzie\u017c S\u0142u\u017cbowa dla Bran\u017cy Kelnerskiej, HoReCa i Medycyny","og_description":"Polar REF\u00a0ORANGE Polar odblaskowy jest strojem roboczym, kt\u00f3ry spe\u0142nia wszystkie wymogi BHP. Z jednej strony poprawia widoczno\u015b\u0107 pracownika na drodze","og_url":"https:\/\/grapil.pl\/de\/produkt\/reflektierendes-arbeitsvlies-ref-orangevariante1\/","og_site_name":"Grapil.pl \u2013 Profesjonalna Odzie\u017c S\u0142u\u017cbowa dla Bran\u017cy Kelnerskiej, HoReCa i Medycyny","article_modified_time":"2025-04-14T10:11:15+00:00","og_image":[{"width":700,"height":700,"url":"https:\/\/grapil.pl\/wp-content\/uploads\/2025\/04\/21028.jpg","type":"image\/jpeg"}],"twitter_card":"summary_large_image","twitter_misc":{"Gesch\u00e4tzte Lesezeit":"2\u00a0Minuten"},"schema":{"@context":"https:\/\/schema.org","@graph":[{"@type":"WebPage","@id":"https:\/\/grapil.pl\/produkt\/polar-roboczy-odblaskowy-ref-pomaranczowywariant1\/","url":"https:\/\/grapil.pl\/produkt\/polar-roboczy-odblaskowy-ref-pomaranczowywariant1\/","name":"Polar roboczy odblaskowy REF pomara\u0144czowy - Grapil.pl \u2013 Profesjonalna Odzie\u017c S\u0142u\u017cbowa dla Bran\u017cy Kelnerskiej, HoReCa i Medycyny","isPartOf":{"@id":"https:\/\/grapil.pl\/#website"},"primaryImageOfPage":{"@id":"https:\/\/grapil.pl\/produkt\/polar-roboczy-odblaskowy-ref-pomaranczowywariant1\/#primaryimage"},"image":{"@id":"https:\/\/grapil.pl\/produkt\/polar-roboczy-odblaskowy-ref-pomaranczowywariant1\/#primaryimage"},"thumbnailUrl":"https:\/\/grapil.pl\/wp-content\/uploads\/2025\/04\/21028.jpg","datePublished":"2025-04-09T15:43:26+00:00","dateModified":"2025-04-14T10:11:15+00:00","breadcrumb":{"@id":"https:\/\/grapil.pl\/produkt\/polar-roboczy-odblaskowy-ref-pomaranczowywariant1\/#breadcrumb"},"inLanguage":"de","potentialAction":[{"@type":"ReadAction","target":["https:\/\/grapil.pl\/produkt\/polar-roboczy-odblaskowy-ref-pomaranczowywariant1\/"]}]},{"@type":"ImageObject","inLanguage":"de","@id":"https:\/\/grapil.pl\/produkt\/polar-roboczy-odblaskowy-ref-pomaranczowywariant1\/#primaryimage","url":"https:\/\/grapil.pl\/wp-content\/uploads\/2025\/04\/21028.jpg","contentUrl":"https:\/\/grapil.pl\/wp-content\/uploads\/2025\/04\/21028.jpg","width":700,"height":700},{"@type":"BreadcrumbList","@id":"https:\/\/grapil.pl\/produkt\/polar-roboczy-odblaskowy-ref-pomaranczowywariant1\/#breadcrumb","itemListElement":[{"@type":"ListItem","position":1,"name":"Strona g\u0142\u00f3wna","item":"https:\/\/grapil.pl\/"},{"@type":"ListItem","position":2,"name":"sklep","item":"https:\/\/grapil.pl\/sklep\/"},{"@type":"ListItem","position":3,"name":"Polar roboczy odblaskowy REF pomara\u0144czowy"}]},{"@type":"WebSite","@id":"https:\/\/grapil.pl\/#website","url":"https:\/\/grapil.pl\/","name":"Grapil.pl \u2013 Profesjonalna Odzie\u017c S\u0142u\u017cbowa dla Bran\u017cy Kelnerskiej, HoReCa i Medycyny","description":"","potentialAction":[{"@type":"SearchAction","target":{"@type":"EntryPoint","urlTemplate":"https:\/\/grapil.pl\/?s={search_term_string}"},"query-input":{"@type":"PropertyValueSpecification","valueRequired":true,"valueName":"search_term_string"}}],"inLanguage":"de"}]}},"_links":{"self":[{"href":"https:\/\/grapil.pl\/de\/wp-json\/wp\/v2\/product\/19731","targetHints":{"allow":["GET"]}}],"collection":[{"href":"https:\/\/grapil.pl\/de\/wp-json\/wp\/v2\/product"}],"about":[{"href":"https:\/\/grapil.pl\/de\/wp-json\/wp\/v2\/types\/product"}],"version-history":[{"count":2,"href":"https:\/\/grapil.pl\/de\/wp-json\/wp\/v2\/product\/19731\/revisions"}],"predecessor-version":[{"id":19973,"href":"https:\/\/grapil.pl\/de\/wp-json\/wp\/v2\/product\/19731\/revisions\/19973"}],"wp:featuredmedia":[{"embeddable":true,"href":"https:\/\/grapil.pl\/de\/wp-json\/wp\/v2\/media\/19733"}],"wp:attachment":[{"href":"https:\/\/grapil.pl\/de\/wp-json\/wp\/v2\/media?parent=19731"}],"wp:term":[{"taxonomy":"product_brand","embeddable":true,"href":"https:\/\/grapil.pl\/de\/wp-json\/wp\/v2\/product_brand?post=19731"},{"taxonomy":"product_cat","embeddable":true,"href":"https:\/\/grapil.pl\/de\/wp-json\/wp\/v2\/product_cat?post=19731"},{"taxonomy":"product_tag","embeddable":true,"href":"https:\/\/grapil.pl\/de\/wp-json\/wp\/v2\/product_tag?post=19731"}],"curies":[{"name":"wp","href":"https:\/\/api.w.org\/{rel}","templated":true}]}}