{"id":19747,"date":"2025-04-09T17:43:26","date_gmt":"2025-04-09T15:43:26","guid":{"rendered":"https:\/\/grapil.pl\/produkt\/polar-jocker-niebieskiwariant1\/"},"modified":"2025-11-07T19:55:51","modified_gmt":"2025-11-07T18:55:51","slug":"fleece-jogginghose-blauvariante1","status":"publish","type":"product","link":"https:\/\/grapil.pl\/de\/produkt\/fleece-jogginghose-blauvariante1\/","title":{"rendered":"Jocker Fleece blau"},"content":{"rendered":"<p><strong>Merkmal:<\/strong><\/p>\n<ul>\n<li>mit hochwertigen<strong>\u00a0Schieberegler<\/strong>\u00a0winddicht \u2013 auch an den Taschen<\/li>\n<li>\u00c4rmel fertig\u00a0<strong>Manschette<\/strong><\/li>\n<li>der untere Teil des Sweatshirts ist mit einem elastischen Band verstellbar<\/li>\n<li>Kragen -\u00a0<strong>hoher Kragen<\/strong><\/li>\n<li>Schultern, Ellbogen und R\u00fcckseite des Unterarms<strong>\u00a0verst\u00e4rkt<\/strong>Es handelt sich um Oxford-Gewebe, das sich durch hohe Strapazierf\u00e4higkeit, Abrieb- und Dehnungsfestigkeit auszeichnet.<\/li>\n<li><strong>3 Au\u00dfentaschen<\/strong>\u00a0mit Rei\u00dfverschluss verschlossen, inkl.\u00a0<strong>2 Seite<\/strong>\u00a0und 1 Napoleonischer (auf der Brust),<\/li>\n<\/ul>\n<p style=\"text-align: left;\"><img decoding=\"async\" src=\"https:\/\/a.allegroimg.com\/original\/11b41f\/d8ea866b451a8d2e053f63c5676f\/BLUZA-POLAROWA-POLAR-ochronny-JOCKER-szary-3XL-EAN-5907791415745\" alt=\"JOCKER FLEECE SWEATSHIRT Schutzfleece grau 3XL EAN 5907791415745\" \/><\/p>\n<p><strong>UND<\/strong>\u00a0-Wachstum<\/p>\n<p><strong>B<\/strong>\u00a0- Brustumfang<\/p>","protected":false},"excerpt":{"rendered":"<p>Eigenschaften: Verschluss mit hochwertigem Rei\u00dfverschluss, der vor Wind sch\u00fctzt \u2013 auch an den Taschen, \u00c4rmelabschluss mit B\u00fcndchen, unterer Teil des Sweatshirts mit elastischer Kordel verstellbar, Kragen<\/p>","protected":false},"featured_media":19749,"template":"","meta":[],"product_brand":[91],"product_cat":[86,92,100],"product_tag":[],"class_list":{"0":"post-19747","1":"product","2":"type-product","3":"status-publish","4":"has-post-thumbnail","6":"product_brand-artmas","7":"product_cat-sklepbhp","8":"product_cat-odziez-robocza","9":"product_cat-polary-i-bluzy-robocze","11":"first","12":"instock","13":"product-type-variable","14":"wvs-archive-product-wrapper"},"yoast_head":"<!-- This site is optimized with the Yoast SEO plugin v25.3 - https:\/\/yoast.com\/wordpress\/plugins\/seo\/ -->\n<title>Polar Jocker niebieski - Grapil.pl \u2013 Profesjonalna Odzie\u017c S\u0142u\u017cbowa dla Bran\u017cy Kelnerskiej, HoReCa i Medycyny<\/title>\n<meta name=\"robots\" content=\"index, follow, max-snippet:-1, max-image-preview:large, max-video-preview:-1\" \/>\n<link rel=\"canonical\" href=\"https:\/\/grapil.pl\/de\/produkt\/fleece-jogginghose-blauvariante1\/\" \/>\n<meta property=\"og:locale\" content=\"de_DE\" \/>\n<meta property=\"og:type\" content=\"article\" \/>\n<meta property=\"og:title\" content=\"Polar Jocker niebieski - Grapil.pl \u2013 Profesjonalna Odzie\u017c S\u0142u\u017cbowa dla Bran\u017cy Kelnerskiej, HoReCa i Medycyny\" \/>\n<meta property=\"og:description\" content=\"Charakterystyka: zapinana na wysokiej klasy\u00a0suwak\u00a0chroni\u0105cy przed wiatrem- r\u00f3wnie\u017c przy kieszeniach r\u0119kaw zako\u0144czony\u00a0mankietem d\u00f3\u0142 bluzy regulowany za pomoc\u0105 elastycznego sznurka ko\u0142nierz\" \/>\n<meta property=\"og:url\" content=\"https:\/\/grapil.pl\/de\/produkt\/fleece-jogginghose-blauvariante1\/\" \/>\n<meta property=\"og:site_name\" content=\"Grapil.pl \u2013 Profesjonalna Odzie\u017c S\u0142u\u017cbowa dla Bran\u017cy Kelnerskiej, HoReCa i Medycyny\" \/>\n<meta property=\"article:modified_time\" content=\"2025-11-07T18:55:51+00:00\" \/>\n<meta property=\"og:image\" content=\"https:\/\/grapil.pl\/wp-content\/uploads\/2025\/04\/21044.jpg\" \/>\n\t<meta property=\"og:image:width\" content=\"700\" \/>\n\t<meta property=\"og:image:height\" content=\"700\" \/>\n\t<meta property=\"og:image:type\" content=\"image\/jpeg\" \/>\n<meta name=\"twitter:card\" content=\"summary_large_image\" \/>\n<meta name=\"twitter:label1\" content=\"Gesch\u00e4tzte Lesezeit\" \/>\n\t<meta name=\"twitter:data1\" content=\"1\u00a0Minute\" \/>\n<script type=\"application\/ld+json\" class=\"yoast-schema-graph\">{\"@context\":\"https:\/\/schema.org\",\"@graph\":[{\"@type\":\"WebPage\",\"@id\":\"https:\/\/grapil.pl\/produkt\/polar-jocker-niebieskiwariant1\/\",\"url\":\"https:\/\/grapil.pl\/produkt\/polar-jocker-niebieskiwariant1\/\",\"name\":\"Polar Jocker niebieski - Grapil.pl \u2013 Profesjonalna Odzie\u017c S\u0142u\u017cbowa dla Bran\u017cy Kelnerskiej, HoReCa i Medycyny\",\"isPartOf\":{\"@id\":\"https:\/\/grapil.pl\/#website\"},\"primaryImageOfPage\":{\"@id\":\"https:\/\/grapil.pl\/produkt\/polar-jocker-niebieskiwariant1\/#primaryimage\"},\"image\":{\"@id\":\"https:\/\/grapil.pl\/produkt\/polar-jocker-niebieskiwariant1\/#primaryimage\"},\"thumbnailUrl\":\"https:\/\/grapil.pl\/wp-content\/uploads\/2025\/04\/21044.jpg\",\"datePublished\":\"2025-04-09T15:43:26+00:00\",\"dateModified\":\"2025-11-07T18:55:51+00:00\",\"breadcrumb\":{\"@id\":\"https:\/\/grapil.pl\/produkt\/polar-jocker-niebieskiwariant1\/#breadcrumb\"},\"inLanguage\":\"de\",\"potentialAction\":[{\"@type\":\"ReadAction\",\"target\":[\"https:\/\/grapil.pl\/produkt\/polar-jocker-niebieskiwariant1\/\"]}]},{\"@type\":\"ImageObject\",\"inLanguage\":\"de\",\"@id\":\"https:\/\/grapil.pl\/produkt\/polar-jocker-niebieskiwariant1\/#primaryimage\",\"url\":\"https:\/\/grapil.pl\/wp-content\/uploads\/2025\/04\/21044.jpg\",\"contentUrl\":\"https:\/\/grapil.pl\/wp-content\/uploads\/2025\/04\/21044.jpg\",\"width\":700,\"height\":700},{\"@type\":\"BreadcrumbList\",\"@id\":\"https:\/\/grapil.pl\/produkt\/polar-jocker-niebieskiwariant1\/#breadcrumb\",\"itemListElement\":[{\"@type\":\"ListItem\",\"position\":1,\"name\":\"Strona g\u0142\u00f3wna\",\"item\":\"https:\/\/grapil.pl\/\"},{\"@type\":\"ListItem\",\"position\":2,\"name\":\"sklep\",\"item\":\"https:\/\/grapil.pl\/sklep\/\"},{\"@type\":\"ListItem\",\"position\":3,\"name\":\"Polar Jocker niebieski\"}]},{\"@type\":\"WebSite\",\"@id\":\"https:\/\/grapil.pl\/#website\",\"url\":\"https:\/\/grapil.pl\/\",\"name\":\"Grapil.pl \u2013 Profesjonalna Odzie\u017c S\u0142u\u017cbowa dla Bran\u017cy Kelnerskiej, HoReCa i Medycyny\",\"description\":\"\",\"potentialAction\":[{\"@type\":\"SearchAction\",\"target\":{\"@type\":\"EntryPoint\",\"urlTemplate\":\"https:\/\/grapil.pl\/?s={search_term_string}\"},\"query-input\":{\"@type\":\"PropertyValueSpecification\",\"valueRequired\":true,\"valueName\":\"search_term_string\"}}],\"inLanguage\":\"de\"}]}<\/script>\n<!-- \/ Yoast SEO plugin. -->","yoast_head_json":{"title":"Polar Jocker niebieski - Grapil.pl \u2013 Profesjonalna Odzie\u017c S\u0142u\u017cbowa dla Bran\u017cy Kelnerskiej, HoReCa i Medycyny","robots":{"index":"index","follow":"follow","max-snippet":"max-snippet:-1","max-image-preview":"max-image-preview:large","max-video-preview":"max-video-preview:-1"},"canonical":"https:\/\/grapil.pl\/de\/produkt\/fleece-jogginghose-blauvariante1\/","og_locale":"de_DE","og_type":"article","og_title":"Polar Jocker niebieski - Grapil.pl \u2013 Profesjonalna Odzie\u017c S\u0142u\u017cbowa dla Bran\u017cy Kelnerskiej, HoReCa i Medycyny","og_description":"Charakterystyka: zapinana na wysokiej klasy\u00a0suwak\u00a0chroni\u0105cy przed wiatrem- r\u00f3wnie\u017c przy kieszeniach r\u0119kaw zako\u0144czony\u00a0mankietem d\u00f3\u0142 bluzy regulowany za pomoc\u0105 elastycznego sznurka ko\u0142nierz","og_url":"https:\/\/grapil.pl\/de\/produkt\/fleece-jogginghose-blauvariante1\/","og_site_name":"Grapil.pl \u2013 Profesjonalna Odzie\u017c S\u0142u\u017cbowa dla Bran\u017cy Kelnerskiej, HoReCa i Medycyny","article_modified_time":"2025-11-07T18:55:51+00:00","og_image":[{"width":700,"height":700,"url":"https:\/\/grapil.pl\/wp-content\/uploads\/2025\/04\/21044.jpg","type":"image\/jpeg"}],"twitter_card":"summary_large_image","twitter_misc":{"Gesch\u00e4tzte Lesezeit":"1\u00a0Minute"},"schema":{"@context":"https:\/\/schema.org","@graph":[{"@type":"WebPage","@id":"https:\/\/grapil.pl\/produkt\/polar-jocker-niebieskiwariant1\/","url":"https:\/\/grapil.pl\/produkt\/polar-jocker-niebieskiwariant1\/","name":"Polar Jocker niebieski - Grapil.pl \u2013 Profesjonalna Odzie\u017c S\u0142u\u017cbowa dla Bran\u017cy Kelnerskiej, HoReCa i Medycyny","isPartOf":{"@id":"https:\/\/grapil.pl\/#website"},"primaryImageOfPage":{"@id":"https:\/\/grapil.pl\/produkt\/polar-jocker-niebieskiwariant1\/#primaryimage"},"image":{"@id":"https:\/\/grapil.pl\/produkt\/polar-jocker-niebieskiwariant1\/#primaryimage"},"thumbnailUrl":"https:\/\/grapil.pl\/wp-content\/uploads\/2025\/04\/21044.jpg","datePublished":"2025-04-09T15:43:26+00:00","dateModified":"2025-11-07T18:55:51+00:00","breadcrumb":{"@id":"https:\/\/grapil.pl\/produkt\/polar-jocker-niebieskiwariant1\/#breadcrumb"},"inLanguage":"de","potentialAction":[{"@type":"ReadAction","target":["https:\/\/grapil.pl\/produkt\/polar-jocker-niebieskiwariant1\/"]}]},{"@type":"ImageObject","inLanguage":"de","@id":"https:\/\/grapil.pl\/produkt\/polar-jocker-niebieskiwariant1\/#primaryimage","url":"https:\/\/grapil.pl\/wp-content\/uploads\/2025\/04\/21044.jpg","contentUrl":"https:\/\/grapil.pl\/wp-content\/uploads\/2025\/04\/21044.jpg","width":700,"height":700},{"@type":"BreadcrumbList","@id":"https:\/\/grapil.pl\/produkt\/polar-jocker-niebieskiwariant1\/#breadcrumb","itemListElement":[{"@type":"ListItem","position":1,"name":"Strona g\u0142\u00f3wna","item":"https:\/\/grapil.pl\/"},{"@type":"ListItem","position":2,"name":"sklep","item":"https:\/\/grapil.pl\/sklep\/"},{"@type":"ListItem","position":3,"name":"Polar Jocker niebieski"}]},{"@type":"WebSite","@id":"https:\/\/grapil.pl\/#website","url":"https:\/\/grapil.pl\/","name":"Grapil.pl \u2013 Profesjonalna Odzie\u017c S\u0142u\u017cbowa dla Bran\u017cy Kelnerskiej, HoReCa i Medycyny","description":"","potentialAction":[{"@type":"SearchAction","target":{"@type":"EntryPoint","urlTemplate":"https:\/\/grapil.pl\/?s={search_term_string}"},"query-input":{"@type":"PropertyValueSpecification","valueRequired":true,"valueName":"search_term_string"}}],"inLanguage":"de"}]}},"_links":{"self":[{"href":"https:\/\/grapil.pl\/de\/wp-json\/wp\/v2\/product\/19747","targetHints":{"allow":["GET"]}}],"collection":[{"href":"https:\/\/grapil.pl\/de\/wp-json\/wp\/v2\/product"}],"about":[{"href":"https:\/\/grapil.pl\/de\/wp-json\/wp\/v2\/types\/product"}],"version-history":[{"count":2,"href":"https:\/\/grapil.pl\/de\/wp-json\/wp\/v2\/product\/19747\/revisions"}],"predecessor-version":[{"id":19981,"href":"https:\/\/grapil.pl\/de\/wp-json\/wp\/v2\/product\/19747\/revisions\/19981"}],"wp:featuredmedia":[{"embeddable":true,"href":"https:\/\/grapil.pl\/de\/wp-json\/wp\/v2\/media\/19749"}],"wp:attachment":[{"href":"https:\/\/grapil.pl\/de\/wp-json\/wp\/v2\/media?parent=19747"}],"wp:term":[{"taxonomy":"product_brand","embeddable":true,"href":"https:\/\/grapil.pl\/de\/wp-json\/wp\/v2\/product_brand?post=19747"},{"taxonomy":"product_cat","embeddable":true,"href":"https:\/\/grapil.pl\/de\/wp-json\/wp\/v2\/product_cat?post=19747"},{"taxonomy":"product_tag","embeddable":true,"href":"https:\/\/grapil.pl\/de\/wp-json\/wp\/v2\/product_tag?post=19747"}],"curies":[{"name":"wp","href":"https:\/\/api.w.org\/{rel}","templated":true}]}}