{"id":20173,"date":"2025-04-14T13:47:57","date_gmt":"2025-04-14T11:47:57","guid":{"rendered":"https:\/\/grapil.pl\/?post_type=product&#038;p=20173"},"modified":"2026-02-17T14:02:55","modified_gmt":"2026-02-17T13:02:55","slug":"hemd-12","status":"publish","type":"product","link":"https:\/\/grapil.pl\/de\/produkt\/hemd-12\/","title":{"rendered":"Hemd 12"},"content":{"rendered":"<p>Klasyczna koszula damska z ko\u0142nierzykiem. Prz\u00f3d zapinany na guziki w kolorze dodatk\u00f3w. Kolorowe dodatki: wewn\u0119trzna st\u00f3jka, listwa guzikowa oraz cz\u0119\u015b\u0107 mankietu. Model lekko dopasowany zaszewkami.<\/p>\n<p>Wykonana z bardzo wysokiej jako\u015bci bawe\u0142ny z minimaln\u0105 domieszk\u0105 poliestru, dzi\u0119ki czemu koszula zawsze wygl\u0105da bardzo dobrze.<\/p>","protected":false},"excerpt":{"rendered":"<p>Klasyczna koszula damska z ko\u0142nierzykiem. Prz\u00f3d zapinany na guziki w kolorze dodatk\u00f3w. Kolorowe dodatki: wewn\u0119trzna st\u00f3jka, listwa guzikowa oraz cz\u0119\u015b\u0107<\/p>","protected":false},"featured_media":25131,"template":"","meta":[],"product_brand":[],"product_cat":[83,209,220,82,136,218],"product_tag":[],"class_list":{"0":"post-20173","1":"product","2":"type-product","3":"status-publish","4":"has-post-thumbnail","6":"product_cat-branza-kelnerska","7":"product_cat-profesjonalne-koszule-kelnerskie","8":"product_cat-koszule-damskie-profesjonalne-koszule-kelnerskie","9":"product_cat-hotelarstwo","10":"product_cat-koszule-hotelarska","11":"product_cat-koszule-damskie","13":"first","14":"instock","15":"taxable","16":"shipping-taxable","17":"product-type-simple"},"yoast_head":"<!-- This site is optimized with the Yoast SEO plugin v25.3 - https:\/\/yoast.com\/wordpress\/plugins\/seo\/ -->\n<title>Koszula 12 - Grapil.pl \u2013 Profesjonalna Odzie\u017c S\u0142u\u017cbowa dla Bran\u017cy Kelnerskiej, HoReCa i Medycyny<\/title>\n<meta name=\"robots\" content=\"index, follow, max-snippet:-1, max-image-preview:large, max-video-preview:-1\" \/>\n<link rel=\"canonical\" href=\"https:\/\/grapil.pl\/de\/produkt\/hemd-12\/\" \/>\n<meta property=\"og:locale\" content=\"de_DE\" \/>\n<meta property=\"og:type\" content=\"article\" \/>\n<meta property=\"og:title\" content=\"Koszula 12 - Grapil.pl \u2013 Profesjonalna Odzie\u017c S\u0142u\u017cbowa dla Bran\u017cy Kelnerskiej, HoReCa i Medycyny\" \/>\n<meta property=\"og:description\" content=\"Klasyczna koszula damska z ko\u0142nierzykiem. Prz\u00f3d zapinany na guziki w kolorze dodatk\u00f3w. Kolorowe dodatki: wewn\u0119trzna st\u00f3jka, listwa guzikowa oraz cz\u0119\u015b\u0107\" \/>\n<meta property=\"og:url\" content=\"https:\/\/grapil.pl\/de\/produkt\/hemd-12\/\" \/>\n<meta property=\"og:site_name\" content=\"Grapil.pl \u2013 Profesjonalna Odzie\u017c S\u0142u\u017cbowa dla Bran\u017cy Kelnerskiej, HoReCa i Medycyny\" \/>\n<meta property=\"article:modified_time\" content=\"2026-02-17T13:02:55+00:00\" \/>\n<meta property=\"og:image\" content=\"https:\/\/grapil.pl\/wp-content\/uploads\/2025\/04\/Koszula-12-kopia-1.jpg\" \/>\n\t<meta property=\"og:image:width\" content=\"600\" \/>\n\t<meta property=\"og:image:height\" content=\"800\" \/>\n\t<meta property=\"og:image:type\" content=\"image\/jpeg\" \/>\n<meta name=\"twitter:card\" content=\"summary_large_image\" \/>\n<meta name=\"twitter:label1\" content=\"Gesch\u00e4tzte Lesezeit\" \/>\n\t<meta name=\"twitter:data1\" content=\"1\u00a0Minute\" \/>\n<script type=\"application\/ld+json\" class=\"yoast-schema-graph\">{\"@context\":\"https:\/\/schema.org\",\"@graph\":[{\"@type\":\"WebPage\",\"@id\":\"https:\/\/grapil.pl\/produkt\/koszula-12\/\",\"url\":\"https:\/\/grapil.pl\/produkt\/koszula-12\/\",\"name\":\"Koszula 12 - Grapil.pl \u2013 Profesjonalna Odzie\u017c S\u0142u\u017cbowa dla Bran\u017cy Kelnerskiej, HoReCa i Medycyny\",\"isPartOf\":{\"@id\":\"https:\/\/grapil.pl\/#website\"},\"primaryImageOfPage\":{\"@id\":\"https:\/\/grapil.pl\/produkt\/koszula-12\/#primaryimage\"},\"image\":{\"@id\":\"https:\/\/grapil.pl\/produkt\/koszula-12\/#primaryimage\"},\"thumbnailUrl\":\"https:\/\/grapil.pl\/wp-content\/uploads\/2025\/04\/Koszula-12-kopia-1.jpg\",\"datePublished\":\"2025-04-14T11:47:57+00:00\",\"dateModified\":\"2026-02-17T13:02:55+00:00\",\"breadcrumb\":{\"@id\":\"https:\/\/grapil.pl\/produkt\/koszula-12\/#breadcrumb\"},\"inLanguage\":\"de\",\"potentialAction\":[{\"@type\":\"ReadAction\",\"target\":[\"https:\/\/grapil.pl\/produkt\/koszula-12\/\"]}]},{\"@type\":\"ImageObject\",\"inLanguage\":\"de\",\"@id\":\"https:\/\/grapil.pl\/produkt\/koszula-12\/#primaryimage\",\"url\":\"https:\/\/grapil.pl\/wp-content\/uploads\/2025\/04\/Koszula-12-kopia-1.jpg\",\"contentUrl\":\"https:\/\/grapil.pl\/wp-content\/uploads\/2025\/04\/Koszula-12-kopia-1.jpg\",\"width\":600,\"height\":800},{\"@type\":\"BreadcrumbList\",\"@id\":\"https:\/\/grapil.pl\/produkt\/koszula-12\/#breadcrumb\",\"itemListElement\":[{\"@type\":\"ListItem\",\"position\":1,\"name\":\"Strona g\u0142\u00f3wna\",\"item\":\"https:\/\/grapil.pl\/\"},{\"@type\":\"ListItem\",\"position\":2,\"name\":\"sklep\",\"item\":\"https:\/\/grapil.pl\/sklep\/\"},{\"@type\":\"ListItem\",\"position\":3,\"name\":\"Koszula 12\"}]},{\"@type\":\"WebSite\",\"@id\":\"https:\/\/grapil.pl\/#website\",\"url\":\"https:\/\/grapil.pl\/\",\"name\":\"Grapil.pl \u2013 Profesjonalna Odzie\u017c S\u0142u\u017cbowa dla Bran\u017cy Kelnerskiej, HoReCa i Medycyny\",\"description\":\"\",\"potentialAction\":[{\"@type\":\"SearchAction\",\"target\":{\"@type\":\"EntryPoint\",\"urlTemplate\":\"https:\/\/grapil.pl\/?s={search_term_string}\"},\"query-input\":{\"@type\":\"PropertyValueSpecification\",\"valueRequired\":true,\"valueName\":\"search_term_string\"}}],\"inLanguage\":\"de\"}]}<\/script>\n<!-- \/ Yoast SEO plugin. -->","yoast_head_json":{"title":"Koszula 12 - Grapil.pl \u2013 Profesjonalna Odzie\u017c S\u0142u\u017cbowa dla Bran\u017cy Kelnerskiej, HoReCa i Medycyny","robots":{"index":"index","follow":"follow","max-snippet":"max-snippet:-1","max-image-preview":"max-image-preview:large","max-video-preview":"max-video-preview:-1"},"canonical":"https:\/\/grapil.pl\/de\/produkt\/hemd-12\/","og_locale":"de_DE","og_type":"article","og_title":"Koszula 12 - Grapil.pl \u2013 Profesjonalna Odzie\u017c S\u0142u\u017cbowa dla Bran\u017cy Kelnerskiej, HoReCa i Medycyny","og_description":"Klasyczna koszula damska z ko\u0142nierzykiem. Prz\u00f3d zapinany na guziki w kolorze dodatk\u00f3w. Kolorowe dodatki: wewn\u0119trzna st\u00f3jka, listwa guzikowa oraz cz\u0119\u015b\u0107","og_url":"https:\/\/grapil.pl\/de\/produkt\/hemd-12\/","og_site_name":"Grapil.pl \u2013 Profesjonalna Odzie\u017c S\u0142u\u017cbowa dla Bran\u017cy Kelnerskiej, HoReCa i Medycyny","article_modified_time":"2026-02-17T13:02:55+00:00","og_image":[{"width":600,"height":800,"url":"https:\/\/grapil.pl\/wp-content\/uploads\/2025\/04\/Koszula-12-kopia-1.jpg","type":"image\/jpeg"}],"twitter_card":"summary_large_image","twitter_misc":{"Gesch\u00e4tzte Lesezeit":"1\u00a0Minute"},"schema":{"@context":"https:\/\/schema.org","@graph":[{"@type":"WebPage","@id":"https:\/\/grapil.pl\/produkt\/koszula-12\/","url":"https:\/\/grapil.pl\/produkt\/koszula-12\/","name":"Koszula 12 - Grapil.pl \u2013 Profesjonalna Odzie\u017c S\u0142u\u017cbowa dla Bran\u017cy Kelnerskiej, HoReCa i Medycyny","isPartOf":{"@id":"https:\/\/grapil.pl\/#website"},"primaryImageOfPage":{"@id":"https:\/\/grapil.pl\/produkt\/koszula-12\/#primaryimage"},"image":{"@id":"https:\/\/grapil.pl\/produkt\/koszula-12\/#primaryimage"},"thumbnailUrl":"https:\/\/grapil.pl\/wp-content\/uploads\/2025\/04\/Koszula-12-kopia-1.jpg","datePublished":"2025-04-14T11:47:57+00:00","dateModified":"2026-02-17T13:02:55+00:00","breadcrumb":{"@id":"https:\/\/grapil.pl\/produkt\/koszula-12\/#breadcrumb"},"inLanguage":"de","potentialAction":[{"@type":"ReadAction","target":["https:\/\/grapil.pl\/produkt\/koszula-12\/"]}]},{"@type":"ImageObject","inLanguage":"de","@id":"https:\/\/grapil.pl\/produkt\/koszula-12\/#primaryimage","url":"https:\/\/grapil.pl\/wp-content\/uploads\/2025\/04\/Koszula-12-kopia-1.jpg","contentUrl":"https:\/\/grapil.pl\/wp-content\/uploads\/2025\/04\/Koszula-12-kopia-1.jpg","width":600,"height":800},{"@type":"BreadcrumbList","@id":"https:\/\/grapil.pl\/produkt\/koszula-12\/#breadcrumb","itemListElement":[{"@type":"ListItem","position":1,"name":"Strona g\u0142\u00f3wna","item":"https:\/\/grapil.pl\/"},{"@type":"ListItem","position":2,"name":"sklep","item":"https:\/\/grapil.pl\/sklep\/"},{"@type":"ListItem","position":3,"name":"Koszula 12"}]},{"@type":"WebSite","@id":"https:\/\/grapil.pl\/#website","url":"https:\/\/grapil.pl\/","name":"Grapil.pl \u2013 Profesjonalna Odzie\u017c S\u0142u\u017cbowa dla Bran\u017cy Kelnerskiej, HoReCa i Medycyny","description":"","potentialAction":[{"@type":"SearchAction","target":{"@type":"EntryPoint","urlTemplate":"https:\/\/grapil.pl\/?s={search_term_string}"},"query-input":{"@type":"PropertyValueSpecification","valueRequired":true,"valueName":"search_term_string"}}],"inLanguage":"de"}]}},"_links":{"self":[{"href":"https:\/\/grapil.pl\/de\/wp-json\/wp\/v2\/product\/20173","targetHints":{"allow":["GET"]}}],"collection":[{"href":"https:\/\/grapil.pl\/de\/wp-json\/wp\/v2\/product"}],"about":[{"href":"https:\/\/grapil.pl\/de\/wp-json\/wp\/v2\/types\/product"}],"version-history":[{"count":2,"href":"https:\/\/grapil.pl\/de\/wp-json\/wp\/v2\/product\/20173\/revisions"}],"predecessor-version":[{"id":25590,"href":"https:\/\/grapil.pl\/de\/wp-json\/wp\/v2\/product\/20173\/revisions\/25590"}],"wp:featuredmedia":[{"embeddable":true,"href":"https:\/\/grapil.pl\/de\/wp-json\/wp\/v2\/media\/25131"}],"wp:attachment":[{"href":"https:\/\/grapil.pl\/de\/wp-json\/wp\/v2\/media?parent=20173"}],"wp:term":[{"taxonomy":"product_brand","embeddable":true,"href":"https:\/\/grapil.pl\/de\/wp-json\/wp\/v2\/product_brand?post=20173"},{"taxonomy":"product_cat","embeddable":true,"href":"https:\/\/grapil.pl\/de\/wp-json\/wp\/v2\/product_cat?post=20173"},{"taxonomy":"product_tag","embeddable":true,"href":"https:\/\/grapil.pl\/de\/wp-json\/wp\/v2\/product_tag?post=20173"}],"curies":[{"name":"wp","href":"https:\/\/api.w.org\/{rel}","templated":true}]}}