{"id":20780,"date":"2025-05-15T15:24:28","date_gmt":"2025-05-15T13:24:28","guid":{"rendered":"https:\/\/grapil.pl\/?post_type=product&#038;p=20780"},"modified":"2026-02-17T13:59:14","modified_gmt":"2026-02-17T12:59:14","slug":"medizinische-schurze","status":"publish","type":"product","link":"https:\/\/grapil.pl\/de\/produkt\/medizinische-schurze\/","title":{"rendered":"Sch\u00fcrze"},"content":{"rendered":"<p>Tailliert geschnittene Sch\u00fcrze. Klassisches Modell mit V-Ausschnitt, das jeder Figur schmeichelt. Zwei Doppeltaschen auf der Vorderseite bieten bequem Platz f\u00fcr alles Wichtige. Seitliche Schlitze sorgen f\u00fcr zus\u00e4tzlichen Komfort und Bewegungsfreiheit. Verschluss mit verdeckten Federn. Ausweis\u00f6se an der linken Schulter.<\/p>\n<p>Dank des verwendeten Stoffes, der pflegeleicht und knitterarm ist, sieht die Sch\u00fcrze immer sehr gut aus.<\/p>\n<p>&nbsp;<\/p>\n<p>Das vorgestellte Modell ist funktional und zugleich stylisch.<\/p>\n<p>&nbsp;<\/p>\n<p>Stoff:<\/p>\n<p>72% Polyester<\/p>\n<p>23% Viskose<\/p>\n<p>5% Elasthan<\/p>","protected":false},"excerpt":{"rendered":"<p>Taillierte Sch\u00fcrze. Klassisches Modell mit V-Ausschnitt, das jeder Figur steht. Es gibt<\/p>","protected":false},"featured_media":20881,"template":"","meta":[],"product_brand":[127],"product_cat":[119,135,106,110],"product_tag":[],"class_list":{"0":"post-20780","1":"product","2":"type-product","3":"status-publish","4":"has-post-thumbnail","6":"product_brand-produkt-na-zamowienie","7":"product_cat-housekeeping","8":"product_cat-bluzy","9":"product_cat-medycyna-i-kosmetyka","10":"product_cat-bluzy-i-tuniki","12":"first","13":"instock","14":"taxable","15":"shipping-taxable","16":"product-type-simple"},"yoast_head":"<!-- This site is optimized with the Yoast SEO plugin v25.3 - https:\/\/yoast.com\/wordpress\/plugins\/seo\/ -->\n<title>Fartuszek - Grapil.pl \u2013 Profesjonalna Odzie\u017c S\u0142u\u017cbowa dla Bran\u017cy Kelnerskiej, HoReCa i Medycyny<\/title>\n<meta name=\"robots\" content=\"index, follow, max-snippet:-1, max-image-preview:large, max-video-preview:-1\" \/>\n<link rel=\"canonical\" href=\"https:\/\/grapil.pl\/de\/produkt\/medizinische-schurze\/\" \/>\n<meta property=\"og:locale\" content=\"de_DE\" \/>\n<meta property=\"og:type\" content=\"article\" \/>\n<meta property=\"og:title\" content=\"Fartuszek - Grapil.pl \u2013 Profesjonalna Odzie\u017c S\u0142u\u017cbowa dla Bran\u017cy Kelnerskiej, HoReCa i Medycyny\" \/>\n<meta property=\"og:description\" content=\"Fartuszek o dopasowanym kroju. Klasyczny model z dekoltem w kszta\u0142cie litery V pasuj\u0105cy do ka\u017cdej sylwetki. Z przodu znajduj\u0105 si\u0119\" \/>\n<meta property=\"og:url\" content=\"https:\/\/grapil.pl\/de\/produkt\/medizinische-schurze\/\" \/>\n<meta property=\"og:site_name\" content=\"Grapil.pl \u2013 Profesjonalna Odzie\u017c S\u0142u\u017cbowa dla Bran\u017cy Kelnerskiej, HoReCa i Medycyny\" \/>\n<meta property=\"article:modified_time\" content=\"2026-02-17T12:59:14+00:00\" \/>\n<meta property=\"og:image\" content=\"https:\/\/grapil.pl\/wp-content\/uploads\/2025\/05\/1-1.jpg\" \/>\n\t<meta property=\"og:image:width\" content=\"556\" \/>\n\t<meta property=\"og:image:height\" content=\"634\" \/>\n\t<meta property=\"og:image:type\" content=\"image\/jpeg\" \/>\n<meta name=\"twitter:card\" content=\"summary_large_image\" \/>\n<meta name=\"twitter:label1\" content=\"Gesch\u00e4tzte Lesezeit\" \/>\n\t<meta name=\"twitter:data1\" content=\"1\u00a0Minute\" \/>\n<script type=\"application\/ld+json\" class=\"yoast-schema-graph\">{\"@context\":\"https:\/\/schema.org\",\"@graph\":[{\"@type\":\"WebPage\",\"@id\":\"https:\/\/grapil.pl\/produkt\/fartuszek-medyczny\/\",\"url\":\"https:\/\/grapil.pl\/produkt\/fartuszek-medyczny\/\",\"name\":\"Fartuszek - Grapil.pl \u2013 Profesjonalna Odzie\u017c S\u0142u\u017cbowa dla Bran\u017cy Kelnerskiej, HoReCa i Medycyny\",\"isPartOf\":{\"@id\":\"https:\/\/grapil.pl\/#website\"},\"primaryImageOfPage\":{\"@id\":\"https:\/\/grapil.pl\/produkt\/fartuszek-medyczny\/#primaryimage\"},\"image\":{\"@id\":\"https:\/\/grapil.pl\/produkt\/fartuszek-medyczny\/#primaryimage\"},\"thumbnailUrl\":\"https:\/\/grapil.pl\/wp-content\/uploads\/2025\/05\/1-1.jpg\",\"datePublished\":\"2025-05-15T13:24:28+00:00\",\"dateModified\":\"2026-02-17T12:59:14+00:00\",\"breadcrumb\":{\"@id\":\"https:\/\/grapil.pl\/produkt\/fartuszek-medyczny\/#breadcrumb\"},\"inLanguage\":\"de\",\"potentialAction\":[{\"@type\":\"ReadAction\",\"target\":[\"https:\/\/grapil.pl\/produkt\/fartuszek-medyczny\/\"]}]},{\"@type\":\"ImageObject\",\"inLanguage\":\"de\",\"@id\":\"https:\/\/grapil.pl\/produkt\/fartuszek-medyczny\/#primaryimage\",\"url\":\"https:\/\/grapil.pl\/wp-content\/uploads\/2025\/05\/1-1.jpg\",\"contentUrl\":\"https:\/\/grapil.pl\/wp-content\/uploads\/2025\/05\/1-1.jpg\",\"width\":556,\"height\":634},{\"@type\":\"BreadcrumbList\",\"@id\":\"https:\/\/grapil.pl\/produkt\/fartuszek-medyczny\/#breadcrumb\",\"itemListElement\":[{\"@type\":\"ListItem\",\"position\":1,\"name\":\"Strona g\u0142\u00f3wna\",\"item\":\"https:\/\/grapil.pl\/\"},{\"@type\":\"ListItem\",\"position\":2,\"name\":\"sklep\",\"item\":\"https:\/\/grapil.pl\/sklep\/\"},{\"@type\":\"ListItem\",\"position\":3,\"name\":\"Fartuszek\"}]},{\"@type\":\"WebSite\",\"@id\":\"https:\/\/grapil.pl\/#website\",\"url\":\"https:\/\/grapil.pl\/\",\"name\":\"Grapil.pl \u2013 Profesjonalna Odzie\u017c S\u0142u\u017cbowa dla Bran\u017cy Kelnerskiej, HoReCa i Medycyny\",\"description\":\"\",\"potentialAction\":[{\"@type\":\"SearchAction\",\"target\":{\"@type\":\"EntryPoint\",\"urlTemplate\":\"https:\/\/grapil.pl\/?s={search_term_string}\"},\"query-input\":{\"@type\":\"PropertyValueSpecification\",\"valueRequired\":true,\"valueName\":\"search_term_string\"}}],\"inLanguage\":\"de\"}]}<\/script>\n<!-- \/ Yoast SEO plugin. -->","yoast_head_json":{"title":"Fartuszek - Grapil.pl \u2013 Profesjonalna Odzie\u017c S\u0142u\u017cbowa dla Bran\u017cy Kelnerskiej, HoReCa i Medycyny","robots":{"index":"index","follow":"follow","max-snippet":"max-snippet:-1","max-image-preview":"max-image-preview:large","max-video-preview":"max-video-preview:-1"},"canonical":"https:\/\/grapil.pl\/de\/produkt\/medizinische-schurze\/","og_locale":"de_DE","og_type":"article","og_title":"Fartuszek - Grapil.pl \u2013 Profesjonalna Odzie\u017c S\u0142u\u017cbowa dla Bran\u017cy Kelnerskiej, HoReCa i Medycyny","og_description":"Fartuszek o dopasowanym kroju. Klasyczny model z dekoltem w kszta\u0142cie litery V pasuj\u0105cy do ka\u017cdej sylwetki. Z przodu znajduj\u0105 si\u0119","og_url":"https:\/\/grapil.pl\/de\/produkt\/medizinische-schurze\/","og_site_name":"Grapil.pl \u2013 Profesjonalna Odzie\u017c S\u0142u\u017cbowa dla Bran\u017cy Kelnerskiej, HoReCa i Medycyny","article_modified_time":"2026-02-17T12:59:14+00:00","og_image":[{"width":556,"height":634,"url":"https:\/\/grapil.pl\/wp-content\/uploads\/2025\/05\/1-1.jpg","type":"image\/jpeg"}],"twitter_card":"summary_large_image","twitter_misc":{"Gesch\u00e4tzte Lesezeit":"1\u00a0Minute"},"schema":{"@context":"https:\/\/schema.org","@graph":[{"@type":"WebPage","@id":"https:\/\/grapil.pl\/produkt\/fartuszek-medyczny\/","url":"https:\/\/grapil.pl\/produkt\/fartuszek-medyczny\/","name":"Fartuszek - Grapil.pl \u2013 Profesjonalna Odzie\u017c S\u0142u\u017cbowa dla Bran\u017cy Kelnerskiej, HoReCa i Medycyny","isPartOf":{"@id":"https:\/\/grapil.pl\/#website"},"primaryImageOfPage":{"@id":"https:\/\/grapil.pl\/produkt\/fartuszek-medyczny\/#primaryimage"},"image":{"@id":"https:\/\/grapil.pl\/produkt\/fartuszek-medyczny\/#primaryimage"},"thumbnailUrl":"https:\/\/grapil.pl\/wp-content\/uploads\/2025\/05\/1-1.jpg","datePublished":"2025-05-15T13:24:28+00:00","dateModified":"2026-02-17T12:59:14+00:00","breadcrumb":{"@id":"https:\/\/grapil.pl\/produkt\/fartuszek-medyczny\/#breadcrumb"},"inLanguage":"de","potentialAction":[{"@type":"ReadAction","target":["https:\/\/grapil.pl\/produkt\/fartuszek-medyczny\/"]}]},{"@type":"ImageObject","inLanguage":"de","@id":"https:\/\/grapil.pl\/produkt\/fartuszek-medyczny\/#primaryimage","url":"https:\/\/grapil.pl\/wp-content\/uploads\/2025\/05\/1-1.jpg","contentUrl":"https:\/\/grapil.pl\/wp-content\/uploads\/2025\/05\/1-1.jpg","width":556,"height":634},{"@type":"BreadcrumbList","@id":"https:\/\/grapil.pl\/produkt\/fartuszek-medyczny\/#breadcrumb","itemListElement":[{"@type":"ListItem","position":1,"name":"Strona g\u0142\u00f3wna","item":"https:\/\/grapil.pl\/"},{"@type":"ListItem","position":2,"name":"sklep","item":"https:\/\/grapil.pl\/sklep\/"},{"@type":"ListItem","position":3,"name":"Fartuszek"}]},{"@type":"WebSite","@id":"https:\/\/grapil.pl\/#website","url":"https:\/\/grapil.pl\/","name":"Grapil.pl \u2013 Profesjonalna Odzie\u017c S\u0142u\u017cbowa dla Bran\u017cy Kelnerskiej, HoReCa i Medycyny","description":"","potentialAction":[{"@type":"SearchAction","target":{"@type":"EntryPoint","urlTemplate":"https:\/\/grapil.pl\/?s={search_term_string}"},"query-input":{"@type":"PropertyValueSpecification","valueRequired":true,"valueName":"search_term_string"}}],"inLanguage":"de"}]}},"_links":{"self":[{"href":"https:\/\/grapil.pl\/de\/wp-json\/wp\/v2\/product\/20780","targetHints":{"allow":["GET"]}}],"collection":[{"href":"https:\/\/grapil.pl\/de\/wp-json\/wp\/v2\/product"}],"about":[{"href":"https:\/\/grapil.pl\/de\/wp-json\/wp\/v2\/types\/product"}],"version-history":[{"count":3,"href":"https:\/\/grapil.pl\/de\/wp-json\/wp\/v2\/product\/20780\/revisions"}],"predecessor-version":[{"id":20959,"href":"https:\/\/grapil.pl\/de\/wp-json\/wp\/v2\/product\/20780\/revisions\/20959"}],"wp:featuredmedia":[{"embeddable":true,"href":"https:\/\/grapil.pl\/de\/wp-json\/wp\/v2\/media\/20881"}],"wp:attachment":[{"href":"https:\/\/grapil.pl\/de\/wp-json\/wp\/v2\/media?parent=20780"}],"wp:term":[{"taxonomy":"product_brand","embeddable":true,"href":"https:\/\/grapil.pl\/de\/wp-json\/wp\/v2\/product_brand?post=20780"},{"taxonomy":"product_cat","embeddable":true,"href":"https:\/\/grapil.pl\/de\/wp-json\/wp\/v2\/product_cat?post=20780"},{"taxonomy":"product_tag","embeddable":true,"href":"https:\/\/grapil.pl\/de\/wp-json\/wp\/v2\/product_tag?post=20780"}],"curies":[{"name":"wp","href":"https:\/\/api.w.org\/{rel}","templated":true}]}}