{"id":20807,"date":"2025-05-15T15:26:53","date_gmt":"2025-05-15T13:26:53","guid":{"rendered":"https:\/\/grapil.pl\/?post_type=product&#038;p=20807"},"modified":"2026-02-17T13:59:19","modified_gmt":"2026-02-17T12:59:19","slug":"medizinische-schurze-2","status":"publish","type":"product","link":"https:\/\/grapil.pl\/de\/produkt\/medizinische-schurze-2\/","title":{"rendered":"Sch\u00fcrze"},"content":{"rendered":"<p>Sch\u00fcrze mit klassischem V-Ausschnitt, die jeder Figur schmeichelt. Dekorative Abschl\u00fcsse an Halsausschnitt und \u00c4rmeln. Zwei Doppeltaschen auf der Vorderseite bieten Platz f\u00fcr alles Wichtige. Die seitlichen Schlitze sorgen f\u00fcr zus\u00e4tzlichen Komfort und Bewegungsfreiheit. Links neben der Tasche befindet sich eine \u00d6se f\u00fcr einen Ausweis.<\/p>\n<p>Dank des verwendeten Stoffes, der pflegeleicht und knitterarm ist, sieht die Sch\u00fcrze immer sehr gut aus.<\/p>\n<p>&nbsp;<\/p>\n<p>Das vorgestellte Modell ist funktional und zugleich stylisch.<\/p>\n<p>&nbsp;<\/p>\n<p>Stoff:<\/p>\n<p>72% Polyester<\/p>\n<p>23% Viskose<\/p>\n<p>5% Elasthan<\/p>","protected":false},"excerpt":{"rendered":"<p>Sch\u00fcrze mit klassischem V-Ausschnitt, der jeder Figur passt. Dekorative Verarbeitung von Halsausschnitt und \u00c4rmeln. Auf der Vorderseite befinden sich<\/p>","protected":false},"featured_media":20783,"template":"","meta":[],"product_brand":[],"product_cat":[119,135,106,110],"product_tag":[],"class_list":{"0":"post-20807","1":"product","2":"type-product","3":"status-publish","4":"has-post-thumbnail","6":"product_cat-housekeeping","7":"product_cat-bluzy","8":"product_cat-medycyna-i-kosmetyka","9":"product_cat-bluzy-i-tuniki","11":"first","12":"instock","13":"taxable","14":"shipping-taxable","15":"product-type-simple"},"yoast_head":"<!-- This site is optimized with the Yoast SEO plugin v25.3 - https:\/\/yoast.com\/wordpress\/plugins\/seo\/ -->\n<title>Fartuszek - Grapil.pl \u2013 Profesjonalna Odzie\u017c S\u0142u\u017cbowa dla Bran\u017cy Kelnerskiej, HoReCa i Medycyny<\/title>\n<meta name=\"robots\" content=\"index, follow, max-snippet:-1, max-image-preview:large, max-video-preview:-1\" \/>\n<link rel=\"canonical\" href=\"https:\/\/grapil.pl\/de\/produkt\/medizinische-schurze-2\/\" \/>\n<meta property=\"og:locale\" content=\"de_DE\" \/>\n<meta property=\"og:type\" content=\"article\" \/>\n<meta property=\"og:title\" content=\"Fartuszek - Grapil.pl \u2013 Profesjonalna Odzie\u017c S\u0142u\u017cbowa dla Bran\u017cy Kelnerskiej, HoReCa i Medycyny\" \/>\n<meta property=\"og:description\" content=\"Fartuszek z klasycznym dekoltem w kszta\u0142cie litery V pasuj\u0105cy do ka\u017cdej sylwetki. Ozdobne wyko\u0144czenie dekoltu oraz r\u0119kaw\u00f3w. Z przodu znajduj\u0105\" \/>\n<meta property=\"og:url\" content=\"https:\/\/grapil.pl\/de\/produkt\/medizinische-schurze-2\/\" \/>\n<meta property=\"og:site_name\" content=\"Grapil.pl \u2013 Profesjonalna Odzie\u017c S\u0142u\u017cbowa dla Bran\u017cy Kelnerskiej, HoReCa i Medycyny\" \/>\n<meta property=\"article:modified_time\" content=\"2026-02-17T12:59:19+00:00\" \/>\n<meta property=\"og:image\" content=\"https:\/\/grapil.pl\/wp-content\/uploads\/2025\/05\/2.jpg\" \/>\n\t<meta property=\"og:image:width\" content=\"573\" \/>\n\t<meta property=\"og:image:height\" content=\"800\" \/>\n\t<meta property=\"og:image:type\" content=\"image\/jpeg\" \/>\n<meta name=\"twitter:card\" content=\"summary_large_image\" \/>\n<meta name=\"twitter:label1\" content=\"Gesch\u00e4tzte Lesezeit\" \/>\n\t<meta name=\"twitter:data1\" content=\"1\u00a0Minute\" \/>\n<script type=\"application\/ld+json\" class=\"yoast-schema-graph\">{\"@context\":\"https:\/\/schema.org\",\"@graph\":[{\"@type\":\"WebPage\",\"@id\":\"https:\/\/grapil.pl\/produkt\/fartuszek-medyczny-2\/\",\"url\":\"https:\/\/grapil.pl\/produkt\/fartuszek-medyczny-2\/\",\"name\":\"Fartuszek - Grapil.pl \u2013 Profesjonalna Odzie\u017c S\u0142u\u017cbowa dla Bran\u017cy Kelnerskiej, HoReCa i Medycyny\",\"isPartOf\":{\"@id\":\"https:\/\/grapil.pl\/#website\"},\"primaryImageOfPage\":{\"@id\":\"https:\/\/grapil.pl\/produkt\/fartuszek-medyczny-2\/#primaryimage\"},\"image\":{\"@id\":\"https:\/\/grapil.pl\/produkt\/fartuszek-medyczny-2\/#primaryimage\"},\"thumbnailUrl\":\"https:\/\/grapil.pl\/wp-content\/uploads\/2025\/05\/2.jpg\",\"datePublished\":\"2025-05-15T13:26:53+00:00\",\"dateModified\":\"2026-02-17T12:59:19+00:00\",\"breadcrumb\":{\"@id\":\"https:\/\/grapil.pl\/produkt\/fartuszek-medyczny-2\/#breadcrumb\"},\"inLanguage\":\"de\",\"potentialAction\":[{\"@type\":\"ReadAction\",\"target\":[\"https:\/\/grapil.pl\/produkt\/fartuszek-medyczny-2\/\"]}]},{\"@type\":\"ImageObject\",\"inLanguage\":\"de\",\"@id\":\"https:\/\/grapil.pl\/produkt\/fartuszek-medyczny-2\/#primaryimage\",\"url\":\"https:\/\/grapil.pl\/wp-content\/uploads\/2025\/05\/2.jpg\",\"contentUrl\":\"https:\/\/grapil.pl\/wp-content\/uploads\/2025\/05\/2.jpg\",\"width\":573,\"height\":800},{\"@type\":\"BreadcrumbList\",\"@id\":\"https:\/\/grapil.pl\/produkt\/fartuszek-medyczny-2\/#breadcrumb\",\"itemListElement\":[{\"@type\":\"ListItem\",\"position\":1,\"name\":\"Strona g\u0142\u00f3wna\",\"item\":\"https:\/\/grapil.pl\/\"},{\"@type\":\"ListItem\",\"position\":2,\"name\":\"sklep\",\"item\":\"https:\/\/grapil.pl\/sklep\/\"},{\"@type\":\"ListItem\",\"position\":3,\"name\":\"Fartuszek\"}]},{\"@type\":\"WebSite\",\"@id\":\"https:\/\/grapil.pl\/#website\",\"url\":\"https:\/\/grapil.pl\/\",\"name\":\"Grapil.pl \u2013 Profesjonalna Odzie\u017c S\u0142u\u017cbowa dla Bran\u017cy Kelnerskiej, HoReCa i Medycyny\",\"description\":\"\",\"potentialAction\":[{\"@type\":\"SearchAction\",\"target\":{\"@type\":\"EntryPoint\",\"urlTemplate\":\"https:\/\/grapil.pl\/?s={search_term_string}\"},\"query-input\":{\"@type\":\"PropertyValueSpecification\",\"valueRequired\":true,\"valueName\":\"search_term_string\"}}],\"inLanguage\":\"de\"}]}<\/script>\n<!-- \/ Yoast SEO plugin. -->","yoast_head_json":{"title":"Fartuszek - Grapil.pl \u2013 Profesjonalna Odzie\u017c S\u0142u\u017cbowa dla Bran\u017cy Kelnerskiej, HoReCa i Medycyny","robots":{"index":"index","follow":"follow","max-snippet":"max-snippet:-1","max-image-preview":"max-image-preview:large","max-video-preview":"max-video-preview:-1"},"canonical":"https:\/\/grapil.pl\/de\/produkt\/medizinische-schurze-2\/","og_locale":"de_DE","og_type":"article","og_title":"Fartuszek - Grapil.pl \u2013 Profesjonalna Odzie\u017c S\u0142u\u017cbowa dla Bran\u017cy Kelnerskiej, HoReCa i Medycyny","og_description":"Fartuszek z klasycznym dekoltem w kszta\u0142cie litery V pasuj\u0105cy do ka\u017cdej sylwetki. Ozdobne wyko\u0144czenie dekoltu oraz r\u0119kaw\u00f3w. Z przodu znajduj\u0105","og_url":"https:\/\/grapil.pl\/de\/produkt\/medizinische-schurze-2\/","og_site_name":"Grapil.pl \u2013 Profesjonalna Odzie\u017c S\u0142u\u017cbowa dla Bran\u017cy Kelnerskiej, HoReCa i Medycyny","article_modified_time":"2026-02-17T12:59:19+00:00","og_image":[{"width":573,"height":800,"url":"https:\/\/grapil.pl\/wp-content\/uploads\/2025\/05\/2.jpg","type":"image\/jpeg"}],"twitter_card":"summary_large_image","twitter_misc":{"Gesch\u00e4tzte Lesezeit":"1\u00a0Minute"},"schema":{"@context":"https:\/\/schema.org","@graph":[{"@type":"WebPage","@id":"https:\/\/grapil.pl\/produkt\/fartuszek-medyczny-2\/","url":"https:\/\/grapil.pl\/produkt\/fartuszek-medyczny-2\/","name":"Fartuszek - Grapil.pl \u2013 Profesjonalna Odzie\u017c S\u0142u\u017cbowa dla Bran\u017cy Kelnerskiej, HoReCa i Medycyny","isPartOf":{"@id":"https:\/\/grapil.pl\/#website"},"primaryImageOfPage":{"@id":"https:\/\/grapil.pl\/produkt\/fartuszek-medyczny-2\/#primaryimage"},"image":{"@id":"https:\/\/grapil.pl\/produkt\/fartuszek-medyczny-2\/#primaryimage"},"thumbnailUrl":"https:\/\/grapil.pl\/wp-content\/uploads\/2025\/05\/2.jpg","datePublished":"2025-05-15T13:26:53+00:00","dateModified":"2026-02-17T12:59:19+00:00","breadcrumb":{"@id":"https:\/\/grapil.pl\/produkt\/fartuszek-medyczny-2\/#breadcrumb"},"inLanguage":"de","potentialAction":[{"@type":"ReadAction","target":["https:\/\/grapil.pl\/produkt\/fartuszek-medyczny-2\/"]}]},{"@type":"ImageObject","inLanguage":"de","@id":"https:\/\/grapil.pl\/produkt\/fartuszek-medyczny-2\/#primaryimage","url":"https:\/\/grapil.pl\/wp-content\/uploads\/2025\/05\/2.jpg","contentUrl":"https:\/\/grapil.pl\/wp-content\/uploads\/2025\/05\/2.jpg","width":573,"height":800},{"@type":"BreadcrumbList","@id":"https:\/\/grapil.pl\/produkt\/fartuszek-medyczny-2\/#breadcrumb","itemListElement":[{"@type":"ListItem","position":1,"name":"Strona g\u0142\u00f3wna","item":"https:\/\/grapil.pl\/"},{"@type":"ListItem","position":2,"name":"sklep","item":"https:\/\/grapil.pl\/sklep\/"},{"@type":"ListItem","position":3,"name":"Fartuszek"}]},{"@type":"WebSite","@id":"https:\/\/grapil.pl\/#website","url":"https:\/\/grapil.pl\/","name":"Grapil.pl \u2013 Profesjonalna Odzie\u017c S\u0142u\u017cbowa dla Bran\u017cy Kelnerskiej, HoReCa i Medycyny","description":"","potentialAction":[{"@type":"SearchAction","target":{"@type":"EntryPoint","urlTemplate":"https:\/\/grapil.pl\/?s={search_term_string}"},"query-input":{"@type":"PropertyValueSpecification","valueRequired":true,"valueName":"search_term_string"}}],"inLanguage":"de"}]}},"_links":{"self":[{"href":"https:\/\/grapil.pl\/de\/wp-json\/wp\/v2\/product\/20807","targetHints":{"allow":["GET"]}}],"collection":[{"href":"https:\/\/grapil.pl\/de\/wp-json\/wp\/v2\/product"}],"about":[{"href":"https:\/\/grapil.pl\/de\/wp-json\/wp\/v2\/types\/product"}],"version-history":[{"count":3,"href":"https:\/\/grapil.pl\/de\/wp-json\/wp\/v2\/product\/20807\/revisions"}],"predecessor-version":[{"id":20958,"href":"https:\/\/grapil.pl\/de\/wp-json\/wp\/v2\/product\/20807\/revisions\/20958"}],"wp:featuredmedia":[{"embeddable":true,"href":"https:\/\/grapil.pl\/de\/wp-json\/wp\/v2\/media\/20783"}],"wp:attachment":[{"href":"https:\/\/grapil.pl\/de\/wp-json\/wp\/v2\/media?parent=20807"}],"wp:term":[{"taxonomy":"product_brand","embeddable":true,"href":"https:\/\/grapil.pl\/de\/wp-json\/wp\/v2\/product_brand?post=20807"},{"taxonomy":"product_cat","embeddable":true,"href":"https:\/\/grapil.pl\/de\/wp-json\/wp\/v2\/product_cat?post=20807"},{"taxonomy":"product_tag","embeddable":true,"href":"https:\/\/grapil.pl\/de\/wp-json\/wp\/v2\/product_tag?post=20807"}],"curies":[{"name":"wp","href":"https:\/\/api.w.org\/{rel}","templated":true}]}}