{"id":20818,"date":"2025-05-15T15:31:19","date_gmt":"2025-05-15T13:31:19","guid":{"rendered":"https:\/\/grapil.pl\/?post_type=product&#038;p=20818"},"modified":"2026-02-17T13:56:00","modified_gmt":"2026-02-17T12:56:00","slug":"medizinisches-poloshirt-fur-herren","status":"publish","type":"product","link":"https:\/\/grapil.pl\/de\/produkt\/medizinisches-poloshirt-fur-herren\/","title":{"rendered":"Medizinisches Poloshirt f\u00fcr Herren"},"content":{"rendered":"<p>Herren-Arztbluse mit Rei\u00dfverschluss. Zwei aufgesetzte Taschen vorne auf H\u00fcfth\u00f6he und eine am rechten \u00c4rmel bieten bequem Platz f\u00fcr alles Wichtige. Seitliche Schlitze sorgen f\u00fcr zus\u00e4tzlichen Komfort und Bewegungsfreiheit. An der linken Schulter befindet sich eine \u00d6se f\u00fcr einen Ausweis.<\/p>\n<p>&nbsp;<\/p>\n<p>Dank des verwendeten Stoffes, der pflegeleicht und knitterarm ist, sieht die Sch\u00fcrze immer sehr gut aus.<\/p>\n<p>&nbsp;<\/p>\n<p>Das vorgestellte Modell ist funktional und zugleich stylisch.<\/p>\n<p>&nbsp;<\/p>\n<p>Stoff:<\/p>\n<p>72% Polyester<\/p>\n<p>23% Viskose<\/p>\n<p>5% Elasthan<\/p>","protected":false},"excerpt":{"rendered":"<p>Medizinisches Poloshirt f\u00fcr Herren mit Rei\u00dfverschluss. Es gibt zwei aufgesetzte Taschen vorne auf H\u00fcfth\u00f6he und eine<\/p>","protected":false},"featured_media":20793,"template":"","meta":[],"product_brand":[],"product_cat":[106,110],"product_tag":[],"class_list":{"0":"post-20818","1":"product","2":"type-product","3":"status-publish","4":"has-post-thumbnail","6":"product_cat-medycyna-i-kosmetyka","7":"product_cat-bluzy-i-tuniki","9":"first","10":"instock","11":"taxable","12":"shipping-taxable","13":"product-type-simple"},"yoast_head":"<!-- This site is optimized with the Yoast SEO plugin v25.3 - https:\/\/yoast.com\/wordpress\/plugins\/seo\/ -->\n<title>Bluza medyczna m\u0119ska &quot;polo&quot; - Grapil.pl \u2013 Profesjonalna Odzie\u017c S\u0142u\u017cbowa dla Bran\u017cy Kelnerskiej, HoReCa i Medycyny<\/title>\n<meta name=\"robots\" content=\"index, follow, max-snippet:-1, max-image-preview:large, max-video-preview:-1\" \/>\n<link rel=\"canonical\" href=\"https:\/\/grapil.pl\/de\/produkt\/medizinisches-poloshirt-fur-herren\/\" \/>\n<meta property=\"og:locale\" content=\"de_DE\" \/>\n<meta property=\"og:type\" content=\"article\" \/>\n<meta property=\"og:title\" content=\"Bluza medyczna m\u0119ska &quot;polo&quot; - Grapil.pl \u2013 Profesjonalna Odzie\u017c S\u0142u\u017cbowa dla Bran\u017cy Kelnerskiej, HoReCa i Medycyny\" \/>\n<meta property=\"og:description\" content=\"Bluza medyczna m\u0119ska z zapi\u0119ciem polo na zamek. Z przodu na wysoko\u015bci bioder znajduj\u0105 si\u0119 dwie naszywane kieszenie oraz jedna\" \/>\n<meta property=\"og:url\" content=\"https:\/\/grapil.pl\/de\/produkt\/medizinisches-poloshirt-fur-herren\/\" \/>\n<meta property=\"og:site_name\" content=\"Grapil.pl \u2013 Profesjonalna Odzie\u017c S\u0142u\u017cbowa dla Bran\u017cy Kelnerskiej, HoReCa i Medycyny\" \/>\n<meta property=\"article:modified_time\" content=\"2026-02-17T12:56:00+00:00\" \/>\n<meta property=\"og:image\" content=\"https:\/\/grapil.pl\/wp-content\/uploads\/2025\/05\/7.jpg\" \/>\n\t<meta property=\"og:image:width\" content=\"640\" \/>\n\t<meta property=\"og:image:height\" content=\"800\" \/>\n\t<meta property=\"og:image:type\" content=\"image\/jpeg\" \/>\n<meta name=\"twitter:card\" content=\"summary_large_image\" \/>\n<meta name=\"twitter:label1\" content=\"Gesch\u00e4tzte Lesezeit\" \/>\n\t<meta name=\"twitter:data1\" content=\"1\u00a0Minute\" \/>\n<script type=\"application\/ld+json\" class=\"yoast-schema-graph\">{\"@context\":\"https:\/\/schema.org\",\"@graph\":[{\"@type\":\"WebPage\",\"@id\":\"https:\/\/grapil.pl\/produkt\/bluza-medyczna-meska-polo\/\",\"url\":\"https:\/\/grapil.pl\/produkt\/bluza-medyczna-meska-polo\/\",\"name\":\"Bluza medyczna m\u0119ska \\\"polo\\\" - Grapil.pl \u2013 Profesjonalna Odzie\u017c S\u0142u\u017cbowa dla Bran\u017cy Kelnerskiej, HoReCa i Medycyny\",\"isPartOf\":{\"@id\":\"https:\/\/grapil.pl\/#website\"},\"primaryImageOfPage\":{\"@id\":\"https:\/\/grapil.pl\/produkt\/bluza-medyczna-meska-polo\/#primaryimage\"},\"image\":{\"@id\":\"https:\/\/grapil.pl\/produkt\/bluza-medyczna-meska-polo\/#primaryimage\"},\"thumbnailUrl\":\"https:\/\/grapil.pl\/wp-content\/uploads\/2025\/05\/7.jpg\",\"datePublished\":\"2025-05-15T13:31:19+00:00\",\"dateModified\":\"2026-02-17T12:56:00+00:00\",\"breadcrumb\":{\"@id\":\"https:\/\/grapil.pl\/produkt\/bluza-medyczna-meska-polo\/#breadcrumb\"},\"inLanguage\":\"de\",\"potentialAction\":[{\"@type\":\"ReadAction\",\"target\":[\"https:\/\/grapil.pl\/produkt\/bluza-medyczna-meska-polo\/\"]}]},{\"@type\":\"ImageObject\",\"inLanguage\":\"de\",\"@id\":\"https:\/\/grapil.pl\/produkt\/bluza-medyczna-meska-polo\/#primaryimage\",\"url\":\"https:\/\/grapil.pl\/wp-content\/uploads\/2025\/05\/7.jpg\",\"contentUrl\":\"https:\/\/grapil.pl\/wp-content\/uploads\/2025\/05\/7.jpg\",\"width\":640,\"height\":800},{\"@type\":\"BreadcrumbList\",\"@id\":\"https:\/\/grapil.pl\/produkt\/bluza-medyczna-meska-polo\/#breadcrumb\",\"itemListElement\":[{\"@type\":\"ListItem\",\"position\":1,\"name\":\"Strona g\u0142\u00f3wna\",\"item\":\"https:\/\/grapil.pl\/\"},{\"@type\":\"ListItem\",\"position\":2,\"name\":\"sklep\",\"item\":\"https:\/\/grapil.pl\/sklep\/\"},{\"@type\":\"ListItem\",\"position\":3,\"name\":\"Bluza medyczna m\u0119ska &#8220;polo&#8221;\"}]},{\"@type\":\"WebSite\",\"@id\":\"https:\/\/grapil.pl\/#website\",\"url\":\"https:\/\/grapil.pl\/\",\"name\":\"Grapil.pl \u2013 Profesjonalna Odzie\u017c S\u0142u\u017cbowa dla Bran\u017cy Kelnerskiej, HoReCa i Medycyny\",\"description\":\"\",\"potentialAction\":[{\"@type\":\"SearchAction\",\"target\":{\"@type\":\"EntryPoint\",\"urlTemplate\":\"https:\/\/grapil.pl\/?s={search_term_string}\"},\"query-input\":{\"@type\":\"PropertyValueSpecification\",\"valueRequired\":true,\"valueName\":\"search_term_string\"}}],\"inLanguage\":\"de\"}]}<\/script>\n<!-- \/ Yoast SEO plugin. -->","yoast_head_json":{"title":"Bluza medyczna m\u0119ska \"polo\" - Grapil.pl \u2013 Profesjonalna Odzie\u017c S\u0142u\u017cbowa dla Bran\u017cy Kelnerskiej, HoReCa i Medycyny","robots":{"index":"index","follow":"follow","max-snippet":"max-snippet:-1","max-image-preview":"max-image-preview:large","max-video-preview":"max-video-preview:-1"},"canonical":"https:\/\/grapil.pl\/de\/produkt\/medizinisches-poloshirt-fur-herren\/","og_locale":"de_DE","og_type":"article","og_title":"Bluza medyczna m\u0119ska \"polo\" - Grapil.pl \u2013 Profesjonalna Odzie\u017c S\u0142u\u017cbowa dla Bran\u017cy Kelnerskiej, HoReCa i Medycyny","og_description":"Bluza medyczna m\u0119ska z zapi\u0119ciem polo na zamek. Z przodu na wysoko\u015bci bioder znajduj\u0105 si\u0119 dwie naszywane kieszenie oraz jedna","og_url":"https:\/\/grapil.pl\/de\/produkt\/medizinisches-poloshirt-fur-herren\/","og_site_name":"Grapil.pl \u2013 Profesjonalna Odzie\u017c S\u0142u\u017cbowa dla Bran\u017cy Kelnerskiej, HoReCa i Medycyny","article_modified_time":"2026-02-17T12:56:00+00:00","og_image":[{"width":640,"height":800,"url":"https:\/\/grapil.pl\/wp-content\/uploads\/2025\/05\/7.jpg","type":"image\/jpeg"}],"twitter_card":"summary_large_image","twitter_misc":{"Gesch\u00e4tzte Lesezeit":"1\u00a0Minute"},"schema":{"@context":"https:\/\/schema.org","@graph":[{"@type":"WebPage","@id":"https:\/\/grapil.pl\/produkt\/bluza-medyczna-meska-polo\/","url":"https:\/\/grapil.pl\/produkt\/bluza-medyczna-meska-polo\/","name":"Bluza medyczna m\u0119ska \"polo\" - Grapil.pl \u2013 Profesjonalna Odzie\u017c S\u0142u\u017cbowa dla Bran\u017cy Kelnerskiej, HoReCa i Medycyny","isPartOf":{"@id":"https:\/\/grapil.pl\/#website"},"primaryImageOfPage":{"@id":"https:\/\/grapil.pl\/produkt\/bluza-medyczna-meska-polo\/#primaryimage"},"image":{"@id":"https:\/\/grapil.pl\/produkt\/bluza-medyczna-meska-polo\/#primaryimage"},"thumbnailUrl":"https:\/\/grapil.pl\/wp-content\/uploads\/2025\/05\/7.jpg","datePublished":"2025-05-15T13:31:19+00:00","dateModified":"2026-02-17T12:56:00+00:00","breadcrumb":{"@id":"https:\/\/grapil.pl\/produkt\/bluza-medyczna-meska-polo\/#breadcrumb"},"inLanguage":"de","potentialAction":[{"@type":"ReadAction","target":["https:\/\/grapil.pl\/produkt\/bluza-medyczna-meska-polo\/"]}]},{"@type":"ImageObject","inLanguage":"de","@id":"https:\/\/grapil.pl\/produkt\/bluza-medyczna-meska-polo\/#primaryimage","url":"https:\/\/grapil.pl\/wp-content\/uploads\/2025\/05\/7.jpg","contentUrl":"https:\/\/grapil.pl\/wp-content\/uploads\/2025\/05\/7.jpg","width":640,"height":800},{"@type":"BreadcrumbList","@id":"https:\/\/grapil.pl\/produkt\/bluza-medyczna-meska-polo\/#breadcrumb","itemListElement":[{"@type":"ListItem","position":1,"name":"Strona g\u0142\u00f3wna","item":"https:\/\/grapil.pl\/"},{"@type":"ListItem","position":2,"name":"sklep","item":"https:\/\/grapil.pl\/sklep\/"},{"@type":"ListItem","position":3,"name":"Bluza medyczna m\u0119ska &#8220;polo&#8221;"}]},{"@type":"WebSite","@id":"https:\/\/grapil.pl\/#website","url":"https:\/\/grapil.pl\/","name":"Grapil.pl \u2013 Profesjonalna Odzie\u017c S\u0142u\u017cbowa dla Bran\u017cy Kelnerskiej, HoReCa i Medycyny","description":"","potentialAction":[{"@type":"SearchAction","target":{"@type":"EntryPoint","urlTemplate":"https:\/\/grapil.pl\/?s={search_term_string}"},"query-input":{"@type":"PropertyValueSpecification","valueRequired":true,"valueName":"search_term_string"}}],"inLanguage":"de"}]}},"_links":{"self":[{"href":"https:\/\/grapil.pl\/de\/wp-json\/wp\/v2\/product\/20818","targetHints":{"allow":["GET"]}}],"collection":[{"href":"https:\/\/grapil.pl\/de\/wp-json\/wp\/v2\/product"}],"about":[{"href":"https:\/\/grapil.pl\/de\/wp-json\/wp\/v2\/types\/product"}],"version-history":[{"count":1,"href":"https:\/\/grapil.pl\/de\/wp-json\/wp\/v2\/product\/20818\/revisions"}],"predecessor-version":[{"id":20819,"href":"https:\/\/grapil.pl\/de\/wp-json\/wp\/v2\/product\/20818\/revisions\/20819"}],"wp:featuredmedia":[{"embeddable":true,"href":"https:\/\/grapil.pl\/de\/wp-json\/wp\/v2\/media\/20793"}],"wp:attachment":[{"href":"https:\/\/grapil.pl\/de\/wp-json\/wp\/v2\/media?parent=20818"}],"wp:term":[{"taxonomy":"product_brand","embeddable":true,"href":"https:\/\/grapil.pl\/de\/wp-json\/wp\/v2\/product_brand?post=20818"},{"taxonomy":"product_cat","embeddable":true,"href":"https:\/\/grapil.pl\/de\/wp-json\/wp\/v2\/product_cat?post=20818"},{"taxonomy":"product_tag","embeddable":true,"href":"https:\/\/grapil.pl\/de\/wp-json\/wp\/v2\/product_tag?post=20818"}],"curies":[{"name":"wp","href":"https:\/\/api.w.org\/{rel}","templated":true}]}}