{"id":20824,"date":"2025-05-15T15:36:22","date_gmt":"2025-05-15T13:36:22","guid":{"rendered":"https:\/\/grapil.pl\/?post_type=product&#038;p=20824"},"modified":"2026-02-17T13:58:32","modified_gmt":"2026-02-17T12:58:32","slug":"klassisches-herren-einreiher-sakko-2","status":"publish","type":"product","link":"https:\/\/grapil.pl\/de\/produkt\/klassisches-herren-einreiher-sakko-2\/","title":{"rendered":"Klassisches einreihiges Herrensakko"},"content":{"rendered":"<p class=\"Standard\">Klassische einreihige Herrenjacke mit zwei Kn\u00f6pfen. Klassisches offenes Revers, Brusttasche und Pattentaschen. Ein Schlitz hinten (Bel\u00fcftung) f\u00fcr mehr Bewegungsfreiheit. Das Ganze ist mit elastischem Futter in einer auf den Stoff abgestimmten Farbe gef\u00fcttert.<\/p>\n<p class=\"Standard\">Dank des verwendeten Stoffes sieht die Jacke in jeder Situation sehr gut aus.<\/p>","protected":false},"excerpt":{"rendered":"<p>Klassische einreihige Herrenjacke mit zwei Kn\u00f6pfen. Klassisches offenes Revers, Brusttasche und Pattentaschen. Ein Schlitz hinten<\/p>","protected":false},"featured_media":25568,"template":"","meta":[],"product_brand":[],"product_cat":[82,146],"product_tag":[],"class_list":{"0":"post-20824","1":"product","2":"type-product","3":"status-publish","4":"has-post-thumbnail","6":"product_cat-hotelarstwo","7":"product_cat-marynarki","9":"first","10":"instock","11":"taxable","12":"shipping-taxable","13":"product-type-simple"},"yoast_head":"<!-- This site is optimized with the Yoast SEO plugin v25.3 - https:\/\/yoast.com\/wordpress\/plugins\/seo\/ -->\n<title>Marynarka klasyczna m\u0119ska jednorz\u0119dowa - Grapil.pl \u2013 Profesjonalna Odzie\u017c S\u0142u\u017cbowa dla Bran\u017cy Kelnerskiej, HoReCa i Medycyny<\/title>\n<meta name=\"robots\" content=\"index, follow, max-snippet:-1, max-image-preview:large, max-video-preview:-1\" \/>\n<link rel=\"canonical\" href=\"https:\/\/grapil.pl\/de\/produkt\/klassisches-herren-einreiher-sakko-2\/\" \/>\n<meta property=\"og:locale\" content=\"de_DE\" \/>\n<meta property=\"og:type\" content=\"article\" \/>\n<meta property=\"og:title\" content=\"Marynarka klasyczna m\u0119ska jednorz\u0119dowa - Grapil.pl \u2013 Profesjonalna Odzie\u017c S\u0142u\u017cbowa dla Bran\u017cy Kelnerskiej, HoReCa i Medycyny\" \/>\n<meta property=\"og:description\" content=\"Marynarka m\u0119ska klasyczna jednorz\u0119dowa, zapinana na dwa guziki. Klasycznie otwarte klapy, brustasza oraz kieszenie z patkami. Z ty\u0142u jedno rozci\u0119cie\" \/>\n<meta property=\"og:url\" content=\"https:\/\/grapil.pl\/de\/produkt\/klassisches-herren-einreiher-sakko-2\/\" \/>\n<meta property=\"og:site_name\" content=\"Grapil.pl \u2013 Profesjonalna Odzie\u017c S\u0142u\u017cbowa dla Bran\u017cy Kelnerskiej, HoReCa i Medycyny\" \/>\n<meta property=\"article:modified_time\" content=\"2026-02-17T12:58:32+00:00\" \/>\n<meta property=\"og:image\" content=\"https:\/\/grapil.pl\/wp-content\/uploads\/2025\/05\/marynarka-kopia-do-zmiany-1.jpg\" \/>\n\t<meta property=\"og:image:width\" content=\"600\" \/>\n\t<meta property=\"og:image:height\" content=\"800\" \/>\n\t<meta property=\"og:image:type\" content=\"image\/jpeg\" \/>\n<meta name=\"twitter:card\" content=\"summary_large_image\" \/>\n<meta name=\"twitter:label1\" content=\"Gesch\u00e4tzte Lesezeit\" \/>\n\t<meta name=\"twitter:data1\" content=\"1\u00a0Minute\" \/>\n<script type=\"application\/ld+json\" class=\"yoast-schema-graph\">{\"@context\":\"https:\/\/schema.org\",\"@graph\":[{\"@type\":\"WebPage\",\"@id\":\"https:\/\/grapil.pl\/produkt\/marynarka-klasyczna-meska-jednorzedowa-2\/\",\"url\":\"https:\/\/grapil.pl\/produkt\/marynarka-klasyczna-meska-jednorzedowa-2\/\",\"name\":\"Marynarka klasyczna m\u0119ska jednorz\u0119dowa - Grapil.pl \u2013 Profesjonalna Odzie\u017c S\u0142u\u017cbowa dla Bran\u017cy Kelnerskiej, HoReCa i Medycyny\",\"isPartOf\":{\"@id\":\"https:\/\/grapil.pl\/#website\"},\"primaryImageOfPage\":{\"@id\":\"https:\/\/grapil.pl\/produkt\/marynarka-klasyczna-meska-jednorzedowa-2\/#primaryimage\"},\"image\":{\"@id\":\"https:\/\/grapil.pl\/produkt\/marynarka-klasyczna-meska-jednorzedowa-2\/#primaryimage\"},\"thumbnailUrl\":\"https:\/\/grapil.pl\/wp-content\/uploads\/2025\/05\/marynarka-kopia-do-zmiany-1.jpg\",\"datePublished\":\"2025-05-15T13:36:22+00:00\",\"dateModified\":\"2026-02-17T12:58:32+00:00\",\"breadcrumb\":{\"@id\":\"https:\/\/grapil.pl\/produkt\/marynarka-klasyczna-meska-jednorzedowa-2\/#breadcrumb\"},\"inLanguage\":\"de\",\"potentialAction\":[{\"@type\":\"ReadAction\",\"target\":[\"https:\/\/grapil.pl\/produkt\/marynarka-klasyczna-meska-jednorzedowa-2\/\"]}]},{\"@type\":\"ImageObject\",\"inLanguage\":\"de\",\"@id\":\"https:\/\/grapil.pl\/produkt\/marynarka-klasyczna-meska-jednorzedowa-2\/#primaryimage\",\"url\":\"https:\/\/grapil.pl\/wp-content\/uploads\/2025\/05\/marynarka-kopia-do-zmiany-1.jpg\",\"contentUrl\":\"https:\/\/grapil.pl\/wp-content\/uploads\/2025\/05\/marynarka-kopia-do-zmiany-1.jpg\",\"width\":600,\"height\":800},{\"@type\":\"BreadcrumbList\",\"@id\":\"https:\/\/grapil.pl\/produkt\/marynarka-klasyczna-meska-jednorzedowa-2\/#breadcrumb\",\"itemListElement\":[{\"@type\":\"ListItem\",\"position\":1,\"name\":\"Strona g\u0142\u00f3wna\",\"item\":\"https:\/\/grapil.pl\/\"},{\"@type\":\"ListItem\",\"position\":2,\"name\":\"sklep\",\"item\":\"https:\/\/grapil.pl\/sklep\/\"},{\"@type\":\"ListItem\",\"position\":3,\"name\":\"Marynarka klasyczna m\u0119ska jednorz\u0119dowa\"}]},{\"@type\":\"WebSite\",\"@id\":\"https:\/\/grapil.pl\/#website\",\"url\":\"https:\/\/grapil.pl\/\",\"name\":\"Grapil.pl \u2013 Profesjonalna Odzie\u017c S\u0142u\u017cbowa dla Bran\u017cy Kelnerskiej, HoReCa i Medycyny\",\"description\":\"\",\"potentialAction\":[{\"@type\":\"SearchAction\",\"target\":{\"@type\":\"EntryPoint\",\"urlTemplate\":\"https:\/\/grapil.pl\/?s={search_term_string}\"},\"query-input\":{\"@type\":\"PropertyValueSpecification\",\"valueRequired\":true,\"valueName\":\"search_term_string\"}}],\"inLanguage\":\"de\"}]}<\/script>\n<!-- \/ Yoast SEO plugin. -->","yoast_head_json":{"title":"Marynarka klasyczna m\u0119ska jednorz\u0119dowa - Grapil.pl \u2013 Profesjonalna Odzie\u017c S\u0142u\u017cbowa dla Bran\u017cy Kelnerskiej, HoReCa i Medycyny","robots":{"index":"index","follow":"follow","max-snippet":"max-snippet:-1","max-image-preview":"max-image-preview:large","max-video-preview":"max-video-preview:-1"},"canonical":"https:\/\/grapil.pl\/de\/produkt\/klassisches-herren-einreiher-sakko-2\/","og_locale":"de_DE","og_type":"article","og_title":"Marynarka klasyczna m\u0119ska jednorz\u0119dowa - Grapil.pl \u2013 Profesjonalna Odzie\u017c S\u0142u\u017cbowa dla Bran\u017cy Kelnerskiej, HoReCa i Medycyny","og_description":"Marynarka m\u0119ska klasyczna jednorz\u0119dowa, zapinana na dwa guziki. Klasycznie otwarte klapy, brustasza oraz kieszenie z patkami. Z ty\u0142u jedno rozci\u0119cie","og_url":"https:\/\/grapil.pl\/de\/produkt\/klassisches-herren-einreiher-sakko-2\/","og_site_name":"Grapil.pl \u2013 Profesjonalna Odzie\u017c S\u0142u\u017cbowa dla Bran\u017cy Kelnerskiej, HoReCa i Medycyny","article_modified_time":"2026-02-17T12:58:32+00:00","og_image":[{"width":600,"height":800,"url":"https:\/\/grapil.pl\/wp-content\/uploads\/2025\/05\/marynarka-kopia-do-zmiany-1.jpg","type":"image\/jpeg"}],"twitter_card":"summary_large_image","twitter_misc":{"Gesch\u00e4tzte Lesezeit":"1\u00a0Minute"},"schema":{"@context":"https:\/\/schema.org","@graph":[{"@type":"WebPage","@id":"https:\/\/grapil.pl\/produkt\/marynarka-klasyczna-meska-jednorzedowa-2\/","url":"https:\/\/grapil.pl\/produkt\/marynarka-klasyczna-meska-jednorzedowa-2\/","name":"Marynarka klasyczna m\u0119ska jednorz\u0119dowa - Grapil.pl \u2013 Profesjonalna Odzie\u017c S\u0142u\u017cbowa dla Bran\u017cy Kelnerskiej, HoReCa i Medycyny","isPartOf":{"@id":"https:\/\/grapil.pl\/#website"},"primaryImageOfPage":{"@id":"https:\/\/grapil.pl\/produkt\/marynarka-klasyczna-meska-jednorzedowa-2\/#primaryimage"},"image":{"@id":"https:\/\/grapil.pl\/produkt\/marynarka-klasyczna-meska-jednorzedowa-2\/#primaryimage"},"thumbnailUrl":"https:\/\/grapil.pl\/wp-content\/uploads\/2025\/05\/marynarka-kopia-do-zmiany-1.jpg","datePublished":"2025-05-15T13:36:22+00:00","dateModified":"2026-02-17T12:58:32+00:00","breadcrumb":{"@id":"https:\/\/grapil.pl\/produkt\/marynarka-klasyczna-meska-jednorzedowa-2\/#breadcrumb"},"inLanguage":"de","potentialAction":[{"@type":"ReadAction","target":["https:\/\/grapil.pl\/produkt\/marynarka-klasyczna-meska-jednorzedowa-2\/"]}]},{"@type":"ImageObject","inLanguage":"de","@id":"https:\/\/grapil.pl\/produkt\/marynarka-klasyczna-meska-jednorzedowa-2\/#primaryimage","url":"https:\/\/grapil.pl\/wp-content\/uploads\/2025\/05\/marynarka-kopia-do-zmiany-1.jpg","contentUrl":"https:\/\/grapil.pl\/wp-content\/uploads\/2025\/05\/marynarka-kopia-do-zmiany-1.jpg","width":600,"height":800},{"@type":"BreadcrumbList","@id":"https:\/\/grapil.pl\/produkt\/marynarka-klasyczna-meska-jednorzedowa-2\/#breadcrumb","itemListElement":[{"@type":"ListItem","position":1,"name":"Strona g\u0142\u00f3wna","item":"https:\/\/grapil.pl\/"},{"@type":"ListItem","position":2,"name":"sklep","item":"https:\/\/grapil.pl\/sklep\/"},{"@type":"ListItem","position":3,"name":"Marynarka klasyczna m\u0119ska jednorz\u0119dowa"}]},{"@type":"WebSite","@id":"https:\/\/grapil.pl\/#website","url":"https:\/\/grapil.pl\/","name":"Grapil.pl \u2013 Profesjonalna Odzie\u017c S\u0142u\u017cbowa dla Bran\u017cy Kelnerskiej, HoReCa i Medycyny","description":"","potentialAction":[{"@type":"SearchAction","target":{"@type":"EntryPoint","urlTemplate":"https:\/\/grapil.pl\/?s={search_term_string}"},"query-input":{"@type":"PropertyValueSpecification","valueRequired":true,"valueName":"search_term_string"}}],"inLanguage":"de"}]}},"_links":{"self":[{"href":"https:\/\/grapil.pl\/de\/wp-json\/wp\/v2\/product\/20824","targetHints":{"allow":["GET"]}}],"collection":[{"href":"https:\/\/grapil.pl\/de\/wp-json\/wp\/v2\/product"}],"about":[{"href":"https:\/\/grapil.pl\/de\/wp-json\/wp\/v2\/types\/product"}],"version-history":[{"count":3,"href":"https:\/\/grapil.pl\/de\/wp-json\/wp\/v2\/product\/20824\/revisions"}],"predecessor-version":[{"id":25566,"href":"https:\/\/grapil.pl\/de\/wp-json\/wp\/v2\/product\/20824\/revisions\/25566"}],"wp:featuredmedia":[{"embeddable":true,"href":"https:\/\/grapil.pl\/de\/wp-json\/wp\/v2\/media\/25568"}],"wp:attachment":[{"href":"https:\/\/grapil.pl\/de\/wp-json\/wp\/v2\/media?parent=20824"}],"wp:term":[{"taxonomy":"product_brand","embeddable":true,"href":"https:\/\/grapil.pl\/de\/wp-json\/wp\/v2\/product_brand?post=20824"},{"taxonomy":"product_cat","embeddable":true,"href":"https:\/\/grapil.pl\/de\/wp-json\/wp\/v2\/product_cat?post=20824"},{"taxonomy":"product_tag","embeddable":true,"href":"https:\/\/grapil.pl\/de\/wp-json\/wp\/v2\/product_tag?post=20824"}],"curies":[{"name":"wp","href":"https:\/\/api.w.org\/{rel}","templated":true}]}}