{"id":20860,"date":"2025-05-26T10:50:53","date_gmt":"2025-05-26T08:50:53","guid":{"rendered":"https:\/\/grapil.pl\/?post_type=product&#038;p=20860"},"modified":"2026-02-17T14:01:38","modified_gmt":"2026-02-17T13:01:38","slug":"medizinisches-set-bluse-und-hose-v-2","status":"publish","type":"product","link":"https:\/\/grapil.pl\/de\/produkt\/medizinisches-set-bluse-und-hose-v-2\/","title":{"rendered":"Medizinisches Set: Bluse und Hose &quot;V&quot;"},"content":{"rendered":"<p><strong>Medizinische Sch\u00fcrze<\/strong> Mit tailliertem Schnitt. Ein klassisches Modell mit V-Ausschnitt, das jeder Figur schmeichelt. Es verf\u00fcgt \u00fcber viele praktische Taschen, in denen alles Wichtige bequem verstaut werden kann. Seitliche Schlitze sorgen f\u00fcr zus\u00e4tzlichen Komfort und Bewegungsfreiheit.<\/p>\n<p>Dank des verwendeten Stoffes, der pflegeleicht und knitterarm ist, sieht die Sch\u00fcrze immer sehr gut aus.<\/p>\n<p><strong>Damen-Jogginghose<\/strong>Der Bund und die Beinabschl\u00fcsse sind mit einem Kordelzug versehen, der Komfort und Bewegungsfreiheit gew\u00e4hrleistet. Der Bund hat einen Gummizug und einen Kordelzug, der f\u00fcr eine perfekte Passform sorgt. Die Beine sind nach unten hin leicht verj\u00fcngt. Sie hat viele praktische Taschen, in denen alles Notwendige bequem Platz findet.<\/p>\n<p>Dank des verwendeten Stoffes, der pflegeleicht und knitterarm ist, sieht die Hose immer sehr gut aus.<\/p>\n<p>Das vorgestellte Modell ist funktional und zugleich stylisch.<\/p>\n<p>&nbsp;<\/p>\n<p><strong>Stoff:<\/strong><\/p>\n<p>72% Polyester<\/p>\n<p>23% Viskose<\/p>\n<p>5% Elasthan<\/p>","protected":false},"excerpt":{"rendered":"<p>Eine medizinische Sch\u00fcrze mit tailliertem Schnitt. Ein klassisches Modell mit V-Ausschnitt, das jeder Figur passt. Es verf\u00fcgt \u00fcber viele funktionelle Eigenschaften.<\/p>","protected":false},"featured_media":20888,"template":"","meta":[],"product_brand":[],"product_cat":[110],"product_tag":[],"class_list":{"0":"post-20860","1":"product","2":"type-product","3":"status-publish","4":"has-post-thumbnail","6":"product_cat-bluzy-i-tuniki","8":"first","9":"instock","10":"taxable","11":"shipping-taxable","12":"product-type-simple"},"yoast_head":"<!-- This site is optimized with the Yoast SEO plugin v25.3 - https:\/\/yoast.com\/wordpress\/plugins\/seo\/ -->\n<title>Komplet medyczny bluza i spodnie \u201cV\u201d - Grapil.pl \u2013 Profesjonalna Odzie\u017c S\u0142u\u017cbowa dla Bran\u017cy Kelnerskiej, HoReCa i Medycyny<\/title>\n<meta name=\"robots\" content=\"index, follow, max-snippet:-1, max-image-preview:large, max-video-preview:-1\" \/>\n<link rel=\"canonical\" href=\"https:\/\/grapil.pl\/de\/produkt\/medizinisches-set-bluse-und-hose-v-2\/\" \/>\n<meta property=\"og:locale\" content=\"de_DE\" \/>\n<meta property=\"og:type\" content=\"article\" \/>\n<meta property=\"og:title\" content=\"Komplet medyczny bluza i spodnie \u201cV\u201d - Grapil.pl \u2013 Profesjonalna Odzie\u017c S\u0142u\u017cbowa dla Bran\u017cy Kelnerskiej, HoReCa i Medycyny\" \/>\n<meta property=\"og:description\" content=\"Fartuszek medyczny o dopasowanym kroju. Klasyczny model z dekoltem w kszta\u0142cie litery V pasuj\u0105cy do ka\u017cdej sylwetki. Posiada wiele funkcjonalnych\" \/>\n<meta property=\"og:url\" content=\"https:\/\/grapil.pl\/de\/produkt\/medizinisches-set-bluse-und-hose-v-2\/\" \/>\n<meta property=\"og:site_name\" content=\"Grapil.pl \u2013 Profesjonalna Odzie\u017c S\u0142u\u017cbowa dla Bran\u017cy Kelnerskiej, HoReCa i Medycyny\" \/>\n<meta property=\"article:modified_time\" content=\"2026-02-17T13:01:38+00:00\" \/>\n<meta property=\"og:image\" content=\"https:\/\/grapil.pl\/wp-content\/uploads\/2025\/05\/13-1.jpg\" \/>\n\t<meta property=\"og:image:width\" content=\"700\" \/>\n\t<meta property=\"og:image:height\" content=\"800\" \/>\n\t<meta property=\"og:image:type\" content=\"image\/jpeg\" \/>\n<meta name=\"twitter:card\" content=\"summary_large_image\" \/>\n<meta name=\"twitter:label1\" content=\"Gesch\u00e4tzte Lesezeit\" \/>\n\t<meta name=\"twitter:data1\" content=\"1\u00a0Minute\" \/>\n<script type=\"application\/ld+json\" class=\"yoast-schema-graph\">{\"@context\":\"https:\/\/schema.org\",\"@graph\":[{\"@type\":\"WebPage\",\"@id\":\"https:\/\/grapil.pl\/produkt\/komplet-medyczny-bluza-i-spodnie-v-2\/\",\"url\":\"https:\/\/grapil.pl\/produkt\/komplet-medyczny-bluza-i-spodnie-v-2\/\",\"name\":\"Komplet medyczny bluza i spodnie \u201cV\u201d - Grapil.pl \u2013 Profesjonalna Odzie\u017c S\u0142u\u017cbowa dla Bran\u017cy Kelnerskiej, HoReCa i Medycyny\",\"isPartOf\":{\"@id\":\"https:\/\/grapil.pl\/#website\"},\"primaryImageOfPage\":{\"@id\":\"https:\/\/grapil.pl\/produkt\/komplet-medyczny-bluza-i-spodnie-v-2\/#primaryimage\"},\"image\":{\"@id\":\"https:\/\/grapil.pl\/produkt\/komplet-medyczny-bluza-i-spodnie-v-2\/#primaryimage\"},\"thumbnailUrl\":\"https:\/\/grapil.pl\/wp-content\/uploads\/2025\/05\/13-1.jpg\",\"datePublished\":\"2025-05-26T08:50:53+00:00\",\"dateModified\":\"2026-02-17T13:01:38+00:00\",\"breadcrumb\":{\"@id\":\"https:\/\/grapil.pl\/produkt\/komplet-medyczny-bluza-i-spodnie-v-2\/#breadcrumb\"},\"inLanguage\":\"de\",\"potentialAction\":[{\"@type\":\"ReadAction\",\"target\":[\"https:\/\/grapil.pl\/produkt\/komplet-medyczny-bluza-i-spodnie-v-2\/\"]}]},{\"@type\":\"ImageObject\",\"inLanguage\":\"de\",\"@id\":\"https:\/\/grapil.pl\/produkt\/komplet-medyczny-bluza-i-spodnie-v-2\/#primaryimage\",\"url\":\"https:\/\/grapil.pl\/wp-content\/uploads\/2025\/05\/13-1.jpg\",\"contentUrl\":\"https:\/\/grapil.pl\/wp-content\/uploads\/2025\/05\/13-1.jpg\",\"width\":700,\"height\":800},{\"@type\":\"BreadcrumbList\",\"@id\":\"https:\/\/grapil.pl\/produkt\/komplet-medyczny-bluza-i-spodnie-v-2\/#breadcrumb\",\"itemListElement\":[{\"@type\":\"ListItem\",\"position\":1,\"name\":\"Strona g\u0142\u00f3wna\",\"item\":\"https:\/\/grapil.pl\/\"},{\"@type\":\"ListItem\",\"position\":2,\"name\":\"sklep\",\"item\":\"https:\/\/grapil.pl\/sklep\/\"},{\"@type\":\"ListItem\",\"position\":3,\"name\":\"Komplet medyczny bluza i spodnie \u201cV\u201d\"}]},{\"@type\":\"WebSite\",\"@id\":\"https:\/\/grapil.pl\/#website\",\"url\":\"https:\/\/grapil.pl\/\",\"name\":\"Grapil.pl \u2013 Profesjonalna Odzie\u017c S\u0142u\u017cbowa dla Bran\u017cy Kelnerskiej, HoReCa i Medycyny\",\"description\":\"\",\"potentialAction\":[{\"@type\":\"SearchAction\",\"target\":{\"@type\":\"EntryPoint\",\"urlTemplate\":\"https:\/\/grapil.pl\/?s={search_term_string}\"},\"query-input\":{\"@type\":\"PropertyValueSpecification\",\"valueRequired\":true,\"valueName\":\"search_term_string\"}}],\"inLanguage\":\"de\"}]}<\/script>\n<!-- \/ Yoast SEO plugin. -->","yoast_head_json":{"title":"Komplet medyczny bluza i spodnie \u201cV\u201d - Grapil.pl \u2013 Profesjonalna Odzie\u017c S\u0142u\u017cbowa dla Bran\u017cy Kelnerskiej, HoReCa i Medycyny","robots":{"index":"index","follow":"follow","max-snippet":"max-snippet:-1","max-image-preview":"max-image-preview:large","max-video-preview":"max-video-preview:-1"},"canonical":"https:\/\/grapil.pl\/de\/produkt\/medizinisches-set-bluse-und-hose-v-2\/","og_locale":"de_DE","og_type":"article","og_title":"Komplet medyczny bluza i spodnie \u201cV\u201d - Grapil.pl \u2013 Profesjonalna Odzie\u017c S\u0142u\u017cbowa dla Bran\u017cy Kelnerskiej, HoReCa i Medycyny","og_description":"Fartuszek medyczny o dopasowanym kroju. Klasyczny model z dekoltem w kszta\u0142cie litery V pasuj\u0105cy do ka\u017cdej sylwetki. Posiada wiele funkcjonalnych","og_url":"https:\/\/grapil.pl\/de\/produkt\/medizinisches-set-bluse-und-hose-v-2\/","og_site_name":"Grapil.pl \u2013 Profesjonalna Odzie\u017c S\u0142u\u017cbowa dla Bran\u017cy Kelnerskiej, HoReCa i Medycyny","article_modified_time":"2026-02-17T13:01:38+00:00","og_image":[{"width":700,"height":800,"url":"https:\/\/grapil.pl\/wp-content\/uploads\/2025\/05\/13-1.jpg","type":"image\/jpeg"}],"twitter_card":"summary_large_image","twitter_misc":{"Gesch\u00e4tzte Lesezeit":"1\u00a0Minute"},"schema":{"@context":"https:\/\/schema.org","@graph":[{"@type":"WebPage","@id":"https:\/\/grapil.pl\/produkt\/komplet-medyczny-bluza-i-spodnie-v-2\/","url":"https:\/\/grapil.pl\/produkt\/komplet-medyczny-bluza-i-spodnie-v-2\/","name":"Komplet medyczny bluza i spodnie \u201cV\u201d - Grapil.pl \u2013 Profesjonalna Odzie\u017c S\u0142u\u017cbowa dla Bran\u017cy Kelnerskiej, HoReCa i Medycyny","isPartOf":{"@id":"https:\/\/grapil.pl\/#website"},"primaryImageOfPage":{"@id":"https:\/\/grapil.pl\/produkt\/komplet-medyczny-bluza-i-spodnie-v-2\/#primaryimage"},"image":{"@id":"https:\/\/grapil.pl\/produkt\/komplet-medyczny-bluza-i-spodnie-v-2\/#primaryimage"},"thumbnailUrl":"https:\/\/grapil.pl\/wp-content\/uploads\/2025\/05\/13-1.jpg","datePublished":"2025-05-26T08:50:53+00:00","dateModified":"2026-02-17T13:01:38+00:00","breadcrumb":{"@id":"https:\/\/grapil.pl\/produkt\/komplet-medyczny-bluza-i-spodnie-v-2\/#breadcrumb"},"inLanguage":"de","potentialAction":[{"@type":"ReadAction","target":["https:\/\/grapil.pl\/produkt\/komplet-medyczny-bluza-i-spodnie-v-2\/"]}]},{"@type":"ImageObject","inLanguage":"de","@id":"https:\/\/grapil.pl\/produkt\/komplet-medyczny-bluza-i-spodnie-v-2\/#primaryimage","url":"https:\/\/grapil.pl\/wp-content\/uploads\/2025\/05\/13-1.jpg","contentUrl":"https:\/\/grapil.pl\/wp-content\/uploads\/2025\/05\/13-1.jpg","width":700,"height":800},{"@type":"BreadcrumbList","@id":"https:\/\/grapil.pl\/produkt\/komplet-medyczny-bluza-i-spodnie-v-2\/#breadcrumb","itemListElement":[{"@type":"ListItem","position":1,"name":"Strona g\u0142\u00f3wna","item":"https:\/\/grapil.pl\/"},{"@type":"ListItem","position":2,"name":"sklep","item":"https:\/\/grapil.pl\/sklep\/"},{"@type":"ListItem","position":3,"name":"Komplet medyczny bluza i spodnie \u201cV\u201d"}]},{"@type":"WebSite","@id":"https:\/\/grapil.pl\/#website","url":"https:\/\/grapil.pl\/","name":"Grapil.pl \u2013 Profesjonalna Odzie\u017c S\u0142u\u017cbowa dla Bran\u017cy Kelnerskiej, HoReCa i Medycyny","description":"","potentialAction":[{"@type":"SearchAction","target":{"@type":"EntryPoint","urlTemplate":"https:\/\/grapil.pl\/?s={search_term_string}"},"query-input":{"@type":"PropertyValueSpecification","valueRequired":true,"valueName":"search_term_string"}}],"inLanguage":"de"}]}},"_links":{"self":[{"href":"https:\/\/grapil.pl\/de\/wp-json\/wp\/v2\/product\/20860","targetHints":{"allow":["GET"]}}],"collection":[{"href":"https:\/\/grapil.pl\/de\/wp-json\/wp\/v2\/product"}],"about":[{"href":"https:\/\/grapil.pl\/de\/wp-json\/wp\/v2\/types\/product"}],"version-history":[{"count":1,"href":"https:\/\/grapil.pl\/de\/wp-json\/wp\/v2\/product\/20860\/revisions"}],"predecessor-version":[{"id":20861,"href":"https:\/\/grapil.pl\/de\/wp-json\/wp\/v2\/product\/20860\/revisions\/20861"}],"wp:featuredmedia":[{"embeddable":true,"href":"https:\/\/grapil.pl\/de\/wp-json\/wp\/v2\/media\/20888"}],"wp:attachment":[{"href":"https:\/\/grapil.pl\/de\/wp-json\/wp\/v2\/media?parent=20860"}],"wp:term":[{"taxonomy":"product_brand","embeddable":true,"href":"https:\/\/grapil.pl\/de\/wp-json\/wp\/v2\/product_brand?post=20860"},{"taxonomy":"product_cat","embeddable":true,"href":"https:\/\/grapil.pl\/de\/wp-json\/wp\/v2\/product_cat?post=20860"},{"taxonomy":"product_tag","embeddable":true,"href":"https:\/\/grapil.pl\/de\/wp-json\/wp\/v2\/product_tag?post=20860"}],"curies":[{"name":"wp","href":"https:\/\/api.w.org\/{rel}","templated":true}]}}