{"id":20863,"date":"2025-05-26T10:52:28","date_gmt":"2025-05-26T08:52:28","guid":{"rendered":"https:\/\/grapil.pl\/?post_type=product&#038;p=20863"},"modified":"2026-02-17T14:10:57","modified_gmt":"2026-02-17T13:10:57","slug":"jogginghose-fur-damen","status":"publish","type":"product","link":"https:\/\/grapil.pl\/de\/produkt\/jogginghose-fur-damen\/","title":{"rendered":"Damen-Jogginghose"},"content":{"rendered":"<p><strong>Jogginghose f\u00fcr Damen.<\/strong> Der Bund und die Beinabschl\u00fcsse sind mit einem Kordelzug versehen, der Komfort und Bewegungsfreiheit gew\u00e4hrleistet. Der Bund ist mit Gummi und Kordelzug versehen, was f\u00fcr eine perfekte Passform sorgt. Die Beine sind nach unten hin leicht verj\u00fcngt. Sie haben viele praktische Taschen, in denen alles Notwendige bequem Platz findet.<\/p>\n<p>Dank des verwendeten Stoffes, der pflegeleicht und knitterarm ist, sieht die Hose immer sehr gut aus.<\/p>\n<p>&nbsp;<\/p>\n<p>Stoff:<\/p>\n<p>72% Polyester<\/p>\n<p>23% Viskose<\/p>\n<p>5% Elasthan<\/p>","protected":false},"excerpt":{"rendered":"<p>Damen-Jogginghose. Der Bund und die Beinabschl\u00fcsse sind mit einem Kordelzug versehen, der Komfort und Bewegungsfreiheit gew\u00e4hrleistet. In der Taille befindet sich ein Gummiband.<\/p>","protected":false},"featured_media":25242,"template":"","meta":[],"product_brand":[],"product_cat":[154,151,150],"product_tag":[],"class_list":{"0":"post-20863","1":"product","2":"type-product","3":"status-publish","4":"has-post-thumbnail","6":"product_cat-spodnie-kucharskie","7":"product_cat-sukienki-i-spodnice-housekeeping-i-uslugi-porzadkowe","8":"product_cat-spodnie-medyczna-i-kosmetyczna","10":"first","11":"instock","12":"taxable","13":"shipping-taxable","14":"product-type-simple"},"yoast_head":"<!-- This site is optimized with the Yoast SEO plugin v25.3 - https:\/\/yoast.com\/wordpress\/plugins\/seo\/ -->\n<title>Spodnie damskie typu jogger - Grapil.pl \u2013 Profesjonalna Odzie\u017c S\u0142u\u017cbowa dla Bran\u017cy Kelnerskiej, HoReCa i Medycyny<\/title>\n<meta name=\"robots\" content=\"index, follow, max-snippet:-1, max-image-preview:large, max-video-preview:-1\" \/>\n<link rel=\"canonical\" href=\"https:\/\/grapil.pl\/de\/produkt\/jogginghose-fur-damen\/\" \/>\n<meta property=\"og:locale\" content=\"de_DE\" \/>\n<meta property=\"og:type\" content=\"article\" \/>\n<meta property=\"og:title\" content=\"Spodnie damskie typu jogger - Grapil.pl \u2013 Profesjonalna Odzie\u017c S\u0142u\u017cbowa dla Bran\u017cy Kelnerskiej, HoReCa i Medycyny\" \/>\n<meta property=\"og:description\" content=\"Spodnie damskie typu jogger. Pas oraz d\u00f3\u0142 nogawek wyko\u0144czony \u015bci\u0105gaczem zapewniaj\u0105c wygod\u0119 i swobod\u0119 ruchu. W pasie znajduje si\u0119 guma\" \/>\n<meta property=\"og:url\" content=\"https:\/\/grapil.pl\/de\/produkt\/jogginghose-fur-damen\/\" \/>\n<meta property=\"og:site_name\" content=\"Grapil.pl \u2013 Profesjonalna Odzie\u017c S\u0142u\u017cbowa dla Bran\u017cy Kelnerskiej, HoReCa i Medycyny\" \/>\n<meta property=\"article:modified_time\" content=\"2026-02-17T13:10:57+00:00\" \/>\n<meta property=\"og:image\" content=\"https:\/\/grapil.pl\/wp-content\/uploads\/2025\/05\/spodnie-rozowe-2-kpoia.jpg\" \/>\n\t<meta property=\"og:image:width\" content=\"600\" \/>\n\t<meta property=\"og:image:height\" content=\"800\" \/>\n\t<meta property=\"og:image:type\" content=\"image\/jpeg\" \/>\n<meta name=\"twitter:card\" content=\"summary_large_image\" \/>\n<meta name=\"twitter:label1\" content=\"Gesch\u00e4tzte Lesezeit\" \/>\n\t<meta name=\"twitter:data1\" content=\"1\u00a0Minute\" \/>\n<script type=\"application\/ld+json\" class=\"yoast-schema-graph\">{\"@context\":\"https:\/\/schema.org\",\"@graph\":[{\"@type\":\"WebPage\",\"@id\":\"https:\/\/grapil.pl\/produkt\/spodnie-damskie-typu-jogger\/\",\"url\":\"https:\/\/grapil.pl\/produkt\/spodnie-damskie-typu-jogger\/\",\"name\":\"Spodnie damskie typu jogger - Grapil.pl \u2013 Profesjonalna Odzie\u017c S\u0142u\u017cbowa dla Bran\u017cy Kelnerskiej, HoReCa i Medycyny\",\"isPartOf\":{\"@id\":\"https:\/\/grapil.pl\/#website\"},\"primaryImageOfPage\":{\"@id\":\"https:\/\/grapil.pl\/produkt\/spodnie-damskie-typu-jogger\/#primaryimage\"},\"image\":{\"@id\":\"https:\/\/grapil.pl\/produkt\/spodnie-damskie-typu-jogger\/#primaryimage\"},\"thumbnailUrl\":\"https:\/\/grapil.pl\/wp-content\/uploads\/2025\/05\/spodnie-rozowe-2-kpoia.jpg\",\"datePublished\":\"2025-05-26T08:52:28+00:00\",\"dateModified\":\"2026-02-17T13:10:57+00:00\",\"breadcrumb\":{\"@id\":\"https:\/\/grapil.pl\/produkt\/spodnie-damskie-typu-jogger\/#breadcrumb\"},\"inLanguage\":\"de\",\"potentialAction\":[{\"@type\":\"ReadAction\",\"target\":[\"https:\/\/grapil.pl\/produkt\/spodnie-damskie-typu-jogger\/\"]}]},{\"@type\":\"ImageObject\",\"inLanguage\":\"de\",\"@id\":\"https:\/\/grapil.pl\/produkt\/spodnie-damskie-typu-jogger\/#primaryimage\",\"url\":\"https:\/\/grapil.pl\/wp-content\/uploads\/2025\/05\/spodnie-rozowe-2-kpoia.jpg\",\"contentUrl\":\"https:\/\/grapil.pl\/wp-content\/uploads\/2025\/05\/spodnie-rozowe-2-kpoia.jpg\",\"width\":600,\"height\":800},{\"@type\":\"BreadcrumbList\",\"@id\":\"https:\/\/grapil.pl\/produkt\/spodnie-damskie-typu-jogger\/#breadcrumb\",\"itemListElement\":[{\"@type\":\"ListItem\",\"position\":1,\"name\":\"Strona g\u0142\u00f3wna\",\"item\":\"https:\/\/grapil.pl\/\"},{\"@type\":\"ListItem\",\"position\":2,\"name\":\"sklep\",\"item\":\"https:\/\/grapil.pl\/sklep\/\"},{\"@type\":\"ListItem\",\"position\":3,\"name\":\"Spodnie damskie typu jogger\"}]},{\"@type\":\"WebSite\",\"@id\":\"https:\/\/grapil.pl\/#website\",\"url\":\"https:\/\/grapil.pl\/\",\"name\":\"Grapil.pl \u2013 Profesjonalna Odzie\u017c S\u0142u\u017cbowa dla Bran\u017cy Kelnerskiej, HoReCa i Medycyny\",\"description\":\"\",\"potentialAction\":[{\"@type\":\"SearchAction\",\"target\":{\"@type\":\"EntryPoint\",\"urlTemplate\":\"https:\/\/grapil.pl\/?s={search_term_string}\"},\"query-input\":{\"@type\":\"PropertyValueSpecification\",\"valueRequired\":true,\"valueName\":\"search_term_string\"}}],\"inLanguage\":\"de\"}]}<\/script>\n<!-- \/ Yoast SEO plugin. -->","yoast_head_json":{"title":"Spodnie damskie typu jogger - Grapil.pl \u2013 Profesjonalna Odzie\u017c S\u0142u\u017cbowa dla Bran\u017cy Kelnerskiej, HoReCa i Medycyny","robots":{"index":"index","follow":"follow","max-snippet":"max-snippet:-1","max-image-preview":"max-image-preview:large","max-video-preview":"max-video-preview:-1"},"canonical":"https:\/\/grapil.pl\/de\/produkt\/jogginghose-fur-damen\/","og_locale":"de_DE","og_type":"article","og_title":"Spodnie damskie typu jogger - Grapil.pl \u2013 Profesjonalna Odzie\u017c S\u0142u\u017cbowa dla Bran\u017cy Kelnerskiej, HoReCa i Medycyny","og_description":"Spodnie damskie typu jogger. Pas oraz d\u00f3\u0142 nogawek wyko\u0144czony \u015bci\u0105gaczem zapewniaj\u0105c wygod\u0119 i swobod\u0119 ruchu. W pasie znajduje si\u0119 guma","og_url":"https:\/\/grapil.pl\/de\/produkt\/jogginghose-fur-damen\/","og_site_name":"Grapil.pl \u2013 Profesjonalna Odzie\u017c S\u0142u\u017cbowa dla Bran\u017cy Kelnerskiej, HoReCa i Medycyny","article_modified_time":"2026-02-17T13:10:57+00:00","og_image":[{"width":600,"height":800,"url":"https:\/\/grapil.pl\/wp-content\/uploads\/2025\/05\/spodnie-rozowe-2-kpoia.jpg","type":"image\/jpeg"}],"twitter_card":"summary_large_image","twitter_misc":{"Gesch\u00e4tzte Lesezeit":"1\u00a0Minute"},"schema":{"@context":"https:\/\/schema.org","@graph":[{"@type":"WebPage","@id":"https:\/\/grapil.pl\/produkt\/spodnie-damskie-typu-jogger\/","url":"https:\/\/grapil.pl\/produkt\/spodnie-damskie-typu-jogger\/","name":"Spodnie damskie typu jogger - Grapil.pl \u2013 Profesjonalna Odzie\u017c S\u0142u\u017cbowa dla Bran\u017cy Kelnerskiej, HoReCa i Medycyny","isPartOf":{"@id":"https:\/\/grapil.pl\/#website"},"primaryImageOfPage":{"@id":"https:\/\/grapil.pl\/produkt\/spodnie-damskie-typu-jogger\/#primaryimage"},"image":{"@id":"https:\/\/grapil.pl\/produkt\/spodnie-damskie-typu-jogger\/#primaryimage"},"thumbnailUrl":"https:\/\/grapil.pl\/wp-content\/uploads\/2025\/05\/spodnie-rozowe-2-kpoia.jpg","datePublished":"2025-05-26T08:52:28+00:00","dateModified":"2026-02-17T13:10:57+00:00","breadcrumb":{"@id":"https:\/\/grapil.pl\/produkt\/spodnie-damskie-typu-jogger\/#breadcrumb"},"inLanguage":"de","potentialAction":[{"@type":"ReadAction","target":["https:\/\/grapil.pl\/produkt\/spodnie-damskie-typu-jogger\/"]}]},{"@type":"ImageObject","inLanguage":"de","@id":"https:\/\/grapil.pl\/produkt\/spodnie-damskie-typu-jogger\/#primaryimage","url":"https:\/\/grapil.pl\/wp-content\/uploads\/2025\/05\/spodnie-rozowe-2-kpoia.jpg","contentUrl":"https:\/\/grapil.pl\/wp-content\/uploads\/2025\/05\/spodnie-rozowe-2-kpoia.jpg","width":600,"height":800},{"@type":"BreadcrumbList","@id":"https:\/\/grapil.pl\/produkt\/spodnie-damskie-typu-jogger\/#breadcrumb","itemListElement":[{"@type":"ListItem","position":1,"name":"Strona g\u0142\u00f3wna","item":"https:\/\/grapil.pl\/"},{"@type":"ListItem","position":2,"name":"sklep","item":"https:\/\/grapil.pl\/sklep\/"},{"@type":"ListItem","position":3,"name":"Spodnie damskie typu jogger"}]},{"@type":"WebSite","@id":"https:\/\/grapil.pl\/#website","url":"https:\/\/grapil.pl\/","name":"Grapil.pl \u2013 Profesjonalna Odzie\u017c S\u0142u\u017cbowa dla Bran\u017cy Kelnerskiej, HoReCa i Medycyny","description":"","potentialAction":[{"@type":"SearchAction","target":{"@type":"EntryPoint","urlTemplate":"https:\/\/grapil.pl\/?s={search_term_string}"},"query-input":{"@type":"PropertyValueSpecification","valueRequired":true,"valueName":"search_term_string"}}],"inLanguage":"de"}]}},"_links":{"self":[{"href":"https:\/\/grapil.pl\/de\/wp-json\/wp\/v2\/product\/20863","targetHints":{"allow":["GET"]}}],"collection":[{"href":"https:\/\/grapil.pl\/de\/wp-json\/wp\/v2\/product"}],"about":[{"href":"https:\/\/grapil.pl\/de\/wp-json\/wp\/v2\/types\/product"}],"version-history":[{"count":1,"href":"https:\/\/grapil.pl\/de\/wp-json\/wp\/v2\/product\/20863\/revisions"}],"predecessor-version":[{"id":20864,"href":"https:\/\/grapil.pl\/de\/wp-json\/wp\/v2\/product\/20863\/revisions\/20864"}],"wp:featuredmedia":[{"embeddable":true,"href":"https:\/\/grapil.pl\/de\/wp-json\/wp\/v2\/media\/25242"}],"wp:attachment":[{"href":"https:\/\/grapil.pl\/de\/wp-json\/wp\/v2\/media?parent=20863"}],"wp:term":[{"taxonomy":"product_brand","embeddable":true,"href":"https:\/\/grapil.pl\/de\/wp-json\/wp\/v2\/product_brand?post=20863"},{"taxonomy":"product_cat","embeddable":true,"href":"https:\/\/grapil.pl\/de\/wp-json\/wp\/v2\/product_cat?post=20863"},{"taxonomy":"product_tag","embeddable":true,"href":"https:\/\/grapil.pl\/de\/wp-json\/wp\/v2\/product_tag?post=20863"}],"curies":[{"name":"wp","href":"https:\/\/api.w.org\/{rel}","templated":true}]}}