{"id":20872,"date":"2025-05-26T11:00:13","date_gmt":"2025-05-26T09:00:13","guid":{"rendered":"https:\/\/grapil.pl\/?post_type=product&#038;p=20872"},"modified":"2026-02-17T13:52:51","modified_gmt":"2026-02-17T12:52:51","slug":"kochbluse-mit-stehkragen-und-poloknopf","status":"publish","type":"product","link":"https:\/\/grapil.pl\/de\/produkt\/kochbluse-mit-stehkragen-und-poloknopf\/","title":{"rendered":"Kochbluse mit Stehkragen und Poloknopf"},"content":{"rendered":"<p><strong>Gerade geschnittene Herren-Kochbluse mit Stehkragen und Poloknopf<\/strong>, befestigt mit Karten oder abgedeckten Federn. Eine Tasche auf der linken Brust und eine zweiteilige Tasche am linken \u00c4rmel. Zus\u00e4tzlichen Komfort und Bewegungsfreiheit bieten Schlitze an den Seiten und der Stoff mit Elastomer.<\/p>\n<p><strong>Stoffanwendungen<\/strong><\/p>\n<p>-55% Baumwolle<\/p>\n<p>-43% Polyester<\/p>\n<p>-2% Elastomer<\/p>","protected":false},"excerpt":{"rendered":"<p>Herren-Kochjacke mit geradem Schnitt, Stehkragen und Polo-Verschluss, befestigt mit Karten oder verdeckten Federn. Eine Tasche auf der linken Seite<\/p>","protected":false},"featured_media":25192,"template":"","meta":[],"product_brand":[],"product_cat":[79,128],"product_tag":[],"class_list":{"0":"post-20872","1":"product","2":"type-product","3":"status-publish","4":"has-post-thumbnail","6":"product_cat-gastronomia","7":"product_cat-bluzy-i-kitle","9":"first","10":"instock","11":"taxable","12":"shipping-taxable","13":"product-type-simple"},"yoast_head":"<!-- This site is optimized with the Yoast SEO plugin v25.3 - https:\/\/yoast.com\/wordpress\/plugins\/seo\/ -->\n<title>Bluza kucharska ze st\u00f3jk\u0105 i zapi\u0119ciem polo - Grapil.pl \u2013 Profesjonalna Odzie\u017c S\u0142u\u017cbowa dla Bran\u017cy Kelnerskiej, HoReCa i Medycyny<\/title>\n<meta name=\"robots\" content=\"index, follow, max-snippet:-1, max-image-preview:large, max-video-preview:-1\" \/>\n<link rel=\"canonical\" href=\"https:\/\/grapil.pl\/de\/produkt\/kochbluse-mit-stehkragen-und-poloknopf\/\" \/>\n<meta property=\"og:locale\" content=\"de_DE\" \/>\n<meta property=\"og:type\" content=\"article\" \/>\n<meta property=\"og:title\" content=\"Bluza kucharska ze st\u00f3jk\u0105 i zapi\u0119ciem polo - Grapil.pl \u2013 Profesjonalna Odzie\u017c S\u0142u\u017cbowa dla Bran\u017cy Kelnerskiej, HoReCa i Medycyny\" \/>\n<meta property=\"og:description\" content=\"Bluza kucharska m\u0119ska o prostym kroju, ze st\u00f3jk\u0105 i zapi\u0119ciem polo, zapinanym na mapy lub kryte springi. Kieszonka na lewej\" \/>\n<meta property=\"og:url\" content=\"https:\/\/grapil.pl\/de\/produkt\/kochbluse-mit-stehkragen-und-poloknopf\/\" \/>\n<meta property=\"og:site_name\" content=\"Grapil.pl \u2013 Profesjonalna Odzie\u017c S\u0142u\u017cbowa dla Bran\u017cy Kelnerskiej, HoReCa i Medycyny\" \/>\n<meta property=\"article:modified_time\" content=\"2026-02-17T12:52:51+00:00\" \/>\n<meta property=\"og:image\" content=\"https:\/\/grapil.pl\/wp-content\/uploads\/2025\/05\/bluza-kucharksa-1-kopia.jpg\" \/>\n\t<meta property=\"og:image:width\" content=\"600\" \/>\n\t<meta property=\"og:image:height\" content=\"800\" \/>\n\t<meta property=\"og:image:type\" content=\"image\/jpeg\" \/>\n<meta name=\"twitter:card\" content=\"summary_large_image\" \/>\n<meta name=\"twitter:label1\" content=\"Gesch\u00e4tzte Lesezeit\" \/>\n\t<meta name=\"twitter:data1\" content=\"1\u00a0Minute\" \/>\n<script type=\"application\/ld+json\" class=\"yoast-schema-graph\">{\"@context\":\"https:\/\/schema.org\",\"@graph\":[{\"@type\":\"WebPage\",\"@id\":\"https:\/\/grapil.pl\/produkt\/bluza-kucharska-ze-stojka-i-zapieciem-polo\/\",\"url\":\"https:\/\/grapil.pl\/produkt\/bluza-kucharska-ze-stojka-i-zapieciem-polo\/\",\"name\":\"Bluza kucharska ze st\u00f3jk\u0105 i zapi\u0119ciem polo - Grapil.pl \u2013 Profesjonalna Odzie\u017c S\u0142u\u017cbowa dla Bran\u017cy Kelnerskiej, HoReCa i Medycyny\",\"isPartOf\":{\"@id\":\"https:\/\/grapil.pl\/#website\"},\"primaryImageOfPage\":{\"@id\":\"https:\/\/grapil.pl\/produkt\/bluza-kucharska-ze-stojka-i-zapieciem-polo\/#primaryimage\"},\"image\":{\"@id\":\"https:\/\/grapil.pl\/produkt\/bluza-kucharska-ze-stojka-i-zapieciem-polo\/#primaryimage\"},\"thumbnailUrl\":\"https:\/\/grapil.pl\/wp-content\/uploads\/2025\/05\/bluza-kucharksa-1-kopia.jpg\",\"datePublished\":\"2025-05-26T09:00:13+00:00\",\"dateModified\":\"2026-02-17T12:52:51+00:00\",\"breadcrumb\":{\"@id\":\"https:\/\/grapil.pl\/produkt\/bluza-kucharska-ze-stojka-i-zapieciem-polo\/#breadcrumb\"},\"inLanguage\":\"de\",\"potentialAction\":[{\"@type\":\"ReadAction\",\"target\":[\"https:\/\/grapil.pl\/produkt\/bluza-kucharska-ze-stojka-i-zapieciem-polo\/\"]}]},{\"@type\":\"ImageObject\",\"inLanguage\":\"de\",\"@id\":\"https:\/\/grapil.pl\/produkt\/bluza-kucharska-ze-stojka-i-zapieciem-polo\/#primaryimage\",\"url\":\"https:\/\/grapil.pl\/wp-content\/uploads\/2025\/05\/bluza-kucharksa-1-kopia.jpg\",\"contentUrl\":\"https:\/\/grapil.pl\/wp-content\/uploads\/2025\/05\/bluza-kucharksa-1-kopia.jpg\",\"width\":600,\"height\":800},{\"@type\":\"BreadcrumbList\",\"@id\":\"https:\/\/grapil.pl\/produkt\/bluza-kucharska-ze-stojka-i-zapieciem-polo\/#breadcrumb\",\"itemListElement\":[{\"@type\":\"ListItem\",\"position\":1,\"name\":\"Strona g\u0142\u00f3wna\",\"item\":\"https:\/\/grapil.pl\/\"},{\"@type\":\"ListItem\",\"position\":2,\"name\":\"sklep\",\"item\":\"https:\/\/grapil.pl\/sklep\/\"},{\"@type\":\"ListItem\",\"position\":3,\"name\":\"Bluza kucharska ze st\u00f3jk\u0105 i zapi\u0119ciem polo\"}]},{\"@type\":\"WebSite\",\"@id\":\"https:\/\/grapil.pl\/#website\",\"url\":\"https:\/\/grapil.pl\/\",\"name\":\"Grapil.pl \u2013 Profesjonalna Odzie\u017c S\u0142u\u017cbowa dla Bran\u017cy Kelnerskiej, HoReCa i Medycyny\",\"description\":\"\",\"potentialAction\":[{\"@type\":\"SearchAction\",\"target\":{\"@type\":\"EntryPoint\",\"urlTemplate\":\"https:\/\/grapil.pl\/?s={search_term_string}\"},\"query-input\":{\"@type\":\"PropertyValueSpecification\",\"valueRequired\":true,\"valueName\":\"search_term_string\"}}],\"inLanguage\":\"de\"}]}<\/script>\n<!-- \/ Yoast SEO plugin. -->","yoast_head_json":{"title":"Bluza kucharska ze st\u00f3jk\u0105 i zapi\u0119ciem polo - Grapil.pl \u2013 Profesjonalna Odzie\u017c S\u0142u\u017cbowa dla Bran\u017cy Kelnerskiej, HoReCa i Medycyny","robots":{"index":"index","follow":"follow","max-snippet":"max-snippet:-1","max-image-preview":"max-image-preview:large","max-video-preview":"max-video-preview:-1"},"canonical":"https:\/\/grapil.pl\/de\/produkt\/kochbluse-mit-stehkragen-und-poloknopf\/","og_locale":"de_DE","og_type":"article","og_title":"Bluza kucharska ze st\u00f3jk\u0105 i zapi\u0119ciem polo - Grapil.pl \u2013 Profesjonalna Odzie\u017c S\u0142u\u017cbowa dla Bran\u017cy Kelnerskiej, HoReCa i Medycyny","og_description":"Bluza kucharska m\u0119ska o prostym kroju, ze st\u00f3jk\u0105 i zapi\u0119ciem polo, zapinanym na mapy lub kryte springi. Kieszonka na lewej","og_url":"https:\/\/grapil.pl\/de\/produkt\/kochbluse-mit-stehkragen-und-poloknopf\/","og_site_name":"Grapil.pl \u2013 Profesjonalna Odzie\u017c S\u0142u\u017cbowa dla Bran\u017cy Kelnerskiej, HoReCa i Medycyny","article_modified_time":"2026-02-17T12:52:51+00:00","og_image":[{"width":600,"height":800,"url":"https:\/\/grapil.pl\/wp-content\/uploads\/2025\/05\/bluza-kucharksa-1-kopia.jpg","type":"image\/jpeg"}],"twitter_card":"summary_large_image","twitter_misc":{"Gesch\u00e4tzte Lesezeit":"1\u00a0Minute"},"schema":{"@context":"https:\/\/schema.org","@graph":[{"@type":"WebPage","@id":"https:\/\/grapil.pl\/produkt\/bluza-kucharska-ze-stojka-i-zapieciem-polo\/","url":"https:\/\/grapil.pl\/produkt\/bluza-kucharska-ze-stojka-i-zapieciem-polo\/","name":"Bluza kucharska ze st\u00f3jk\u0105 i zapi\u0119ciem polo - Grapil.pl \u2013 Profesjonalna Odzie\u017c S\u0142u\u017cbowa dla Bran\u017cy Kelnerskiej, HoReCa i Medycyny","isPartOf":{"@id":"https:\/\/grapil.pl\/#website"},"primaryImageOfPage":{"@id":"https:\/\/grapil.pl\/produkt\/bluza-kucharska-ze-stojka-i-zapieciem-polo\/#primaryimage"},"image":{"@id":"https:\/\/grapil.pl\/produkt\/bluza-kucharska-ze-stojka-i-zapieciem-polo\/#primaryimage"},"thumbnailUrl":"https:\/\/grapil.pl\/wp-content\/uploads\/2025\/05\/bluza-kucharksa-1-kopia.jpg","datePublished":"2025-05-26T09:00:13+00:00","dateModified":"2026-02-17T12:52:51+00:00","breadcrumb":{"@id":"https:\/\/grapil.pl\/produkt\/bluza-kucharska-ze-stojka-i-zapieciem-polo\/#breadcrumb"},"inLanguage":"de","potentialAction":[{"@type":"ReadAction","target":["https:\/\/grapil.pl\/produkt\/bluza-kucharska-ze-stojka-i-zapieciem-polo\/"]}]},{"@type":"ImageObject","inLanguage":"de","@id":"https:\/\/grapil.pl\/produkt\/bluza-kucharska-ze-stojka-i-zapieciem-polo\/#primaryimage","url":"https:\/\/grapil.pl\/wp-content\/uploads\/2025\/05\/bluza-kucharksa-1-kopia.jpg","contentUrl":"https:\/\/grapil.pl\/wp-content\/uploads\/2025\/05\/bluza-kucharksa-1-kopia.jpg","width":600,"height":800},{"@type":"BreadcrumbList","@id":"https:\/\/grapil.pl\/produkt\/bluza-kucharska-ze-stojka-i-zapieciem-polo\/#breadcrumb","itemListElement":[{"@type":"ListItem","position":1,"name":"Strona g\u0142\u00f3wna","item":"https:\/\/grapil.pl\/"},{"@type":"ListItem","position":2,"name":"sklep","item":"https:\/\/grapil.pl\/sklep\/"},{"@type":"ListItem","position":3,"name":"Bluza kucharska ze st\u00f3jk\u0105 i zapi\u0119ciem polo"}]},{"@type":"WebSite","@id":"https:\/\/grapil.pl\/#website","url":"https:\/\/grapil.pl\/","name":"Grapil.pl \u2013 Profesjonalna Odzie\u017c S\u0142u\u017cbowa dla Bran\u017cy Kelnerskiej, HoReCa i Medycyny","description":"","potentialAction":[{"@type":"SearchAction","target":{"@type":"EntryPoint","urlTemplate":"https:\/\/grapil.pl\/?s={search_term_string}"},"query-input":{"@type":"PropertyValueSpecification","valueRequired":true,"valueName":"search_term_string"}}],"inLanguage":"de"}]}},"_links":{"self":[{"href":"https:\/\/grapil.pl\/de\/wp-json\/wp\/v2\/product\/20872","targetHints":{"allow":["GET"]}}],"collection":[{"href":"https:\/\/grapil.pl\/de\/wp-json\/wp\/v2\/product"}],"about":[{"href":"https:\/\/grapil.pl\/de\/wp-json\/wp\/v2\/types\/product"}],"version-history":[{"count":1,"href":"https:\/\/grapil.pl\/de\/wp-json\/wp\/v2\/product\/20872\/revisions"}],"predecessor-version":[{"id":20873,"href":"https:\/\/grapil.pl\/de\/wp-json\/wp\/v2\/product\/20872\/revisions\/20873"}],"wp:featuredmedia":[{"embeddable":true,"href":"https:\/\/grapil.pl\/de\/wp-json\/wp\/v2\/media\/25192"}],"wp:attachment":[{"href":"https:\/\/grapil.pl\/de\/wp-json\/wp\/v2\/media?parent=20872"}],"wp:term":[{"taxonomy":"product_brand","embeddable":true,"href":"https:\/\/grapil.pl\/de\/wp-json\/wp\/v2\/product_brand?post=20872"},{"taxonomy":"product_cat","embeddable":true,"href":"https:\/\/grapil.pl\/de\/wp-json\/wp\/v2\/product_cat?post=20872"},{"taxonomy":"product_tag","embeddable":true,"href":"https:\/\/grapil.pl\/de\/wp-json\/wp\/v2\/product_tag?post=20872"}],"curies":[{"name":"wp","href":"https:\/\/api.w.org\/{rel}","templated":true}]}}