{"id":25891,"date":"2026-01-09T13:18:51","date_gmt":"2026-01-09T12:18:51","guid":{"rendered":"https:\/\/grapil.pl\/?post_type=product&#038;p=25891"},"modified":"2026-02-17T13:26:25","modified_gmt":"2026-02-17T12:26:25","slug":"fartuch-meski-bialy","status":"publish","type":"product","link":"https:\/\/grapil.pl\/de\/produkt\/fartuch-meski-bialy\/","title":{"rendered":"Fartuch m\u0119ski bia\u0142y"},"content":{"rendered":"<p>Klasyczny fartuch m\u0119ski na st\u00f3jce. Prz\u00f3d zapinany na springi. Posiada trzy kieszonki na przodzie oraz d\u0142ugi r\u0119kaw zako\u0144czony mankietem zapinanym na springi. Z ty\u0142u rozporek, dzi\u0119ki kt\u00f3remu fartuch nie kr\u0119puje ruch\u00f3w w trakcie chodzenia oraz podczas siadania.<\/p>\n<p>Zastosowana tkanina, mieszanka bawe\u0142ny sprawia, \u017ce fartuch bardzo \u0142adnie si\u0119 uk\u0142ada oraz jest \u0142atwy w piel\u0119gnacji<\/p>","protected":false},"excerpt":{"rendered":"<p>Klasyczny fartuch m\u0119ski na st\u00f3jce. Prz\u00f3d zapinany na springi. Posiada trzy kieszonki na przodzie oraz d\u0142ugi r\u0119kaw zako\u0144czony mankietem zapinanym<\/p>","protected":false},"featured_media":25892,"template":"","meta":[],"product_brand":[],"product_cat":[106,132],"product_tag":[],"class_list":{"0":"post-25891","1":"product","2":"type-product","3":"status-publish","4":"has-post-thumbnail","6":"product_cat-medycyna-i-kosmetyka","7":"product_cat-fartuchy","9":"first","10":"instock","11":"taxable","12":"shipping-taxable","13":"product-type-simple"},"yoast_head":"<!-- This site is optimized with the Yoast SEO plugin v25.3 - https:\/\/yoast.com\/wordpress\/plugins\/seo\/ -->\n<title>Fartuch m\u0119ski bia\u0142y - Grapil.pl \u2013 Profesjonalna Odzie\u017c S\u0142u\u017cbowa dla Bran\u017cy Kelnerskiej, HoReCa i Medycyny<\/title>\n<meta name=\"robots\" content=\"index, follow, max-snippet:-1, max-image-preview:large, max-video-preview:-1\" \/>\n<link rel=\"canonical\" href=\"https:\/\/grapil.pl\/de\/produkt\/fartuch-meski-bialy\/\" \/>\n<meta property=\"og:locale\" content=\"de_DE\" \/>\n<meta property=\"og:type\" content=\"article\" \/>\n<meta property=\"og:title\" content=\"Fartuch m\u0119ski bia\u0142y - Grapil.pl \u2013 Profesjonalna Odzie\u017c S\u0142u\u017cbowa dla Bran\u017cy Kelnerskiej, HoReCa i Medycyny\" \/>\n<meta property=\"og:description\" content=\"Klasyczny fartuch m\u0119ski na st\u00f3jce. Prz\u00f3d zapinany na springi. Posiada trzy kieszonki na przodzie oraz d\u0142ugi r\u0119kaw zako\u0144czony mankietem zapinanym\" \/>\n<meta property=\"og:url\" content=\"https:\/\/grapil.pl\/de\/produkt\/fartuch-meski-bialy\/\" \/>\n<meta property=\"og:site_name\" content=\"Grapil.pl \u2013 Profesjonalna Odzie\u017c S\u0142u\u017cbowa dla Bran\u017cy Kelnerskiej, HoReCa i Medycyny\" \/>\n<meta property=\"article:modified_time\" content=\"2026-02-17T12:26:25+00:00\" \/>\n<meta property=\"og:image\" content=\"https:\/\/grapil.pl\/wp-content\/uploads\/2026\/01\/Fartuch-1-gotowe.jpg\" \/>\n\t<meta property=\"og:image:width\" content=\"600\" \/>\n\t<meta property=\"og:image:height\" content=\"800\" \/>\n\t<meta property=\"og:image:type\" content=\"image\/jpeg\" \/>\n<meta name=\"twitter:card\" content=\"summary_large_image\" \/>\n<meta name=\"twitter:label1\" content=\"Gesch\u00e4tzte Lesezeit\" \/>\n\t<meta name=\"twitter:data1\" content=\"1\u00a0Minute\" \/>\n<script type=\"application\/ld+json\" class=\"yoast-schema-graph\">{\"@context\":\"https:\/\/schema.org\",\"@graph\":[{\"@type\":\"WebPage\",\"@id\":\"https:\/\/grapil.pl\/produkt\/fartuch-meski-bialy\/\",\"url\":\"https:\/\/grapil.pl\/produkt\/fartuch-meski-bialy\/\",\"name\":\"Fartuch m\u0119ski bia\u0142y - Grapil.pl \u2013 Profesjonalna Odzie\u017c S\u0142u\u017cbowa dla Bran\u017cy Kelnerskiej, HoReCa i Medycyny\",\"isPartOf\":{\"@id\":\"https:\/\/grapil.pl\/#website\"},\"primaryImageOfPage\":{\"@id\":\"https:\/\/grapil.pl\/produkt\/fartuch-meski-bialy\/#primaryimage\"},\"image\":{\"@id\":\"https:\/\/grapil.pl\/produkt\/fartuch-meski-bialy\/#primaryimage\"},\"thumbnailUrl\":\"https:\/\/grapil.pl\/wp-content\/uploads\/2026\/01\/Fartuch-1-gotowe.jpg\",\"datePublished\":\"2026-01-09T12:18:51+00:00\",\"dateModified\":\"2026-02-17T12:26:25+00:00\",\"breadcrumb\":{\"@id\":\"https:\/\/grapil.pl\/produkt\/fartuch-meski-bialy\/#breadcrumb\"},\"inLanguage\":\"de\",\"potentialAction\":[{\"@type\":\"ReadAction\",\"target\":[\"https:\/\/grapil.pl\/produkt\/fartuch-meski-bialy\/\"]}]},{\"@type\":\"ImageObject\",\"inLanguage\":\"de\",\"@id\":\"https:\/\/grapil.pl\/produkt\/fartuch-meski-bialy\/#primaryimage\",\"url\":\"https:\/\/grapil.pl\/wp-content\/uploads\/2026\/01\/Fartuch-1-gotowe.jpg\",\"contentUrl\":\"https:\/\/grapil.pl\/wp-content\/uploads\/2026\/01\/Fartuch-1-gotowe.jpg\",\"width\":600,\"height\":800},{\"@type\":\"BreadcrumbList\",\"@id\":\"https:\/\/grapil.pl\/produkt\/fartuch-meski-bialy\/#breadcrumb\",\"itemListElement\":[{\"@type\":\"ListItem\",\"position\":1,\"name\":\"Strona g\u0142\u00f3wna\",\"item\":\"https:\/\/grapil.pl\/\"},{\"@type\":\"ListItem\",\"position\":2,\"name\":\"sklep\",\"item\":\"https:\/\/grapil.pl\/sklep\/\"},{\"@type\":\"ListItem\",\"position\":3,\"name\":\"Fartuch m\u0119ski bia\u0142y\"}]},{\"@type\":\"WebSite\",\"@id\":\"https:\/\/grapil.pl\/#website\",\"url\":\"https:\/\/grapil.pl\/\",\"name\":\"Grapil.pl \u2013 Profesjonalna Odzie\u017c S\u0142u\u017cbowa dla Bran\u017cy Kelnerskiej, HoReCa i Medycyny\",\"description\":\"\",\"potentialAction\":[{\"@type\":\"SearchAction\",\"target\":{\"@type\":\"EntryPoint\",\"urlTemplate\":\"https:\/\/grapil.pl\/?s={search_term_string}\"},\"query-input\":{\"@type\":\"PropertyValueSpecification\",\"valueRequired\":true,\"valueName\":\"search_term_string\"}}],\"inLanguage\":\"de\"}]}<\/script>\n<!-- \/ Yoast SEO plugin. -->","yoast_head_json":{"title":"Fartuch m\u0119ski bia\u0142y - Grapil.pl \u2013 Profesjonalna Odzie\u017c S\u0142u\u017cbowa dla Bran\u017cy Kelnerskiej, HoReCa i Medycyny","robots":{"index":"index","follow":"follow","max-snippet":"max-snippet:-1","max-image-preview":"max-image-preview:large","max-video-preview":"max-video-preview:-1"},"canonical":"https:\/\/grapil.pl\/de\/produkt\/fartuch-meski-bialy\/","og_locale":"de_DE","og_type":"article","og_title":"Fartuch m\u0119ski bia\u0142y - Grapil.pl \u2013 Profesjonalna Odzie\u017c S\u0142u\u017cbowa dla Bran\u017cy Kelnerskiej, HoReCa i Medycyny","og_description":"Klasyczny fartuch m\u0119ski na st\u00f3jce. Prz\u00f3d zapinany na springi. Posiada trzy kieszonki na przodzie oraz d\u0142ugi r\u0119kaw zako\u0144czony mankietem zapinanym","og_url":"https:\/\/grapil.pl\/de\/produkt\/fartuch-meski-bialy\/","og_site_name":"Grapil.pl \u2013 Profesjonalna Odzie\u017c S\u0142u\u017cbowa dla Bran\u017cy Kelnerskiej, HoReCa i Medycyny","article_modified_time":"2026-02-17T12:26:25+00:00","og_image":[{"width":600,"height":800,"url":"https:\/\/grapil.pl\/wp-content\/uploads\/2026\/01\/Fartuch-1-gotowe.jpg","type":"image\/jpeg"}],"twitter_card":"summary_large_image","twitter_misc":{"Gesch\u00e4tzte Lesezeit":"1\u00a0Minute"},"schema":{"@context":"https:\/\/schema.org","@graph":[{"@type":"WebPage","@id":"https:\/\/grapil.pl\/produkt\/fartuch-meski-bialy\/","url":"https:\/\/grapil.pl\/produkt\/fartuch-meski-bialy\/","name":"Fartuch m\u0119ski bia\u0142y - Grapil.pl \u2013 Profesjonalna Odzie\u017c S\u0142u\u017cbowa dla Bran\u017cy Kelnerskiej, HoReCa i Medycyny","isPartOf":{"@id":"https:\/\/grapil.pl\/#website"},"primaryImageOfPage":{"@id":"https:\/\/grapil.pl\/produkt\/fartuch-meski-bialy\/#primaryimage"},"image":{"@id":"https:\/\/grapil.pl\/produkt\/fartuch-meski-bialy\/#primaryimage"},"thumbnailUrl":"https:\/\/grapil.pl\/wp-content\/uploads\/2026\/01\/Fartuch-1-gotowe.jpg","datePublished":"2026-01-09T12:18:51+00:00","dateModified":"2026-02-17T12:26:25+00:00","breadcrumb":{"@id":"https:\/\/grapil.pl\/produkt\/fartuch-meski-bialy\/#breadcrumb"},"inLanguage":"de","potentialAction":[{"@type":"ReadAction","target":["https:\/\/grapil.pl\/produkt\/fartuch-meski-bialy\/"]}]},{"@type":"ImageObject","inLanguage":"de","@id":"https:\/\/grapil.pl\/produkt\/fartuch-meski-bialy\/#primaryimage","url":"https:\/\/grapil.pl\/wp-content\/uploads\/2026\/01\/Fartuch-1-gotowe.jpg","contentUrl":"https:\/\/grapil.pl\/wp-content\/uploads\/2026\/01\/Fartuch-1-gotowe.jpg","width":600,"height":800},{"@type":"BreadcrumbList","@id":"https:\/\/grapil.pl\/produkt\/fartuch-meski-bialy\/#breadcrumb","itemListElement":[{"@type":"ListItem","position":1,"name":"Strona g\u0142\u00f3wna","item":"https:\/\/grapil.pl\/"},{"@type":"ListItem","position":2,"name":"sklep","item":"https:\/\/grapil.pl\/sklep\/"},{"@type":"ListItem","position":3,"name":"Fartuch m\u0119ski bia\u0142y"}]},{"@type":"WebSite","@id":"https:\/\/grapil.pl\/#website","url":"https:\/\/grapil.pl\/","name":"Grapil.pl \u2013 Profesjonalna Odzie\u017c S\u0142u\u017cbowa dla Bran\u017cy Kelnerskiej, HoReCa i Medycyny","description":"","potentialAction":[{"@type":"SearchAction","target":{"@type":"EntryPoint","urlTemplate":"https:\/\/grapil.pl\/?s={search_term_string}"},"query-input":{"@type":"PropertyValueSpecification","valueRequired":true,"valueName":"search_term_string"}}],"inLanguage":"de"}]}},"_links":{"self":[{"href":"https:\/\/grapil.pl\/de\/wp-json\/wp\/v2\/product\/25891","targetHints":{"allow":["GET"]}}],"collection":[{"href":"https:\/\/grapil.pl\/de\/wp-json\/wp\/v2\/product"}],"about":[{"href":"https:\/\/grapil.pl\/de\/wp-json\/wp\/v2\/types\/product"}],"version-history":[{"count":2,"href":"https:\/\/grapil.pl\/de\/wp-json\/wp\/v2\/product\/25891\/revisions"}],"predecessor-version":[{"id":26245,"href":"https:\/\/grapil.pl\/de\/wp-json\/wp\/v2\/product\/25891\/revisions\/26245"}],"wp:featuredmedia":[{"embeddable":true,"href":"https:\/\/grapil.pl\/de\/wp-json\/wp\/v2\/media\/25892"}],"wp:attachment":[{"href":"https:\/\/grapil.pl\/de\/wp-json\/wp\/v2\/media?parent=25891"}],"wp:term":[{"taxonomy":"product_brand","embeddable":true,"href":"https:\/\/grapil.pl\/de\/wp-json\/wp\/v2\/product_brand?post=25891"},{"taxonomy":"product_cat","embeddable":true,"href":"https:\/\/grapil.pl\/de\/wp-json\/wp\/v2\/product_cat?post=25891"},{"taxonomy":"product_tag","embeddable":true,"href":"https:\/\/grapil.pl\/de\/wp-json\/wp\/v2\/product_tag?post=25891"}],"curies":[{"name":"wp","href":"https:\/\/api.w.org\/{rel}","templated":true}]}}