{"id":25894,"date":"2026-01-09T13:19:41","date_gmt":"2026-01-09T12:19:41","guid":{"rendered":"https:\/\/grapil.pl\/?post_type=product&#038;p=25894"},"modified":"2026-02-17T13:28:19","modified_gmt":"2026-02-17T12:28:19","slug":"fartuszek-damski-bialy-z-czerwonymi-wstawkami","status":"publish","type":"product","link":"https:\/\/grapil.pl\/de\/produkt\/fartuszek-damski-bialy-z-czerwonymi-wstawkami\/","title":{"rendered":"Fartuszek damski bia\u0142y z czerwonymi wstawkami"},"content":{"rendered":"<p class=\"Textbody\">Stylowy fartuszek damski z ozdobnymi lam\u00f3wkami w czerwonym kolorze. Prz\u00f3d zapinany na springi. Przedstawiony model jest lekko dopasowany, posiada pionowe ci\u0119cia, dzi\u0119ki kt\u00f3rym fartuszek \u0142adnie uk\u0142ada si\u0119 na sylwetce. Fartuszek posiada motylkowy r\u0119kaw, kt\u00f3ry nie kr\u0119puj\u0119 ruch\u00f3w co zwi\u0119ksza komfort pracy.<\/p>\n<p class=\"Textbody\">Zastosowana tkanina jest \u0142atwa w piel\u0119gnacji, bardzo trwa\u0142a oraz szybko schn\u0105ca. Odporna na zagniecenia fartuszek zawsze wygl\u0105da bardzo dobrze.<\/p>","protected":false},"excerpt":{"rendered":"<p>Stylowy fartuszek damski z ozdobnymi lam\u00f3wkami w czerwonym kolorze. Prz\u00f3d zapinany na springi. Przedstawiony model jest lekko dopasowany, posiada pionowe<\/p>","protected":false},"featured_media":26246,"template":"","meta":[],"product_brand":[],"product_cat":[119,135,106,132],"product_tag":[],"class_list":{"0":"post-25894","1":"product","2":"type-product","3":"status-publish","4":"has-post-thumbnail","6":"product_cat-housekeeping","7":"product_cat-bluzy","8":"product_cat-medycyna-i-kosmetyka","9":"product_cat-fartuchy","11":"first","12":"instock","13":"taxable","14":"shipping-taxable","15":"product-type-simple"},"yoast_head":"<!-- This site is optimized with the Yoast SEO plugin v25.3 - https:\/\/yoast.com\/wordpress\/plugins\/seo\/ -->\n<title>Fartuszek damski bia\u0142y z czerwonymi wstawkami - Grapil.pl \u2013 Profesjonalna Odzie\u017c S\u0142u\u017cbowa dla Bran\u017cy Kelnerskiej, HoReCa i Medycyny<\/title>\n<meta name=\"robots\" content=\"index, follow, max-snippet:-1, max-image-preview:large, max-video-preview:-1\" \/>\n<link rel=\"canonical\" href=\"https:\/\/grapil.pl\/de\/produkt\/fartuszek-damski-bialy-z-czerwonymi-wstawkami\/\" \/>\n<meta property=\"og:locale\" content=\"de_DE\" \/>\n<meta property=\"og:type\" content=\"article\" \/>\n<meta property=\"og:title\" content=\"Fartuszek damski bia\u0142y z czerwonymi wstawkami - Grapil.pl \u2013 Profesjonalna Odzie\u017c S\u0142u\u017cbowa dla Bran\u017cy Kelnerskiej, HoReCa i Medycyny\" \/>\n<meta property=\"og:description\" content=\"Stylowy fartuszek damski z ozdobnymi lam\u00f3wkami w czerwonym kolorze. Prz\u00f3d zapinany na springi. Przedstawiony model jest lekko dopasowany, posiada pionowe\" \/>\n<meta property=\"og:url\" content=\"https:\/\/grapil.pl\/de\/produkt\/fartuszek-damski-bialy-z-czerwonymi-wstawkami\/\" \/>\n<meta property=\"og:site_name\" content=\"Grapil.pl \u2013 Profesjonalna Odzie\u017c S\u0142u\u017cbowa dla Bran\u017cy Kelnerskiej, HoReCa i Medycyny\" \/>\n<meta property=\"article:modified_time\" content=\"2026-02-17T12:28:19+00:00\" \/>\n<meta property=\"og:image\" content=\"https:\/\/grapil.pl\/wp-content\/uploads\/2026\/01\/2.jpg\" \/>\n\t<meta property=\"og:image:width\" content=\"600\" \/>\n\t<meta property=\"og:image:height\" content=\"800\" \/>\n\t<meta property=\"og:image:type\" content=\"image\/jpeg\" \/>\n<meta name=\"twitter:card\" content=\"summary_large_image\" \/>\n<meta name=\"twitter:label1\" content=\"Gesch\u00e4tzte Lesezeit\" \/>\n\t<meta name=\"twitter:data1\" content=\"1\u00a0Minute\" \/>\n<script type=\"application\/ld+json\" class=\"yoast-schema-graph\">{\"@context\":\"https:\/\/schema.org\",\"@graph\":[{\"@type\":\"WebPage\",\"@id\":\"https:\/\/grapil.pl\/produkt\/fartuszek-damski-bialy-z-czerwonymi-wstawkami\/\",\"url\":\"https:\/\/grapil.pl\/produkt\/fartuszek-damski-bialy-z-czerwonymi-wstawkami\/\",\"name\":\"Fartuszek damski bia\u0142y z czerwonymi wstawkami - Grapil.pl \u2013 Profesjonalna Odzie\u017c S\u0142u\u017cbowa dla Bran\u017cy Kelnerskiej, HoReCa i Medycyny\",\"isPartOf\":{\"@id\":\"https:\/\/grapil.pl\/#website\"},\"primaryImageOfPage\":{\"@id\":\"https:\/\/grapil.pl\/produkt\/fartuszek-damski-bialy-z-czerwonymi-wstawkami\/#primaryimage\"},\"image\":{\"@id\":\"https:\/\/grapil.pl\/produkt\/fartuszek-damski-bialy-z-czerwonymi-wstawkami\/#primaryimage\"},\"thumbnailUrl\":\"https:\/\/grapil.pl\/wp-content\/uploads\/2026\/01\/2.jpg\",\"datePublished\":\"2026-01-09T12:19:41+00:00\",\"dateModified\":\"2026-02-17T12:28:19+00:00\",\"breadcrumb\":{\"@id\":\"https:\/\/grapil.pl\/produkt\/fartuszek-damski-bialy-z-czerwonymi-wstawkami\/#breadcrumb\"},\"inLanguage\":\"de\",\"potentialAction\":[{\"@type\":\"ReadAction\",\"target\":[\"https:\/\/grapil.pl\/produkt\/fartuszek-damski-bialy-z-czerwonymi-wstawkami\/\"]}]},{\"@type\":\"ImageObject\",\"inLanguage\":\"de\",\"@id\":\"https:\/\/grapil.pl\/produkt\/fartuszek-damski-bialy-z-czerwonymi-wstawkami\/#primaryimage\",\"url\":\"https:\/\/grapil.pl\/wp-content\/uploads\/2026\/01\/2.jpg\",\"contentUrl\":\"https:\/\/grapil.pl\/wp-content\/uploads\/2026\/01\/2.jpg\",\"width\":600,\"height\":800},{\"@type\":\"BreadcrumbList\",\"@id\":\"https:\/\/grapil.pl\/produkt\/fartuszek-damski-bialy-z-czerwonymi-wstawkami\/#breadcrumb\",\"itemListElement\":[{\"@type\":\"ListItem\",\"position\":1,\"name\":\"Strona g\u0142\u00f3wna\",\"item\":\"https:\/\/grapil.pl\/\"},{\"@type\":\"ListItem\",\"position\":2,\"name\":\"sklep\",\"item\":\"https:\/\/grapil.pl\/sklep\/\"},{\"@type\":\"ListItem\",\"position\":3,\"name\":\"Fartuszek damski bia\u0142y z czerwonymi wstawkami\"}]},{\"@type\":\"WebSite\",\"@id\":\"https:\/\/grapil.pl\/#website\",\"url\":\"https:\/\/grapil.pl\/\",\"name\":\"Grapil.pl \u2013 Profesjonalna Odzie\u017c S\u0142u\u017cbowa dla Bran\u017cy Kelnerskiej, HoReCa i Medycyny\",\"description\":\"\",\"potentialAction\":[{\"@type\":\"SearchAction\",\"target\":{\"@type\":\"EntryPoint\",\"urlTemplate\":\"https:\/\/grapil.pl\/?s={search_term_string}\"},\"query-input\":{\"@type\":\"PropertyValueSpecification\",\"valueRequired\":true,\"valueName\":\"search_term_string\"}}],\"inLanguage\":\"de\"}]}<\/script>\n<!-- \/ Yoast SEO plugin. -->","yoast_head_json":{"title":"Fartuszek damski bia\u0142y z czerwonymi wstawkami - Grapil.pl \u2013 Profesjonalna Odzie\u017c S\u0142u\u017cbowa dla Bran\u017cy Kelnerskiej, HoReCa i Medycyny","robots":{"index":"index","follow":"follow","max-snippet":"max-snippet:-1","max-image-preview":"max-image-preview:large","max-video-preview":"max-video-preview:-1"},"canonical":"https:\/\/grapil.pl\/de\/produkt\/fartuszek-damski-bialy-z-czerwonymi-wstawkami\/","og_locale":"de_DE","og_type":"article","og_title":"Fartuszek damski bia\u0142y z czerwonymi wstawkami - Grapil.pl \u2013 Profesjonalna Odzie\u017c S\u0142u\u017cbowa dla Bran\u017cy Kelnerskiej, HoReCa i Medycyny","og_description":"Stylowy fartuszek damski z ozdobnymi lam\u00f3wkami w czerwonym kolorze. Prz\u00f3d zapinany na springi. Przedstawiony model jest lekko dopasowany, posiada pionowe","og_url":"https:\/\/grapil.pl\/de\/produkt\/fartuszek-damski-bialy-z-czerwonymi-wstawkami\/","og_site_name":"Grapil.pl \u2013 Profesjonalna Odzie\u017c S\u0142u\u017cbowa dla Bran\u017cy Kelnerskiej, HoReCa i Medycyny","article_modified_time":"2026-02-17T12:28:19+00:00","og_image":[{"width":600,"height":800,"url":"https:\/\/grapil.pl\/wp-content\/uploads\/2026\/01\/2.jpg","type":"image\/jpeg"}],"twitter_card":"summary_large_image","twitter_misc":{"Gesch\u00e4tzte Lesezeit":"1\u00a0Minute"},"schema":{"@context":"https:\/\/schema.org","@graph":[{"@type":"WebPage","@id":"https:\/\/grapil.pl\/produkt\/fartuszek-damski-bialy-z-czerwonymi-wstawkami\/","url":"https:\/\/grapil.pl\/produkt\/fartuszek-damski-bialy-z-czerwonymi-wstawkami\/","name":"Fartuszek damski bia\u0142y z czerwonymi wstawkami - Grapil.pl \u2013 Profesjonalna Odzie\u017c S\u0142u\u017cbowa dla Bran\u017cy Kelnerskiej, HoReCa i Medycyny","isPartOf":{"@id":"https:\/\/grapil.pl\/#website"},"primaryImageOfPage":{"@id":"https:\/\/grapil.pl\/produkt\/fartuszek-damski-bialy-z-czerwonymi-wstawkami\/#primaryimage"},"image":{"@id":"https:\/\/grapil.pl\/produkt\/fartuszek-damski-bialy-z-czerwonymi-wstawkami\/#primaryimage"},"thumbnailUrl":"https:\/\/grapil.pl\/wp-content\/uploads\/2026\/01\/2.jpg","datePublished":"2026-01-09T12:19:41+00:00","dateModified":"2026-02-17T12:28:19+00:00","breadcrumb":{"@id":"https:\/\/grapil.pl\/produkt\/fartuszek-damski-bialy-z-czerwonymi-wstawkami\/#breadcrumb"},"inLanguage":"de","potentialAction":[{"@type":"ReadAction","target":["https:\/\/grapil.pl\/produkt\/fartuszek-damski-bialy-z-czerwonymi-wstawkami\/"]}]},{"@type":"ImageObject","inLanguage":"de","@id":"https:\/\/grapil.pl\/produkt\/fartuszek-damski-bialy-z-czerwonymi-wstawkami\/#primaryimage","url":"https:\/\/grapil.pl\/wp-content\/uploads\/2026\/01\/2.jpg","contentUrl":"https:\/\/grapil.pl\/wp-content\/uploads\/2026\/01\/2.jpg","width":600,"height":800},{"@type":"BreadcrumbList","@id":"https:\/\/grapil.pl\/produkt\/fartuszek-damski-bialy-z-czerwonymi-wstawkami\/#breadcrumb","itemListElement":[{"@type":"ListItem","position":1,"name":"Strona g\u0142\u00f3wna","item":"https:\/\/grapil.pl\/"},{"@type":"ListItem","position":2,"name":"sklep","item":"https:\/\/grapil.pl\/sklep\/"},{"@type":"ListItem","position":3,"name":"Fartuszek damski bia\u0142y z czerwonymi wstawkami"}]},{"@type":"WebSite","@id":"https:\/\/grapil.pl\/#website","url":"https:\/\/grapil.pl\/","name":"Grapil.pl \u2013 Profesjonalna Odzie\u017c S\u0142u\u017cbowa dla Bran\u017cy Kelnerskiej, HoReCa i Medycyny","description":"","potentialAction":[{"@type":"SearchAction","target":{"@type":"EntryPoint","urlTemplate":"https:\/\/grapil.pl\/?s={search_term_string}"},"query-input":{"@type":"PropertyValueSpecification","valueRequired":true,"valueName":"search_term_string"}}],"inLanguage":"de"}]}},"_links":{"self":[{"href":"https:\/\/grapil.pl\/de\/wp-json\/wp\/v2\/product\/25894","targetHints":{"allow":["GET"]}}],"collection":[{"href":"https:\/\/grapil.pl\/de\/wp-json\/wp\/v2\/product"}],"about":[{"href":"https:\/\/grapil.pl\/de\/wp-json\/wp\/v2\/types\/product"}],"version-history":[{"count":2,"href":"https:\/\/grapil.pl\/de\/wp-json\/wp\/v2\/product\/25894\/revisions"}],"predecessor-version":[{"id":26243,"href":"https:\/\/grapil.pl\/de\/wp-json\/wp\/v2\/product\/25894\/revisions\/26243"}],"wp:featuredmedia":[{"embeddable":true,"href":"https:\/\/grapil.pl\/de\/wp-json\/wp\/v2\/media\/26246"}],"wp:attachment":[{"href":"https:\/\/grapil.pl\/de\/wp-json\/wp\/v2\/media?parent=25894"}],"wp:term":[{"taxonomy":"product_brand","embeddable":true,"href":"https:\/\/grapil.pl\/de\/wp-json\/wp\/v2\/product_brand?post=25894"},{"taxonomy":"product_cat","embeddable":true,"href":"https:\/\/grapil.pl\/de\/wp-json\/wp\/v2\/product_cat?post=25894"},{"taxonomy":"product_tag","embeddable":true,"href":"https:\/\/grapil.pl\/de\/wp-json\/wp\/v2\/product_tag?post=25894"}],"curies":[{"name":"wp","href":"https:\/\/api.w.org\/{rel}","templated":true}]}}