{"id":25900,"date":"2026-01-09T13:22:47","date_gmt":"2026-01-09T12:22:47","guid":{"rendered":"https:\/\/grapil.pl\/?post_type=product&#038;p=25900"},"modified":"2026-02-17T13:30:21","modified_gmt":"2026-02-17T12:30:21","slug":"komplet-damski-legginsy-i-longsleeve-rozne-kolory","status":"publish","type":"product","link":"https:\/\/grapil.pl\/de\/produkt\/komplet-damski-legginsy-i-longsleeve-rozne-kolory\/","title":{"rendered":"Komplet damski legginsy i koszulka longsleeve &#8211; r\u00f3\u017cne kolory"},"content":{"rendered":"<p class=\"Textbody\">Dzianinowy komplet koszulka plus leginsy wykonane z wysokiej jako\u015bci wiskozy (lekkiej i przewiewnej) z domieszk\u0105 elastanu. Dzianina bardzo dobrze dopasowuj\u0119 si\u0119 do sylwetki i zapewnia komfort noszenia. Leginsy posiadaj\u0105 gum\u0119 w pasie. Komplet bardzo dobrze sprawdzi si\u0119 w sezonie letnim ale r\u00f3wnie\u017c w zimowym, jako dodatkowa odzie\u017c np. pod fartuszek, bluz\u0119, spodnie.<\/p>","protected":false},"excerpt":{"rendered":"<p>Dzianinowy komplet koszulka plus leginsy wykonane z wysokiej jako\u015bci wiskozy (lekkiej i przewiewnej) z domieszk\u0105 elastanu. Dzianina bardzo dobrze dopasowuj\u0119<\/p>","protected":false},"featured_media":25901,"template":"","meta":[],"product_brand":[],"product_cat":[119,135,106,110],"product_tag":[],"class_list":{"0":"post-25900","1":"product","2":"type-product","3":"status-publish","4":"has-post-thumbnail","6":"product_cat-housekeeping","7":"product_cat-bluzy","8":"product_cat-medycyna-i-kosmetyka","9":"product_cat-bluzy-i-tuniki","11":"first","12":"instock","13":"taxable","14":"shipping-taxable","15":"product-type-simple"},"yoast_head":"<!-- This site is optimized with the Yoast SEO plugin v25.3 - https:\/\/yoast.com\/wordpress\/plugins\/seo\/ -->\n<title>Komplet damski legginsy i koszulka longsleeve - r\u00f3\u017cne kolory - Grapil.pl \u2013 Profesjonalna Odzie\u017c S\u0142u\u017cbowa dla Bran\u017cy Kelnerskiej, HoReCa i Medycyny<\/title>\n<meta name=\"robots\" content=\"index, follow, max-snippet:-1, max-image-preview:large, max-video-preview:-1\" \/>\n<link rel=\"canonical\" href=\"https:\/\/grapil.pl\/de\/produkt\/komplet-damski-legginsy-i-longsleeve-rozne-kolory\/\" \/>\n<meta property=\"og:locale\" content=\"de_DE\" \/>\n<meta property=\"og:type\" content=\"article\" \/>\n<meta property=\"og:title\" content=\"Komplet damski legginsy i koszulka longsleeve - r\u00f3\u017cne kolory - Grapil.pl \u2013 Profesjonalna Odzie\u017c S\u0142u\u017cbowa dla Bran\u017cy Kelnerskiej, HoReCa i Medycyny\" \/>\n<meta property=\"og:description\" content=\"Dzianinowy komplet koszulka plus leginsy wykonane z wysokiej jako\u015bci wiskozy (lekkiej i przewiewnej) z domieszk\u0105 elastanu. Dzianina bardzo dobrze dopasowuj\u0119\" \/>\n<meta property=\"og:url\" content=\"https:\/\/grapil.pl\/de\/produkt\/komplet-damski-legginsy-i-longsleeve-rozne-kolory\/\" \/>\n<meta property=\"og:site_name\" content=\"Grapil.pl \u2013 Profesjonalna Odzie\u017c S\u0142u\u017cbowa dla Bran\u017cy Kelnerskiej, HoReCa i Medycyny\" \/>\n<meta property=\"article:modified_time\" content=\"2026-02-17T12:30:21+00:00\" \/>\n<meta property=\"og:image\" content=\"https:\/\/grapil.pl\/wp-content\/uploads\/2026\/01\/Komplet-ciemny-roz-gotowe.jpg\" \/>\n\t<meta property=\"og:image:width\" content=\"600\" \/>\n\t<meta property=\"og:image:height\" content=\"801\" \/>\n\t<meta property=\"og:image:type\" content=\"image\/jpeg\" \/>\n<meta name=\"twitter:card\" content=\"summary_large_image\" \/>\n<meta name=\"twitter:label1\" content=\"Gesch\u00e4tzte Lesezeit\" \/>\n\t<meta name=\"twitter:data1\" content=\"1\u00a0Minute\" \/>\n<script type=\"application\/ld+json\" class=\"yoast-schema-graph\">{\"@context\":\"https:\/\/schema.org\",\"@graph\":[{\"@type\":\"WebPage\",\"@id\":\"https:\/\/grapil.pl\/produkt\/komplet-damski-legginsy-i-longsleeve-rozne-kolory\/\",\"url\":\"https:\/\/grapil.pl\/produkt\/komplet-damski-legginsy-i-longsleeve-rozne-kolory\/\",\"name\":\"Komplet damski legginsy i koszulka longsleeve - r\u00f3\u017cne kolory - Grapil.pl \u2013 Profesjonalna Odzie\u017c S\u0142u\u017cbowa dla Bran\u017cy Kelnerskiej, HoReCa i Medycyny\",\"isPartOf\":{\"@id\":\"https:\/\/grapil.pl\/#website\"},\"primaryImageOfPage\":{\"@id\":\"https:\/\/grapil.pl\/produkt\/komplet-damski-legginsy-i-longsleeve-rozne-kolory\/#primaryimage\"},\"image\":{\"@id\":\"https:\/\/grapil.pl\/produkt\/komplet-damski-legginsy-i-longsleeve-rozne-kolory\/#primaryimage\"},\"thumbnailUrl\":\"https:\/\/grapil.pl\/wp-content\/uploads\/2026\/01\/Komplet-ciemny-roz-gotowe.jpg\",\"datePublished\":\"2026-01-09T12:22:47+00:00\",\"dateModified\":\"2026-02-17T12:30:21+00:00\",\"breadcrumb\":{\"@id\":\"https:\/\/grapil.pl\/produkt\/komplet-damski-legginsy-i-longsleeve-rozne-kolory\/#breadcrumb\"},\"inLanguage\":\"de\",\"potentialAction\":[{\"@type\":\"ReadAction\",\"target\":[\"https:\/\/grapil.pl\/produkt\/komplet-damski-legginsy-i-longsleeve-rozne-kolory\/\"]}]},{\"@type\":\"ImageObject\",\"inLanguage\":\"de\",\"@id\":\"https:\/\/grapil.pl\/produkt\/komplet-damski-legginsy-i-longsleeve-rozne-kolory\/#primaryimage\",\"url\":\"https:\/\/grapil.pl\/wp-content\/uploads\/2026\/01\/Komplet-ciemny-roz-gotowe.jpg\",\"contentUrl\":\"https:\/\/grapil.pl\/wp-content\/uploads\/2026\/01\/Komplet-ciemny-roz-gotowe.jpg\",\"width\":600,\"height\":801},{\"@type\":\"BreadcrumbList\",\"@id\":\"https:\/\/grapil.pl\/produkt\/komplet-damski-legginsy-i-longsleeve-rozne-kolory\/#breadcrumb\",\"itemListElement\":[{\"@type\":\"ListItem\",\"position\":1,\"name\":\"Strona g\u0142\u00f3wna\",\"item\":\"https:\/\/grapil.pl\/\"},{\"@type\":\"ListItem\",\"position\":2,\"name\":\"sklep\",\"item\":\"https:\/\/grapil.pl\/sklep\/\"},{\"@type\":\"ListItem\",\"position\":3,\"name\":\"Komplet damski legginsy i koszulka longsleeve &#8211; r\u00f3\u017cne kolory\"}]},{\"@type\":\"WebSite\",\"@id\":\"https:\/\/grapil.pl\/#website\",\"url\":\"https:\/\/grapil.pl\/\",\"name\":\"Grapil.pl \u2013 Profesjonalna Odzie\u017c S\u0142u\u017cbowa dla Bran\u017cy Kelnerskiej, HoReCa i Medycyny\",\"description\":\"\",\"potentialAction\":[{\"@type\":\"SearchAction\",\"target\":{\"@type\":\"EntryPoint\",\"urlTemplate\":\"https:\/\/grapil.pl\/?s={search_term_string}\"},\"query-input\":{\"@type\":\"PropertyValueSpecification\",\"valueRequired\":true,\"valueName\":\"search_term_string\"}}],\"inLanguage\":\"de\"}]}<\/script>\n<!-- \/ Yoast SEO plugin. -->","yoast_head_json":{"title":"Komplet damski legginsy i koszulka longsleeve - r\u00f3\u017cne kolory - Grapil.pl \u2013 Profesjonalna Odzie\u017c S\u0142u\u017cbowa dla Bran\u017cy Kelnerskiej, HoReCa i Medycyny","robots":{"index":"index","follow":"follow","max-snippet":"max-snippet:-1","max-image-preview":"max-image-preview:large","max-video-preview":"max-video-preview:-1"},"canonical":"https:\/\/grapil.pl\/de\/produkt\/komplet-damski-legginsy-i-longsleeve-rozne-kolory\/","og_locale":"de_DE","og_type":"article","og_title":"Komplet damski legginsy i koszulka longsleeve - r\u00f3\u017cne kolory - Grapil.pl \u2013 Profesjonalna Odzie\u017c S\u0142u\u017cbowa dla Bran\u017cy Kelnerskiej, HoReCa i Medycyny","og_description":"Dzianinowy komplet koszulka plus leginsy wykonane z wysokiej jako\u015bci wiskozy (lekkiej i przewiewnej) z domieszk\u0105 elastanu. Dzianina bardzo dobrze dopasowuj\u0119","og_url":"https:\/\/grapil.pl\/de\/produkt\/komplet-damski-legginsy-i-longsleeve-rozne-kolory\/","og_site_name":"Grapil.pl \u2013 Profesjonalna Odzie\u017c S\u0142u\u017cbowa dla Bran\u017cy Kelnerskiej, HoReCa i Medycyny","article_modified_time":"2026-02-17T12:30:21+00:00","og_image":[{"width":600,"height":801,"url":"https:\/\/grapil.pl\/wp-content\/uploads\/2026\/01\/Komplet-ciemny-roz-gotowe.jpg","type":"image\/jpeg"}],"twitter_card":"summary_large_image","twitter_misc":{"Gesch\u00e4tzte Lesezeit":"1\u00a0Minute"},"schema":{"@context":"https:\/\/schema.org","@graph":[{"@type":"WebPage","@id":"https:\/\/grapil.pl\/produkt\/komplet-damski-legginsy-i-longsleeve-rozne-kolory\/","url":"https:\/\/grapil.pl\/produkt\/komplet-damski-legginsy-i-longsleeve-rozne-kolory\/","name":"Komplet damski legginsy i koszulka longsleeve - r\u00f3\u017cne kolory - Grapil.pl \u2013 Profesjonalna Odzie\u017c S\u0142u\u017cbowa dla Bran\u017cy Kelnerskiej, HoReCa i Medycyny","isPartOf":{"@id":"https:\/\/grapil.pl\/#website"},"primaryImageOfPage":{"@id":"https:\/\/grapil.pl\/produkt\/komplet-damski-legginsy-i-longsleeve-rozne-kolory\/#primaryimage"},"image":{"@id":"https:\/\/grapil.pl\/produkt\/komplet-damski-legginsy-i-longsleeve-rozne-kolory\/#primaryimage"},"thumbnailUrl":"https:\/\/grapil.pl\/wp-content\/uploads\/2026\/01\/Komplet-ciemny-roz-gotowe.jpg","datePublished":"2026-01-09T12:22:47+00:00","dateModified":"2026-02-17T12:30:21+00:00","breadcrumb":{"@id":"https:\/\/grapil.pl\/produkt\/komplet-damski-legginsy-i-longsleeve-rozne-kolory\/#breadcrumb"},"inLanguage":"de","potentialAction":[{"@type":"ReadAction","target":["https:\/\/grapil.pl\/produkt\/komplet-damski-legginsy-i-longsleeve-rozne-kolory\/"]}]},{"@type":"ImageObject","inLanguage":"de","@id":"https:\/\/grapil.pl\/produkt\/komplet-damski-legginsy-i-longsleeve-rozne-kolory\/#primaryimage","url":"https:\/\/grapil.pl\/wp-content\/uploads\/2026\/01\/Komplet-ciemny-roz-gotowe.jpg","contentUrl":"https:\/\/grapil.pl\/wp-content\/uploads\/2026\/01\/Komplet-ciemny-roz-gotowe.jpg","width":600,"height":801},{"@type":"BreadcrumbList","@id":"https:\/\/grapil.pl\/produkt\/komplet-damski-legginsy-i-longsleeve-rozne-kolory\/#breadcrumb","itemListElement":[{"@type":"ListItem","position":1,"name":"Strona g\u0142\u00f3wna","item":"https:\/\/grapil.pl\/"},{"@type":"ListItem","position":2,"name":"sklep","item":"https:\/\/grapil.pl\/sklep\/"},{"@type":"ListItem","position":3,"name":"Komplet damski legginsy i koszulka longsleeve &#8211; r\u00f3\u017cne kolory"}]},{"@type":"WebSite","@id":"https:\/\/grapil.pl\/#website","url":"https:\/\/grapil.pl\/","name":"Grapil.pl \u2013 Profesjonalna Odzie\u017c S\u0142u\u017cbowa dla Bran\u017cy Kelnerskiej, HoReCa i Medycyny","description":"","potentialAction":[{"@type":"SearchAction","target":{"@type":"EntryPoint","urlTemplate":"https:\/\/grapil.pl\/?s={search_term_string}"},"query-input":{"@type":"PropertyValueSpecification","valueRequired":true,"valueName":"search_term_string"}}],"inLanguage":"de"}]}},"_links":{"self":[{"href":"https:\/\/grapil.pl\/de\/wp-json\/wp\/v2\/product\/25900","targetHints":{"allow":["GET"]}}],"collection":[{"href":"https:\/\/grapil.pl\/de\/wp-json\/wp\/v2\/product"}],"about":[{"href":"https:\/\/grapil.pl\/de\/wp-json\/wp\/v2\/types\/product"}],"version-history":[{"count":3,"href":"https:\/\/grapil.pl\/de\/wp-json\/wp\/v2\/product\/25900\/revisions"}],"predecessor-version":[{"id":26242,"href":"https:\/\/grapil.pl\/de\/wp-json\/wp\/v2\/product\/25900\/revisions\/26242"}],"wp:featuredmedia":[{"embeddable":true,"href":"https:\/\/grapil.pl\/de\/wp-json\/wp\/v2\/media\/25901"}],"wp:attachment":[{"href":"https:\/\/grapil.pl\/de\/wp-json\/wp\/v2\/media?parent=25900"}],"wp:term":[{"taxonomy":"product_brand","embeddable":true,"href":"https:\/\/grapil.pl\/de\/wp-json\/wp\/v2\/product_brand?post=25900"},{"taxonomy":"product_cat","embeddable":true,"href":"https:\/\/grapil.pl\/de\/wp-json\/wp\/v2\/product_cat?post=25900"},{"taxonomy":"product_tag","embeddable":true,"href":"https:\/\/grapil.pl\/de\/wp-json\/wp\/v2\/product_tag?post=25900"}],"curies":[{"name":"wp","href":"https:\/\/api.w.org\/{rel}","templated":true}]}}