{"id":25958,"date":"2026-01-14T13:17:53","date_gmt":"2026-01-14T12:17:53","guid":{"rendered":"https:\/\/grapil.pl\/?post_type=product&#038;p=25958"},"modified":"2026-01-14T13:24:01","modified_gmt":"2026-01-14T12:24:01","slug":"klapki-kroksy-fitclog-biale","status":"publish","type":"product","link":"https:\/\/grapil.pl\/de\/produkt\/klapki-kroksy-fitclog-biale\/","title":{"rendered":"Klapki KROKSY FitClog Bia\u0142e"},"content":{"rendered":"<h1 style=\"text-align: center;\">In dieser Auktion pr\u00e4sentieren wir Ihnen:<\/h1>\n<p style=\"text-align: center;\"><strong>FitClog Medizin- und Hygiene-Slipper aus hochwertigem, superleichtem EVA-Material.<\/strong><\/p>\n<p style=\"text-align: center;\">Zugelassenes Spezialschuhwerk.<\/p>\n<p style=\"text-align: center;\"><strong>Schuhe, die f\u00fcr lange Arbeitsstunden im Alltag konzipiert sind.<\/strong><\/p>\n<p style=\"text-align: center;\">Polnisches Produkt \u2013 Hergestellt in Polen.<\/p>\n<p style=\"text-align: center;\">Schuhe aus superleichtem EVA-Material, bequem und praktisch.<\/p>\n<p style=\"text-align: center;\">Es verf\u00fcgt \u00fcber eine rutschfeste Sohle aus Gummi, die vor dem Ausrutschen sch\u00fctzt und sichert.<\/p>\n<p style=\"text-align: center;\">Extrem flexibel und langlebig.<\/p>\n<p style=\"text-align: center;\">Basic hat\u00a0<strong>Sohle, einzig, alleinig<\/strong>\u00a0das gemacht wird<strong>\u00a0aus Gummi<\/strong>\u00a0Dadurch wird die Sicherheit bei der Anwendung auf unterschiedlichen Oberfl\u00e4chen deutlich verbessert.<\/p>\n<p style=\"text-align: center;\">Um den Tragekomfort zu erh\u00f6hen, sind die Schuhe mit gut-\u00a0<strong>konturiertes Futter mit antibakteriellen und schwei\u00dfhemmenden Eigenschaften.<\/strong><\/p>\n<p style=\"text-align: center;\">Labortests best\u00e4tigten, dass\u00a0<strong>Polsterung<\/strong>\u00a0<strong>enth\u00e4lt keine aromatischen Amine, Formaldehyd und Dimethylfumarat.<\/strong><\/p>\n<p style=\"text-align: center;\">Besch\u00e4digte (abgenutzte) Auskleidungen sollten durch neue ersetzt werden.<\/p>\n<p style=\"text-align: center;\">Ein spezieller Fersenriemen h\u00e4lt den Schuh in der richtigen Position und ein h\u00f6herer Absatz sorgt f\u00fcr mehr Stabilit\u00e4t.<\/p>\n<p style=\"text-align: center;\">Der geschlossene Vorderschuh und die entsprechende Anordnung der Bel\u00fcftungsl\u00f6cher sch\u00fctzen den Fu\u00df vor Feuchtigkeit durch \u00e4u\u00dfere Einfl\u00fcsse.<\/p>\n<div dir=\"auto\" style=\"text-align: center;\"><span style=\"font-size: 14pt;\"><strong>Zertifiziertes Schuhwerk f\u00fcr viele Branchen:<\/strong><\/span><\/div>\n<div dir=\"auto\" style=\"text-align: center;\"><span class=\"pq6dq46d tbxw36s4 knj5qynh kvgmc6g5 ditlmg2l oygrvhab nvdbi5me sf5mxxl7 gl3lb2sf hhz5lgdu\"><img decoding=\"async\" src=\"https:\/\/static.xx.fbcdn.net\/images\/emoji.php\/v9\/t51\/1\/16\/2714.png\" alt=\"\u2714\ufe0f\" width=\"16\" height=\"16\" \/><\/span>Friseur,<\/div>\n<div dir=\"auto\" style=\"text-align: center;\"><span class=\"pq6dq46d tbxw36s4 knj5qynh kvgmc6g5 ditlmg2l oygrvhab nvdbi5me sf5mxxl7 gl3lb2sf hhz5lgdu\"><img decoding=\"async\" src=\"https:\/\/static.xx.fbcdn.net\/images\/emoji.php\/v9\/t51\/1\/16\/2714.png\" alt=\"\u2714\ufe0f\" width=\"16\" height=\"16\" \/><\/span>Kosmetologie,<\/div>\n<div dir=\"auto\" style=\"text-align: center;\"><span class=\"pq6dq46d tbxw36s4 knj5qynh kvgmc6g5 ditlmg2l oygrvhab nvdbi5me sf5mxxl7 gl3lb2sf hhz5lgdu\"><img decoding=\"async\" src=\"https:\/\/static.xx.fbcdn.net\/images\/emoji.php\/v9\/t51\/1\/16\/2714.png\" alt=\"\u2714\ufe0f\" width=\"16\" height=\"16\" \/><\/span>SPA,<\/div>\n<div dir=\"auto\" style=\"text-align: center;\"><span class=\"pq6dq46d tbxw36s4 knj5qynh kvgmc6g5 ditlmg2l oygrvhab nvdbi5me sf5mxxl7 gl3lb2sf hhz5lgdu\"><img decoding=\"async\" src=\"https:\/\/static.xx.fbcdn.net\/images\/emoji.php\/v9\/t51\/1\/16\/2714.png\" alt=\"\u2714\ufe0f\" width=\"16\" height=\"16\" \/><\/span>K\u00f6che,<\/div>\n<div dir=\"auto\" style=\"text-align: center;\"><span class=\"pq6dq46d tbxw36s4 knj5qynh kvgmc6g5 ditlmg2l oygrvhab nvdbi5me sf5mxxl7 gl3lb2sf hhz5lgdu\"><img decoding=\"async\" src=\"https:\/\/static.xx.fbcdn.net\/images\/emoji.php\/v9\/t51\/1\/16\/2714.png\" alt=\"\u2714\ufe0f\" width=\"16\" height=\"16\" \/><\/span>Kellnerinnen,<\/div>\n<div dir=\"auto\" style=\"text-align: center;\"><span class=\"pq6dq46d tbxw36s4 knj5qynh kvgmc6g5 ditlmg2l oygrvhab nvdbi5me sf5mxxl7 gl3lb2sf hhz5lgdu\"><img decoding=\"async\" src=\"https:\/\/static.xx.fbcdn.net\/images\/emoji.php\/v9\/t51\/1\/16\/2714.png\" alt=\"\u2714\ufe0f\" width=\"16\" height=\"16\" \/><\/span>Dienstm\u00e4dchen,<\/div>\n<div dir=\"auto\" style=\"text-align: center;\"><span class=\"pq6dq46d tbxw36s4 knj5qynh kvgmc6g5 ditlmg2l oygrvhab nvdbi5me sf5mxxl7 gl3lb2sf hhz5lgdu\"><img decoding=\"async\" src=\"https:\/\/static.xx.fbcdn.net\/images\/emoji.php\/v9\/t51\/1\/16\/2714.png\" alt=\"\u2714\ufe0f\" width=\"16\" height=\"16\" \/><\/span>\u00c4rzte,<\/div>\n<div dir=\"auto\" style=\"text-align: center;\"><span class=\"pq6dq46d tbxw36s4 knj5qynh kvgmc6g5 ditlmg2l oygrvhab nvdbi5me sf5mxxl7 gl3lb2sf hhz5lgdu\"><img decoding=\"async\" src=\"https:\/\/static.xx.fbcdn.net\/images\/emoji.php\/v9\/t51\/1\/16\/2714.png\" alt=\"\u2714\ufe0f\" width=\"16\" height=\"16\" \/><\/span>Krankenschwestern,<\/div>\n<div dir=\"auto\" style=\"text-align: center;\"><span class=\"pq6dq46d tbxw36s4 knj5qynh kvgmc6g5 ditlmg2l oygrvhab nvdbi5me sf5mxxl7 gl3lb2sf hhz5lgdu\"><img decoding=\"async\" src=\"https:\/\/static.xx.fbcdn.net\/images\/emoji.php\/v9\/t51\/1\/16\/2714.png\" alt=\"\u2714\ufe0f\" width=\"16\" height=\"16\" \/><\/span>Zahn\u00e4rzte,<\/div>\n<div dir=\"auto\" style=\"text-align: center;\"><span class=\"pq6dq46d tbxw36s4 knj5qynh kvgmc6g5 ditlmg2l oygrvhab nvdbi5me sf5mxxl7 gl3lb2sf hhz5lgdu\"><img decoding=\"async\" src=\"https:\/\/static.xx.fbcdn.net\/images\/emoji.php\/v9\/t51\/1\/16\/2714.png\" alt=\"\u2714\ufe0f\" width=\"16\" height=\"16\" \/><\/span>Physiotherapeuten<\/div>\n<div dir=\"auto\" style=\"text-align: center;\"><span class=\"pq6dq46d tbxw36s4 knj5qynh kvgmc6g5 ditlmg2l oygrvhab nvdbi5me sf5mxxl7 gl3lb2sf hhz5lgdu\">\u00a0\u00a0<img decoding=\"async\" src=\"https:\/\/static.xx.fbcdn.net\/images\/emoji.php\/v9\/t51\/1\/16\/2714.png\" alt=\"\u2714\ufe0f\" width=\"16\" height=\"16\" \/><\/span>Labortechniker<\/div>\n<div dir=\"auto\" style=\"text-align: center;\"><span class=\"pq6dq46d tbxw36s4 knj5qynh kvgmc6g5 ditlmg2l oygrvhab nvdbi5me sf5mxxl7 gl3lb2sf hhz5lgdu\"><img decoding=\"async\" src=\"https:\/\/static.xx.fbcdn.net\/images\/emoji.php\/v9\/t51\/1\/16\/2714.png\" alt=\"\u2714\ufe0f\" width=\"16\" height=\"16\" \/><\/span>Tier\u00e4rzte<\/div>\n<div dir=\"auto\" style=\"text-align: center;\"><span class=\"pq6dq46d tbxw36s4 knj5qynh kvgmc6g5 ditlmg2l oygrvhab nvdbi5me sf5mxxl7 gl3lb2sf hhz5lgdu\"><img decoding=\"async\" src=\"https:\/\/static.xx.fbcdn.net\/images\/emoji.php\/v9\/t51\/1\/16\/2714.png\" alt=\"\u2714\ufe0f\" width=\"16\" height=\"16\" \/><\/span>Lebensmittelindustrie<\/div>\n<div dir=\"auto\" style=\"text-align: center;\"><span class=\"pq6dq46d tbxw36s4 knj5qynh kvgmc6g5 ditlmg2l oygrvhab nvdbi5me sf5mxxl7 gl3lb2sf hhz5lgdu\"><img decoding=\"async\" src=\"https:\/\/static.xx.fbcdn.net\/images\/emoji.php\/v9\/t51\/1\/16\/2714.png\" alt=\"\u2714\ufe0f\" width=\"16\" height=\"16\" \/><\/span>Verarbeitende Industrie,<\/div>\n<div dir=\"auto\" style=\"text-align: center;\"><span class=\"pq6dq46d tbxw36s4 knj5qynh kvgmc6g5 ditlmg2l oygrvhab nvdbi5me sf5mxxl7 gl3lb2sf hhz5lgdu\"><img decoding=\"async\" src=\"https:\/\/static.xx.fbcdn.net\/images\/emoji.php\/v9\/t51\/1\/16\/2714.png\" alt=\"\u2714\ufe0f\" width=\"16\" height=\"16\" \/><\/span>Reinigungsfirmen,<\/div>\n<div dir=\"auto\" style=\"text-align: center;\"><span class=\"pq6dq46d tbxw36s4 knj5qynh kvgmc6g5 ditlmg2l oygrvhab nvdbi5me sf5mxxl7 gl3lb2sf hhz5lgdu\"><img decoding=\"async\" src=\"https:\/\/static.xx.fbcdn.net\/images\/emoji.php\/v9\/t51\/1\/16\/2714.png\" alt=\"\u2714\ufe0f\" width=\"16\" height=\"16\" \/><\/span>Industrielle W\u00e4schereien,<\/div>\n<div dir=\"auto\" style=\"text-align: center;\"><\/div>\n<div dir=\"auto\" style=\"text-align: center;\"><\/div>","protected":false},"excerpt":{"rendered":"<p>In dieser Auktion pr\u00e4sentieren wir Ihnen: Medizinische, hygienische FitClog-Hausschuhe aus hochwertigem, superleichtem EVA-Material. Zertifiziertes Fachschuhwerk.<\/p>","protected":false},"featured_media":25959,"template":"","meta":[],"product_brand":[],"product_cat":[119,212,106,177],"product_tag":[],"class_list":{"0":"post-25958","1":"product","2":"type-product","3":"status-publish","4":"has-post-thumbnail","6":"product_cat-housekeeping","7":"product_cat-obuwie","8":"product_cat-medycyna-i-kosmetyka","9":"product_cat-buty","11":"first","12":"instock","13":"product-type-simple"},"yoast_head":"<!-- This site is optimized with the Yoast SEO plugin v25.3 - https:\/\/yoast.com\/wordpress\/plugins\/seo\/ -->\n<title>Klapki KROKSY FitClog Bia\u0142e - Grapil.pl \u2013 Profesjonalna Odzie\u017c S\u0142u\u017cbowa dla Bran\u017cy Kelnerskiej, HoReCa i Medycyny<\/title>\n<meta name=\"robots\" content=\"index, follow, max-snippet:-1, max-image-preview:large, max-video-preview:-1\" \/>\n<link rel=\"canonical\" href=\"https:\/\/grapil.pl\/de\/produkt\/klapki-kroksy-fitclog-biale\/\" \/>\n<meta property=\"og:locale\" content=\"de_DE\" \/>\n<meta property=\"og:type\" content=\"article\" \/>\n<meta property=\"og:title\" content=\"Klapki KROKSY FitClog Bia\u0142e - Grapil.pl \u2013 Profesjonalna Odzie\u017c S\u0142u\u017cbowa dla Bran\u017cy Kelnerskiej, HoReCa i Medycyny\" \/>\n<meta property=\"og:description\" content=\"Na tej Aukcji przedstawiamy Pa\u0144stwu: Klapki medyczne, sanitarne FitClog\u00a0 wykonane z wysokiej jako\u015bci super lekkiego tworzywa EVA. Atestowane obuwie specjalistyczne.\" \/>\n<meta property=\"og:url\" content=\"https:\/\/grapil.pl\/de\/produkt\/klapki-kroksy-fitclog-biale\/\" \/>\n<meta property=\"og:site_name\" content=\"Grapil.pl \u2013 Profesjonalna Odzie\u017c S\u0142u\u017cbowa dla Bran\u017cy Kelnerskiej, HoReCa i Medycyny\" \/>\n<meta property=\"article:modified_time\" content=\"2026-01-14T12:24:01+00:00\" \/>\n<meta property=\"og:image\" content=\"https:\/\/grapil.pl\/wp-content\/uploads\/2026\/01\/kroksy-2.jpg\" \/>\n\t<meta property=\"og:image:width\" content=\"600\" \/>\n\t<meta property=\"og:image:height\" content=\"800\" \/>\n\t<meta property=\"og:image:type\" content=\"image\/jpeg\" \/>\n<meta name=\"twitter:card\" content=\"summary_large_image\" \/>\n<meta name=\"twitter:label1\" content=\"Gesch\u00e4tzte Lesezeit\" \/>\n\t<meta name=\"twitter:data1\" content=\"5\u00a0Minuten\" \/>\n<script type=\"application\/ld+json\" class=\"yoast-schema-graph\">{\"@context\":\"https:\/\/schema.org\",\"@graph\":[{\"@type\":\"WebPage\",\"@id\":\"https:\/\/grapil.pl\/produkt\/klapki-kroksy-fitclog-biale\/\",\"url\":\"https:\/\/grapil.pl\/produkt\/klapki-kroksy-fitclog-biale\/\",\"name\":\"Klapki KROKSY FitClog Bia\u0142e - Grapil.pl \u2013 Profesjonalna Odzie\u017c S\u0142u\u017cbowa dla Bran\u017cy Kelnerskiej, HoReCa i Medycyny\",\"isPartOf\":{\"@id\":\"https:\/\/grapil.pl\/#website\"},\"primaryImageOfPage\":{\"@id\":\"https:\/\/grapil.pl\/produkt\/klapki-kroksy-fitclog-biale\/#primaryimage\"},\"image\":{\"@id\":\"https:\/\/grapil.pl\/produkt\/klapki-kroksy-fitclog-biale\/#primaryimage\"},\"thumbnailUrl\":\"https:\/\/grapil.pl\/wp-content\/uploads\/2026\/01\/kroksy-2.jpg\",\"datePublished\":\"2026-01-14T12:17:53+00:00\",\"dateModified\":\"2026-01-14T12:24:01+00:00\",\"breadcrumb\":{\"@id\":\"https:\/\/grapil.pl\/produkt\/klapki-kroksy-fitclog-biale\/#breadcrumb\"},\"inLanguage\":\"de\",\"potentialAction\":[{\"@type\":\"ReadAction\",\"target\":[\"https:\/\/grapil.pl\/produkt\/klapki-kroksy-fitclog-biale\/\"]}]},{\"@type\":\"ImageObject\",\"inLanguage\":\"de\",\"@id\":\"https:\/\/grapil.pl\/produkt\/klapki-kroksy-fitclog-biale\/#primaryimage\",\"url\":\"https:\/\/grapil.pl\/wp-content\/uploads\/2026\/01\/kroksy-2.jpg\",\"contentUrl\":\"https:\/\/grapil.pl\/wp-content\/uploads\/2026\/01\/kroksy-2.jpg\",\"width\":600,\"height\":800},{\"@type\":\"BreadcrumbList\",\"@id\":\"https:\/\/grapil.pl\/produkt\/klapki-kroksy-fitclog-biale\/#breadcrumb\",\"itemListElement\":[{\"@type\":\"ListItem\",\"position\":1,\"name\":\"Strona g\u0142\u00f3wna\",\"item\":\"https:\/\/grapil.pl\/\"},{\"@type\":\"ListItem\",\"position\":2,\"name\":\"sklep\",\"item\":\"https:\/\/grapil.pl\/sklep\/\"},{\"@type\":\"ListItem\",\"position\":3,\"name\":\"Klapki KROKSY FitClog Bia\u0142e\"}]},{\"@type\":\"WebSite\",\"@id\":\"https:\/\/grapil.pl\/#website\",\"url\":\"https:\/\/grapil.pl\/\",\"name\":\"Grapil.pl \u2013 Profesjonalna Odzie\u017c S\u0142u\u017cbowa dla Bran\u017cy Kelnerskiej, HoReCa i Medycyny\",\"description\":\"\",\"potentialAction\":[{\"@type\":\"SearchAction\",\"target\":{\"@type\":\"EntryPoint\",\"urlTemplate\":\"https:\/\/grapil.pl\/?s={search_term_string}\"},\"query-input\":{\"@type\":\"PropertyValueSpecification\",\"valueRequired\":true,\"valueName\":\"search_term_string\"}}],\"inLanguage\":\"de\"}]}<\/script>\n<!-- \/ Yoast SEO plugin. -->","yoast_head_json":{"title":"Klapki KROKSY FitClog Bia\u0142e - Grapil.pl \u2013 Profesjonalna Odzie\u017c S\u0142u\u017cbowa dla Bran\u017cy Kelnerskiej, HoReCa i Medycyny","robots":{"index":"index","follow":"follow","max-snippet":"max-snippet:-1","max-image-preview":"max-image-preview:large","max-video-preview":"max-video-preview:-1"},"canonical":"https:\/\/grapil.pl\/de\/produkt\/klapki-kroksy-fitclog-biale\/","og_locale":"de_DE","og_type":"article","og_title":"Klapki KROKSY FitClog Bia\u0142e - Grapil.pl \u2013 Profesjonalna Odzie\u017c S\u0142u\u017cbowa dla Bran\u017cy Kelnerskiej, HoReCa i Medycyny","og_description":"Na tej Aukcji przedstawiamy Pa\u0144stwu: Klapki medyczne, sanitarne FitClog\u00a0 wykonane z wysokiej jako\u015bci super lekkiego tworzywa EVA. Atestowane obuwie specjalistyczne.","og_url":"https:\/\/grapil.pl\/de\/produkt\/klapki-kroksy-fitclog-biale\/","og_site_name":"Grapil.pl \u2013 Profesjonalna Odzie\u017c S\u0142u\u017cbowa dla Bran\u017cy Kelnerskiej, HoReCa i Medycyny","article_modified_time":"2026-01-14T12:24:01+00:00","og_image":[{"width":600,"height":800,"url":"https:\/\/grapil.pl\/wp-content\/uploads\/2026\/01\/kroksy-2.jpg","type":"image\/jpeg"}],"twitter_card":"summary_large_image","twitter_misc":{"Gesch\u00e4tzte Lesezeit":"5\u00a0Minuten"},"schema":{"@context":"https:\/\/schema.org","@graph":[{"@type":"WebPage","@id":"https:\/\/grapil.pl\/produkt\/klapki-kroksy-fitclog-biale\/","url":"https:\/\/grapil.pl\/produkt\/klapki-kroksy-fitclog-biale\/","name":"Klapki KROKSY FitClog Bia\u0142e - Grapil.pl \u2013 Profesjonalna Odzie\u017c S\u0142u\u017cbowa dla Bran\u017cy Kelnerskiej, HoReCa i Medycyny","isPartOf":{"@id":"https:\/\/grapil.pl\/#website"},"primaryImageOfPage":{"@id":"https:\/\/grapil.pl\/produkt\/klapki-kroksy-fitclog-biale\/#primaryimage"},"image":{"@id":"https:\/\/grapil.pl\/produkt\/klapki-kroksy-fitclog-biale\/#primaryimage"},"thumbnailUrl":"https:\/\/grapil.pl\/wp-content\/uploads\/2026\/01\/kroksy-2.jpg","datePublished":"2026-01-14T12:17:53+00:00","dateModified":"2026-01-14T12:24:01+00:00","breadcrumb":{"@id":"https:\/\/grapil.pl\/produkt\/klapki-kroksy-fitclog-biale\/#breadcrumb"},"inLanguage":"de","potentialAction":[{"@type":"ReadAction","target":["https:\/\/grapil.pl\/produkt\/klapki-kroksy-fitclog-biale\/"]}]},{"@type":"ImageObject","inLanguage":"de","@id":"https:\/\/grapil.pl\/produkt\/klapki-kroksy-fitclog-biale\/#primaryimage","url":"https:\/\/grapil.pl\/wp-content\/uploads\/2026\/01\/kroksy-2.jpg","contentUrl":"https:\/\/grapil.pl\/wp-content\/uploads\/2026\/01\/kroksy-2.jpg","width":600,"height":800},{"@type":"BreadcrumbList","@id":"https:\/\/grapil.pl\/produkt\/klapki-kroksy-fitclog-biale\/#breadcrumb","itemListElement":[{"@type":"ListItem","position":1,"name":"Strona g\u0142\u00f3wna","item":"https:\/\/grapil.pl\/"},{"@type":"ListItem","position":2,"name":"sklep","item":"https:\/\/grapil.pl\/sklep\/"},{"@type":"ListItem","position":3,"name":"Klapki KROKSY FitClog Bia\u0142e"}]},{"@type":"WebSite","@id":"https:\/\/grapil.pl\/#website","url":"https:\/\/grapil.pl\/","name":"Grapil.pl \u2013 Profesjonalna Odzie\u017c S\u0142u\u017cbowa dla Bran\u017cy Kelnerskiej, HoReCa i Medycyny","description":"","potentialAction":[{"@type":"SearchAction","target":{"@type":"EntryPoint","urlTemplate":"https:\/\/grapil.pl\/?s={search_term_string}"},"query-input":{"@type":"PropertyValueSpecification","valueRequired":true,"valueName":"search_term_string"}}],"inLanguage":"de"}]}},"_links":{"self":[{"href":"https:\/\/grapil.pl\/de\/wp-json\/wp\/v2\/product\/25958","targetHints":{"allow":["GET"]}}],"collection":[{"href":"https:\/\/grapil.pl\/de\/wp-json\/wp\/v2\/product"}],"about":[{"href":"https:\/\/grapil.pl\/de\/wp-json\/wp\/v2\/types\/product"}],"version-history":[{"count":1,"href":"https:\/\/grapil.pl\/de\/wp-json\/wp\/v2\/product\/25958\/revisions"}],"predecessor-version":[{"id":25960,"href":"https:\/\/grapil.pl\/de\/wp-json\/wp\/v2\/product\/25958\/revisions\/25960"}],"wp:featuredmedia":[{"embeddable":true,"href":"https:\/\/grapil.pl\/de\/wp-json\/wp\/v2\/media\/25959"}],"wp:attachment":[{"href":"https:\/\/grapil.pl\/de\/wp-json\/wp\/v2\/media?parent=25958"}],"wp:term":[{"taxonomy":"product_brand","embeddable":true,"href":"https:\/\/grapil.pl\/de\/wp-json\/wp\/v2\/product_brand?post=25958"},{"taxonomy":"product_cat","embeddable":true,"href":"https:\/\/grapil.pl\/de\/wp-json\/wp\/v2\/product_cat?post=25958"},{"taxonomy":"product_tag","embeddable":true,"href":"https:\/\/grapil.pl\/de\/wp-json\/wp\/v2\/product_tag?post=25958"}],"curies":[{"name":"wp","href":"https:\/\/api.w.org\/{rel}","templated":true}]}}