{"id":4400,"date":"2021-10-12T15:51:09","date_gmt":"2021-10-12T15:51:09","guid":{"rendered":"http:\/\/dummy.xtemos.com\/woodmart2\/elementor\/?page_id=4400"},"modified":"2026-01-15T10:20:08","modified_gmt":"2026-01-15T09:20:08","slug":"about-the-company","status":"publish","type":"page","link":"https:\/\/grapil.pl\/en\/about-the-company\/","title":{"rendered":"About the company"},"content":{"rendered":"<div data-elementor-type=\"wp-page\" data-elementor-id=\"4400\" class=\"elementor elementor-4400\">\n\t\t\t\t\t\t<section class=\"elementor-section elementor-top-section elementor-element elementor-element-30f4b337 elementor-section-content-middle wd-section-stretch elementor-section-boxed elementor-section-height-default elementor-section-height-default\" data-id=\"30f4b337\" data-element_type=\"section\" data-settings=\"{&quot;background_background&quot;:&quot;classic&quot;}\">\n\t\t\t\t\t\t\t<div class=\"elementor-background-overlay\"><\/div>\n\t\t\t\t\t\t\t<div class=\"elementor-container elementor-column-gap-extended\">\n\t\t\t\t\t<div class=\"elementor-column elementor-col-100 elementor-top-column elementor-element elementor-element-395ab60\" data-id=\"395ab60\" data-element_type=\"column\">\n\t\t\t<div class=\"elementor-widget-wrap\">\n\t\t\t\t\t\t\t<\/div>\n\t\t<\/div>\n\t\t\t\t\t<\/div>\n\t\t<\/section>\n\t\t<div class=\"elementor-element elementor-element-4b565bf e-flex e-con-boxed wd-section-disabled e-con e-parent\" data-id=\"4b565bf\" data-element_type=\"container\">\n\t\t\t\t\t<div class=\"e-con-inner\">\n\t\t<div class=\"elementor-element elementor-element-c4bf503 e-con-full e-flex wd-section-disabled e-con e-child\" data-id=\"c4bf503\" data-element_type=\"container\">\n\t\t\t\t<div class=\"elementor-element elementor-element-43d4b19 elementor-widget elementor-widget-wd_image_or_svg\" data-id=\"43d4b19\" data-element_type=\"widget\" data-widget_type=\"wd_image_or_svg.default\">\n\t\t\t\t<div class=\"elementor-widget-container\">\n\t\t\t\t\t\n\t\t<div class=\"wd-image text-left\">\n\t\t\t\t\t\t\t\t<img fetchpriority=\"high\" decoding=\"async\" width=\"940\" height=\"788\" src=\"https:\/\/grapil.pl\/wp-content\/uploads\/2025\/07\/Projekt-bez-nazwy-24.jpg\" class=\"attachment-full size-full wp-image-25074 wvs-archive-product-image\" alt=\"\" srcset=\"https:\/\/grapil.pl\/wp-content\/uploads\/2025\/07\/Projekt-bez-nazwy-24.jpg 940w, https:\/\/grapil.pl\/wp-content\/uploads\/2025\/07\/Projekt-bez-nazwy-24-150x126.jpg 150w, https:\/\/grapil.pl\/wp-content\/uploads\/2025\/07\/Projekt-bez-nazwy-24-670x562.jpg 670w, https:\/\/grapil.pl\/wp-content\/uploads\/2025\/07\/Projekt-bez-nazwy-24-358x300.jpg 358w, https:\/\/grapil.pl\/wp-content\/uploads\/2025\/07\/Projekt-bez-nazwy-24-768x644.jpg 768w, https:\/\/grapil.pl\/wp-content\/uploads\/2025\/07\/Projekt-bez-nazwy-24-14x12.jpg 14w\" sizes=\"(max-width: 940px) 100vw, 940px\" \/>\t\t\t\t\t<\/div>\n\n\t\t\t\t\t\t<\/div>\n\t\t\t\t<\/div>\n\t\t\t\t<\/div>\n\t\t<div class=\"elementor-element elementor-element-c1b4649 e-con-full e-flex wd-section-disabled e-con e-child\" data-id=\"c1b4649\" data-element_type=\"container\">\n\t\t\t\t<div class=\"elementor-element elementor-element-203de40 elementor-widget elementor-widget-wd_title\" data-id=\"203de40\" data-element_type=\"widget\" data-widget_type=\"wd_title.default\">\n\t\t\t\t<div class=\"elementor-widget-container\">\n\t\t\t\t\t\t\t<div class=\"title-wrapper set-mb-s reset-last-child wd-title-color-primary wd-title-style-default wd-title-size-large text-left\">\n\n\t\t\t\t\t\t\t<div class=\"title-subtitle subtitle-color-primary subtitle-style-default wd-fontsize-xs\">\n\t\t\t\t\tOVER 30 YEARS OF EXPERIENCE\t\t\t\t<\/div>\n\t\t\t\n\t\t\t<div class=\"liner-continer\">\n\t\t\t\t<h4 class=\"woodmart-title-container title wd-fontsize-xxl\">Manufacturer of work clothes<\/h4> \n\t\t\t\t\t\t\t<\/div>\n\n\t\t\t\t\t<\/div>\n\t\t\t\t\t\t<\/div>\n\t\t\t\t<\/div>\n\t\t\t\t<div class=\"elementor-element elementor-element-93797fa elementor-widget elementor-widget-wd_text_block\" data-id=\"93797fa\" data-element_type=\"widget\" data-widget_type=\"wd_text_block.default\">\n\t\t\t\t<div class=\"elementor-widget-container\">\n\t\t\t\t\t\t\t<div class=\"wd-text-block reset-last-child text-left\">\n\t\t\t\n\t\t\t<h3 data-start=\"182\" data-end=\"245\">Zapytanie ofertowe \u2013 zakup komputera przeno\u015bnego (notebook)<\/h3><p data-start=\"247\" data-end=\"380\">Firma Grapil zaprasza do sk\u0142adania ofert na dostaw\u0119 <strong data-start=\"298\" data-end=\"335\">komputera przeno\u015bnego (notebooka)<\/strong> spe\u0142niaj\u0105cego poni\u017csze wymagania techniczne.<\/p><p data-start=\"382\" data-end=\"434\"><strong data-start=\"382\" data-end=\"407\">Przedmiot zam\u00f3wienia:<\/strong><br data-start=\"407\" data-end=\"410\" \/>Zakup jednego notebooka.<\/p><p data-start=\"436\" data-end=\"471\"><strong data-start=\"436\" data-end=\"471\">Minimalne wymagania techniczne:<\/strong><\/p><ul data-start=\"472\" data-end=\"656\"><li data-start=\"472\" data-end=\"506\"><p data-start=\"474\" data-end=\"506\">przek\u0105tna ekranu: <strong data-start=\"492\" data-end=\"503\">16 cali<\/strong>,<\/p><\/li><li data-start=\"507\" data-end=\"541\"><p data-start=\"509\" data-end=\"541\">pami\u0119\u0107 RAM: <strong data-start=\"521\" data-end=\"538\">minimum 16 GB<\/strong>,<\/p><\/li><li data-start=\"542\" data-end=\"599\"><p data-start=\"544\" data-end=\"599\">dysk twardy: <strong data-start=\"557\" data-end=\"596\">SSD o pojemno\u015bci co najmniej 512 GB<\/strong>,<\/p><\/li><li data-start=\"600\" data-end=\"627\"><p data-start=\"602\" data-end=\"627\"><strong data-start=\"602\" data-end=\"624\">kamera internetowa<\/strong>,<\/p><\/li><li data-start=\"628\" data-end=\"656\"><p data-start=\"630\" data-end=\"656\"><strong data-start=\"630\" data-end=\"655\">klawiatura numeryczna<\/strong>.<\/p><\/li><\/ul><p data-start=\"658\" data-end=\"725\"><strong data-start=\"658\" data-end=\"686\">Warunki sk\u0142adania ofert:<\/strong><br data-start=\"686\" data-end=\"689\" \/>Oferta powinna zawiera\u0107 co najmniej:<\/p><ul data-start=\"726\" data-end=\"893\"><li data-start=\"726\" data-end=\"778\"><p data-start=\"728\" data-end=\"778\">nazw\u0119 producenta oraz model oferowanego notebooka,<\/p><\/li><li data-start=\"779\" data-end=\"817\"><p data-start=\"781\" data-end=\"817\">szczeg\u00f3\u0142ow\u0105 specyfikacj\u0119 techniczn\u0105,<\/p><\/li><li data-start=\"818\" data-end=\"832\"><p data-start=\"820\" data-end=\"832\">cen\u0119 brutto,<\/p><\/li><li data-start=\"833\" data-end=\"864\"><p data-start=\"835\" data-end=\"864\">termin realizacji zam\u00f3wienia do 30.01.2026r.<\/p><\/li><li data-start=\"865\" data-end=\"893\"><p data-start=\"867\" data-end=\"893\">okres i warunki gwarancji.<\/p><\/li><\/ul><p data-start=\"895\" data-end=\"1021\">Zamawiaj\u0105cy zastrzega sobie prawo do wyboru najkorzystniejszej oferty lub do uniewa\u017cnienia post\u0119powania bez podania przyczyny.<\/p><p data-start=\"895\" data-end=\"1021\">\u00a0<\/p><p data-start=\"895\" data-end=\"1021\">___________________<\/p><p data-start=\"261\" data-end=\"378\">Firma Grapil zaprasza do sk\u0142adania ofert na dostaw\u0119 pojazdu samochodowego spe\u0142niaj\u0105cego poni\u017csze wymagania techniczne:<\/p><p data-start=\"380\" data-end=\"451\"><strong data-start=\"380\" data-end=\"405\">Przedmiot zam\u00f3wienia:<\/strong><br \/>Zakup pojazdu marki <strong data-start=\"426\" data-end=\"437\">Peugeot<\/strong> lub <strong data-start=\"442\" data-end=\"450\">Opel<\/strong>.<\/p><p data-start=\"453\" data-end=\"478\"><strong data-start=\"453\" data-end=\"478\">Wymagania techniczne:<\/strong><\/p><ul data-start=\"479\" data-end=\"674\"><li data-start=\"479\" data-end=\"509\"><p data-start=\"481\" data-end=\"509\">wersja nadwozia: <strong data-start=\"498\" data-end=\"506\">Long<\/strong>,<\/p><\/li><li data-start=\"510\" data-end=\"540\"><p data-start=\"512\" data-end=\"540\">kolor nadwozia: <strong data-start=\"528\" data-end=\"537\">szary<\/strong>,<\/p><\/li><li data-start=\"541\" data-end=\"593\"><p data-start=\"543\" data-end=\"593\">rodzaj paliwa: <strong data-start=\"558\" data-end=\"590\">silnik wysokopr\u0119\u017cny (diesel)<\/strong>,<\/p><\/li><li data-start=\"594\" data-end=\"639\"><p data-start=\"596\" data-end=\"639\">skrzynia bieg\u00f3w: <strong data-start=\"613\" data-end=\"636\">manualna, 6-biegowa<\/strong>,<\/p><\/li><li data-start=\"640\" data-end=\"674\"><p data-start=\"642\" data-end=\"674\">liczba miejsc siedz\u0105cych: <strong data-start=\"668\" data-end=\"673\">5<\/strong>.<\/p><\/li><\/ul><p data-start=\"676\" data-end=\"741\"><strong data-start=\"676\" data-end=\"704\">Warunki sk\u0142adania ofert:<\/strong><br \/>Oferty powinny zawiera\u0107 co najmniej:<\/p><ul data-start=\"742\" data-end=\"888\"><li data-start=\"742\" data-end=\"779\"><p data-start=\"744\" data-end=\"779\">model i wersj\u0119 oferowanego pojazdu,<\/p><\/li><li data-start=\"780\" data-end=\"794\"><p data-start=\"782\" data-end=\"794\">cen\u0119 brutto,<\/p><\/li><li data-start=\"795\" data-end=\"826\"><p data-start=\"797\" data-end=\"826\">termin realizacji zam\u00f3wienia do 30.01.2026r.<\/p><\/li><li data-start=\"827\" data-end=\"847\"><p data-start=\"829\" data-end=\"847\">warunki gwarancji,<\/p><\/li><li data-start=\"848\" data-end=\"888\"><p data-start=\"850\" data-end=\"888\">dodatkowe wyposa\u017cenie (je\u015bli dotyczy).<\/p><\/li><\/ul><p data-start=\"890\" data-end=\"1016\">Zamawiaj\u0105cy zastrzega sobie prawo do wyboru najkorzystniejszej oferty lub do uniewa\u017cnienia post\u0119powania bez podania przyczyny.<\/p><p data-start=\"91\" data-end=\"475\"><strong data-start=\"91\" data-end=\"101\">GRAPIL<\/strong> is a Polish company with a long tradition, specializing in the production of exclusive workwear for hotels, restaurants, the broader HoReCa industry, and the medical and cosmetics sectors. Since 1991, we have been continuously providing our clients with solutions that combine modern design with functionality, comfort, and the highest quality of workmanship.<\/p><p data-start=\"477\" data-end=\"861\">Our mission is to create fashionable, elegant, and recognizable collections that meet the needs of even the most discerning customers. GRAPIL products are designed for those who value style, precision craftsmanship, and aesthetics. Our collections utilize the finest materials available.<\/p>\n\t\t\t\t\t<\/div>\n\t\t\t\t\t\t<\/div>\n\t\t\t\t<\/div>\n\t\t\t\t<div class=\"elementor-element elementor-element-2c61885 elementor-widget elementor-widget-wd_text_block\" data-id=\"2c61885\" data-element_type=\"widget\" data-widget_type=\"wd_text_block.default\">\n\t\t\t\t<div class=\"elementor-widget-container\">\n\t\t\t\t\t\t\t<div class=\"wd-text-block reset-last-child text-left\">\n\t\t\t\n\t\t\t<p>We successfully combine classic design with current trends. Our collections are created in collaboration with experienced designers, allowing us to constantly introduce a fresh perspective on professional fashion. A prime example of this is the NEW COLLECTION 2025\/26 line, characterized by a refined aesthetic and high-quality finishes in fashionable colors.<\/p><p>In addition to clothing, we also offer a wide range of utility and decorative textiles available in our GRAPIL HOME stores.<\/p><p>The GRAPIL team is comprised of passionate and experienced individuals who constantly seek innovative solutions and strive for perfection in every detail. We are proud that our products are recognized not only in Poland but also on international markets.<\/p>\n\t\t\t\t\t<\/div>\n\t\t\t\t\t\t<\/div>\n\t\t\t\t<\/div>\n\t\t\t\t<\/div>\n\t\t\t\t\t<\/div>\n\t\t\t\t<\/div>\n\t\t\t\t<\/div>","protected":false},"excerpt":{"rendered":"<p>PONAD 30 LAT DO\u015aWIADCZENIA Producent odzie\u017cy s\u0142u\u017cbowej Zapytanie ofertowe \u2013 zakup komputera przeno\u015bnego (notebook) Firma Grapil zaprasza do sk\u0142adania ofert<\/p>","protected":false},"author":1,"featured_media":0,"parent":0,"menu_order":0,"comment_status":"closed","ping_status":"closed","template":"","meta":{"footnotes":""},"class_list":["post-4400","page","type-page","status-publish","hentry"],"yoast_head":"<!-- This site is optimized with the Yoast SEO plugin v25.3 - https:\/\/yoast.com\/wordpress\/plugins\/seo\/ -->\n<title>O firmie - Grapil.pl \u2013 Profesjonalna Odzie\u017c S\u0142u\u017cbowa dla Bran\u017cy Kelnerskiej, HoReCa i Medycyny<\/title>\n<meta name=\"robots\" content=\"index, follow, max-snippet:-1, max-image-preview:large, max-video-preview:-1\" \/>\n<link rel=\"canonical\" href=\"https:\/\/grapil.pl\/en\/about-the-company\/\" \/>\n<meta property=\"og:locale\" content=\"en_GB\" \/>\n<meta property=\"og:type\" content=\"article\" \/>\n<meta property=\"og:title\" content=\"O firmie - Grapil.pl \u2013 Profesjonalna Odzie\u017c S\u0142u\u017cbowa dla Bran\u017cy Kelnerskiej, HoReCa i Medycyny\" \/>\n<meta property=\"og:description\" content=\"PONAD 30 LAT DO\u015aWIADCZENIA Producent odzie\u017cy s\u0142u\u017cbowej Zapytanie ofertowe \u2013 zakup komputera przeno\u015bnego (notebook) Firma Grapil zaprasza do sk\u0142adania ofert\" \/>\n<meta property=\"og:url\" content=\"https:\/\/grapil.pl\/en\/about-the-company\/\" \/>\n<meta property=\"og:site_name\" content=\"Grapil.pl \u2013 Profesjonalna Odzie\u017c S\u0142u\u017cbowa dla Bran\u017cy Kelnerskiej, HoReCa i Medycyny\" \/>\n<meta property=\"article:modified_time\" content=\"2026-01-15T09:20:08+00:00\" \/>\n<meta property=\"og:image\" content=\"https:\/\/grapil.pl\/wp-content\/uploads\/2025\/07\/Projekt-bez-nazwy-24.jpg\" \/>\n\t<meta property=\"og:image:width\" content=\"940\" \/>\n\t<meta property=\"og:image:height\" content=\"788\" \/>\n\t<meta property=\"og:image:type\" content=\"image\/jpeg\" \/>\n<meta name=\"twitter:card\" content=\"summary_large_image\" \/>\n<meta name=\"twitter:label1\" content=\"Estimated reading time\" \/>\n\t<meta name=\"twitter:data1\" content=\"3 minutes\" \/>\n<script type=\"application\/ld+json\" class=\"yoast-schema-graph\">{\"@context\":\"https:\/\/schema.org\",\"@graph\":[{\"@type\":\"WebPage\",\"@id\":\"https:\/\/grapil.pl\/o-firmie\/\",\"url\":\"https:\/\/grapil.pl\/o-firmie\/\",\"name\":\"O firmie - Grapil.pl \u2013 Profesjonalna Odzie\u017c S\u0142u\u017cbowa dla Bran\u017cy Kelnerskiej, HoReCa i Medycyny\",\"isPartOf\":{\"@id\":\"https:\/\/grapil.pl\/#website\"},\"primaryImageOfPage\":{\"@id\":\"https:\/\/grapil.pl\/o-firmie\/#primaryimage\"},\"image\":{\"@id\":\"https:\/\/grapil.pl\/o-firmie\/#primaryimage\"},\"thumbnailUrl\":\"https:\/\/grapil.pl\/wp-content\/uploads\/2025\/07\/Projekt-bez-nazwy-24.jpg\",\"datePublished\":\"2021-10-12T15:51:09+00:00\",\"dateModified\":\"2026-01-15T09:20:08+00:00\",\"breadcrumb\":{\"@id\":\"https:\/\/grapil.pl\/o-firmie\/#breadcrumb\"},\"inLanguage\":\"en-GB\",\"potentialAction\":[{\"@type\":\"ReadAction\",\"target\":[\"https:\/\/grapil.pl\/o-firmie\/\"]}]},{\"@type\":\"ImageObject\",\"inLanguage\":\"en-GB\",\"@id\":\"https:\/\/grapil.pl\/o-firmie\/#primaryimage\",\"url\":\"https:\/\/grapil.pl\/wp-content\/uploads\/2025\/07\/Projekt-bez-nazwy-24.jpg\",\"contentUrl\":\"https:\/\/grapil.pl\/wp-content\/uploads\/2025\/07\/Projekt-bez-nazwy-24.jpg\"},{\"@type\":\"BreadcrumbList\",\"@id\":\"https:\/\/grapil.pl\/o-firmie\/#breadcrumb\",\"itemListElement\":[{\"@type\":\"ListItem\",\"position\":1,\"name\":\"Strona g\u0142\u00f3wna\",\"item\":\"https:\/\/grapil.pl\/\"},{\"@type\":\"ListItem\",\"position\":2,\"name\":\"O firmie\"}]},{\"@type\":\"WebSite\",\"@id\":\"https:\/\/grapil.pl\/#website\",\"url\":\"https:\/\/grapil.pl\/\",\"name\":\"Grapil.pl \u2013 Profesjonalna Odzie\u017c S\u0142u\u017cbowa dla Bran\u017cy Kelnerskiej, HoReCa i Medycyny\",\"description\":\"\",\"potentialAction\":[{\"@type\":\"SearchAction\",\"target\":{\"@type\":\"EntryPoint\",\"urlTemplate\":\"https:\/\/grapil.pl\/?s={search_term_string}\"},\"query-input\":{\"@type\":\"PropertyValueSpecification\",\"valueRequired\":true,\"valueName\":\"search_term_string\"}}],\"inLanguage\":\"en-GB\"}]}<\/script>\n<!-- \/ Yoast SEO plugin. -->","yoast_head_json":{"title":"O firmie - Grapil.pl \u2013 Profesjonalna Odzie\u017c S\u0142u\u017cbowa dla Bran\u017cy Kelnerskiej, HoReCa i Medycyny","robots":{"index":"index","follow":"follow","max-snippet":"max-snippet:-1","max-image-preview":"max-image-preview:large","max-video-preview":"max-video-preview:-1"},"canonical":"https:\/\/grapil.pl\/en\/about-the-company\/","og_locale":"en_GB","og_type":"article","og_title":"O firmie - Grapil.pl \u2013 Profesjonalna Odzie\u017c S\u0142u\u017cbowa dla Bran\u017cy Kelnerskiej, HoReCa i Medycyny","og_description":"PONAD 30 LAT DO\u015aWIADCZENIA Producent odzie\u017cy s\u0142u\u017cbowej Zapytanie ofertowe \u2013 zakup komputera przeno\u015bnego (notebook) Firma Grapil zaprasza do sk\u0142adania ofert","og_url":"https:\/\/grapil.pl\/en\/about-the-company\/","og_site_name":"Grapil.pl \u2013 Profesjonalna Odzie\u017c S\u0142u\u017cbowa dla Bran\u017cy Kelnerskiej, HoReCa i Medycyny","article_modified_time":"2026-01-15T09:20:08+00:00","og_image":[{"width":940,"height":788,"url":"https:\/\/grapil.pl\/wp-content\/uploads\/2025\/07\/Projekt-bez-nazwy-24.jpg","type":"image\/jpeg"}],"twitter_card":"summary_large_image","twitter_misc":{"Estimated reading time":"3 minutes"},"schema":{"@context":"https:\/\/schema.org","@graph":[{"@type":"WebPage","@id":"https:\/\/grapil.pl\/o-firmie\/","url":"https:\/\/grapil.pl\/o-firmie\/","name":"O firmie - Grapil.pl \u2013 Profesjonalna Odzie\u017c S\u0142u\u017cbowa dla Bran\u017cy Kelnerskiej, HoReCa i Medycyny","isPartOf":{"@id":"https:\/\/grapil.pl\/#website"},"primaryImageOfPage":{"@id":"https:\/\/grapil.pl\/o-firmie\/#primaryimage"},"image":{"@id":"https:\/\/grapil.pl\/o-firmie\/#primaryimage"},"thumbnailUrl":"https:\/\/grapil.pl\/wp-content\/uploads\/2025\/07\/Projekt-bez-nazwy-24.jpg","datePublished":"2021-10-12T15:51:09+00:00","dateModified":"2026-01-15T09:20:08+00:00","breadcrumb":{"@id":"https:\/\/grapil.pl\/o-firmie\/#breadcrumb"},"inLanguage":"en-GB","potentialAction":[{"@type":"ReadAction","target":["https:\/\/grapil.pl\/o-firmie\/"]}]},{"@type":"ImageObject","inLanguage":"en-GB","@id":"https:\/\/grapil.pl\/o-firmie\/#primaryimage","url":"https:\/\/grapil.pl\/wp-content\/uploads\/2025\/07\/Projekt-bez-nazwy-24.jpg","contentUrl":"https:\/\/grapil.pl\/wp-content\/uploads\/2025\/07\/Projekt-bez-nazwy-24.jpg"},{"@type":"BreadcrumbList","@id":"https:\/\/grapil.pl\/o-firmie\/#breadcrumb","itemListElement":[{"@type":"ListItem","position":1,"name":"Strona g\u0142\u00f3wna","item":"https:\/\/grapil.pl\/"},{"@type":"ListItem","position":2,"name":"O firmie"}]},{"@type":"WebSite","@id":"https:\/\/grapil.pl\/#website","url":"https:\/\/grapil.pl\/","name":"Grapil.pl \u2013 Profesjonalna Odzie\u017c S\u0142u\u017cbowa dla Bran\u017cy Kelnerskiej, HoReCa i Medycyny","description":"","potentialAction":[{"@type":"SearchAction","target":{"@type":"EntryPoint","urlTemplate":"https:\/\/grapil.pl\/?s={search_term_string}"},"query-input":{"@type":"PropertyValueSpecification","valueRequired":true,"valueName":"search_term_string"}}],"inLanguage":"en-GB"}]}},"_links":{"self":[{"href":"https:\/\/grapil.pl\/en\/wp-json\/wp\/v2\/pages\/4400","targetHints":{"allow":["GET"]}}],"collection":[{"href":"https:\/\/grapil.pl\/en\/wp-json\/wp\/v2\/pages"}],"about":[{"href":"https:\/\/grapil.pl\/en\/wp-json\/wp\/v2\/types\/page"}],"author":[{"embeddable":true,"href":"https:\/\/grapil.pl\/en\/wp-json\/wp\/v2\/users\/1"}],"replies":[{"embeddable":true,"href":"https:\/\/grapil.pl\/en\/wp-json\/wp\/v2\/comments?post=4400"}],"version-history":[{"count":61,"href":"https:\/\/grapil.pl\/en\/wp-json\/wp\/v2\/pages\/4400\/revisions"}],"predecessor-version":[{"id":25988,"href":"https:\/\/grapil.pl\/en\/wp-json\/wp\/v2\/pages\/4400\/revisions\/25988"}],"wp:attachment":[{"href":"https:\/\/grapil.pl\/en\/wp-json\/wp\/v2\/media?parent=4400"}],"curies":[{"name":"wp","href":"https:\/\/api.w.org\/{rel}","templated":true}]}}