{"id":17025,"date":"2025-04-09T17:31:54","date_gmt":"2025-04-09T15:31:54","guid":{"rendered":"https:\/\/grapil.pl\/produkt\/ocieplane-buty-robocze-urgent-106-sbwariant1\/"},"modified":"2025-04-09T17:31:59","modified_gmt":"2025-04-09T15:31:59","slug":"insulated-work-boots-urgent-106-sbvariant1","status":"publish","type":"product","link":"https:\/\/grapil.pl\/en\/product\/insulated-work-boots-urgent-106-sbvariant1\/","title":{"rendered":"Urgent 106 SB insulated work boots{variant1}"},"content":{"rendered":"<p><strong><span style=\"font-size:14pt;\">Urgent 106 SB Insulated Winter Boots<\/span><\/strong><\/p>\n<p>The shoes are made of solid materials, characterized by safety, high durability and great softness. The shoes have <strong>SB security class.<\/strong> <strong>Metal toe cap<\/strong> ensures foot safety during impact or when the foot is crushed by weight. The footwear has been made in such a way as to maximally protect the heel area, which significantly increases their safety. The anti-slip sole is made of durable polyurethane, which is resistant to high and low temperatures and absorbs energy under the heel. Thanks to this sole, we will feel less fatigue.<\/p>\n<p> <strong>Shank\u00a0<\/strong><br \/> made of &quot;buffalo&quot; leather with a thickness of no less than 1.6 mm with inserts of synthetic materials at the ankle. Meets the requirements of the standard: <strong>EN-ISO-20345:2004\/A1:2007<\/strong> Personal protective equipment \u2013 Safety footwear.<\/p>\n<p>Sole<strong>\u00a0<\/strong>the outer and inner sole is made of PU\/PU (two different densities of polyurethane), the outer sole is harder, the inner sole is softer.<\/p>","protected":false},"excerpt":{"rendered":"<p>Urgent 106 SB Insulated Winter Boots The shoes are made of solid materials, characterized by safety, high durability and great softness.<\/p>","protected":false},"featured_media":17027,"template":"","meta":[],"product_brand":[88],"product_cat":[86,87],"product_tag":[],"class_list":{"0":"post-17025","1":"product","2":"type-product","3":"status-publish","4":"has-post-thumbnail","6":"product_brand-urgent","7":"product_cat-sklepbhp","8":"product_cat-obuwie-robocze","10":"first","11":"instock","12":"product-type-simple"},"yoast_head":"<!-- This site is optimized with the Yoast SEO plugin v25.3 - https:\/\/yoast.com\/wordpress\/plugins\/seo\/ -->\n<title>Ocieplane buty robocze Urgent 106 SB{wariant1} - Grapil.pl \u2013 Profesjonalna Odzie\u017c S\u0142u\u017cbowa dla Bran\u017cy Kelnerskiej, HoReCa i Medycyny<\/title>\n<meta name=\"robots\" content=\"index, follow, max-snippet:-1, max-image-preview:large, max-video-preview:-1\" \/>\n<link rel=\"canonical\" href=\"https:\/\/grapil.pl\/en\/product\/insulated-work-boots-urgent-106-sbvariant1\/\" \/>\n<meta property=\"og:locale\" content=\"en_GB\" \/>\n<meta property=\"og:type\" content=\"article\" \/>\n<meta property=\"og:title\" content=\"Ocieplane buty robocze Urgent 106 SB{wariant1} - Grapil.pl \u2013 Profesjonalna Odzie\u017c S\u0142u\u017cbowa dla Bran\u017cy Kelnerskiej, HoReCa i Medycyny\" \/>\n<meta property=\"og:description\" content=\"Ocieplane buty zimowe Urgent 106 SB Buty s\u0105 wykonane z solidnych materia\u0142\u00f3w, charakteryzuj\u0105cych si\u0119 bezpiecze\u0144stwem, wysok\u0105 wytrzyma\u0142o\u015bci\u0105 i du\u017c\u0105 mi\u0119kko\u015bci\u0105.\" \/>\n<meta property=\"og:url\" content=\"https:\/\/grapil.pl\/en\/product\/insulated-work-boots-urgent-106-sbvariant1\/\" \/>\n<meta property=\"og:site_name\" content=\"Grapil.pl \u2013 Profesjonalna Odzie\u017c S\u0142u\u017cbowa dla Bran\u017cy Kelnerskiej, HoReCa i Medycyny\" \/>\n<meta property=\"article:modified_time\" content=\"2025-04-09T15:31:59+00:00\" \/>\n<meta property=\"og:image\" content=\"https:\/\/grapil.pl\/wp-content\/uploads\/2025\/04\/18452.jpg\" \/>\n\t<meta property=\"og:image:width\" content=\"2048\" \/>\n\t<meta property=\"og:image:height\" content=\"1796\" \/>\n\t<meta property=\"og:image:type\" content=\"image\/jpeg\" \/>\n<meta name=\"twitter:card\" content=\"summary_large_image\" \/>\n<meta name=\"twitter:label1\" content=\"Estimated reading time\" \/>\n\t<meta name=\"twitter:data1\" content=\"1 minute\" \/>\n<script type=\"application\/ld+json\" class=\"yoast-schema-graph\">{\"@context\":\"https:\/\/schema.org\",\"@graph\":[{\"@type\":\"WebPage\",\"@id\":\"https:\/\/grapil.pl\/produkt\/ocieplane-buty-robocze-urgent-106-sbwariant1\/\",\"url\":\"https:\/\/grapil.pl\/produkt\/ocieplane-buty-robocze-urgent-106-sbwariant1\/\",\"name\":\"Ocieplane buty robocze Urgent 106 SB{wariant1} - Grapil.pl \u2013 Profesjonalna Odzie\u017c S\u0142u\u017cbowa dla Bran\u017cy Kelnerskiej, HoReCa i Medycyny\",\"isPartOf\":{\"@id\":\"https:\/\/grapil.pl\/#website\"},\"primaryImageOfPage\":{\"@id\":\"https:\/\/grapil.pl\/produkt\/ocieplane-buty-robocze-urgent-106-sbwariant1\/#primaryimage\"},\"image\":{\"@id\":\"https:\/\/grapil.pl\/produkt\/ocieplane-buty-robocze-urgent-106-sbwariant1\/#primaryimage\"},\"thumbnailUrl\":\"https:\/\/grapil.pl\/wp-content\/uploads\/2025\/04\/18452.jpg\",\"datePublished\":\"2025-04-09T15:31:54+00:00\",\"dateModified\":\"2025-04-09T15:31:59+00:00\",\"breadcrumb\":{\"@id\":\"https:\/\/grapil.pl\/produkt\/ocieplane-buty-robocze-urgent-106-sbwariant1\/#breadcrumb\"},\"inLanguage\":\"en-GB\",\"potentialAction\":[{\"@type\":\"ReadAction\",\"target\":[\"https:\/\/grapil.pl\/produkt\/ocieplane-buty-robocze-urgent-106-sbwariant1\/\"]}]},{\"@type\":\"ImageObject\",\"inLanguage\":\"en-GB\",\"@id\":\"https:\/\/grapil.pl\/produkt\/ocieplane-buty-robocze-urgent-106-sbwariant1\/#primaryimage\",\"url\":\"https:\/\/grapil.pl\/wp-content\/uploads\/2025\/04\/18452.jpg\",\"contentUrl\":\"https:\/\/grapil.pl\/wp-content\/uploads\/2025\/04\/18452.jpg\",\"width\":2048,\"height\":1796},{\"@type\":\"BreadcrumbList\",\"@id\":\"https:\/\/grapil.pl\/produkt\/ocieplane-buty-robocze-urgent-106-sbwariant1\/#breadcrumb\",\"itemListElement\":[{\"@type\":\"ListItem\",\"position\":1,\"name\":\"Strona g\u0142\u00f3wna\",\"item\":\"https:\/\/grapil.pl\/\"},{\"@type\":\"ListItem\",\"position\":2,\"name\":\"sklep\",\"item\":\"https:\/\/grapil.pl\/sklep\/\"},{\"@type\":\"ListItem\",\"position\":3,\"name\":\"Ocieplane buty robocze Urgent 106 SB{wariant1}\"}]},{\"@type\":\"WebSite\",\"@id\":\"https:\/\/grapil.pl\/#website\",\"url\":\"https:\/\/grapil.pl\/\",\"name\":\"Grapil.pl \u2013 Profesjonalna Odzie\u017c S\u0142u\u017cbowa dla Bran\u017cy Kelnerskiej, HoReCa i Medycyny\",\"description\":\"\",\"potentialAction\":[{\"@type\":\"SearchAction\",\"target\":{\"@type\":\"EntryPoint\",\"urlTemplate\":\"https:\/\/grapil.pl\/?s={search_term_string}\"},\"query-input\":{\"@type\":\"PropertyValueSpecification\",\"valueRequired\":true,\"valueName\":\"search_term_string\"}}],\"inLanguage\":\"en-GB\"}]}<\/script>\n<!-- \/ Yoast SEO plugin. -->","yoast_head_json":{"title":"Ocieplane buty robocze Urgent 106 SB{wariant1} - Grapil.pl \u2013 Profesjonalna Odzie\u017c S\u0142u\u017cbowa dla Bran\u017cy Kelnerskiej, HoReCa i Medycyny","robots":{"index":"index","follow":"follow","max-snippet":"max-snippet:-1","max-image-preview":"max-image-preview:large","max-video-preview":"max-video-preview:-1"},"canonical":"https:\/\/grapil.pl\/en\/product\/insulated-work-boots-urgent-106-sbvariant1\/","og_locale":"en_GB","og_type":"article","og_title":"Ocieplane buty robocze Urgent 106 SB{wariant1} - Grapil.pl \u2013 Profesjonalna Odzie\u017c S\u0142u\u017cbowa dla Bran\u017cy Kelnerskiej, HoReCa i Medycyny","og_description":"Ocieplane buty zimowe Urgent 106 SB Buty s\u0105 wykonane z solidnych materia\u0142\u00f3w, charakteryzuj\u0105cych si\u0119 bezpiecze\u0144stwem, wysok\u0105 wytrzyma\u0142o\u015bci\u0105 i du\u017c\u0105 mi\u0119kko\u015bci\u0105.","og_url":"https:\/\/grapil.pl\/en\/product\/insulated-work-boots-urgent-106-sbvariant1\/","og_site_name":"Grapil.pl \u2013 Profesjonalna Odzie\u017c S\u0142u\u017cbowa dla Bran\u017cy Kelnerskiej, HoReCa i Medycyny","article_modified_time":"2025-04-09T15:31:59+00:00","og_image":[{"width":2048,"height":1796,"url":"https:\/\/grapil.pl\/wp-content\/uploads\/2025\/04\/18452.jpg","type":"image\/jpeg"}],"twitter_card":"summary_large_image","twitter_misc":{"Estimated reading time":"1 minute"},"schema":{"@context":"https:\/\/schema.org","@graph":[{"@type":"WebPage","@id":"https:\/\/grapil.pl\/produkt\/ocieplane-buty-robocze-urgent-106-sbwariant1\/","url":"https:\/\/grapil.pl\/produkt\/ocieplane-buty-robocze-urgent-106-sbwariant1\/","name":"Ocieplane buty robocze Urgent 106 SB{wariant1} - Grapil.pl \u2013 Profesjonalna Odzie\u017c S\u0142u\u017cbowa dla Bran\u017cy Kelnerskiej, HoReCa i Medycyny","isPartOf":{"@id":"https:\/\/grapil.pl\/#website"},"primaryImageOfPage":{"@id":"https:\/\/grapil.pl\/produkt\/ocieplane-buty-robocze-urgent-106-sbwariant1\/#primaryimage"},"image":{"@id":"https:\/\/grapil.pl\/produkt\/ocieplane-buty-robocze-urgent-106-sbwariant1\/#primaryimage"},"thumbnailUrl":"https:\/\/grapil.pl\/wp-content\/uploads\/2025\/04\/18452.jpg","datePublished":"2025-04-09T15:31:54+00:00","dateModified":"2025-04-09T15:31:59+00:00","breadcrumb":{"@id":"https:\/\/grapil.pl\/produkt\/ocieplane-buty-robocze-urgent-106-sbwariant1\/#breadcrumb"},"inLanguage":"en-GB","potentialAction":[{"@type":"ReadAction","target":["https:\/\/grapil.pl\/produkt\/ocieplane-buty-robocze-urgent-106-sbwariant1\/"]}]},{"@type":"ImageObject","inLanguage":"en-GB","@id":"https:\/\/grapil.pl\/produkt\/ocieplane-buty-robocze-urgent-106-sbwariant1\/#primaryimage","url":"https:\/\/grapil.pl\/wp-content\/uploads\/2025\/04\/18452.jpg","contentUrl":"https:\/\/grapil.pl\/wp-content\/uploads\/2025\/04\/18452.jpg","width":2048,"height":1796},{"@type":"BreadcrumbList","@id":"https:\/\/grapil.pl\/produkt\/ocieplane-buty-robocze-urgent-106-sbwariant1\/#breadcrumb","itemListElement":[{"@type":"ListItem","position":1,"name":"Strona g\u0142\u00f3wna","item":"https:\/\/grapil.pl\/"},{"@type":"ListItem","position":2,"name":"sklep","item":"https:\/\/grapil.pl\/sklep\/"},{"@type":"ListItem","position":3,"name":"Ocieplane buty robocze Urgent 106 SB{wariant1}"}]},{"@type":"WebSite","@id":"https:\/\/grapil.pl\/#website","url":"https:\/\/grapil.pl\/","name":"Grapil.pl \u2013 Profesjonalna Odzie\u017c S\u0142u\u017cbowa dla Bran\u017cy Kelnerskiej, HoReCa i Medycyny","description":"","potentialAction":[{"@type":"SearchAction","target":{"@type":"EntryPoint","urlTemplate":"https:\/\/grapil.pl\/?s={search_term_string}"},"query-input":{"@type":"PropertyValueSpecification","valueRequired":true,"valueName":"search_term_string"}}],"inLanguage":"en-GB"}]}},"_links":{"self":[{"href":"https:\/\/grapil.pl\/en\/wp-json\/wp\/v2\/product\/17025","targetHints":{"allow":["GET"]}}],"collection":[{"href":"https:\/\/grapil.pl\/en\/wp-json\/wp\/v2\/product"}],"about":[{"href":"https:\/\/grapil.pl\/en\/wp-json\/wp\/v2\/types\/product"}],"version-history":[{"count":1,"href":"https:\/\/grapil.pl\/en\/wp-json\/wp\/v2\/product\/17025\/revisions"}],"predecessor-version":[{"id":17026,"href":"https:\/\/grapil.pl\/en\/wp-json\/wp\/v2\/product\/17025\/revisions\/17026"}],"wp:featuredmedia":[{"embeddable":true,"href":"https:\/\/grapil.pl\/en\/wp-json\/wp\/v2\/media\/17027"}],"wp:attachment":[{"href":"https:\/\/grapil.pl\/en\/wp-json\/wp\/v2\/media?parent=17025"}],"wp:term":[{"taxonomy":"product_brand","embeddable":true,"href":"https:\/\/grapil.pl\/en\/wp-json\/wp\/v2\/product_brand?post=17025"},{"taxonomy":"product_cat","embeddable":true,"href":"https:\/\/grapil.pl\/en\/wp-json\/wp\/v2\/product_cat?post=17025"},{"taxonomy":"product_tag","embeddable":true,"href":"https:\/\/grapil.pl\/en\/wp-json\/wp\/v2\/product_tag?post=17025"}],"curies":[{"name":"wp","href":"https:\/\/api.w.org\/{rel}","templated":true}]}}