{"id":17038,"date":"2025-04-09T17:31:54","date_gmt":"2025-04-09T15:31:54","guid":{"rendered":"https:\/\/grapil.pl\/produkt\/buty-robocze-urgent-210-s1\/"},"modified":"2025-04-09T17:32:02","modified_gmt":"2025-04-09T15:32:02","slug":"urgent-210-s1-work-boots","status":"publish","type":"product","link":"https:\/\/grapil.pl\/en\/product\/urgent-210-s1-work-boots\/","title":{"rendered":"Urgent 210 S1 Work Shoes"},"content":{"rendered":"<p>Shoes<strong> Urgent 210 S1<\/strong> these are safe work shoes in the safety class\u00a0<strong>S1<\/strong>, made of soft nubuck leather combined with high-quality moisture-permeable materials, which provides protection against excessive foot sweating, while guaranteeing the required level of protection.<\/p>\n<p>Foot safety is ensured by the use of <strong>impact and crush resistant toe cap<\/strong>, and also thanks to the closed heel area. The sole is made of <strong>two-layer polyurethane (PU\/PU)<\/strong> with different densities, resistant to oil, petrol and other solvents. Provides energy absorption under the heel, reduces the feeling of fatigue and increases the comfort of use.<\/p>","protected":false},"excerpt":{"rendered":"<p>The Urgent 210 S1 boots are safe work shoes in the S1 safety class, made of soft nubuck leather combined with high-quality moisture-permeable materials, which ensures<\/p>","protected":false},"featured_media":17040,"template":"","meta":[],"product_brand":[88],"product_cat":[86,87,90],"product_tag":[],"class_list":{"0":"post-17038","1":"product","2":"type-product","3":"status-publish","4":"has-post-thumbnail","6":"product_brand-urgent","7":"product_cat-sklepbhp","8":"product_cat-obuwie-robocze","9":"product_cat-trzewiki","11":"first","12":"instock","13":"product-type-simple"},"yoast_head":"<!-- This site is optimized with the Yoast SEO plugin v25.3 - https:\/\/yoast.com\/wordpress\/plugins\/seo\/ -->\n<title>Buty robocze Urgent 210 S1 - Grapil.pl \u2013 Profesjonalna Odzie\u017c S\u0142u\u017cbowa dla Bran\u017cy Kelnerskiej, HoReCa i Medycyny<\/title>\n<meta name=\"robots\" content=\"index, follow, max-snippet:-1, max-image-preview:large, max-video-preview:-1\" \/>\n<link rel=\"canonical\" href=\"https:\/\/grapil.pl\/en\/product\/urgent-210-s1-work-boots\/\" \/>\n<meta property=\"og:locale\" content=\"en_GB\" \/>\n<meta property=\"og:type\" content=\"article\" \/>\n<meta property=\"og:title\" content=\"Buty robocze Urgent 210 S1 - Grapil.pl \u2013 Profesjonalna Odzie\u017c S\u0142u\u017cbowa dla Bran\u017cy Kelnerskiej, HoReCa i Medycyny\" \/>\n<meta property=\"og:description\" content=\"Trzewiki Urgent 210 S1 to\u00a0bezpieczne buty robocze\u00a0w klasie bezpiecze\u0144stwa\u00a0S1, wykonane z\u00a0mi\u0119kkiej\u00a0sk\u00f3ry nubukowej w po\u0142\u0105czeniu z\u00a0wysokiej jako\u015bci materia\u0142ami przepuszczaj\u0105cymi wilgo\u0107, co\u00a0zapewnia\" \/>\n<meta property=\"og:url\" content=\"https:\/\/grapil.pl\/en\/product\/urgent-210-s1-work-boots\/\" \/>\n<meta property=\"og:site_name\" content=\"Grapil.pl \u2013 Profesjonalna Odzie\u017c S\u0142u\u017cbowa dla Bran\u017cy Kelnerskiej, HoReCa i Medycyny\" \/>\n<meta property=\"article:modified_time\" content=\"2025-04-09T15:32:02+00:00\" \/>\n<meta property=\"og:image\" content=\"https:\/\/grapil.pl\/wp-content\/uploads\/2025\/04\/40624f9f208b40bdfcbaf2e724d9920e.jpg\" \/>\n\t<meta property=\"og:image:width\" content=\"720\" \/>\n\t<meta property=\"og:image:height\" content=\"501\" \/>\n\t<meta property=\"og:image:type\" content=\"image\/jpeg\" \/>\n<meta name=\"twitter:card\" content=\"summary_large_image\" \/>\n<meta name=\"twitter:label1\" content=\"Estimated reading time\" \/>\n\t<meta name=\"twitter:data1\" content=\"1 minute\" \/>\n<script type=\"application\/ld+json\" class=\"yoast-schema-graph\">{\"@context\":\"https:\/\/schema.org\",\"@graph\":[{\"@type\":\"WebPage\",\"@id\":\"https:\/\/grapil.pl\/produkt\/buty-robocze-urgent-210-s1\/\",\"url\":\"https:\/\/grapil.pl\/produkt\/buty-robocze-urgent-210-s1\/\",\"name\":\"Buty robocze Urgent 210 S1 - Grapil.pl \u2013 Profesjonalna Odzie\u017c S\u0142u\u017cbowa dla Bran\u017cy Kelnerskiej, HoReCa i Medycyny\",\"isPartOf\":{\"@id\":\"https:\/\/grapil.pl\/#website\"},\"primaryImageOfPage\":{\"@id\":\"https:\/\/grapil.pl\/produkt\/buty-robocze-urgent-210-s1\/#primaryimage\"},\"image\":{\"@id\":\"https:\/\/grapil.pl\/produkt\/buty-robocze-urgent-210-s1\/#primaryimage\"},\"thumbnailUrl\":\"https:\/\/grapil.pl\/wp-content\/uploads\/2025\/04\/40624f9f208b40bdfcbaf2e724d9920e.jpg\",\"datePublished\":\"2025-04-09T15:31:54+00:00\",\"dateModified\":\"2025-04-09T15:32:02+00:00\",\"breadcrumb\":{\"@id\":\"https:\/\/grapil.pl\/produkt\/buty-robocze-urgent-210-s1\/#breadcrumb\"},\"inLanguage\":\"en-GB\",\"potentialAction\":[{\"@type\":\"ReadAction\",\"target\":[\"https:\/\/grapil.pl\/produkt\/buty-robocze-urgent-210-s1\/\"]}]},{\"@type\":\"ImageObject\",\"inLanguage\":\"en-GB\",\"@id\":\"https:\/\/grapil.pl\/produkt\/buty-robocze-urgent-210-s1\/#primaryimage\",\"url\":\"https:\/\/grapil.pl\/wp-content\/uploads\/2025\/04\/40624f9f208b40bdfcbaf2e724d9920e.jpg\",\"contentUrl\":\"https:\/\/grapil.pl\/wp-content\/uploads\/2025\/04\/40624f9f208b40bdfcbaf2e724d9920e.jpg\",\"width\":720,\"height\":501},{\"@type\":\"BreadcrumbList\",\"@id\":\"https:\/\/grapil.pl\/produkt\/buty-robocze-urgent-210-s1\/#breadcrumb\",\"itemListElement\":[{\"@type\":\"ListItem\",\"position\":1,\"name\":\"Strona g\u0142\u00f3wna\",\"item\":\"https:\/\/grapil.pl\/\"},{\"@type\":\"ListItem\",\"position\":2,\"name\":\"sklep\",\"item\":\"https:\/\/grapil.pl\/sklep\/\"},{\"@type\":\"ListItem\",\"position\":3,\"name\":\"Buty robocze Urgent 210 S1\"}]},{\"@type\":\"WebSite\",\"@id\":\"https:\/\/grapil.pl\/#website\",\"url\":\"https:\/\/grapil.pl\/\",\"name\":\"Grapil.pl \u2013 Profesjonalna Odzie\u017c S\u0142u\u017cbowa dla Bran\u017cy Kelnerskiej, HoReCa i Medycyny\",\"description\":\"\",\"potentialAction\":[{\"@type\":\"SearchAction\",\"target\":{\"@type\":\"EntryPoint\",\"urlTemplate\":\"https:\/\/grapil.pl\/?s={search_term_string}\"},\"query-input\":{\"@type\":\"PropertyValueSpecification\",\"valueRequired\":true,\"valueName\":\"search_term_string\"}}],\"inLanguage\":\"en-GB\"}]}<\/script>\n<!-- \/ Yoast SEO plugin. -->","yoast_head_json":{"title":"Buty robocze Urgent 210 S1 - Grapil.pl \u2013 Profesjonalna Odzie\u017c S\u0142u\u017cbowa dla Bran\u017cy Kelnerskiej, HoReCa i Medycyny","robots":{"index":"index","follow":"follow","max-snippet":"max-snippet:-1","max-image-preview":"max-image-preview:large","max-video-preview":"max-video-preview:-1"},"canonical":"https:\/\/grapil.pl\/en\/product\/urgent-210-s1-work-boots\/","og_locale":"en_GB","og_type":"article","og_title":"Buty robocze Urgent 210 S1 - Grapil.pl \u2013 Profesjonalna Odzie\u017c S\u0142u\u017cbowa dla Bran\u017cy Kelnerskiej, HoReCa i Medycyny","og_description":"Trzewiki Urgent 210 S1 to\u00a0bezpieczne buty robocze\u00a0w klasie bezpiecze\u0144stwa\u00a0S1, wykonane z\u00a0mi\u0119kkiej\u00a0sk\u00f3ry nubukowej w po\u0142\u0105czeniu z\u00a0wysokiej jako\u015bci materia\u0142ami przepuszczaj\u0105cymi wilgo\u0107, co\u00a0zapewnia","og_url":"https:\/\/grapil.pl\/en\/product\/urgent-210-s1-work-boots\/","og_site_name":"Grapil.pl \u2013 Profesjonalna Odzie\u017c S\u0142u\u017cbowa dla Bran\u017cy Kelnerskiej, HoReCa i Medycyny","article_modified_time":"2025-04-09T15:32:02+00:00","og_image":[{"width":720,"height":501,"url":"https:\/\/grapil.pl\/wp-content\/uploads\/2025\/04\/40624f9f208b40bdfcbaf2e724d9920e.jpg","type":"image\/jpeg"}],"twitter_card":"summary_large_image","twitter_misc":{"Estimated reading time":"1 minute"},"schema":{"@context":"https:\/\/schema.org","@graph":[{"@type":"WebPage","@id":"https:\/\/grapil.pl\/produkt\/buty-robocze-urgent-210-s1\/","url":"https:\/\/grapil.pl\/produkt\/buty-robocze-urgent-210-s1\/","name":"Buty robocze Urgent 210 S1 - Grapil.pl \u2013 Profesjonalna Odzie\u017c S\u0142u\u017cbowa dla Bran\u017cy Kelnerskiej, HoReCa i Medycyny","isPartOf":{"@id":"https:\/\/grapil.pl\/#website"},"primaryImageOfPage":{"@id":"https:\/\/grapil.pl\/produkt\/buty-robocze-urgent-210-s1\/#primaryimage"},"image":{"@id":"https:\/\/grapil.pl\/produkt\/buty-robocze-urgent-210-s1\/#primaryimage"},"thumbnailUrl":"https:\/\/grapil.pl\/wp-content\/uploads\/2025\/04\/40624f9f208b40bdfcbaf2e724d9920e.jpg","datePublished":"2025-04-09T15:31:54+00:00","dateModified":"2025-04-09T15:32:02+00:00","breadcrumb":{"@id":"https:\/\/grapil.pl\/produkt\/buty-robocze-urgent-210-s1\/#breadcrumb"},"inLanguage":"en-GB","potentialAction":[{"@type":"ReadAction","target":["https:\/\/grapil.pl\/produkt\/buty-robocze-urgent-210-s1\/"]}]},{"@type":"ImageObject","inLanguage":"en-GB","@id":"https:\/\/grapil.pl\/produkt\/buty-robocze-urgent-210-s1\/#primaryimage","url":"https:\/\/grapil.pl\/wp-content\/uploads\/2025\/04\/40624f9f208b40bdfcbaf2e724d9920e.jpg","contentUrl":"https:\/\/grapil.pl\/wp-content\/uploads\/2025\/04\/40624f9f208b40bdfcbaf2e724d9920e.jpg","width":720,"height":501},{"@type":"BreadcrumbList","@id":"https:\/\/grapil.pl\/produkt\/buty-robocze-urgent-210-s1\/#breadcrumb","itemListElement":[{"@type":"ListItem","position":1,"name":"Strona g\u0142\u00f3wna","item":"https:\/\/grapil.pl\/"},{"@type":"ListItem","position":2,"name":"sklep","item":"https:\/\/grapil.pl\/sklep\/"},{"@type":"ListItem","position":3,"name":"Buty robocze Urgent 210 S1"}]},{"@type":"WebSite","@id":"https:\/\/grapil.pl\/#website","url":"https:\/\/grapil.pl\/","name":"Grapil.pl \u2013 Profesjonalna Odzie\u017c S\u0142u\u017cbowa dla Bran\u017cy Kelnerskiej, HoReCa i Medycyny","description":"","potentialAction":[{"@type":"SearchAction","target":{"@type":"EntryPoint","urlTemplate":"https:\/\/grapil.pl\/?s={search_term_string}"},"query-input":{"@type":"PropertyValueSpecification","valueRequired":true,"valueName":"search_term_string"}}],"inLanguage":"en-GB"}]}},"_links":{"self":[{"href":"https:\/\/grapil.pl\/en\/wp-json\/wp\/v2\/product\/17038","targetHints":{"allow":["GET"]}}],"collection":[{"href":"https:\/\/grapil.pl\/en\/wp-json\/wp\/v2\/product"}],"about":[{"href":"https:\/\/grapil.pl\/en\/wp-json\/wp\/v2\/types\/product"}],"version-history":[{"count":1,"href":"https:\/\/grapil.pl\/en\/wp-json\/wp\/v2\/product\/17038\/revisions"}],"predecessor-version":[{"id":17039,"href":"https:\/\/grapil.pl\/en\/wp-json\/wp\/v2\/product\/17038\/revisions\/17039"}],"wp:featuredmedia":[{"embeddable":true,"href":"https:\/\/grapil.pl\/en\/wp-json\/wp\/v2\/media\/17040"}],"wp:attachment":[{"href":"https:\/\/grapil.pl\/en\/wp-json\/wp\/v2\/media?parent=17038"}],"wp:term":[{"taxonomy":"product_brand","embeddable":true,"href":"https:\/\/grapil.pl\/en\/wp-json\/wp\/v2\/product_brand?post=17038"},{"taxonomy":"product_cat","embeddable":true,"href":"https:\/\/grapil.pl\/en\/wp-json\/wp\/v2\/product_cat?post=17038"},{"taxonomy":"product_tag","embeddable":true,"href":"https:\/\/grapil.pl\/en\/wp-json\/wp\/v2\/product_tag?post=17038"}],"curies":[{"name":"wp","href":"https:\/\/api.w.org\/{rel}","templated":true}]}}