{"id":17044,"date":"2025-04-09T17:31:54","date_gmt":"2025-04-09T15:31:54","guid":{"rendered":"https:\/\/grapil.pl\/produkt\/spodnie-robocze-ogrodniczki-classicwariant1\/"},"modified":"2025-09-29T18:20:52","modified_gmt":"2025-09-29T16:20:52","slug":"work-trousers-dungarees-classicvariant1","status":"publish","type":"product","link":"https:\/\/grapil.pl\/en\/product\/work-trousers-dungarees-classicvariant1\/","title":{"rendered":"Classic dungarees {variant 1}"},"content":{"rendered":"<p>The Classic work dungarees are undoubtedly the perfect solution for those who are looking for\u00a0<strong>high quality workmanship<\/strong>\u00a0and\u00a0<strong>durability at an affordable price<\/strong>. Our trousers are made of\u00a0<strong>material that ensures the size and durability of the fabric for a long time<\/strong>. Thanks to the material used, the trousers maintain\u00a0<strong>elegant and aesthetic appearance<\/strong>.<\/p>\n<p>The pockets are additionally reinforced with 600d polyester fabric against punctures by sharp objects, and triple seams and bartacks additionally reinforce places particularly exposed to tearing.\u00a0<\/p>\n<p>Classic dungarees \u2013 attractive design and excellent functionality. Made of very durable specialist fabric \u2013 canvas (<strong>80% polyester and 20% cotton<\/strong>) of very high grammage\u00a0<strong>270+\/-10 grams\/m2.<\/strong><\/p>\n<p>Work trousers are certified\u00a0<strong>CE Cat.I PN-EN ISO 13688:2013<\/strong><\/p>\n<p><strong><img fetchpriority=\"high\" decoding=\"async\" alt=\"\" height=\"421\" src=\"\/userdata\/public\/assets\/\/classic.PNG\" width=\"501\" \/><\/strong><\/p>\n<p>\u00a0<\/p>\n<p>Work dungarees are a great choice for someone who values comfort and functionality above all else. This model provides full freedom of movement while also protecting against various types of dangers that may arise on a construction site or during other physical work. Additional reinforcements around the pockets make the trousers exceptionally tear-resistant, thus protecting us from injuries with a sharp tool.<\/p>\n<p>Classic dungarees are certified health and safety clothing that meets the necessary standards for properties and quality. They are durable, resistant to damage, and at the same time have an aesthetic appearance. Such professional workwear is an excellent showcase for any self-respecting company. In our offer you will also find other elements of health and safety clothing for every season, including protective footwear, jackets and fleeces, safety footwear or reflective clothing. We encourage you to familiarize yourself with the entire offer of our online store!<\/p>\n<p>Possibility of embroidery or screen printing - please contact us! Thanks to the special cut, the trousers are characterized by a large size tolerance in waist and chest circumferences. The dimensions given in the table apply to trousers.<\/p>\n<p>\u00a0<\/p>\n<div class=\"alpol - footer\" style=\"text-align:center;height:20px;\">\u00a0<\/div>","protected":false},"excerpt":{"rendered":"<p>Classic work dungarees are undoubtedly the perfect solution for those looking for high quality workmanship and durability at an affordable price. Our trousers are made<\/p>","protected":false},"featured_media":17046,"template":"","meta":[],"product_brand":[91],"product_cat":[86,92,93],"product_tag":[],"class_list":{"0":"post-17044","1":"product","2":"type-product","3":"status-publish","4":"has-post-thumbnail","6":"product_brand-artmas","7":"product_cat-sklepbhp","8":"product_cat-odziez-robocza","9":"product_cat-spodnie-robocze","11":"first","12":"instock","13":"product-type-simple"},"yoast_head":"<!-- This site is optimized with the Yoast SEO plugin v25.3 - https:\/\/yoast.com\/wordpress\/plugins\/seo\/ -->\n<title>Spodnie robocze ogrodniczki Classic{wariant1} - Grapil.pl \u2013 Profesjonalna Odzie\u017c S\u0142u\u017cbowa dla Bran\u017cy Kelnerskiej, HoReCa i Medycyny<\/title>\n<meta name=\"robots\" content=\"index, follow, max-snippet:-1, max-image-preview:large, max-video-preview:-1\" \/>\n<link rel=\"canonical\" href=\"https:\/\/grapil.pl\/en\/product\/work-trousers-dungarees-classicvariant1\/\" \/>\n<meta property=\"og:locale\" content=\"en_GB\" \/>\n<meta property=\"og:type\" content=\"article\" \/>\n<meta property=\"og:title\" content=\"Spodnie robocze ogrodniczki Classic{wariant1} - Grapil.pl \u2013 Profesjonalna Odzie\u017c S\u0142u\u017cbowa dla Bran\u017cy Kelnerskiej, HoReCa i Medycyny\" \/>\n<meta property=\"og:description\" content=\"Ogrodniczki robocze Classic to\u00a0bez w\u0105tpienia idealne rozwi\u0105zanie dla tych kt\u00f3rzy szukaj\u0105\u00a0wysokiej jako\u015bci wykonania\u00a0oraz\u00a0trwa\u0142o\u015bci w przyst\u0119pnej cenie. Nasze spodnie wykonane zosta\u0142y\" \/>\n<meta property=\"og:url\" content=\"https:\/\/grapil.pl\/en\/product\/work-trousers-dungarees-classicvariant1\/\" \/>\n<meta property=\"og:site_name\" content=\"Grapil.pl \u2013 Profesjonalna Odzie\u017c S\u0142u\u017cbowa dla Bran\u017cy Kelnerskiej, HoReCa i Medycyny\" \/>\n<meta property=\"article:modified_time\" content=\"2025-09-29T16:20:52+00:00\" \/>\n<meta property=\"og:image\" content=\"https:\/\/grapil.pl\/wp-content\/uploads\/2025\/04\/21007.jpg\" \/>\n\t<meta property=\"og:image:width\" content=\"1500\" \/>\n\t<meta property=\"og:image:height\" content=\"1500\" \/>\n\t<meta property=\"og:image:type\" content=\"image\/jpeg\" \/>\n<meta name=\"twitter:card\" content=\"summary_large_image\" \/>\n<meta name=\"twitter:label1\" content=\"Estimated reading time\" \/>\n\t<meta name=\"twitter:data1\" content=\"2 minutes\" \/>\n<script type=\"application\/ld+json\" class=\"yoast-schema-graph\">{\"@context\":\"https:\/\/schema.org\",\"@graph\":[{\"@type\":\"WebPage\",\"@id\":\"https:\/\/grapil.pl\/produkt\/spodnie-robocze-ogrodniczki-classicwariant1\/\",\"url\":\"https:\/\/grapil.pl\/produkt\/spodnie-robocze-ogrodniczki-classicwariant1\/\",\"name\":\"Spodnie robocze ogrodniczki Classic{wariant1} - Grapil.pl \u2013 Profesjonalna Odzie\u017c S\u0142u\u017cbowa dla Bran\u017cy Kelnerskiej, HoReCa i Medycyny\",\"isPartOf\":{\"@id\":\"https:\/\/grapil.pl\/#website\"},\"primaryImageOfPage\":{\"@id\":\"https:\/\/grapil.pl\/produkt\/spodnie-robocze-ogrodniczki-classicwariant1\/#primaryimage\"},\"image\":{\"@id\":\"https:\/\/grapil.pl\/produkt\/spodnie-robocze-ogrodniczki-classicwariant1\/#primaryimage\"},\"thumbnailUrl\":\"https:\/\/grapil.pl\/wp-content\/uploads\/2025\/04\/21007.jpg\",\"datePublished\":\"2025-04-09T15:31:54+00:00\",\"dateModified\":\"2025-09-29T16:20:52+00:00\",\"breadcrumb\":{\"@id\":\"https:\/\/grapil.pl\/produkt\/spodnie-robocze-ogrodniczki-classicwariant1\/#breadcrumb\"},\"inLanguage\":\"en-GB\",\"potentialAction\":[{\"@type\":\"ReadAction\",\"target\":[\"https:\/\/grapil.pl\/produkt\/spodnie-robocze-ogrodniczki-classicwariant1\/\"]}]},{\"@type\":\"ImageObject\",\"inLanguage\":\"en-GB\",\"@id\":\"https:\/\/grapil.pl\/produkt\/spodnie-robocze-ogrodniczki-classicwariant1\/#primaryimage\",\"url\":\"https:\/\/grapil.pl\/wp-content\/uploads\/2025\/04\/21007.jpg\",\"contentUrl\":\"https:\/\/grapil.pl\/wp-content\/uploads\/2025\/04\/21007.jpg\",\"width\":1500,\"height\":1500},{\"@type\":\"BreadcrumbList\",\"@id\":\"https:\/\/grapil.pl\/produkt\/spodnie-robocze-ogrodniczki-classicwariant1\/#breadcrumb\",\"itemListElement\":[{\"@type\":\"ListItem\",\"position\":1,\"name\":\"Strona g\u0142\u00f3wna\",\"item\":\"https:\/\/grapil.pl\/\"},{\"@type\":\"ListItem\",\"position\":2,\"name\":\"sklep\",\"item\":\"https:\/\/grapil.pl\/sklep\/\"},{\"@type\":\"ListItem\",\"position\":3,\"name\":\"Spodnie robocze ogrodniczki Classic{wariant1}\"}]},{\"@type\":\"WebSite\",\"@id\":\"https:\/\/grapil.pl\/#website\",\"url\":\"https:\/\/grapil.pl\/\",\"name\":\"Grapil.pl \u2013 Profesjonalna Odzie\u017c S\u0142u\u017cbowa dla Bran\u017cy Kelnerskiej, HoReCa i Medycyny\",\"description\":\"\",\"potentialAction\":[{\"@type\":\"SearchAction\",\"target\":{\"@type\":\"EntryPoint\",\"urlTemplate\":\"https:\/\/grapil.pl\/?s={search_term_string}\"},\"query-input\":{\"@type\":\"PropertyValueSpecification\",\"valueRequired\":true,\"valueName\":\"search_term_string\"}}],\"inLanguage\":\"en-GB\"}]}<\/script>\n<!-- \/ Yoast SEO plugin. -->","yoast_head_json":{"title":"Spodnie robocze ogrodniczki Classic{wariant1} - Grapil.pl \u2013 Profesjonalna Odzie\u017c S\u0142u\u017cbowa dla Bran\u017cy Kelnerskiej, HoReCa i Medycyny","robots":{"index":"index","follow":"follow","max-snippet":"max-snippet:-1","max-image-preview":"max-image-preview:large","max-video-preview":"max-video-preview:-1"},"canonical":"https:\/\/grapil.pl\/en\/product\/work-trousers-dungarees-classicvariant1\/","og_locale":"en_GB","og_type":"article","og_title":"Spodnie robocze ogrodniczki Classic{wariant1} - Grapil.pl \u2013 Profesjonalna Odzie\u017c S\u0142u\u017cbowa dla Bran\u017cy Kelnerskiej, HoReCa i Medycyny","og_description":"Ogrodniczki robocze Classic to\u00a0bez w\u0105tpienia idealne rozwi\u0105zanie dla tych kt\u00f3rzy szukaj\u0105\u00a0wysokiej jako\u015bci wykonania\u00a0oraz\u00a0trwa\u0142o\u015bci w przyst\u0119pnej cenie. Nasze spodnie wykonane zosta\u0142y","og_url":"https:\/\/grapil.pl\/en\/product\/work-trousers-dungarees-classicvariant1\/","og_site_name":"Grapil.pl \u2013 Profesjonalna Odzie\u017c S\u0142u\u017cbowa dla Bran\u017cy Kelnerskiej, HoReCa i Medycyny","article_modified_time":"2025-09-29T16:20:52+00:00","og_image":[{"width":1500,"height":1500,"url":"https:\/\/grapil.pl\/wp-content\/uploads\/2025\/04\/21007.jpg","type":"image\/jpeg"}],"twitter_card":"summary_large_image","twitter_misc":{"Estimated reading time":"2 minutes"},"schema":{"@context":"https:\/\/schema.org","@graph":[{"@type":"WebPage","@id":"https:\/\/grapil.pl\/produkt\/spodnie-robocze-ogrodniczki-classicwariant1\/","url":"https:\/\/grapil.pl\/produkt\/spodnie-robocze-ogrodniczki-classicwariant1\/","name":"Spodnie robocze ogrodniczki Classic{wariant1} - Grapil.pl \u2013 Profesjonalna Odzie\u017c S\u0142u\u017cbowa dla Bran\u017cy Kelnerskiej, HoReCa i Medycyny","isPartOf":{"@id":"https:\/\/grapil.pl\/#website"},"primaryImageOfPage":{"@id":"https:\/\/grapil.pl\/produkt\/spodnie-robocze-ogrodniczki-classicwariant1\/#primaryimage"},"image":{"@id":"https:\/\/grapil.pl\/produkt\/spodnie-robocze-ogrodniczki-classicwariant1\/#primaryimage"},"thumbnailUrl":"https:\/\/grapil.pl\/wp-content\/uploads\/2025\/04\/21007.jpg","datePublished":"2025-04-09T15:31:54+00:00","dateModified":"2025-09-29T16:20:52+00:00","breadcrumb":{"@id":"https:\/\/grapil.pl\/produkt\/spodnie-robocze-ogrodniczki-classicwariant1\/#breadcrumb"},"inLanguage":"en-GB","potentialAction":[{"@type":"ReadAction","target":["https:\/\/grapil.pl\/produkt\/spodnie-robocze-ogrodniczki-classicwariant1\/"]}]},{"@type":"ImageObject","inLanguage":"en-GB","@id":"https:\/\/grapil.pl\/produkt\/spodnie-robocze-ogrodniczki-classicwariant1\/#primaryimage","url":"https:\/\/grapil.pl\/wp-content\/uploads\/2025\/04\/21007.jpg","contentUrl":"https:\/\/grapil.pl\/wp-content\/uploads\/2025\/04\/21007.jpg","width":1500,"height":1500},{"@type":"BreadcrumbList","@id":"https:\/\/grapil.pl\/produkt\/spodnie-robocze-ogrodniczki-classicwariant1\/#breadcrumb","itemListElement":[{"@type":"ListItem","position":1,"name":"Strona g\u0142\u00f3wna","item":"https:\/\/grapil.pl\/"},{"@type":"ListItem","position":2,"name":"sklep","item":"https:\/\/grapil.pl\/sklep\/"},{"@type":"ListItem","position":3,"name":"Spodnie robocze ogrodniczki Classic{wariant1}"}]},{"@type":"WebSite","@id":"https:\/\/grapil.pl\/#website","url":"https:\/\/grapil.pl\/","name":"Grapil.pl \u2013 Profesjonalna Odzie\u017c S\u0142u\u017cbowa dla Bran\u017cy Kelnerskiej, HoReCa i Medycyny","description":"","potentialAction":[{"@type":"SearchAction","target":{"@type":"EntryPoint","urlTemplate":"https:\/\/grapil.pl\/?s={search_term_string}"},"query-input":{"@type":"PropertyValueSpecification","valueRequired":true,"valueName":"search_term_string"}}],"inLanguage":"en-GB"}]}},"_links":{"self":[{"href":"https:\/\/grapil.pl\/en\/wp-json\/wp\/v2\/product\/17044","targetHints":{"allow":["GET"]}}],"collection":[{"href":"https:\/\/grapil.pl\/en\/wp-json\/wp\/v2\/product"}],"about":[{"href":"https:\/\/grapil.pl\/en\/wp-json\/wp\/v2\/types\/product"}],"version-history":[{"count":1,"href":"https:\/\/grapil.pl\/en\/wp-json\/wp\/v2\/product\/17044\/revisions"}],"predecessor-version":[{"id":17045,"href":"https:\/\/grapil.pl\/en\/wp-json\/wp\/v2\/product\/17044\/revisions\/17045"}],"wp:featuredmedia":[{"embeddable":true,"href":"https:\/\/grapil.pl\/en\/wp-json\/wp\/v2\/media\/17046"}],"wp:attachment":[{"href":"https:\/\/grapil.pl\/en\/wp-json\/wp\/v2\/media?parent=17044"}],"wp:term":[{"taxonomy":"product_brand","embeddable":true,"href":"https:\/\/grapil.pl\/en\/wp-json\/wp\/v2\/product_brand?post=17044"},{"taxonomy":"product_cat","embeddable":true,"href":"https:\/\/grapil.pl\/en\/wp-json\/wp\/v2\/product_cat?post=17044"},{"taxonomy":"product_tag","embeddable":true,"href":"https:\/\/grapil.pl\/en\/wp-json\/wp\/v2\/product_tag?post=17044"}],"curies":[{"name":"wp","href":"https:\/\/api.w.org\/{rel}","templated":true}]}}