{"id":17061,"date":"2025-04-09T17:31:54","date_gmt":"2025-04-09T15:31:54","guid":{"rendered":"https:\/\/grapil.pl\/produkt\/krotkie-spodnie-robocze-urgent-moro\/"},"modified":"2025-04-09T17:32:08","modified_gmt":"2025-04-09T15:32:08","slug":"short-work-trousers-urgent-camo","status":"publish","type":"product","link":"https:\/\/grapil.pl\/en\/product\/short-work-trousers-urgent-camo\/","title":{"rendered":"Urgent camo work shorts"},"content":{"rendered":"<p><strong>Camo work shorts<\/strong> it is an attractive design and excellent functionality. Made of very durable fabric - 100 % cotton with a very high grammage <strong>200 grams\/m2<\/strong> and a strong, tight weave.<\/p>\n<p><strong>Characteristic:<\/strong><\/p>\n<ul>\n<li>professional sewing and aesthetic workmanship,<\/li>\n<li><strong>8 pockets<\/strong> \u2013 2 front, 2 back, 2 on the thighs, 2 small sewn on the large pocket on the side,<\/li>\n<li>breathable material, comfortable to use,<\/li>\n<li>color stability,<\/li>\n<li>fastened with a zipper and button, pockets fastened with snaps.<\/li>\n<\/ul>\n<table style=\"height:249px;width:266px;\">\n<tbody>\n<tr>\n<td style=\"width:64px;text-align:center;\">Size<\/td>\n<td style=\"width:140px;text-align:center;\">Leg length<br \/>from the waist<\/td>\n<td style=\"width:40px;text-align:center;\">Crimson<\/td>\n<\/tr>\n<tr>\n<td style=\"width:64px;text-align:center;\">46<\/td>\n<td style=\"width:140px;text-align:center;\">58<\/td>\n<td style=\"width:40px;text-align:center;\">88<\/td>\n<\/tr>\n<tr>\n<td style=\"width:64px;text-align:center;\">48<\/td>\n<td style=\"width:140px;text-align:center;\">59<\/td>\n<td style=\"width:40px;text-align:center;\">93<\/td>\n<\/tr>\n<tr>\n<td style=\"width:64px;text-align:center;\">50<\/td>\n<td style=\"width:140px;text-align:center;\">60<\/td>\n<td style=\"width:40px;text-align:center;\">98<\/td>\n<\/tr>\n<tr>\n<td style=\"width:64px;text-align:center;\">52<\/td>\n<td style=\"width:140px;text-align:center;\">61<\/td>\n<td style=\"width:40px;text-align:center;\">103<\/td>\n<\/tr>\n<tr>\n<td style=\"width:64px;text-align:center;\">54<\/td>\n<td style=\"width:140px;text-align:center;\">62<\/td>\n<td style=\"width:40px;text-align:center;\">106<\/td>\n<\/tr>\n<tr>\n<td style=\"width:64px;text-align:center;\">56<\/td>\n<td style=\"width:140px;text-align:center;\">63<\/td>\n<td style=\"width:40px;text-align:center;\">111<\/td>\n<\/tr>\n<\/tbody>\n<\/table>\n<p><span style=\"color:#ff0000;\">Possibility of embroidery or screen printing \u2013 please contact us!<\/span><\/p>","protected":false},"excerpt":{"rendered":"<p>Kr\u00f3tkie spodnie robocze moro to atrakcyjne wzornictwo i doskona\u0142a funkcjonalno\u015b\u0107. Wykonane z bardzo wytrzyma\u0142ej\u00a0 tkaniny &#8211; 100 % bawe\u0142na o<\/p>","protected":false},"featured_media":17063,"template":"","meta":[],"product_brand":[88],"product_cat":[86,92,93],"product_tag":[],"class_list":{"0":"post-17061","1":"product","2":"type-product","3":"status-publish","4":"has-post-thumbnail","6":"product_brand-urgent","7":"product_cat-sklepbhp","8":"product_cat-odziez-robocza","9":"product_cat-spodnie-robocze","11":"first","12":"instock","13":"product-type-simple"},"yoast_head":"<!-- This site is optimized with the Yoast SEO plugin v25.3 - https:\/\/yoast.com\/wordpress\/plugins\/seo\/ -->\n<title>Kr\u00f3tkie spodnie robocze Urgent moro - Grapil.pl \u2013 Profesjonalna Odzie\u017c S\u0142u\u017cbowa dla Bran\u017cy Kelnerskiej, HoReCa i Medycyny<\/title>\n<meta name=\"robots\" content=\"index, follow, max-snippet:-1, max-image-preview:large, max-video-preview:-1\" \/>\n<link rel=\"canonical\" href=\"https:\/\/grapil.pl\/en\/product\/short-work-trousers-urgent-camo\/\" \/>\n<meta property=\"og:locale\" content=\"en_GB\" \/>\n<meta property=\"og:type\" content=\"article\" \/>\n<meta property=\"og:title\" content=\"Kr\u00f3tkie spodnie robocze Urgent moro - Grapil.pl \u2013 Profesjonalna Odzie\u017c S\u0142u\u017cbowa dla Bran\u017cy Kelnerskiej, HoReCa i Medycyny\" \/>\n<meta property=\"og:description\" content=\"Kr\u00f3tkie spodnie robocze moro to atrakcyjne wzornictwo i doskona\u0142a funkcjonalno\u015b\u0107. Wykonane z bardzo wytrzyma\u0142ej\u00a0 tkaniny &#8211; 100 % bawe\u0142na o\" \/>\n<meta property=\"og:url\" content=\"https:\/\/grapil.pl\/en\/product\/short-work-trousers-urgent-camo\/\" \/>\n<meta property=\"og:site_name\" content=\"Grapil.pl \u2013 Profesjonalna Odzie\u017c S\u0142u\u017cbowa dla Bran\u017cy Kelnerskiej, HoReCa i Medycyny\" \/>\n<meta property=\"article:modified_time\" content=\"2025-04-09T15:32:08+00:00\" \/>\n<meta property=\"og:image\" content=\"https:\/\/grapil.pl\/wp-content\/uploads\/2025\/04\/449.jpg\" \/>\n\t<meta property=\"og:image:width\" content=\"1540\" \/>\n\t<meta property=\"og:image:height\" content=\"2047\" \/>\n\t<meta property=\"og:image:type\" content=\"image\/jpeg\" \/>\n<meta name=\"twitter:card\" content=\"summary_large_image\" \/>\n<script type=\"application\/ld+json\" class=\"yoast-schema-graph\">{\"@context\":\"https:\/\/schema.org\",\"@graph\":[{\"@type\":\"WebPage\",\"@id\":\"https:\/\/grapil.pl\/produkt\/krotkie-spodnie-robocze-urgent-moro\/\",\"url\":\"https:\/\/grapil.pl\/produkt\/krotkie-spodnie-robocze-urgent-moro\/\",\"name\":\"Kr\u00f3tkie spodnie robocze Urgent moro - Grapil.pl \u2013 Profesjonalna Odzie\u017c S\u0142u\u017cbowa dla Bran\u017cy Kelnerskiej, HoReCa i Medycyny\",\"isPartOf\":{\"@id\":\"https:\/\/grapil.pl\/#website\"},\"primaryImageOfPage\":{\"@id\":\"https:\/\/grapil.pl\/produkt\/krotkie-spodnie-robocze-urgent-moro\/#primaryimage\"},\"image\":{\"@id\":\"https:\/\/grapil.pl\/produkt\/krotkie-spodnie-robocze-urgent-moro\/#primaryimage\"},\"thumbnailUrl\":\"https:\/\/grapil.pl\/wp-content\/uploads\/2025\/04\/449.jpg\",\"datePublished\":\"2025-04-09T15:31:54+00:00\",\"dateModified\":\"2025-04-09T15:32:08+00:00\",\"breadcrumb\":{\"@id\":\"https:\/\/grapil.pl\/produkt\/krotkie-spodnie-robocze-urgent-moro\/#breadcrumb\"},\"inLanguage\":\"en-GB\",\"potentialAction\":[{\"@type\":\"ReadAction\",\"target\":[\"https:\/\/grapil.pl\/produkt\/krotkie-spodnie-robocze-urgent-moro\/\"]}]},{\"@type\":\"ImageObject\",\"inLanguage\":\"en-GB\",\"@id\":\"https:\/\/grapil.pl\/produkt\/krotkie-spodnie-robocze-urgent-moro\/#primaryimage\",\"url\":\"https:\/\/grapil.pl\/wp-content\/uploads\/2025\/04\/449.jpg\",\"contentUrl\":\"https:\/\/grapil.pl\/wp-content\/uploads\/2025\/04\/449.jpg\",\"width\":1540,\"height\":2047},{\"@type\":\"BreadcrumbList\",\"@id\":\"https:\/\/grapil.pl\/produkt\/krotkie-spodnie-robocze-urgent-moro\/#breadcrumb\",\"itemListElement\":[{\"@type\":\"ListItem\",\"position\":1,\"name\":\"Strona g\u0142\u00f3wna\",\"item\":\"https:\/\/grapil.pl\/\"},{\"@type\":\"ListItem\",\"position\":2,\"name\":\"sklep\",\"item\":\"https:\/\/grapil.pl\/sklep\/\"},{\"@type\":\"ListItem\",\"position\":3,\"name\":\"Kr\u00f3tkie spodnie robocze Urgent moro\"}]},{\"@type\":\"WebSite\",\"@id\":\"https:\/\/grapil.pl\/#website\",\"url\":\"https:\/\/grapil.pl\/\",\"name\":\"Grapil.pl \u2013 Profesjonalna Odzie\u017c S\u0142u\u017cbowa dla Bran\u017cy Kelnerskiej, HoReCa i Medycyny\",\"description\":\"\",\"potentialAction\":[{\"@type\":\"SearchAction\",\"target\":{\"@type\":\"EntryPoint\",\"urlTemplate\":\"https:\/\/grapil.pl\/?s={search_term_string}\"},\"query-input\":{\"@type\":\"PropertyValueSpecification\",\"valueRequired\":true,\"valueName\":\"search_term_string\"}}],\"inLanguage\":\"en-GB\"}]}<\/script>\n<!-- \/ Yoast SEO plugin. -->","yoast_head_json":{"title":"Kr\u00f3tkie spodnie robocze Urgent moro - Grapil.pl \u2013 Profesjonalna Odzie\u017c S\u0142u\u017cbowa dla Bran\u017cy Kelnerskiej, HoReCa i Medycyny","robots":{"index":"index","follow":"follow","max-snippet":"max-snippet:-1","max-image-preview":"max-image-preview:large","max-video-preview":"max-video-preview:-1"},"canonical":"https:\/\/grapil.pl\/en\/product\/short-work-trousers-urgent-camo\/","og_locale":"en_GB","og_type":"article","og_title":"Kr\u00f3tkie spodnie robocze Urgent moro - Grapil.pl \u2013 Profesjonalna Odzie\u017c S\u0142u\u017cbowa dla Bran\u017cy Kelnerskiej, HoReCa i Medycyny","og_description":"Kr\u00f3tkie spodnie robocze moro to atrakcyjne wzornictwo i doskona\u0142a funkcjonalno\u015b\u0107. Wykonane z bardzo wytrzyma\u0142ej\u00a0 tkaniny &#8211; 100 % bawe\u0142na o","og_url":"https:\/\/grapil.pl\/en\/product\/short-work-trousers-urgent-camo\/","og_site_name":"Grapil.pl \u2013 Profesjonalna Odzie\u017c S\u0142u\u017cbowa dla Bran\u017cy Kelnerskiej, HoReCa i Medycyny","article_modified_time":"2025-04-09T15:32:08+00:00","og_image":[{"width":1540,"height":2047,"url":"https:\/\/grapil.pl\/wp-content\/uploads\/2025\/04\/449.jpg","type":"image\/jpeg"}],"twitter_card":"summary_large_image","schema":{"@context":"https:\/\/schema.org","@graph":[{"@type":"WebPage","@id":"https:\/\/grapil.pl\/produkt\/krotkie-spodnie-robocze-urgent-moro\/","url":"https:\/\/grapil.pl\/produkt\/krotkie-spodnie-robocze-urgent-moro\/","name":"Kr\u00f3tkie spodnie robocze Urgent moro - Grapil.pl \u2013 Profesjonalna Odzie\u017c S\u0142u\u017cbowa dla Bran\u017cy Kelnerskiej, HoReCa i Medycyny","isPartOf":{"@id":"https:\/\/grapil.pl\/#website"},"primaryImageOfPage":{"@id":"https:\/\/grapil.pl\/produkt\/krotkie-spodnie-robocze-urgent-moro\/#primaryimage"},"image":{"@id":"https:\/\/grapil.pl\/produkt\/krotkie-spodnie-robocze-urgent-moro\/#primaryimage"},"thumbnailUrl":"https:\/\/grapil.pl\/wp-content\/uploads\/2025\/04\/449.jpg","datePublished":"2025-04-09T15:31:54+00:00","dateModified":"2025-04-09T15:32:08+00:00","breadcrumb":{"@id":"https:\/\/grapil.pl\/produkt\/krotkie-spodnie-robocze-urgent-moro\/#breadcrumb"},"inLanguage":"en-GB","potentialAction":[{"@type":"ReadAction","target":["https:\/\/grapil.pl\/produkt\/krotkie-spodnie-robocze-urgent-moro\/"]}]},{"@type":"ImageObject","inLanguage":"en-GB","@id":"https:\/\/grapil.pl\/produkt\/krotkie-spodnie-robocze-urgent-moro\/#primaryimage","url":"https:\/\/grapil.pl\/wp-content\/uploads\/2025\/04\/449.jpg","contentUrl":"https:\/\/grapil.pl\/wp-content\/uploads\/2025\/04\/449.jpg","width":1540,"height":2047},{"@type":"BreadcrumbList","@id":"https:\/\/grapil.pl\/produkt\/krotkie-spodnie-robocze-urgent-moro\/#breadcrumb","itemListElement":[{"@type":"ListItem","position":1,"name":"Strona g\u0142\u00f3wna","item":"https:\/\/grapil.pl\/"},{"@type":"ListItem","position":2,"name":"sklep","item":"https:\/\/grapil.pl\/sklep\/"},{"@type":"ListItem","position":3,"name":"Kr\u00f3tkie spodnie robocze Urgent moro"}]},{"@type":"WebSite","@id":"https:\/\/grapil.pl\/#website","url":"https:\/\/grapil.pl\/","name":"Grapil.pl \u2013 Profesjonalna Odzie\u017c S\u0142u\u017cbowa dla Bran\u017cy Kelnerskiej, HoReCa i Medycyny","description":"","potentialAction":[{"@type":"SearchAction","target":{"@type":"EntryPoint","urlTemplate":"https:\/\/grapil.pl\/?s={search_term_string}"},"query-input":{"@type":"PropertyValueSpecification","valueRequired":true,"valueName":"search_term_string"}}],"inLanguage":"en-GB"}]}},"_links":{"self":[{"href":"https:\/\/grapil.pl\/en\/wp-json\/wp\/v2\/product\/17061","targetHints":{"allow":["GET"]}}],"collection":[{"href":"https:\/\/grapil.pl\/en\/wp-json\/wp\/v2\/product"}],"about":[{"href":"https:\/\/grapil.pl\/en\/wp-json\/wp\/v2\/types\/product"}],"version-history":[{"count":1,"href":"https:\/\/grapil.pl\/en\/wp-json\/wp\/v2\/product\/17061\/revisions"}],"predecessor-version":[{"id":17062,"href":"https:\/\/grapil.pl\/en\/wp-json\/wp\/v2\/product\/17061\/revisions\/17062"}],"wp:featuredmedia":[{"embeddable":true,"href":"https:\/\/grapil.pl\/en\/wp-json\/wp\/v2\/media\/17063"}],"wp:attachment":[{"href":"https:\/\/grapil.pl\/en\/wp-json\/wp\/v2\/media?parent=17061"}],"wp:term":[{"taxonomy":"product_brand","embeddable":true,"href":"https:\/\/grapil.pl\/en\/wp-json\/wp\/v2\/product_brand?post=17061"},{"taxonomy":"product_cat","embeddable":true,"href":"https:\/\/grapil.pl\/en\/wp-json\/wp\/v2\/product_cat?post=17061"},{"taxonomy":"product_tag","embeddable":true,"href":"https:\/\/grapil.pl\/en\/wp-json\/wp\/v2\/product_tag?post=17061"}],"curies":[{"name":"wp","href":"https:\/\/api.w.org\/{rel}","templated":true}]}}