{"id":17069,"date":"2025-04-09T17:31:54","date_gmt":"2025-04-09T15:31:54","guid":{"rendered":"https:\/\/grapil.pl\/produkt\/ogrodniczki-robocze-euroclassicwariant1\/"},"modified":"2025-04-09T17:32:12","modified_gmt":"2025-04-09T15:32:12","slug":"euroclassic-work-dungareesvariant1","status":"publish","type":"product","link":"https:\/\/grapil.pl\/en\/product\/euroclassic-work-dungareesvariant1\/","title":{"rendered":"Euroclassic work dungarees{variant1}"},"content":{"rendered":"<h1>EUROCLASSIC WORK OVERALLS<\/h1>\n<p>Art.-Mas dungarees are undoubtedly the perfect solution for those who are looking for\u00a0<strong>high quality workmanship<\/strong>\u00a0and\u00a0<strong>durability at a reasonable price<\/strong>. Our trousers are made of\u00a0<strong>material that ensures size retention<\/strong>,\u00a0<strong>color<\/strong>. Thanks to the material used, the trousers\u00a0<strong>they don&#039;t crease<\/strong>\u00a0and they keep\u00a0<strong>elegant and aesthetic appearance<\/strong>.<\/p>\n<p>Work trousers are certified\u00a0<strong>CE Cat.I PN-EN ISO 13688:2013<\/strong><\/p>\n<p>Classic dungarees \u2013\u00a0<strong>attractive design and excellent functionality<\/strong>.\u00a0<strong>Made of highly durable specialist fabric<\/strong>\u00a0\u2013 canvas (65% polyester and 35% cotton) of very high grammage\u00a0<strong>270+\/-10 grams\/m2.<\/strong><\/p>\n<h2><span style=\"font-size:12pt;\">Reflective elements on the back and front of the trousers - increasing the user&#039;s safety<\/span><\/h2>\n<p><strong>Characteristic:<\/strong><\/p>\n<ul>\n<li>professional sewing and aesthetic workmanship<\/li>\n<li>numerous solid bolts additionally strengthening places particularly exposed to tearing<\/li>\n<li><strong>11 pockets<\/strong>\u00a0including two at the back, an additional reinforced pocket for a measuring tape.<\/li>\n<li>2 sewn-on knee pockets allowing the use of replaceable knee pads<\/li>\n<li>Pockets<strong>\u00a0reinforced<\/strong>\u00a0they are fabric<strong>\u00a0600D Oxford polyester<\/strong>, which is characterized by a large\u00a0<strong>endurance<\/strong>, resistance to\u00a0<strong>abrasion<\/strong>\u00a0and stretching and\u00a0<strong>waterproof<\/strong>.<\/li>\n<li>wide suspenders with tight rubber and solid buckles<\/li>\n<li>Very\u00a0<strong>low<\/strong>\u00a0<strong>contractility<\/strong>, even after repeated washing<\/li>\n<li>color stability<\/li>\n<li>front zip fastening\u00a0<strong>slider<\/strong><\/li>\n<li>comfortable and practical waist adjustment system with\u00a0<strong>buttons<\/strong><\/li>\n<\/ul>\n<table style=\"height:254px;width:307px;\">\n<tbody>\n<tr>\n<td style=\"width:60px;text-align:center;\">Size<\/td>\n<td style=\"width:70px;text-align:center;\">Trouser length<\/td>\n<td style=\"width:75px;text-align:center;\">Circuit<br \/>in the hips<\/td>\n<td style=\"width:74px;text-align:center;\">Circuit<br \/>in the waist<\/td>\n<\/tr>\n<tr>\n<td style=\"width:60px;text-align:center;\">44<\/td>\n<td style=\"width:70px;text-align:center;\">105<\/td>\n<td style=\"width:75px;text-align:center;\">106<\/td>\n<td style=\"width:74px;text-align:center;\">84<\/td>\n<\/tr>\n<tr>\n<td style=\"width:60px;text-align:center;\">46<\/td>\n<td style=\"width:70px;text-align:center;\">107<\/td>\n<td style=\"width:75px;text-align:center;\">110<\/td>\n<td style=\"width:74px;text-align:center;\">88<\/td>\n<\/tr>\n<tr>\n<td style=\"width:60px;text-align:center;\">48<\/td>\n<td style=\"width:70px;text-align:center;\">107<\/td>\n<td style=\"width:75px;text-align:center;\">114<\/td>\n<td style=\"width:74px;text-align:center;\">92<\/td>\n<\/tr>\n<tr>\n<td style=\"width:60px;text-align:center;\">50<\/td>\n<td style=\"width:70px;text-align:center;\">109<\/td>\n<td style=\"width:75px;text-align:center;\">118<\/td>\n<td style=\"width:74px;text-align:center;\">96<\/td>\n<\/tr>\n<tr>\n<td style=\"width:60px;text-align:center;\">52<\/td>\n<td style=\"width:70px;text-align:center;\">111<\/td>\n<td style=\"width:75px;text-align:center;\">122<\/td>\n<td style=\"width:74px;text-align:center;\">100<\/td>\n<\/tr>\n<tr>\n<td style=\"width:60px;text-align:center;\">54<\/td>\n<td style=\"width:70px;text-align:center;\">111<\/td>\n<td style=\"width:75px;text-align:center;\">126<\/td>\n<td style=\"width:74px;text-align:center;\">104<\/td>\n<\/tr>\n<tr>\n<td style=\"width:60px;text-align:center;\">56<\/td>\n<td style=\"width:70px;text-align:center;\">112<\/td>\n<td style=\"width:75px;text-align:center;\">132<\/td>\n<td style=\"width:74px;text-align:center;\">108<\/td>\n<\/tr>\n<tr>\n<td style=\"width:60px;text-align:center;\">58<\/td>\n<td style=\"width:70px;text-align:center;\">115<\/td>\n<td style=\"width:75px;text-align:center;\">136<\/td>\n<td style=\"width:74px;text-align:center;\">116<\/td>\n<\/tr>\n<tr>\n<td style=\"width:60px;text-align:center;\">60<\/td>\n<td style=\"width:70px;text-align:center;\">115<\/td>\n<td style=\"width:75px;text-align:center;\">142<\/td>\n<td style=\"width:74px;text-align:center;\">120<\/td>\n<\/tr>\n<tr>\n<td style=\"width:60px;text-align:center;\">62<\/td>\n<td style=\"width:70px;text-align:center;\">119<\/td>\n<td style=\"width:75px;text-align:center;\">146<\/td>\n<td style=\"width:74px;text-align:center;\">126<\/td>\n<\/tr>\n<tr>\n<td style=\"width:60px;text-align:center;\">64<\/td>\n<td style=\"width:70px;text-align:center;\">119<\/td>\n<td style=\"width:75px;text-align:center;\">150<\/td>\n<td style=\"width:74px;text-align:center;\">130<\/td>\n<\/tr>\n<\/tbody>\n<\/table>\n<p>Thanks to the special cut, the trousers are characterized by a large size tolerance in waist and chest circumferences. The dimensions given in the table apply to the trousers.<\/p>\n<p><span style=\"color:#ff0000;\">Possibility of embroidery or screen printing \u2013 please contact us!<\/span><\/p>\n<p style=\"text-align:center;\">\u00a0<\/p>","protected":false},"excerpt":{"rendered":"<p>EUROCLASSIC WORK DUNGAREES Art.-Mas work dungarees are undoubtedly the perfect solution for those looking for high-quality workmanship and durability at a reasonable price.<\/p>","protected":false},"featured_media":17071,"template":"","meta":[],"product_brand":[91],"product_cat":[86,92,93],"product_tag":[],"class_list":{"0":"post-17069","1":"product","2":"type-product","3":"status-publish","4":"has-post-thumbnail","6":"product_brand-artmas","7":"product_cat-sklepbhp","8":"product_cat-odziez-robocza","9":"product_cat-spodnie-robocze","11":"first","12":"instock","13":"product-type-simple"},"yoast_head":"<!-- This site is optimized with the Yoast SEO plugin v25.3 - https:\/\/yoast.com\/wordpress\/plugins\/seo\/ -->\n<title>Ogrodniczki robocze Euroclassic{wariant1} - Grapil.pl \u2013 Profesjonalna Odzie\u017c S\u0142u\u017cbowa dla Bran\u017cy Kelnerskiej, HoReCa i Medycyny<\/title>\n<meta name=\"robots\" content=\"index, follow, max-snippet:-1, max-image-preview:large, max-video-preview:-1\" \/>\n<link rel=\"canonical\" href=\"https:\/\/grapil.pl\/en\/product\/euroclassic-work-dungareesvariant1\/\" \/>\n<meta property=\"og:locale\" content=\"en_GB\" \/>\n<meta property=\"og:type\" content=\"article\" \/>\n<meta property=\"og:title\" content=\"Ogrodniczki robocze Euroclassic{wariant1} - Grapil.pl \u2013 Profesjonalna Odzie\u017c S\u0142u\u017cbowa dla Bran\u017cy Kelnerskiej, HoReCa i Medycyny\" \/>\n<meta property=\"og:description\" content=\"OGRODNICZKI ROBOCZE EUROCLASSIC Spodnie robocze ogrodniczki Art.-Mas to bez w\u0105tpienia idealne rozwi\u0105zanie dla tych kt\u00f3rzy szukaj\u0105\u00a0wysokiej jako\u015bci wykonania\u00a0oraz\u00a0trwa\u0142o\u015bci w rozs\u0105dnej\" \/>\n<meta property=\"og:url\" content=\"https:\/\/grapil.pl\/en\/product\/euroclassic-work-dungareesvariant1\/\" \/>\n<meta property=\"og:site_name\" content=\"Grapil.pl \u2013 Profesjonalna Odzie\u017c S\u0142u\u017cbowa dla Bran\u017cy Kelnerskiej, HoReCa i Medycyny\" \/>\n<meta property=\"article:modified_time\" content=\"2025-04-09T15:32:12+00:00\" \/>\n<meta property=\"og:image\" content=\"https:\/\/grapil.pl\/wp-content\/uploads\/2025\/04\/18128.jpg\" \/>\n\t<meta property=\"og:image:width\" content=\"680\" \/>\n\t<meta property=\"og:image:height\" content=\"2046\" \/>\n\t<meta property=\"og:image:type\" content=\"image\/jpeg\" \/>\n<meta name=\"twitter:card\" content=\"summary_large_image\" \/>\n<meta name=\"twitter:label1\" content=\"Estimated reading time\" \/>\n\t<meta name=\"twitter:data1\" content=\"1 minute\" \/>\n<script type=\"application\/ld+json\" class=\"yoast-schema-graph\">{\"@context\":\"https:\/\/schema.org\",\"@graph\":[{\"@type\":\"WebPage\",\"@id\":\"https:\/\/grapil.pl\/produkt\/ogrodniczki-robocze-euroclassicwariant1\/\",\"url\":\"https:\/\/grapil.pl\/produkt\/ogrodniczki-robocze-euroclassicwariant1\/\",\"name\":\"Ogrodniczki robocze Euroclassic{wariant1} - Grapil.pl \u2013 Profesjonalna Odzie\u017c S\u0142u\u017cbowa dla Bran\u017cy Kelnerskiej, HoReCa i Medycyny\",\"isPartOf\":{\"@id\":\"https:\/\/grapil.pl\/#website\"},\"primaryImageOfPage\":{\"@id\":\"https:\/\/grapil.pl\/produkt\/ogrodniczki-robocze-euroclassicwariant1\/#primaryimage\"},\"image\":{\"@id\":\"https:\/\/grapil.pl\/produkt\/ogrodniczki-robocze-euroclassicwariant1\/#primaryimage\"},\"thumbnailUrl\":\"https:\/\/grapil.pl\/wp-content\/uploads\/2025\/04\/18128.jpg\",\"datePublished\":\"2025-04-09T15:31:54+00:00\",\"dateModified\":\"2025-04-09T15:32:12+00:00\",\"breadcrumb\":{\"@id\":\"https:\/\/grapil.pl\/produkt\/ogrodniczki-robocze-euroclassicwariant1\/#breadcrumb\"},\"inLanguage\":\"en-GB\",\"potentialAction\":[{\"@type\":\"ReadAction\",\"target\":[\"https:\/\/grapil.pl\/produkt\/ogrodniczki-robocze-euroclassicwariant1\/\"]}]},{\"@type\":\"ImageObject\",\"inLanguage\":\"en-GB\",\"@id\":\"https:\/\/grapil.pl\/produkt\/ogrodniczki-robocze-euroclassicwariant1\/#primaryimage\",\"url\":\"https:\/\/grapil.pl\/wp-content\/uploads\/2025\/04\/18128.jpg\",\"contentUrl\":\"https:\/\/grapil.pl\/wp-content\/uploads\/2025\/04\/18128.jpg\",\"width\":680,\"height\":2046},{\"@type\":\"BreadcrumbList\",\"@id\":\"https:\/\/grapil.pl\/produkt\/ogrodniczki-robocze-euroclassicwariant1\/#breadcrumb\",\"itemListElement\":[{\"@type\":\"ListItem\",\"position\":1,\"name\":\"Strona g\u0142\u00f3wna\",\"item\":\"https:\/\/grapil.pl\/\"},{\"@type\":\"ListItem\",\"position\":2,\"name\":\"sklep\",\"item\":\"https:\/\/grapil.pl\/sklep\/\"},{\"@type\":\"ListItem\",\"position\":3,\"name\":\"Ogrodniczki robocze Euroclassic{wariant1}\"}]},{\"@type\":\"WebSite\",\"@id\":\"https:\/\/grapil.pl\/#website\",\"url\":\"https:\/\/grapil.pl\/\",\"name\":\"Grapil.pl \u2013 Profesjonalna Odzie\u017c S\u0142u\u017cbowa dla Bran\u017cy Kelnerskiej, HoReCa i Medycyny\",\"description\":\"\",\"potentialAction\":[{\"@type\":\"SearchAction\",\"target\":{\"@type\":\"EntryPoint\",\"urlTemplate\":\"https:\/\/grapil.pl\/?s={search_term_string}\"},\"query-input\":{\"@type\":\"PropertyValueSpecification\",\"valueRequired\":true,\"valueName\":\"search_term_string\"}}],\"inLanguage\":\"en-GB\"}]}<\/script>\n<!-- \/ Yoast SEO plugin. -->","yoast_head_json":{"title":"Ogrodniczki robocze Euroclassic{wariant1} - Grapil.pl \u2013 Profesjonalna Odzie\u017c S\u0142u\u017cbowa dla Bran\u017cy Kelnerskiej, HoReCa i Medycyny","robots":{"index":"index","follow":"follow","max-snippet":"max-snippet:-1","max-image-preview":"max-image-preview:large","max-video-preview":"max-video-preview:-1"},"canonical":"https:\/\/grapil.pl\/en\/product\/euroclassic-work-dungareesvariant1\/","og_locale":"en_GB","og_type":"article","og_title":"Ogrodniczki robocze Euroclassic{wariant1} - Grapil.pl \u2013 Profesjonalna Odzie\u017c S\u0142u\u017cbowa dla Bran\u017cy Kelnerskiej, HoReCa i Medycyny","og_description":"OGRODNICZKI ROBOCZE EUROCLASSIC Spodnie robocze ogrodniczki Art.-Mas to bez w\u0105tpienia idealne rozwi\u0105zanie dla tych kt\u00f3rzy szukaj\u0105\u00a0wysokiej jako\u015bci wykonania\u00a0oraz\u00a0trwa\u0142o\u015bci w rozs\u0105dnej","og_url":"https:\/\/grapil.pl\/en\/product\/euroclassic-work-dungareesvariant1\/","og_site_name":"Grapil.pl \u2013 Profesjonalna Odzie\u017c S\u0142u\u017cbowa dla Bran\u017cy Kelnerskiej, HoReCa i Medycyny","article_modified_time":"2025-04-09T15:32:12+00:00","og_image":[{"width":680,"height":2046,"url":"https:\/\/grapil.pl\/wp-content\/uploads\/2025\/04\/18128.jpg","type":"image\/jpeg"}],"twitter_card":"summary_large_image","twitter_misc":{"Estimated reading time":"1 minute"},"schema":{"@context":"https:\/\/schema.org","@graph":[{"@type":"WebPage","@id":"https:\/\/grapil.pl\/produkt\/ogrodniczki-robocze-euroclassicwariant1\/","url":"https:\/\/grapil.pl\/produkt\/ogrodniczki-robocze-euroclassicwariant1\/","name":"Ogrodniczki robocze Euroclassic{wariant1} - Grapil.pl \u2013 Profesjonalna Odzie\u017c S\u0142u\u017cbowa dla Bran\u017cy Kelnerskiej, HoReCa i Medycyny","isPartOf":{"@id":"https:\/\/grapil.pl\/#website"},"primaryImageOfPage":{"@id":"https:\/\/grapil.pl\/produkt\/ogrodniczki-robocze-euroclassicwariant1\/#primaryimage"},"image":{"@id":"https:\/\/grapil.pl\/produkt\/ogrodniczki-robocze-euroclassicwariant1\/#primaryimage"},"thumbnailUrl":"https:\/\/grapil.pl\/wp-content\/uploads\/2025\/04\/18128.jpg","datePublished":"2025-04-09T15:31:54+00:00","dateModified":"2025-04-09T15:32:12+00:00","breadcrumb":{"@id":"https:\/\/grapil.pl\/produkt\/ogrodniczki-robocze-euroclassicwariant1\/#breadcrumb"},"inLanguage":"en-GB","potentialAction":[{"@type":"ReadAction","target":["https:\/\/grapil.pl\/produkt\/ogrodniczki-robocze-euroclassicwariant1\/"]}]},{"@type":"ImageObject","inLanguage":"en-GB","@id":"https:\/\/grapil.pl\/produkt\/ogrodniczki-robocze-euroclassicwariant1\/#primaryimage","url":"https:\/\/grapil.pl\/wp-content\/uploads\/2025\/04\/18128.jpg","contentUrl":"https:\/\/grapil.pl\/wp-content\/uploads\/2025\/04\/18128.jpg","width":680,"height":2046},{"@type":"BreadcrumbList","@id":"https:\/\/grapil.pl\/produkt\/ogrodniczki-robocze-euroclassicwariant1\/#breadcrumb","itemListElement":[{"@type":"ListItem","position":1,"name":"Strona g\u0142\u00f3wna","item":"https:\/\/grapil.pl\/"},{"@type":"ListItem","position":2,"name":"sklep","item":"https:\/\/grapil.pl\/sklep\/"},{"@type":"ListItem","position":3,"name":"Ogrodniczki robocze Euroclassic{wariant1}"}]},{"@type":"WebSite","@id":"https:\/\/grapil.pl\/#website","url":"https:\/\/grapil.pl\/","name":"Grapil.pl \u2013 Profesjonalna Odzie\u017c S\u0142u\u017cbowa dla Bran\u017cy Kelnerskiej, HoReCa i Medycyny","description":"","potentialAction":[{"@type":"SearchAction","target":{"@type":"EntryPoint","urlTemplate":"https:\/\/grapil.pl\/?s={search_term_string}"},"query-input":{"@type":"PropertyValueSpecification","valueRequired":true,"valueName":"search_term_string"}}],"inLanguage":"en-GB"}]}},"_links":{"self":[{"href":"https:\/\/grapil.pl\/en\/wp-json\/wp\/v2\/product\/17069","targetHints":{"allow":["GET"]}}],"collection":[{"href":"https:\/\/grapil.pl\/en\/wp-json\/wp\/v2\/product"}],"about":[{"href":"https:\/\/grapil.pl\/en\/wp-json\/wp\/v2\/types\/product"}],"version-history":[{"count":1,"href":"https:\/\/grapil.pl\/en\/wp-json\/wp\/v2\/product\/17069\/revisions"}],"predecessor-version":[{"id":17070,"href":"https:\/\/grapil.pl\/en\/wp-json\/wp\/v2\/product\/17069\/revisions\/17070"}],"wp:featuredmedia":[{"embeddable":true,"href":"https:\/\/grapil.pl\/en\/wp-json\/wp\/v2\/media\/17071"}],"wp:attachment":[{"href":"https:\/\/grapil.pl\/en\/wp-json\/wp\/v2\/media?parent=17069"}],"wp:term":[{"taxonomy":"product_brand","embeddable":true,"href":"https:\/\/grapil.pl\/en\/wp-json\/wp\/v2\/product_brand?post=17069"},{"taxonomy":"product_cat","embeddable":true,"href":"https:\/\/grapil.pl\/en\/wp-json\/wp\/v2\/product_cat?post=17069"},{"taxonomy":"product_tag","embeddable":true,"href":"https:\/\/grapil.pl\/en\/wp-json\/wp\/v2\/product_tag?post=17069"}],"curies":[{"name":"wp","href":"https:\/\/api.w.org\/{rel}","templated":true}]}}