{"id":17125,"date":"2025-04-09T17:32:18","date_gmt":"2025-04-09T15:32:18","guid":{"rendered":"https:\/\/grapil.pl\/produkt\/koszulka-damska-t-shirt-zolta\/"},"modified":"2025-06-12T12:28:45","modified_gmt":"2025-06-12T10:28:45","slug":"womens-t-shirt-yellow","status":"publish","type":"product","link":"https:\/\/grapil.pl\/en\/product\/womens-t-shirt-yellow\/","title":{"rendered":"Women&#039;s T-shirt Yellow"},"content":{"rendered":"<p><strong><span style=\"font-size:14pt;\">Simple women&#039;s t-shirt<\/span><\/strong><\/p>\n<p>Short sleeve T-shirt manufactured by JHK. The T-shirt looks very good thanks to the materials used - 100% cotton was used to produce the garment. The T-shirts also feature double seams on the shoulders, a reinforced Lycra cuff and a reinforcing tape. Thanks to this type of workmanship, we can be sure that the T-shirt will maintain its quality and durability for a long time.<\/p>\n<table style=\"height:254px;width:307px;\">\n<tbody>\n<tr>\n<td style=\"width:60px;text-align:center;\">Size<\/td>\n<td style=\"width:70px;text-align:center;\">Length<\/td>\n<td style=\"width:75px;text-align:center;\">Width<\/td>\n<\/tr>\n<tr>\n<td style=\"width:60px;text-align:center;\">S<\/td>\n<td style=\"width:70px;text-align:center;\">60<\/td>\n<td style=\"width:75px;text-align:center;\">42<\/td>\n<\/tr>\n<tr>\n<td style=\"width:60px;text-align:center;\">M<\/td>\n<td style=\"width:70px;text-align:center;\">62<\/td>\n<td style=\"width:75px;text-align:center;\">44<\/td>\n<\/tr>\n<tr>\n<td style=\"width:60px;text-align:center;\">L<\/td>\n<td style=\"width:70px;text-align:center;\">64<\/td>\n<td style=\"width:75px;text-align:center;\">46<\/td>\n<\/tr>\n<tr>\n<td style=\"width:60px;text-align:center;\">XL<\/td>\n<td style=\"width:70px;text-align:center;\">66<\/td>\n<td style=\"width:75px;text-align:center;\">48<\/td>\n<\/tr>\n<tr>\n<td style=\"width:60px;text-align:center;\">XXL<\/td>\n<td style=\"width:70px;text-align:center;\">68<\/td>\n<td style=\"width:75px;text-align:center;\">50<\/td>\n<\/tr>\n<\/tbody>\n<\/table>\n<p><span style=\"color:#ff0000;\">Possibility of embroidery or screen printing \u2013 please contact us!<\/span><\/p>","protected":false},"excerpt":{"rendered":"<p>Simple women&#039;s t-shirt Short-sleeved T-shirt manufactured by JHK. The T-shirt looks very good thanks to the materials used<\/p>","protected":false},"featured_media":17127,"template":"","meta":[],"product_brand":[94],"product_cat":[86,92,95],"product_tag":[],"class_list":{"0":"post-17125","1":"product","2":"type-product","3":"status-publish","4":"has-post-thumbnail","6":"product_brand-jhk","7":"product_cat-sklepbhp","8":"product_cat-odziez-robocza","9":"product_cat-koszulki","11":"first","12":"instock","13":"product-type-simple"},"yoast_head":"<!-- This site is optimized with the Yoast SEO plugin v25.3 - https:\/\/yoast.com\/wordpress\/plugins\/seo\/ -->\n<title>Koszulka damska t-shirt \u017c\u00f3\u0142ta - Grapil.pl \u2013 Profesjonalna Odzie\u017c S\u0142u\u017cbowa dla Bran\u017cy Kelnerskiej, HoReCa i Medycyny<\/title>\n<meta name=\"robots\" content=\"index, follow, max-snippet:-1, max-image-preview:large, max-video-preview:-1\" \/>\n<link rel=\"canonical\" href=\"https:\/\/grapil.pl\/en\/product\/womens-t-shirt-yellow\/\" \/>\n<meta property=\"og:locale\" content=\"en_GB\" \/>\n<meta property=\"og:type\" content=\"article\" \/>\n<meta property=\"og:title\" content=\"Koszulka damska t-shirt \u017c\u00f3\u0142ta - Grapil.pl \u2013 Profesjonalna Odzie\u017c S\u0142u\u017cbowa dla Bran\u017cy Kelnerskiej, HoReCa i Medycyny\" \/>\n<meta property=\"og:description\" content=\"Prosta koszulka damska t-shirt Koszulka z kr\u00f3tkim r\u0119kawem wyprodukowana przez firm\u0119 JHK. Koszulka prezentuje si\u0119 bardzo dobrze dzi\u0119ki u\u017cytym materia\u0142om\" \/>\n<meta property=\"og:url\" content=\"https:\/\/grapil.pl\/en\/product\/womens-t-shirt-yellow\/\" \/>\n<meta property=\"og:site_name\" content=\"Grapil.pl \u2013 Profesjonalna Odzie\u017c S\u0142u\u017cbowa dla Bran\u017cy Kelnerskiej, HoReCa i Medycyny\" \/>\n<meta property=\"article:modified_time\" content=\"2025-06-12T10:28:45+00:00\" \/>\n<meta property=\"og:image\" content=\"https:\/\/grapil.pl\/wp-content\/uploads\/2025\/04\/4055.jpg\" \/>\n\t<meta property=\"og:image:width\" content=\"400\" \/>\n\t<meta property=\"og:image:height\" content=\"502\" \/>\n\t<meta property=\"og:image:type\" content=\"image\/jpeg\" \/>\n<meta name=\"twitter:card\" content=\"summary_large_image\" \/>\n<script type=\"application\/ld+json\" class=\"yoast-schema-graph\">{\"@context\":\"https:\/\/schema.org\",\"@graph\":[{\"@type\":\"WebPage\",\"@id\":\"https:\/\/grapil.pl\/produkt\/koszulka-damska-t-shirt-zolta\/\",\"url\":\"https:\/\/grapil.pl\/produkt\/koszulka-damska-t-shirt-zolta\/\",\"name\":\"Koszulka damska t-shirt \u017c\u00f3\u0142ta - Grapil.pl \u2013 Profesjonalna Odzie\u017c S\u0142u\u017cbowa dla Bran\u017cy Kelnerskiej, HoReCa i Medycyny\",\"isPartOf\":{\"@id\":\"https:\/\/grapil.pl\/#website\"},\"primaryImageOfPage\":{\"@id\":\"https:\/\/grapil.pl\/produkt\/koszulka-damska-t-shirt-zolta\/#primaryimage\"},\"image\":{\"@id\":\"https:\/\/grapil.pl\/produkt\/koszulka-damska-t-shirt-zolta\/#primaryimage\"},\"thumbnailUrl\":\"https:\/\/grapil.pl\/wp-content\/uploads\/2025\/04\/4055.jpg\",\"datePublished\":\"2025-04-09T15:32:18+00:00\",\"dateModified\":\"2025-06-12T10:28:45+00:00\",\"breadcrumb\":{\"@id\":\"https:\/\/grapil.pl\/produkt\/koszulka-damska-t-shirt-zolta\/#breadcrumb\"},\"inLanguage\":\"en-GB\",\"potentialAction\":[{\"@type\":\"ReadAction\",\"target\":[\"https:\/\/grapil.pl\/produkt\/koszulka-damska-t-shirt-zolta\/\"]}]},{\"@type\":\"ImageObject\",\"inLanguage\":\"en-GB\",\"@id\":\"https:\/\/grapil.pl\/produkt\/koszulka-damska-t-shirt-zolta\/#primaryimage\",\"url\":\"https:\/\/grapil.pl\/wp-content\/uploads\/2025\/04\/4055.jpg\",\"contentUrl\":\"https:\/\/grapil.pl\/wp-content\/uploads\/2025\/04\/4055.jpg\",\"width\":400,\"height\":502},{\"@type\":\"BreadcrumbList\",\"@id\":\"https:\/\/grapil.pl\/produkt\/koszulka-damska-t-shirt-zolta\/#breadcrumb\",\"itemListElement\":[{\"@type\":\"ListItem\",\"position\":1,\"name\":\"Strona g\u0142\u00f3wna\",\"item\":\"https:\/\/grapil.pl\/\"},{\"@type\":\"ListItem\",\"position\":2,\"name\":\"sklep\",\"item\":\"https:\/\/grapil.pl\/sklep\/\"},{\"@type\":\"ListItem\",\"position\":3,\"name\":\"Koszulka damska t-shirt \u017c\u00f3\u0142ta\"}]},{\"@type\":\"WebSite\",\"@id\":\"https:\/\/grapil.pl\/#website\",\"url\":\"https:\/\/grapil.pl\/\",\"name\":\"Grapil.pl \u2013 Profesjonalna Odzie\u017c S\u0142u\u017cbowa dla Bran\u017cy Kelnerskiej, HoReCa i Medycyny\",\"description\":\"\",\"potentialAction\":[{\"@type\":\"SearchAction\",\"target\":{\"@type\":\"EntryPoint\",\"urlTemplate\":\"https:\/\/grapil.pl\/?s={search_term_string}\"},\"query-input\":{\"@type\":\"PropertyValueSpecification\",\"valueRequired\":true,\"valueName\":\"search_term_string\"}}],\"inLanguage\":\"en-GB\"}]}<\/script>\n<!-- \/ Yoast SEO plugin. -->","yoast_head_json":{"title":"Koszulka damska t-shirt \u017c\u00f3\u0142ta - Grapil.pl \u2013 Profesjonalna Odzie\u017c S\u0142u\u017cbowa dla Bran\u017cy Kelnerskiej, HoReCa i Medycyny","robots":{"index":"index","follow":"follow","max-snippet":"max-snippet:-1","max-image-preview":"max-image-preview:large","max-video-preview":"max-video-preview:-1"},"canonical":"https:\/\/grapil.pl\/en\/product\/womens-t-shirt-yellow\/","og_locale":"en_GB","og_type":"article","og_title":"Koszulka damska t-shirt \u017c\u00f3\u0142ta - Grapil.pl \u2013 Profesjonalna Odzie\u017c S\u0142u\u017cbowa dla Bran\u017cy Kelnerskiej, HoReCa i Medycyny","og_description":"Prosta koszulka damska t-shirt Koszulka z kr\u00f3tkim r\u0119kawem wyprodukowana przez firm\u0119 JHK. Koszulka prezentuje si\u0119 bardzo dobrze dzi\u0119ki u\u017cytym materia\u0142om","og_url":"https:\/\/grapil.pl\/en\/product\/womens-t-shirt-yellow\/","og_site_name":"Grapil.pl \u2013 Profesjonalna Odzie\u017c S\u0142u\u017cbowa dla Bran\u017cy Kelnerskiej, HoReCa i Medycyny","article_modified_time":"2025-06-12T10:28:45+00:00","og_image":[{"width":400,"height":502,"url":"https:\/\/grapil.pl\/wp-content\/uploads\/2025\/04\/4055.jpg","type":"image\/jpeg"}],"twitter_card":"summary_large_image","schema":{"@context":"https:\/\/schema.org","@graph":[{"@type":"WebPage","@id":"https:\/\/grapil.pl\/produkt\/koszulka-damska-t-shirt-zolta\/","url":"https:\/\/grapil.pl\/produkt\/koszulka-damska-t-shirt-zolta\/","name":"Koszulka damska t-shirt \u017c\u00f3\u0142ta - Grapil.pl \u2013 Profesjonalna Odzie\u017c S\u0142u\u017cbowa dla Bran\u017cy Kelnerskiej, HoReCa i Medycyny","isPartOf":{"@id":"https:\/\/grapil.pl\/#website"},"primaryImageOfPage":{"@id":"https:\/\/grapil.pl\/produkt\/koszulka-damska-t-shirt-zolta\/#primaryimage"},"image":{"@id":"https:\/\/grapil.pl\/produkt\/koszulka-damska-t-shirt-zolta\/#primaryimage"},"thumbnailUrl":"https:\/\/grapil.pl\/wp-content\/uploads\/2025\/04\/4055.jpg","datePublished":"2025-04-09T15:32:18+00:00","dateModified":"2025-06-12T10:28:45+00:00","breadcrumb":{"@id":"https:\/\/grapil.pl\/produkt\/koszulka-damska-t-shirt-zolta\/#breadcrumb"},"inLanguage":"en-GB","potentialAction":[{"@type":"ReadAction","target":["https:\/\/grapil.pl\/produkt\/koszulka-damska-t-shirt-zolta\/"]}]},{"@type":"ImageObject","inLanguage":"en-GB","@id":"https:\/\/grapil.pl\/produkt\/koszulka-damska-t-shirt-zolta\/#primaryimage","url":"https:\/\/grapil.pl\/wp-content\/uploads\/2025\/04\/4055.jpg","contentUrl":"https:\/\/grapil.pl\/wp-content\/uploads\/2025\/04\/4055.jpg","width":400,"height":502},{"@type":"BreadcrumbList","@id":"https:\/\/grapil.pl\/produkt\/koszulka-damska-t-shirt-zolta\/#breadcrumb","itemListElement":[{"@type":"ListItem","position":1,"name":"Strona g\u0142\u00f3wna","item":"https:\/\/grapil.pl\/"},{"@type":"ListItem","position":2,"name":"sklep","item":"https:\/\/grapil.pl\/sklep\/"},{"@type":"ListItem","position":3,"name":"Koszulka damska t-shirt \u017c\u00f3\u0142ta"}]},{"@type":"WebSite","@id":"https:\/\/grapil.pl\/#website","url":"https:\/\/grapil.pl\/","name":"Grapil.pl \u2013 Profesjonalna Odzie\u017c S\u0142u\u017cbowa dla Bran\u017cy Kelnerskiej, HoReCa i Medycyny","description":"","potentialAction":[{"@type":"SearchAction","target":{"@type":"EntryPoint","urlTemplate":"https:\/\/grapil.pl\/?s={search_term_string}"},"query-input":{"@type":"PropertyValueSpecification","valueRequired":true,"valueName":"search_term_string"}}],"inLanguage":"en-GB"}]}},"_links":{"self":[{"href":"https:\/\/grapil.pl\/en\/wp-json\/wp\/v2\/product\/17125","targetHints":{"allow":["GET"]}}],"collection":[{"href":"https:\/\/grapil.pl\/en\/wp-json\/wp\/v2\/product"}],"about":[{"href":"https:\/\/grapil.pl\/en\/wp-json\/wp\/v2\/types\/product"}],"version-history":[{"count":1,"href":"https:\/\/grapil.pl\/en\/wp-json\/wp\/v2\/product\/17125\/revisions"}],"predecessor-version":[{"id":17126,"href":"https:\/\/grapil.pl\/en\/wp-json\/wp\/v2\/product\/17125\/revisions\/17126"}],"wp:featuredmedia":[{"embeddable":true,"href":"https:\/\/grapil.pl\/en\/wp-json\/wp\/v2\/media\/17127"}],"wp:attachment":[{"href":"https:\/\/grapil.pl\/en\/wp-json\/wp\/v2\/media?parent=17125"}],"wp:term":[{"taxonomy":"product_brand","embeddable":true,"href":"https:\/\/grapil.pl\/en\/wp-json\/wp\/v2\/product_brand?post=17125"},{"taxonomy":"product_cat","embeddable":true,"href":"https:\/\/grapil.pl\/en\/wp-json\/wp\/v2\/product_cat?post=17125"},{"taxonomy":"product_tag","embeddable":true,"href":"https:\/\/grapil.pl\/en\/wp-json\/wp\/v2\/product_tag?post=17125"}],"curies":[{"name":"wp","href":"https:\/\/api.w.org\/{rel}","templated":true}]}}