{"id":17212,"date":"2025-04-09T17:32:26","date_gmt":"2025-04-09T15:32:26","guid":{"rendered":"https:\/\/grapil.pl\/produkt\/buty-robocze-urgent-120-s1-wariant1\/"},"modified":"2025-04-09T17:32:34","modified_gmt":"2025-04-09T15:32:34","slug":"urgent-120-s1-work-shoes-variant1","status":"publish","type":"product","link":"https:\/\/grapil.pl\/en\/product\/urgent-120-s1-work-shoes-variant1\/","title":{"rendered":"Urgent 120 S1 work boots {variant1}"},"content":{"rendered":"<h2 class=\"h3\"><strong><span style=\"font-size:14pt;\">Urgent 120 S1 Work Shoes<\/span><\/strong><\/h2>\n<p>Safety shoes with metal toe cap. Closed heel area, <strong>antistatic properties<\/strong>, energy absorption in the heel. It is made of crazy horse cowhide leather with a thickness of no less than 2.2 mm. The construction of the upper is exceptionally <strong>friendly to the foot, even with long-term use<\/strong>. The insole is profiled to the shape of the foot, absorbs moisture. The outer sole is made of colorless TPU (thermoplastic polyurethane), compared to the PU sole it is more flexible (&quot;works&quot; even at low temperatures), does not scratch the surface, is more resistant to abrasion. It is more durable when working in frost or snow and at temperatures up to 130 degrees Celsius. The inner sole is made of PU (polyurethane) with lower density to be softer and better adapt to the foot.<\/p>\n<p>\u00a0<\/p>\n<ul>\n<li><span style=\"color:#000000;\">Impact and crush resistant toe cap,<\/span><\/li>\n<li><strong><span style=\"color:#000000;\">Resistant to mechanical damage and cracking, 2.2 mm thick leather upper,<\/span><\/strong><\/li>\n<li><span style=\"color:#000000;\">Sole resistant to high and low temperatures,<\/span><\/li>\n<li><span style=\"color:#000000;\">Closed heel area,<\/span><\/li>\n<li><span style=\"color:#000000;\">The insole is shaped to the shape of the foot and absorbs moisture.<\/span><\/li>\n<li><span style=\"color:#000000;\"><strong>Outer sole made of thermoplastic polyurethane (TPU), inner sole \u2013 polyurethane (PU)<\/strong>,<\/span><\/li>\n<li><span style=\"color:#000000;\">Energy absorption in the heel,<\/span><\/li>\n<li><span style=\"color:#000000;\">Antistatic properties.<\/span><\/li>\n<\/ul>","protected":false},"excerpt":{"rendered":"<p>Urgent 120 S1 Work Shoes Safety shoes with metal toe cap. Closed heel area, antistatic properties, energy absorption in the heel. Made of<\/p>","protected":false},"featured_media":17214,"template":"","meta":[],"product_brand":[88],"product_cat":[86,87,90],"product_tag":[],"class_list":{"0":"post-17212","1":"product","2":"type-product","3":"status-publish","4":"has-post-thumbnail","6":"product_brand-urgent","7":"product_cat-sklepbhp","8":"product_cat-obuwie-robocze","9":"product_cat-trzewiki","11":"first","12":"instock","13":"product-type-simple"},"yoast_head":"<!-- This site is optimized with the Yoast SEO plugin v25.3 - https:\/\/yoast.com\/wordpress\/plugins\/seo\/ -->\n<title>Buty robocze Urgent 120 S1 {wariant1} - Grapil.pl \u2013 Profesjonalna Odzie\u017c S\u0142u\u017cbowa dla Bran\u017cy Kelnerskiej, HoReCa i Medycyny<\/title>\n<meta name=\"robots\" content=\"index, follow, max-snippet:-1, max-image-preview:large, max-video-preview:-1\" \/>\n<link rel=\"canonical\" href=\"https:\/\/grapil.pl\/en\/product\/urgent-120-s1-work-shoes-variant1\/\" \/>\n<meta property=\"og:locale\" content=\"en_GB\" \/>\n<meta property=\"og:type\" content=\"article\" \/>\n<meta property=\"og:title\" content=\"Buty robocze Urgent 120 S1 {wariant1} - Grapil.pl \u2013 Profesjonalna Odzie\u017c S\u0142u\u017cbowa dla Bran\u017cy Kelnerskiej, HoReCa i Medycyny\" \/>\n<meta property=\"og:description\" content=\"Buty robocze Urgent 120 S1 Trzewiki bezpieczne z metalowym podnoskiem. Zamkni\u0119ty obszar pi\u0119ty, w\u0142a\u015bciwo\u015bci antyelektrostatyczne, absorpcja energii w pi\u0119cie.\u00a0Wykonana zosta\u0142a\" \/>\n<meta property=\"og:url\" content=\"https:\/\/grapil.pl\/en\/product\/urgent-120-s1-work-shoes-variant1\/\" \/>\n<meta property=\"og:site_name\" content=\"Grapil.pl \u2013 Profesjonalna Odzie\u017c S\u0142u\u017cbowa dla Bran\u017cy Kelnerskiej, HoReCa i Medycyny\" \/>\n<meta property=\"article:modified_time\" content=\"2025-04-09T15:32:34+00:00\" \/>\n<meta property=\"og:image\" content=\"https:\/\/grapil.pl\/wp-content\/uploads\/2025\/04\/20660.jpg\" \/>\n\t<meta property=\"og:image:width\" content=\"1000\" \/>\n\t<meta property=\"og:image:height\" content=\"1000\" \/>\n\t<meta property=\"og:image:type\" content=\"image\/jpeg\" \/>\n<meta name=\"twitter:card\" content=\"summary_large_image\" \/>\n<meta name=\"twitter:label1\" content=\"Estimated reading time\" \/>\n\t<meta name=\"twitter:data1\" content=\"1 minute\" \/>\n<script type=\"application\/ld+json\" class=\"yoast-schema-graph\">{\"@context\":\"https:\/\/schema.org\",\"@graph\":[{\"@type\":\"WebPage\",\"@id\":\"https:\/\/grapil.pl\/produkt\/buty-robocze-urgent-120-s1-wariant1\/\",\"url\":\"https:\/\/grapil.pl\/produkt\/buty-robocze-urgent-120-s1-wariant1\/\",\"name\":\"Buty robocze Urgent 120 S1 {wariant1} - Grapil.pl \u2013 Profesjonalna Odzie\u017c S\u0142u\u017cbowa dla Bran\u017cy Kelnerskiej, HoReCa i Medycyny\",\"isPartOf\":{\"@id\":\"https:\/\/grapil.pl\/#website\"},\"primaryImageOfPage\":{\"@id\":\"https:\/\/grapil.pl\/produkt\/buty-robocze-urgent-120-s1-wariant1\/#primaryimage\"},\"image\":{\"@id\":\"https:\/\/grapil.pl\/produkt\/buty-robocze-urgent-120-s1-wariant1\/#primaryimage\"},\"thumbnailUrl\":\"https:\/\/grapil.pl\/wp-content\/uploads\/2025\/04\/20660.jpg\",\"datePublished\":\"2025-04-09T15:32:26+00:00\",\"dateModified\":\"2025-04-09T15:32:34+00:00\",\"breadcrumb\":{\"@id\":\"https:\/\/grapil.pl\/produkt\/buty-robocze-urgent-120-s1-wariant1\/#breadcrumb\"},\"inLanguage\":\"en-GB\",\"potentialAction\":[{\"@type\":\"ReadAction\",\"target\":[\"https:\/\/grapil.pl\/produkt\/buty-robocze-urgent-120-s1-wariant1\/\"]}]},{\"@type\":\"ImageObject\",\"inLanguage\":\"en-GB\",\"@id\":\"https:\/\/grapil.pl\/produkt\/buty-robocze-urgent-120-s1-wariant1\/#primaryimage\",\"url\":\"https:\/\/grapil.pl\/wp-content\/uploads\/2025\/04\/20660.jpg\",\"contentUrl\":\"https:\/\/grapil.pl\/wp-content\/uploads\/2025\/04\/20660.jpg\",\"width\":1000,\"height\":1000},{\"@type\":\"BreadcrumbList\",\"@id\":\"https:\/\/grapil.pl\/produkt\/buty-robocze-urgent-120-s1-wariant1\/#breadcrumb\",\"itemListElement\":[{\"@type\":\"ListItem\",\"position\":1,\"name\":\"Strona g\u0142\u00f3wna\",\"item\":\"https:\/\/grapil.pl\/\"},{\"@type\":\"ListItem\",\"position\":2,\"name\":\"sklep\",\"item\":\"https:\/\/grapil.pl\/sklep\/\"},{\"@type\":\"ListItem\",\"position\":3,\"name\":\"Buty robocze Urgent 120 S1 {wariant1}\"}]},{\"@type\":\"WebSite\",\"@id\":\"https:\/\/grapil.pl\/#website\",\"url\":\"https:\/\/grapil.pl\/\",\"name\":\"Grapil.pl \u2013 Profesjonalna Odzie\u017c S\u0142u\u017cbowa dla Bran\u017cy Kelnerskiej, HoReCa i Medycyny\",\"description\":\"\",\"potentialAction\":[{\"@type\":\"SearchAction\",\"target\":{\"@type\":\"EntryPoint\",\"urlTemplate\":\"https:\/\/grapil.pl\/?s={search_term_string}\"},\"query-input\":{\"@type\":\"PropertyValueSpecification\",\"valueRequired\":true,\"valueName\":\"search_term_string\"}}],\"inLanguage\":\"en-GB\"}]}<\/script>\n<!-- \/ Yoast SEO plugin. -->","yoast_head_json":{"title":"Buty robocze Urgent 120 S1 {wariant1} - Grapil.pl \u2013 Profesjonalna Odzie\u017c S\u0142u\u017cbowa dla Bran\u017cy Kelnerskiej, HoReCa i Medycyny","robots":{"index":"index","follow":"follow","max-snippet":"max-snippet:-1","max-image-preview":"max-image-preview:large","max-video-preview":"max-video-preview:-1"},"canonical":"https:\/\/grapil.pl\/en\/product\/urgent-120-s1-work-shoes-variant1\/","og_locale":"en_GB","og_type":"article","og_title":"Buty robocze Urgent 120 S1 {wariant1} - Grapil.pl \u2013 Profesjonalna Odzie\u017c S\u0142u\u017cbowa dla Bran\u017cy Kelnerskiej, HoReCa i Medycyny","og_description":"Buty robocze Urgent 120 S1 Trzewiki bezpieczne z metalowym podnoskiem. Zamkni\u0119ty obszar pi\u0119ty, w\u0142a\u015bciwo\u015bci antyelektrostatyczne, absorpcja energii w pi\u0119cie.\u00a0Wykonana zosta\u0142a","og_url":"https:\/\/grapil.pl\/en\/product\/urgent-120-s1-work-shoes-variant1\/","og_site_name":"Grapil.pl \u2013 Profesjonalna Odzie\u017c S\u0142u\u017cbowa dla Bran\u017cy Kelnerskiej, HoReCa i Medycyny","article_modified_time":"2025-04-09T15:32:34+00:00","og_image":[{"width":1000,"height":1000,"url":"https:\/\/grapil.pl\/wp-content\/uploads\/2025\/04\/20660.jpg","type":"image\/jpeg"}],"twitter_card":"summary_large_image","twitter_misc":{"Estimated reading time":"1 minute"},"schema":{"@context":"https:\/\/schema.org","@graph":[{"@type":"WebPage","@id":"https:\/\/grapil.pl\/produkt\/buty-robocze-urgent-120-s1-wariant1\/","url":"https:\/\/grapil.pl\/produkt\/buty-robocze-urgent-120-s1-wariant1\/","name":"Buty robocze Urgent 120 S1 {wariant1} - Grapil.pl \u2013 Profesjonalna Odzie\u017c S\u0142u\u017cbowa dla Bran\u017cy Kelnerskiej, HoReCa i Medycyny","isPartOf":{"@id":"https:\/\/grapil.pl\/#website"},"primaryImageOfPage":{"@id":"https:\/\/grapil.pl\/produkt\/buty-robocze-urgent-120-s1-wariant1\/#primaryimage"},"image":{"@id":"https:\/\/grapil.pl\/produkt\/buty-robocze-urgent-120-s1-wariant1\/#primaryimage"},"thumbnailUrl":"https:\/\/grapil.pl\/wp-content\/uploads\/2025\/04\/20660.jpg","datePublished":"2025-04-09T15:32:26+00:00","dateModified":"2025-04-09T15:32:34+00:00","breadcrumb":{"@id":"https:\/\/grapil.pl\/produkt\/buty-robocze-urgent-120-s1-wariant1\/#breadcrumb"},"inLanguage":"en-GB","potentialAction":[{"@type":"ReadAction","target":["https:\/\/grapil.pl\/produkt\/buty-robocze-urgent-120-s1-wariant1\/"]}]},{"@type":"ImageObject","inLanguage":"en-GB","@id":"https:\/\/grapil.pl\/produkt\/buty-robocze-urgent-120-s1-wariant1\/#primaryimage","url":"https:\/\/grapil.pl\/wp-content\/uploads\/2025\/04\/20660.jpg","contentUrl":"https:\/\/grapil.pl\/wp-content\/uploads\/2025\/04\/20660.jpg","width":1000,"height":1000},{"@type":"BreadcrumbList","@id":"https:\/\/grapil.pl\/produkt\/buty-robocze-urgent-120-s1-wariant1\/#breadcrumb","itemListElement":[{"@type":"ListItem","position":1,"name":"Strona g\u0142\u00f3wna","item":"https:\/\/grapil.pl\/"},{"@type":"ListItem","position":2,"name":"sklep","item":"https:\/\/grapil.pl\/sklep\/"},{"@type":"ListItem","position":3,"name":"Buty robocze Urgent 120 S1 {wariant1}"}]},{"@type":"WebSite","@id":"https:\/\/grapil.pl\/#website","url":"https:\/\/grapil.pl\/","name":"Grapil.pl \u2013 Profesjonalna Odzie\u017c S\u0142u\u017cbowa dla Bran\u017cy Kelnerskiej, HoReCa i Medycyny","description":"","potentialAction":[{"@type":"SearchAction","target":{"@type":"EntryPoint","urlTemplate":"https:\/\/grapil.pl\/?s={search_term_string}"},"query-input":{"@type":"PropertyValueSpecification","valueRequired":true,"valueName":"search_term_string"}}],"inLanguage":"en-GB"}]}},"_links":{"self":[{"href":"https:\/\/grapil.pl\/en\/wp-json\/wp\/v2\/product\/17212","targetHints":{"allow":["GET"]}}],"collection":[{"href":"https:\/\/grapil.pl\/en\/wp-json\/wp\/v2\/product"}],"about":[{"href":"https:\/\/grapil.pl\/en\/wp-json\/wp\/v2\/types\/product"}],"version-history":[{"count":1,"href":"https:\/\/grapil.pl\/en\/wp-json\/wp\/v2\/product\/17212\/revisions"}],"predecessor-version":[{"id":17213,"href":"https:\/\/grapil.pl\/en\/wp-json\/wp\/v2\/product\/17212\/revisions\/17213"}],"wp:featuredmedia":[{"embeddable":true,"href":"https:\/\/grapil.pl\/en\/wp-json\/wp\/v2\/media\/17214"}],"wp:attachment":[{"href":"https:\/\/grapil.pl\/en\/wp-json\/wp\/v2\/media?parent=17212"}],"wp:term":[{"taxonomy":"product_brand","embeddable":true,"href":"https:\/\/grapil.pl\/en\/wp-json\/wp\/v2\/product_brand?post=17212"},{"taxonomy":"product_cat","embeddable":true,"href":"https:\/\/grapil.pl\/en\/wp-json\/wp\/v2\/product_cat?post=17212"},{"taxonomy":"product_tag","embeddable":true,"href":"https:\/\/grapil.pl\/en\/wp-json\/wp\/v2\/product_tag?post=17212"}],"curies":[{"name":"wp","href":"https:\/\/api.w.org\/{rel}","templated":true}]}}