{"id":17226,"date":"2025-04-09T17:32:26","date_gmt":"2025-04-09T15:32:26","guid":{"rendered":"https:\/\/grapil.pl\/produkt\/buty-robocze-72nwariant1\/"},"modified":"2025-04-09T17:32:37","modified_gmt":"2025-04-09T15:32:37","slug":"work-shoes-72nvariant1","status":"publish","type":"product","link":"https:\/\/grapil.pl\/en\/product\/work-shoes-72nvariant1\/","title":{"rendered":"Work boots 72N{variant1}"},"content":{"rendered":"<ul>\n<li>two-layer sole (PU\/TPU): tread made of solid transparent thermoplastic polyurethane, midsole made of foamed cellular polyurethane, resistant to oils, petrol and other organic solvents<\/li>\n<li>does not scratch the surface<\/li>\n<li>very good anti-slip properties (SRC class), especially recommended for work on smooth surfaces of modern production halls<\/li>\n<li>not recommended for use on ice and snow<\/li>\n<li>excellent flexibility and elasticity, even at low temperatures<\/li>\n<li>light, durable and strong, effectively smoothes out uneven surfaces<\/li>\n<li>very resistant to abrasion, cuts and cracking, protects against deepening scratches caused by mechanical damage to the sole<\/li>\n<li>temperature resistant in short-term contact up to 120\u00b0C<\/li>\n<li>the construction of the sole protects the leather of the shoe in its front part<\/li>\n<li>energy absorption in the heel area<\/li>\n<li>the technology used to connect the sole with the upper \u2013 direct, two-stage injection of polyurethane and thermoplastic polyurethane ensures<\/li>\n<li>durability of the connection between the sole and the upper and waterproofness of the footwear from the ground<\/li>\n<li>high stability of the sole<\/li>\n<li>the sculpting of the sole tip provides additional protection against slipping when working on sloping surfaces<\/li>\n<li>upper made of nubuck leather and velour with a high water vapour permeability coefficient, 15 times higher than the requirements of the standard<\/li>\n<li>with an insert made of breathable material<\/li>\n<li>linings made of footwear nonwoven fabrics with high water vapor permeability and abrasion resistance<\/li>\n<li>Easy Roller quick lacing system<\/li>\n<li>very good hygienic properties of footwear<\/li>\n<li>reinforced with metal protection against injuries with an impact energy of up to 200J or a pressure of 15kN<\/li>\n<li>equipped with a removable hygroscopic lining with very good anti-perspirant properties<\/li>\n<li>antistatic<\/li>\n<li>width \u2013 H \u00bd<br \/>\u00a0<\/li>\n<\/ul>\n<p>Standard: PN-EN 20345<\/p>\n<p>Category: S1, SRC<\/p>\n<p>\u00a0<\/p>","protected":false},"excerpt":{"rendered":"<p>two-layer sole (PU\/TPU): tread made of solid transparent thermoplastic polyurethane, midsole made of foamed cellular polyurethane, resistant to oils and petrol<\/p>","protected":false},"featured_media":17228,"template":"","meta":[],"product_brand":[103],"product_cat":[86,87,90],"product_tag":[],"class_list":{"0":"post-17226","1":"product","2":"type-product","3":"status-publish","4":"has-post-thumbnail","6":"product_brand-ppo","7":"product_cat-sklepbhp","8":"product_cat-obuwie-robocze","9":"product_cat-trzewiki","11":"first","12":"outofstock","13":"product-type-simple"},"yoast_head":"<!-- This site is optimized with the Yoast SEO plugin v25.3 - https:\/\/yoast.com\/wordpress\/plugins\/seo\/ -->\n<title>Buty robocze 72N{wariant1} - Grapil.pl \u2013 Profesjonalna Odzie\u017c S\u0142u\u017cbowa dla Bran\u017cy Kelnerskiej, HoReCa i Medycyny<\/title>\n<meta name=\"robots\" content=\"index, follow, max-snippet:-1, max-image-preview:large, max-video-preview:-1\" \/>\n<link rel=\"canonical\" href=\"https:\/\/grapil.pl\/en\/product\/work-shoes-72nvariant1\/\" \/>\n<meta property=\"og:locale\" content=\"en_GB\" \/>\n<meta property=\"og:type\" content=\"article\" \/>\n<meta property=\"og:title\" content=\"Buty robocze 72N{wariant1} - Grapil.pl \u2013 Profesjonalna Odzie\u017c S\u0142u\u017cbowa dla Bran\u017cy Kelnerskiej, HoReCa i Medycyny\" \/>\n<meta property=\"og:description\" content=\"podeszwa dwuwarstwowa (PU\/TPU): bie\u017cnik wykonany z litego transparentnego poliuretanu termoplastycznego, mi\u0119dzypodeszwa wykonana ze spienionego poliuretanu kom\u00f3rkowego, odporna na oleje, benzyn\u0119\" \/>\n<meta property=\"og:url\" content=\"https:\/\/grapil.pl\/en\/product\/work-shoes-72nvariant1\/\" \/>\n<meta property=\"og:site_name\" content=\"Grapil.pl \u2013 Profesjonalna Odzie\u017c S\u0142u\u017cbowa dla Bran\u017cy Kelnerskiej, HoReCa i Medycyny\" \/>\n<meta property=\"article:modified_time\" content=\"2025-04-09T15:32:37+00:00\" \/>\n<meta property=\"og:image\" content=\"https:\/\/grapil.pl\/wp-content\/uploads\/2025\/04\/20530.jpg\" \/>\n\t<meta property=\"og:image:width\" content=\"748\" \/>\n\t<meta property=\"og:image:height\" content=\"557\" \/>\n\t<meta property=\"og:image:type\" content=\"image\/jpeg\" \/>\n<meta name=\"twitter:card\" content=\"summary_large_image\" \/>\n<meta name=\"twitter:label1\" content=\"Estimated reading time\" \/>\n\t<meta name=\"twitter:data1\" content=\"1 minute\" \/>\n<script type=\"application\/ld+json\" class=\"yoast-schema-graph\">{\"@context\":\"https:\/\/schema.org\",\"@graph\":[{\"@type\":\"WebPage\",\"@id\":\"https:\/\/grapil.pl\/produkt\/buty-robocze-72nwariant1\/\",\"url\":\"https:\/\/grapil.pl\/produkt\/buty-robocze-72nwariant1\/\",\"name\":\"Buty robocze 72N{wariant1} - Grapil.pl \u2013 Profesjonalna Odzie\u017c S\u0142u\u017cbowa dla Bran\u017cy Kelnerskiej, HoReCa i Medycyny\",\"isPartOf\":{\"@id\":\"https:\/\/grapil.pl\/#website\"},\"primaryImageOfPage\":{\"@id\":\"https:\/\/grapil.pl\/produkt\/buty-robocze-72nwariant1\/#primaryimage\"},\"image\":{\"@id\":\"https:\/\/grapil.pl\/produkt\/buty-robocze-72nwariant1\/#primaryimage\"},\"thumbnailUrl\":\"https:\/\/grapil.pl\/wp-content\/uploads\/2025\/04\/20530.jpg\",\"datePublished\":\"2025-04-09T15:32:26+00:00\",\"dateModified\":\"2025-04-09T15:32:37+00:00\",\"breadcrumb\":{\"@id\":\"https:\/\/grapil.pl\/produkt\/buty-robocze-72nwariant1\/#breadcrumb\"},\"inLanguage\":\"en-GB\",\"potentialAction\":[{\"@type\":\"ReadAction\",\"target\":[\"https:\/\/grapil.pl\/produkt\/buty-robocze-72nwariant1\/\"]}]},{\"@type\":\"ImageObject\",\"inLanguage\":\"en-GB\",\"@id\":\"https:\/\/grapil.pl\/produkt\/buty-robocze-72nwariant1\/#primaryimage\",\"url\":\"https:\/\/grapil.pl\/wp-content\/uploads\/2025\/04\/20530.jpg\",\"contentUrl\":\"https:\/\/grapil.pl\/wp-content\/uploads\/2025\/04\/20530.jpg\",\"width\":748,\"height\":557},{\"@type\":\"BreadcrumbList\",\"@id\":\"https:\/\/grapil.pl\/produkt\/buty-robocze-72nwariant1\/#breadcrumb\",\"itemListElement\":[{\"@type\":\"ListItem\",\"position\":1,\"name\":\"Strona g\u0142\u00f3wna\",\"item\":\"https:\/\/grapil.pl\/\"},{\"@type\":\"ListItem\",\"position\":2,\"name\":\"sklep\",\"item\":\"https:\/\/grapil.pl\/sklep\/\"},{\"@type\":\"ListItem\",\"position\":3,\"name\":\"Buty robocze 72N{wariant1}\"}]},{\"@type\":\"WebSite\",\"@id\":\"https:\/\/grapil.pl\/#website\",\"url\":\"https:\/\/grapil.pl\/\",\"name\":\"Grapil.pl \u2013 Profesjonalna Odzie\u017c S\u0142u\u017cbowa dla Bran\u017cy Kelnerskiej, HoReCa i Medycyny\",\"description\":\"\",\"potentialAction\":[{\"@type\":\"SearchAction\",\"target\":{\"@type\":\"EntryPoint\",\"urlTemplate\":\"https:\/\/grapil.pl\/?s={search_term_string}\"},\"query-input\":{\"@type\":\"PropertyValueSpecification\",\"valueRequired\":true,\"valueName\":\"search_term_string\"}}],\"inLanguage\":\"en-GB\"}]}<\/script>\n<!-- \/ Yoast SEO plugin. -->","yoast_head_json":{"title":"Buty robocze 72N{wariant1} - Grapil.pl \u2013 Profesjonalna Odzie\u017c S\u0142u\u017cbowa dla Bran\u017cy Kelnerskiej, HoReCa i Medycyny","robots":{"index":"index","follow":"follow","max-snippet":"max-snippet:-1","max-image-preview":"max-image-preview:large","max-video-preview":"max-video-preview:-1"},"canonical":"https:\/\/grapil.pl\/en\/product\/work-shoes-72nvariant1\/","og_locale":"en_GB","og_type":"article","og_title":"Buty robocze 72N{wariant1} - Grapil.pl \u2013 Profesjonalna Odzie\u017c S\u0142u\u017cbowa dla Bran\u017cy Kelnerskiej, HoReCa i Medycyny","og_description":"podeszwa dwuwarstwowa (PU\/TPU): bie\u017cnik wykonany z litego transparentnego poliuretanu termoplastycznego, mi\u0119dzypodeszwa wykonana ze spienionego poliuretanu kom\u00f3rkowego, odporna na oleje, benzyn\u0119","og_url":"https:\/\/grapil.pl\/en\/product\/work-shoes-72nvariant1\/","og_site_name":"Grapil.pl \u2013 Profesjonalna Odzie\u017c S\u0142u\u017cbowa dla Bran\u017cy Kelnerskiej, HoReCa i Medycyny","article_modified_time":"2025-04-09T15:32:37+00:00","og_image":[{"width":748,"height":557,"url":"https:\/\/grapil.pl\/wp-content\/uploads\/2025\/04\/20530.jpg","type":"image\/jpeg"}],"twitter_card":"summary_large_image","twitter_misc":{"Estimated reading time":"1 minute"},"schema":{"@context":"https:\/\/schema.org","@graph":[{"@type":"WebPage","@id":"https:\/\/grapil.pl\/produkt\/buty-robocze-72nwariant1\/","url":"https:\/\/grapil.pl\/produkt\/buty-robocze-72nwariant1\/","name":"Buty robocze 72N{wariant1} - Grapil.pl \u2013 Profesjonalna Odzie\u017c S\u0142u\u017cbowa dla Bran\u017cy Kelnerskiej, HoReCa i Medycyny","isPartOf":{"@id":"https:\/\/grapil.pl\/#website"},"primaryImageOfPage":{"@id":"https:\/\/grapil.pl\/produkt\/buty-robocze-72nwariant1\/#primaryimage"},"image":{"@id":"https:\/\/grapil.pl\/produkt\/buty-robocze-72nwariant1\/#primaryimage"},"thumbnailUrl":"https:\/\/grapil.pl\/wp-content\/uploads\/2025\/04\/20530.jpg","datePublished":"2025-04-09T15:32:26+00:00","dateModified":"2025-04-09T15:32:37+00:00","breadcrumb":{"@id":"https:\/\/grapil.pl\/produkt\/buty-robocze-72nwariant1\/#breadcrumb"},"inLanguage":"en-GB","potentialAction":[{"@type":"ReadAction","target":["https:\/\/grapil.pl\/produkt\/buty-robocze-72nwariant1\/"]}]},{"@type":"ImageObject","inLanguage":"en-GB","@id":"https:\/\/grapil.pl\/produkt\/buty-robocze-72nwariant1\/#primaryimage","url":"https:\/\/grapil.pl\/wp-content\/uploads\/2025\/04\/20530.jpg","contentUrl":"https:\/\/grapil.pl\/wp-content\/uploads\/2025\/04\/20530.jpg","width":748,"height":557},{"@type":"BreadcrumbList","@id":"https:\/\/grapil.pl\/produkt\/buty-robocze-72nwariant1\/#breadcrumb","itemListElement":[{"@type":"ListItem","position":1,"name":"Strona g\u0142\u00f3wna","item":"https:\/\/grapil.pl\/"},{"@type":"ListItem","position":2,"name":"sklep","item":"https:\/\/grapil.pl\/sklep\/"},{"@type":"ListItem","position":3,"name":"Buty robocze 72N{wariant1}"}]},{"@type":"WebSite","@id":"https:\/\/grapil.pl\/#website","url":"https:\/\/grapil.pl\/","name":"Grapil.pl \u2013 Profesjonalna Odzie\u017c S\u0142u\u017cbowa dla Bran\u017cy Kelnerskiej, HoReCa i Medycyny","description":"","potentialAction":[{"@type":"SearchAction","target":{"@type":"EntryPoint","urlTemplate":"https:\/\/grapil.pl\/?s={search_term_string}"},"query-input":{"@type":"PropertyValueSpecification","valueRequired":true,"valueName":"search_term_string"}}],"inLanguage":"en-GB"}]}},"_links":{"self":[{"href":"https:\/\/grapil.pl\/en\/wp-json\/wp\/v2\/product\/17226","targetHints":{"allow":["GET"]}}],"collection":[{"href":"https:\/\/grapil.pl\/en\/wp-json\/wp\/v2\/product"}],"about":[{"href":"https:\/\/grapil.pl\/en\/wp-json\/wp\/v2\/types\/product"}],"version-history":[{"count":1,"href":"https:\/\/grapil.pl\/en\/wp-json\/wp\/v2\/product\/17226\/revisions"}],"predecessor-version":[{"id":17227,"href":"https:\/\/grapil.pl\/en\/wp-json\/wp\/v2\/product\/17226\/revisions\/17227"}],"wp:featuredmedia":[{"embeddable":true,"href":"https:\/\/grapil.pl\/en\/wp-json\/wp\/v2\/media\/17228"}],"wp:attachment":[{"href":"https:\/\/grapil.pl\/en\/wp-json\/wp\/v2\/media?parent=17226"}],"wp:term":[{"taxonomy":"product_brand","embeddable":true,"href":"https:\/\/grapil.pl\/en\/wp-json\/wp\/v2\/product_brand?post=17226"},{"taxonomy":"product_cat","embeddable":true,"href":"https:\/\/grapil.pl\/en\/wp-json\/wp\/v2\/product_cat?post=17226"},{"taxonomy":"product_tag","embeddable":true,"href":"https:\/\/grapil.pl\/en\/wp-json\/wp\/v2\/product_tag?post=17226"}],"curies":[{"name":"wp","href":"https:\/\/api.w.org\/{rel}","templated":true}]}}