{"id":17308,"date":"2025-04-09T17:32:42","date_gmt":"2025-04-09T15:32:42","guid":{"rendered":"https:\/\/grapil.pl\/produkt\/rekawice-robocze-pela\/"},"modified":"2025-04-09T17:32:47","modified_gmt":"2025-04-09T15:32:47","slug":"pela-work-gloves","status":"publish","type":"product","link":"https:\/\/grapil.pl\/en\/product\/pela-work-gloves\/","title":{"rendered":"Pela work gloves"},"content":{"rendered":"<h2 class=\"h3\">Pela work gloves<\/h2>\n<p class=\"def\"><span class=\"def\">Good and comfortable work gloves made of <strong>cotton<\/strong>, coated with environmentally safe nitrile. The gloves are recommended for work in an oily environment, they are perfect for transport and reloading, at petrol stations, assembly of oiled parts, sandblasting and construction. Thanks to a solid cuff and a coating of strong nitrile, they will better protect the hand from dirt and scratches. This model provides a secure grip, they are also suitable for precision mechanics, they fit perfectly to the hand, which provides great comfort at work.<\/span><\/p>\n<ul class=\"def\">\n<li class=\"def\"><span class=\"def\">cotton dipped in nitrile<\/span><\/li>\n<li class=\"def\"><span class=\"def\">stiff cuff\u00a0<\/span><\/li>\n<li class=\"def\"><span class=\"def\">high abrasion resistance\u00a0<\/span><\/li>\n<li class=\"def\"><span class=\"def\">cotton insert<\/span><\/li>\n<li class=\"def\"><span class=\"def\">coated up to 3\/4<\/span><\/li>\n<\/ul>\n<p><span class=\"def\">meet health and safety standards: <strong>EN-420 general requirements, EN-388 (4122) mechanical protection<\/strong><\/span><\/p>","protected":false},"excerpt":{"rendered":"<p>Pela Work Gloves Solid and comfortable work gloves made of cotton, coated with environmentally safe nitrile. The gloves are recommended for<\/p>","protected":false},"featured_media":17310,"template":"","meta":[],"product_brand":[],"product_cat":[86,96],"product_tag":[],"class_list":{"0":"post-17308","1":"product","2":"type-product","3":"status-publish","4":"has-post-thumbnail","6":"product_cat-sklepbhp","7":"product_cat-rekawice-bhp","9":"first","10":"instock","11":"product-type-simple"},"yoast_head":"<!-- This site is optimized with the Yoast SEO plugin v25.3 - https:\/\/yoast.com\/wordpress\/plugins\/seo\/ -->\n<title>R\u0119kawice robocze Pela - Grapil.pl \u2013 Profesjonalna Odzie\u017c S\u0142u\u017cbowa dla Bran\u017cy Kelnerskiej, HoReCa i Medycyny<\/title>\n<meta name=\"robots\" content=\"index, follow, max-snippet:-1, max-image-preview:large, max-video-preview:-1\" \/>\n<link rel=\"canonical\" href=\"https:\/\/grapil.pl\/en\/product\/pela-work-gloves\/\" \/>\n<meta property=\"og:locale\" content=\"en_GB\" \/>\n<meta property=\"og:type\" content=\"article\" \/>\n<meta property=\"og:title\" content=\"R\u0119kawice robocze Pela - Grapil.pl \u2013 Profesjonalna Odzie\u017c S\u0142u\u017cbowa dla Bran\u017cy Kelnerskiej, HoReCa i Medycyny\" \/>\n<meta property=\"og:description\" content=\"R\u0119kawice robocze Pela Porz\u0105dne i wygodne\u00a0r\u0119kawice robocze\u00a0wykonane zosta\u0142y z bawe\u0142ny, powleczono je bezpiecznym dla \u015brodowiska nitrylem. R\u0119kawice polecane s\u0105 do\" \/>\n<meta property=\"og:url\" content=\"https:\/\/grapil.pl\/en\/product\/pela-work-gloves\/\" \/>\n<meta property=\"og:site_name\" content=\"Grapil.pl \u2013 Profesjonalna Odzie\u017c S\u0142u\u017cbowa dla Bran\u017cy Kelnerskiej, HoReCa i Medycyny\" \/>\n<meta property=\"article:modified_time\" content=\"2025-04-09T15:32:47+00:00\" \/>\n<meta property=\"og:image\" content=\"https:\/\/grapil.pl\/wp-content\/uploads\/2025\/04\/18028adcc3abb5770176075e2e7c39a1.jpg\" \/>\n\t<meta property=\"og:image:width\" content=\"1027\" \/>\n\t<meta property=\"og:image:height\" content=\"768\" \/>\n\t<meta property=\"og:image:type\" content=\"image\/jpeg\" \/>\n<meta name=\"twitter:card\" content=\"summary_large_image\" \/>\n<meta name=\"twitter:label1\" content=\"Estimated reading time\" \/>\n\t<meta name=\"twitter:data1\" content=\"1 minute\" \/>\n<script type=\"application\/ld+json\" class=\"yoast-schema-graph\">{\"@context\":\"https:\/\/schema.org\",\"@graph\":[{\"@type\":\"WebPage\",\"@id\":\"https:\/\/grapil.pl\/produkt\/rekawice-robocze-pela\/\",\"url\":\"https:\/\/grapil.pl\/produkt\/rekawice-robocze-pela\/\",\"name\":\"R\u0119kawice robocze Pela - Grapil.pl \u2013 Profesjonalna Odzie\u017c S\u0142u\u017cbowa dla Bran\u017cy Kelnerskiej, HoReCa i Medycyny\",\"isPartOf\":{\"@id\":\"https:\/\/grapil.pl\/#website\"},\"primaryImageOfPage\":{\"@id\":\"https:\/\/grapil.pl\/produkt\/rekawice-robocze-pela\/#primaryimage\"},\"image\":{\"@id\":\"https:\/\/grapil.pl\/produkt\/rekawice-robocze-pela\/#primaryimage\"},\"thumbnailUrl\":\"https:\/\/grapil.pl\/wp-content\/uploads\/2025\/04\/18028adcc3abb5770176075e2e7c39a1.jpg\",\"datePublished\":\"2025-04-09T15:32:42+00:00\",\"dateModified\":\"2025-04-09T15:32:47+00:00\",\"breadcrumb\":{\"@id\":\"https:\/\/grapil.pl\/produkt\/rekawice-robocze-pela\/#breadcrumb\"},\"inLanguage\":\"en-GB\",\"potentialAction\":[{\"@type\":\"ReadAction\",\"target\":[\"https:\/\/grapil.pl\/produkt\/rekawice-robocze-pela\/\"]}]},{\"@type\":\"ImageObject\",\"inLanguage\":\"en-GB\",\"@id\":\"https:\/\/grapil.pl\/produkt\/rekawice-robocze-pela\/#primaryimage\",\"url\":\"https:\/\/grapil.pl\/wp-content\/uploads\/2025\/04\/18028adcc3abb5770176075e2e7c39a1.jpg\",\"contentUrl\":\"https:\/\/grapil.pl\/wp-content\/uploads\/2025\/04\/18028adcc3abb5770176075e2e7c39a1.jpg\",\"width\":1027,\"height\":768},{\"@type\":\"BreadcrumbList\",\"@id\":\"https:\/\/grapil.pl\/produkt\/rekawice-robocze-pela\/#breadcrumb\",\"itemListElement\":[{\"@type\":\"ListItem\",\"position\":1,\"name\":\"Strona g\u0142\u00f3wna\",\"item\":\"https:\/\/grapil.pl\/\"},{\"@type\":\"ListItem\",\"position\":2,\"name\":\"sklep\",\"item\":\"https:\/\/grapil.pl\/sklep\/\"},{\"@type\":\"ListItem\",\"position\":3,\"name\":\"R\u0119kawice robocze Pela\"}]},{\"@type\":\"WebSite\",\"@id\":\"https:\/\/grapil.pl\/#website\",\"url\":\"https:\/\/grapil.pl\/\",\"name\":\"Grapil.pl \u2013 Profesjonalna Odzie\u017c S\u0142u\u017cbowa dla Bran\u017cy Kelnerskiej, HoReCa i Medycyny\",\"description\":\"\",\"potentialAction\":[{\"@type\":\"SearchAction\",\"target\":{\"@type\":\"EntryPoint\",\"urlTemplate\":\"https:\/\/grapil.pl\/?s={search_term_string}\"},\"query-input\":{\"@type\":\"PropertyValueSpecification\",\"valueRequired\":true,\"valueName\":\"search_term_string\"}}],\"inLanguage\":\"en-GB\"}]}<\/script>\n<!-- \/ Yoast SEO plugin. -->","yoast_head_json":{"title":"R\u0119kawice robocze Pela - Grapil.pl \u2013 Profesjonalna Odzie\u017c S\u0142u\u017cbowa dla Bran\u017cy Kelnerskiej, HoReCa i Medycyny","robots":{"index":"index","follow":"follow","max-snippet":"max-snippet:-1","max-image-preview":"max-image-preview:large","max-video-preview":"max-video-preview:-1"},"canonical":"https:\/\/grapil.pl\/en\/product\/pela-work-gloves\/","og_locale":"en_GB","og_type":"article","og_title":"R\u0119kawice robocze Pela - Grapil.pl \u2013 Profesjonalna Odzie\u017c S\u0142u\u017cbowa dla Bran\u017cy Kelnerskiej, HoReCa i Medycyny","og_description":"R\u0119kawice robocze Pela Porz\u0105dne i wygodne\u00a0r\u0119kawice robocze\u00a0wykonane zosta\u0142y z bawe\u0142ny, powleczono je bezpiecznym dla \u015brodowiska nitrylem. R\u0119kawice polecane s\u0105 do","og_url":"https:\/\/grapil.pl\/en\/product\/pela-work-gloves\/","og_site_name":"Grapil.pl \u2013 Profesjonalna Odzie\u017c S\u0142u\u017cbowa dla Bran\u017cy Kelnerskiej, HoReCa i Medycyny","article_modified_time":"2025-04-09T15:32:47+00:00","og_image":[{"width":1027,"height":768,"url":"https:\/\/grapil.pl\/wp-content\/uploads\/2025\/04\/18028adcc3abb5770176075e2e7c39a1.jpg","type":"image\/jpeg"}],"twitter_card":"summary_large_image","twitter_misc":{"Estimated reading time":"1 minute"},"schema":{"@context":"https:\/\/schema.org","@graph":[{"@type":"WebPage","@id":"https:\/\/grapil.pl\/produkt\/rekawice-robocze-pela\/","url":"https:\/\/grapil.pl\/produkt\/rekawice-robocze-pela\/","name":"R\u0119kawice robocze Pela - Grapil.pl \u2013 Profesjonalna Odzie\u017c S\u0142u\u017cbowa dla Bran\u017cy Kelnerskiej, HoReCa i Medycyny","isPartOf":{"@id":"https:\/\/grapil.pl\/#website"},"primaryImageOfPage":{"@id":"https:\/\/grapil.pl\/produkt\/rekawice-robocze-pela\/#primaryimage"},"image":{"@id":"https:\/\/grapil.pl\/produkt\/rekawice-robocze-pela\/#primaryimage"},"thumbnailUrl":"https:\/\/grapil.pl\/wp-content\/uploads\/2025\/04\/18028adcc3abb5770176075e2e7c39a1.jpg","datePublished":"2025-04-09T15:32:42+00:00","dateModified":"2025-04-09T15:32:47+00:00","breadcrumb":{"@id":"https:\/\/grapil.pl\/produkt\/rekawice-robocze-pela\/#breadcrumb"},"inLanguage":"en-GB","potentialAction":[{"@type":"ReadAction","target":["https:\/\/grapil.pl\/produkt\/rekawice-robocze-pela\/"]}]},{"@type":"ImageObject","inLanguage":"en-GB","@id":"https:\/\/grapil.pl\/produkt\/rekawice-robocze-pela\/#primaryimage","url":"https:\/\/grapil.pl\/wp-content\/uploads\/2025\/04\/18028adcc3abb5770176075e2e7c39a1.jpg","contentUrl":"https:\/\/grapil.pl\/wp-content\/uploads\/2025\/04\/18028adcc3abb5770176075e2e7c39a1.jpg","width":1027,"height":768},{"@type":"BreadcrumbList","@id":"https:\/\/grapil.pl\/produkt\/rekawice-robocze-pela\/#breadcrumb","itemListElement":[{"@type":"ListItem","position":1,"name":"Strona g\u0142\u00f3wna","item":"https:\/\/grapil.pl\/"},{"@type":"ListItem","position":2,"name":"sklep","item":"https:\/\/grapil.pl\/sklep\/"},{"@type":"ListItem","position":3,"name":"R\u0119kawice robocze Pela"}]},{"@type":"WebSite","@id":"https:\/\/grapil.pl\/#website","url":"https:\/\/grapil.pl\/","name":"Grapil.pl \u2013 Profesjonalna Odzie\u017c S\u0142u\u017cbowa dla Bran\u017cy Kelnerskiej, HoReCa i Medycyny","description":"","potentialAction":[{"@type":"SearchAction","target":{"@type":"EntryPoint","urlTemplate":"https:\/\/grapil.pl\/?s={search_term_string}"},"query-input":{"@type":"PropertyValueSpecification","valueRequired":true,"valueName":"search_term_string"}}],"inLanguage":"en-GB"}]}},"_links":{"self":[{"href":"https:\/\/grapil.pl\/en\/wp-json\/wp\/v2\/product\/17308","targetHints":{"allow":["GET"]}}],"collection":[{"href":"https:\/\/grapil.pl\/en\/wp-json\/wp\/v2\/product"}],"about":[{"href":"https:\/\/grapil.pl\/en\/wp-json\/wp\/v2\/types\/product"}],"version-history":[{"count":1,"href":"https:\/\/grapil.pl\/en\/wp-json\/wp\/v2\/product\/17308\/revisions"}],"predecessor-version":[{"id":17309,"href":"https:\/\/grapil.pl\/en\/wp-json\/wp\/v2\/product\/17308\/revisions\/17309"}],"wp:featuredmedia":[{"embeddable":true,"href":"https:\/\/grapil.pl\/en\/wp-json\/wp\/v2\/media\/17310"}],"wp:attachment":[{"href":"https:\/\/grapil.pl\/en\/wp-json\/wp\/v2\/media?parent=17308"}],"wp:term":[{"taxonomy":"product_brand","embeddable":true,"href":"https:\/\/grapil.pl\/en\/wp-json\/wp\/v2\/product_brand?post=17308"},{"taxonomy":"product_cat","embeddable":true,"href":"https:\/\/grapil.pl\/en\/wp-json\/wp\/v2\/product_cat?post=17308"},{"taxonomy":"product_tag","embeddable":true,"href":"https:\/\/grapil.pl\/en\/wp-json\/wp\/v2\/product_tag?post=17308"}],"curies":[{"name":"wp","href":"https:\/\/api.w.org\/{rel}","templated":true}]}}