{"id":17311,"date":"2025-04-09T17:32:42","date_gmt":"2025-04-09T15:32:42","guid":{"rendered":"https:\/\/grapil.pl\/produkt\/rekawice-robocze-technik\/"},"modified":"2025-04-09T17:32:48","modified_gmt":"2025-04-09T15:32:48","slug":"technician-work-gloves","status":"publish","type":"product","link":"https:\/\/grapil.pl\/en\/product\/technician-work-gloves\/","title":{"rendered":"Technician work gloves"},"content":{"rendered":"<h2 class=\"h3\">Technician work gloves\u00a0<\/h2>\n<p>TECHNIK Winter work gloves are made of goat leather tanned to a smooth surface. This material is characterized by high mechanical resistance and the ability to manipulate small objects. The inside is insulated with BOA acrylic fur. The product therefore provides excellent protection against injuries to the epidermis and dirt. The full-palm cut with a sewn-on thumb affects the freedom of movement and its precision. The elastic material of the leather gloves perfectly adapts to the shape of the hand.\u00a0<\/p>\n<p>meet the standards <strong>Health and Safety: EN-420 general<\/strong><\/p>","protected":false},"excerpt":{"rendered":"<p>Technik work gloves TECHNIK Winter work gloves are made of goat leather tanned on a grain. This material is characterized by high resistance<\/p>","protected":false},"featured_media":17313,"template":"","meta":[],"product_brand":[],"product_cat":[86,96],"product_tag":[],"class_list":{"0":"post-17311","1":"product","2":"type-product","3":"status-publish","4":"has-post-thumbnail","6":"product_cat-sklepbhp","7":"product_cat-rekawice-bhp","9":"first","10":"instock","11":"product-type-simple"},"yoast_head":"<!-- This site is optimized with the Yoast SEO plugin v25.3 - https:\/\/yoast.com\/wordpress\/plugins\/seo\/ -->\n<title>R\u0119kawice robocze Technik - Grapil.pl \u2013 Profesjonalna Odzie\u017c S\u0142u\u017cbowa dla Bran\u017cy Kelnerskiej, HoReCa i Medycyny<\/title>\n<meta name=\"robots\" content=\"index, follow, max-snippet:-1, max-image-preview:large, max-video-preview:-1\" \/>\n<link rel=\"canonical\" href=\"https:\/\/grapil.pl\/en\/product\/technician-work-gloves\/\" \/>\n<meta property=\"og:locale\" content=\"en_GB\" \/>\n<meta property=\"og:type\" content=\"article\" \/>\n<meta property=\"og:title\" content=\"R\u0119kawice robocze Technik - Grapil.pl \u2013 Profesjonalna Odzie\u017c S\u0142u\u017cbowa dla Bran\u017cy Kelnerskiej, HoReCa i Medycyny\" \/>\n<meta property=\"og:description\" content=\"R\u0119kawice robocze Technik\u00a0 R\u0119kawice robocze TECHNIK Winter wykonano ze sk\u00f3ry koziej wyprawianej na licowo. Materia\u0142 ten cechuje si\u0119 wysok\u0105 odporno\u015bci\u0105\" \/>\n<meta property=\"og:url\" content=\"https:\/\/grapil.pl\/en\/product\/technician-work-gloves\/\" \/>\n<meta property=\"og:site_name\" content=\"Grapil.pl \u2013 Profesjonalna Odzie\u017c S\u0142u\u017cbowa dla Bran\u017cy Kelnerskiej, HoReCa i Medycyny\" \/>\n<meta property=\"article:modified_time\" content=\"2025-04-09T15:32:48+00:00\" \/>\n<meta property=\"og:image\" content=\"https:\/\/grapil.pl\/wp-content\/uploads\/2025\/04\/03b7831a99f7ca88e13a3400cc91894d.jpg\" \/>\n\t<meta property=\"og:image:width\" content=\"1027\" \/>\n\t<meta property=\"og:image:height\" content=\"768\" \/>\n\t<meta property=\"og:image:type\" content=\"image\/jpeg\" \/>\n<meta name=\"twitter:card\" content=\"summary_large_image\" \/>\n<script type=\"application\/ld+json\" class=\"yoast-schema-graph\">{\"@context\":\"https:\/\/schema.org\",\"@graph\":[{\"@type\":\"WebPage\",\"@id\":\"https:\/\/grapil.pl\/produkt\/rekawice-robocze-technik\/\",\"url\":\"https:\/\/grapil.pl\/produkt\/rekawice-robocze-technik\/\",\"name\":\"R\u0119kawice robocze Technik - Grapil.pl \u2013 Profesjonalna Odzie\u017c S\u0142u\u017cbowa dla Bran\u017cy Kelnerskiej, HoReCa i Medycyny\",\"isPartOf\":{\"@id\":\"https:\/\/grapil.pl\/#website\"},\"primaryImageOfPage\":{\"@id\":\"https:\/\/grapil.pl\/produkt\/rekawice-robocze-technik\/#primaryimage\"},\"image\":{\"@id\":\"https:\/\/grapil.pl\/produkt\/rekawice-robocze-technik\/#primaryimage\"},\"thumbnailUrl\":\"https:\/\/grapil.pl\/wp-content\/uploads\/2025\/04\/03b7831a99f7ca88e13a3400cc91894d.jpg\",\"datePublished\":\"2025-04-09T15:32:42+00:00\",\"dateModified\":\"2025-04-09T15:32:48+00:00\",\"breadcrumb\":{\"@id\":\"https:\/\/grapil.pl\/produkt\/rekawice-robocze-technik\/#breadcrumb\"},\"inLanguage\":\"en-GB\",\"potentialAction\":[{\"@type\":\"ReadAction\",\"target\":[\"https:\/\/grapil.pl\/produkt\/rekawice-robocze-technik\/\"]}]},{\"@type\":\"ImageObject\",\"inLanguage\":\"en-GB\",\"@id\":\"https:\/\/grapil.pl\/produkt\/rekawice-robocze-technik\/#primaryimage\",\"url\":\"https:\/\/grapil.pl\/wp-content\/uploads\/2025\/04\/03b7831a99f7ca88e13a3400cc91894d.jpg\",\"contentUrl\":\"https:\/\/grapil.pl\/wp-content\/uploads\/2025\/04\/03b7831a99f7ca88e13a3400cc91894d.jpg\",\"width\":1027,\"height\":768},{\"@type\":\"BreadcrumbList\",\"@id\":\"https:\/\/grapil.pl\/produkt\/rekawice-robocze-technik\/#breadcrumb\",\"itemListElement\":[{\"@type\":\"ListItem\",\"position\":1,\"name\":\"Strona g\u0142\u00f3wna\",\"item\":\"https:\/\/grapil.pl\/\"},{\"@type\":\"ListItem\",\"position\":2,\"name\":\"sklep\",\"item\":\"https:\/\/grapil.pl\/sklep\/\"},{\"@type\":\"ListItem\",\"position\":3,\"name\":\"R\u0119kawice robocze Technik\"}]},{\"@type\":\"WebSite\",\"@id\":\"https:\/\/grapil.pl\/#website\",\"url\":\"https:\/\/grapil.pl\/\",\"name\":\"Grapil.pl \u2013 Profesjonalna Odzie\u017c S\u0142u\u017cbowa dla Bran\u017cy Kelnerskiej, HoReCa i Medycyny\",\"description\":\"\",\"potentialAction\":[{\"@type\":\"SearchAction\",\"target\":{\"@type\":\"EntryPoint\",\"urlTemplate\":\"https:\/\/grapil.pl\/?s={search_term_string}\"},\"query-input\":{\"@type\":\"PropertyValueSpecification\",\"valueRequired\":true,\"valueName\":\"search_term_string\"}}],\"inLanguage\":\"en-GB\"}]}<\/script>\n<!-- \/ Yoast SEO plugin. -->","yoast_head_json":{"title":"R\u0119kawice robocze Technik - Grapil.pl \u2013 Profesjonalna Odzie\u017c S\u0142u\u017cbowa dla Bran\u017cy Kelnerskiej, HoReCa i Medycyny","robots":{"index":"index","follow":"follow","max-snippet":"max-snippet:-1","max-image-preview":"max-image-preview:large","max-video-preview":"max-video-preview:-1"},"canonical":"https:\/\/grapil.pl\/en\/product\/technician-work-gloves\/","og_locale":"en_GB","og_type":"article","og_title":"R\u0119kawice robocze Technik - Grapil.pl \u2013 Profesjonalna Odzie\u017c S\u0142u\u017cbowa dla Bran\u017cy Kelnerskiej, HoReCa i Medycyny","og_description":"R\u0119kawice robocze Technik\u00a0 R\u0119kawice robocze TECHNIK Winter wykonano ze sk\u00f3ry koziej wyprawianej na licowo. Materia\u0142 ten cechuje si\u0119 wysok\u0105 odporno\u015bci\u0105","og_url":"https:\/\/grapil.pl\/en\/product\/technician-work-gloves\/","og_site_name":"Grapil.pl \u2013 Profesjonalna Odzie\u017c S\u0142u\u017cbowa dla Bran\u017cy Kelnerskiej, HoReCa i Medycyny","article_modified_time":"2025-04-09T15:32:48+00:00","og_image":[{"width":1027,"height":768,"url":"https:\/\/grapil.pl\/wp-content\/uploads\/2025\/04\/03b7831a99f7ca88e13a3400cc91894d.jpg","type":"image\/jpeg"}],"twitter_card":"summary_large_image","schema":{"@context":"https:\/\/schema.org","@graph":[{"@type":"WebPage","@id":"https:\/\/grapil.pl\/produkt\/rekawice-robocze-technik\/","url":"https:\/\/grapil.pl\/produkt\/rekawice-robocze-technik\/","name":"R\u0119kawice robocze Technik - Grapil.pl \u2013 Profesjonalna Odzie\u017c S\u0142u\u017cbowa dla Bran\u017cy Kelnerskiej, HoReCa i Medycyny","isPartOf":{"@id":"https:\/\/grapil.pl\/#website"},"primaryImageOfPage":{"@id":"https:\/\/grapil.pl\/produkt\/rekawice-robocze-technik\/#primaryimage"},"image":{"@id":"https:\/\/grapil.pl\/produkt\/rekawice-robocze-technik\/#primaryimage"},"thumbnailUrl":"https:\/\/grapil.pl\/wp-content\/uploads\/2025\/04\/03b7831a99f7ca88e13a3400cc91894d.jpg","datePublished":"2025-04-09T15:32:42+00:00","dateModified":"2025-04-09T15:32:48+00:00","breadcrumb":{"@id":"https:\/\/grapil.pl\/produkt\/rekawice-robocze-technik\/#breadcrumb"},"inLanguage":"en-GB","potentialAction":[{"@type":"ReadAction","target":["https:\/\/grapil.pl\/produkt\/rekawice-robocze-technik\/"]}]},{"@type":"ImageObject","inLanguage":"en-GB","@id":"https:\/\/grapil.pl\/produkt\/rekawice-robocze-technik\/#primaryimage","url":"https:\/\/grapil.pl\/wp-content\/uploads\/2025\/04\/03b7831a99f7ca88e13a3400cc91894d.jpg","contentUrl":"https:\/\/grapil.pl\/wp-content\/uploads\/2025\/04\/03b7831a99f7ca88e13a3400cc91894d.jpg","width":1027,"height":768},{"@type":"BreadcrumbList","@id":"https:\/\/grapil.pl\/produkt\/rekawice-robocze-technik\/#breadcrumb","itemListElement":[{"@type":"ListItem","position":1,"name":"Strona g\u0142\u00f3wna","item":"https:\/\/grapil.pl\/"},{"@type":"ListItem","position":2,"name":"sklep","item":"https:\/\/grapil.pl\/sklep\/"},{"@type":"ListItem","position":3,"name":"R\u0119kawice robocze Technik"}]},{"@type":"WebSite","@id":"https:\/\/grapil.pl\/#website","url":"https:\/\/grapil.pl\/","name":"Grapil.pl \u2013 Profesjonalna Odzie\u017c S\u0142u\u017cbowa dla Bran\u017cy Kelnerskiej, HoReCa i Medycyny","description":"","potentialAction":[{"@type":"SearchAction","target":{"@type":"EntryPoint","urlTemplate":"https:\/\/grapil.pl\/?s={search_term_string}"},"query-input":{"@type":"PropertyValueSpecification","valueRequired":true,"valueName":"search_term_string"}}],"inLanguage":"en-GB"}]}},"_links":{"self":[{"href":"https:\/\/grapil.pl\/en\/wp-json\/wp\/v2\/product\/17311","targetHints":{"allow":["GET"]}}],"collection":[{"href":"https:\/\/grapil.pl\/en\/wp-json\/wp\/v2\/product"}],"about":[{"href":"https:\/\/grapil.pl\/en\/wp-json\/wp\/v2\/types\/product"}],"version-history":[{"count":1,"href":"https:\/\/grapil.pl\/en\/wp-json\/wp\/v2\/product\/17311\/revisions"}],"predecessor-version":[{"id":17312,"href":"https:\/\/grapil.pl\/en\/wp-json\/wp\/v2\/product\/17311\/revisions\/17312"}],"wp:featuredmedia":[{"embeddable":true,"href":"https:\/\/grapil.pl\/en\/wp-json\/wp\/v2\/media\/17313"}],"wp:attachment":[{"href":"https:\/\/grapil.pl\/en\/wp-json\/wp\/v2\/media?parent=17311"}],"wp:term":[{"taxonomy":"product_brand","embeddable":true,"href":"https:\/\/grapil.pl\/en\/wp-json\/wp\/v2\/product_brand?post=17311"},{"taxonomy":"product_cat","embeddable":true,"href":"https:\/\/grapil.pl\/en\/wp-json\/wp\/v2\/product_cat?post=17311"},{"taxonomy":"product_tag","embeddable":true,"href":"https:\/\/grapil.pl\/en\/wp-json\/wp\/v2\/product_tag?post=17311"}],"curies":[{"name":"wp","href":"https:\/\/api.w.org\/{rel}","templated":true}]}}