{"id":17376,"date":"2025-04-09T17:32:52","date_gmt":"2025-04-09T15:32:52","guid":{"rendered":"https:\/\/grapil.pl\/produkt\/okulary-ochronne-margay-cxs\/"},"modified":"2025-04-09T17:33:04","modified_gmt":"2025-04-09T15:33:04","slug":"margay-cxs-safety-glasses","status":"publish","type":"product","link":"https:\/\/grapil.pl\/en\/product\/margay-cxs-safety-glasses\/","title":{"rendered":"Margay CXS Safety Glasses"},"content":{"rendered":"<p><strong><span style=\"font-size:14pt;\">CXS MARGAY safety glasses<\/span><\/strong>\u00a0<\/p>\n<p>Anti-scratch, anti-fog glasses. The lens is made of transparent polycarbonate. The coating provides protection against scratching and fogging. Thanks to the neoprene finish of the frames, they fit perfectly to the face, which\u00a0<strong>can be used in dusty environments<\/strong>. The design allows for use with other personal protective equipment. They provide protection against low-energy solid impacts, liquid splashes, UV radiation. Application: construction, building, assembly, grinding, cutting materials, cement plants, pouring materials, sports.<\/p>\n<p>\u00a0<\/p>\n<ul>\n<li>Length-adjustable temples in black, transparent lens rounded at the edges<\/li>\n<li>Wide field of view<\/li>\n<li>Excellent side protection thanks to contoured windows<\/li>\n<li>Soft, ventilated nose pads improve comfort during long-term wear<\/li>\n<li>Neoprene frame seal prevents dust from entering<\/li>\n<li>Elastic band included<\/li>\n<li><strong>Optical class 1<\/strong><\/li>\n<li>Product compliant with the standard <strong>Health and safety: EN-166:2001.<\/strong><\/li>\n<\/ul>","protected":false},"excerpt":{"rendered":"<p>CXS MARGAY Safety Glasses Anti-scratch, anti-fog glasses. Lens made of transparent polycarbonate. The coating provides protection against scratches and fogging. Thanks to the finish of the frames<\/p>","protected":false},"featured_media":17378,"template":"","meta":[],"product_brand":[101],"product_cat":[86,111,114],"product_tag":[],"class_list":{"0":"post-17376","1":"product","2":"type-product","3":"status-publish","4":"has-post-thumbnail","6":"product_brand-cxs-canis","7":"product_cat-sklepbhp","8":"product_cat-srodki-ochrony-indywidualnej","9":"product_cat-okulary-ochronne","11":"first","12":"instock","13":"product-type-simple"},"yoast_head":"<!-- This site is optimized with the Yoast SEO plugin v25.3 - https:\/\/yoast.com\/wordpress\/plugins\/seo\/ -->\n<title>Okulary ochronne Margay CXS - Grapil.pl \u2013 Profesjonalna Odzie\u017c S\u0142u\u017cbowa dla Bran\u017cy Kelnerskiej, HoReCa i Medycyny<\/title>\n<meta name=\"robots\" content=\"index, follow, max-snippet:-1, max-image-preview:large, max-video-preview:-1\" \/>\n<link rel=\"canonical\" href=\"https:\/\/grapil.pl\/en\/product\/margay-cxs-safety-glasses\/\" \/>\n<meta property=\"og:locale\" content=\"en_GB\" \/>\n<meta property=\"og:type\" content=\"article\" \/>\n<meta property=\"og:title\" content=\"Okulary ochronne Margay CXS - Grapil.pl \u2013 Profesjonalna Odzie\u017c S\u0142u\u017cbowa dla Bran\u017cy Kelnerskiej, HoReCa i Medycyny\" \/>\n<meta property=\"og:description\" content=\"Okulary ochronne\u00a0CXS MARGAY\u00a0 Okulary przeciwodpryskowe, nieparuj\u0105ce. Soczewka wykonana z prze\u017aroczystego poliw\u0119glanu. Pow\u0142oka zapewnia\u00a0ochron\u0119 przed zarysowaniem i zaparowaniem. Dzi\u0119ki wyko\u0144czeniu oprawek\" \/>\n<meta property=\"og:url\" content=\"https:\/\/grapil.pl\/en\/product\/margay-cxs-safety-glasses\/\" \/>\n<meta property=\"og:site_name\" content=\"Grapil.pl \u2013 Profesjonalna Odzie\u017c S\u0142u\u017cbowa dla Bran\u017cy Kelnerskiej, HoReCa i Medycyny\" \/>\n<meta property=\"article:modified_time\" content=\"2025-04-09T15:33:04+00:00\" \/>\n<meta property=\"og:image\" content=\"https:\/\/grapil.pl\/wp-content\/uploads\/2025\/04\/21034.jpg\" \/>\n\t<meta property=\"og:image:width\" content=\"1024\" \/>\n\t<meta property=\"og:image:height\" content=\"768\" \/>\n\t<meta property=\"og:image:type\" content=\"image\/jpeg\" \/>\n<meta name=\"twitter:card\" content=\"summary_large_image\" \/>\n<meta name=\"twitter:label1\" content=\"Estimated reading time\" \/>\n\t<meta name=\"twitter:data1\" content=\"1 minute\" \/>\n<script type=\"application\/ld+json\" class=\"yoast-schema-graph\">{\"@context\":\"https:\/\/schema.org\",\"@graph\":[{\"@type\":\"WebPage\",\"@id\":\"https:\/\/grapil.pl\/produkt\/okulary-ochronne-margay-cxs\/\",\"url\":\"https:\/\/grapil.pl\/produkt\/okulary-ochronne-margay-cxs\/\",\"name\":\"Okulary ochronne Margay CXS - Grapil.pl \u2013 Profesjonalna Odzie\u017c S\u0142u\u017cbowa dla Bran\u017cy Kelnerskiej, HoReCa i Medycyny\",\"isPartOf\":{\"@id\":\"https:\/\/grapil.pl\/#website\"},\"primaryImageOfPage\":{\"@id\":\"https:\/\/grapil.pl\/produkt\/okulary-ochronne-margay-cxs\/#primaryimage\"},\"image\":{\"@id\":\"https:\/\/grapil.pl\/produkt\/okulary-ochronne-margay-cxs\/#primaryimage\"},\"thumbnailUrl\":\"https:\/\/grapil.pl\/wp-content\/uploads\/2025\/04\/21034.jpg\",\"datePublished\":\"2025-04-09T15:32:52+00:00\",\"dateModified\":\"2025-04-09T15:33:04+00:00\",\"breadcrumb\":{\"@id\":\"https:\/\/grapil.pl\/produkt\/okulary-ochronne-margay-cxs\/#breadcrumb\"},\"inLanguage\":\"en-GB\",\"potentialAction\":[{\"@type\":\"ReadAction\",\"target\":[\"https:\/\/grapil.pl\/produkt\/okulary-ochronne-margay-cxs\/\"]}]},{\"@type\":\"ImageObject\",\"inLanguage\":\"en-GB\",\"@id\":\"https:\/\/grapil.pl\/produkt\/okulary-ochronne-margay-cxs\/#primaryimage\",\"url\":\"https:\/\/grapil.pl\/wp-content\/uploads\/2025\/04\/21034.jpg\",\"contentUrl\":\"https:\/\/grapil.pl\/wp-content\/uploads\/2025\/04\/21034.jpg\",\"width\":1024,\"height\":768},{\"@type\":\"BreadcrumbList\",\"@id\":\"https:\/\/grapil.pl\/produkt\/okulary-ochronne-margay-cxs\/#breadcrumb\",\"itemListElement\":[{\"@type\":\"ListItem\",\"position\":1,\"name\":\"Strona g\u0142\u00f3wna\",\"item\":\"https:\/\/grapil.pl\/\"},{\"@type\":\"ListItem\",\"position\":2,\"name\":\"sklep\",\"item\":\"https:\/\/grapil.pl\/sklep\/\"},{\"@type\":\"ListItem\",\"position\":3,\"name\":\"Okulary ochronne Margay CXS\"}]},{\"@type\":\"WebSite\",\"@id\":\"https:\/\/grapil.pl\/#website\",\"url\":\"https:\/\/grapil.pl\/\",\"name\":\"Grapil.pl \u2013 Profesjonalna Odzie\u017c S\u0142u\u017cbowa dla Bran\u017cy Kelnerskiej, HoReCa i Medycyny\",\"description\":\"\",\"potentialAction\":[{\"@type\":\"SearchAction\",\"target\":{\"@type\":\"EntryPoint\",\"urlTemplate\":\"https:\/\/grapil.pl\/?s={search_term_string}\"},\"query-input\":{\"@type\":\"PropertyValueSpecification\",\"valueRequired\":true,\"valueName\":\"search_term_string\"}}],\"inLanguage\":\"en-GB\"}]}<\/script>\n<!-- \/ Yoast SEO plugin. -->","yoast_head_json":{"title":"Okulary ochronne Margay CXS - Grapil.pl \u2013 Profesjonalna Odzie\u017c S\u0142u\u017cbowa dla Bran\u017cy Kelnerskiej, HoReCa i Medycyny","robots":{"index":"index","follow":"follow","max-snippet":"max-snippet:-1","max-image-preview":"max-image-preview:large","max-video-preview":"max-video-preview:-1"},"canonical":"https:\/\/grapil.pl\/en\/product\/margay-cxs-safety-glasses\/","og_locale":"en_GB","og_type":"article","og_title":"Okulary ochronne Margay CXS - Grapil.pl \u2013 Profesjonalna Odzie\u017c S\u0142u\u017cbowa dla Bran\u017cy Kelnerskiej, HoReCa i Medycyny","og_description":"Okulary ochronne\u00a0CXS MARGAY\u00a0 Okulary przeciwodpryskowe, nieparuj\u0105ce. Soczewka wykonana z prze\u017aroczystego poliw\u0119glanu. Pow\u0142oka zapewnia\u00a0ochron\u0119 przed zarysowaniem i zaparowaniem. Dzi\u0119ki wyko\u0144czeniu oprawek","og_url":"https:\/\/grapil.pl\/en\/product\/margay-cxs-safety-glasses\/","og_site_name":"Grapil.pl \u2013 Profesjonalna Odzie\u017c S\u0142u\u017cbowa dla Bran\u017cy Kelnerskiej, HoReCa i Medycyny","article_modified_time":"2025-04-09T15:33:04+00:00","og_image":[{"width":1024,"height":768,"url":"https:\/\/grapil.pl\/wp-content\/uploads\/2025\/04\/21034.jpg","type":"image\/jpeg"}],"twitter_card":"summary_large_image","twitter_misc":{"Estimated reading time":"1 minute"},"schema":{"@context":"https:\/\/schema.org","@graph":[{"@type":"WebPage","@id":"https:\/\/grapil.pl\/produkt\/okulary-ochronne-margay-cxs\/","url":"https:\/\/grapil.pl\/produkt\/okulary-ochronne-margay-cxs\/","name":"Okulary ochronne Margay CXS - Grapil.pl \u2013 Profesjonalna Odzie\u017c S\u0142u\u017cbowa dla Bran\u017cy Kelnerskiej, HoReCa i Medycyny","isPartOf":{"@id":"https:\/\/grapil.pl\/#website"},"primaryImageOfPage":{"@id":"https:\/\/grapil.pl\/produkt\/okulary-ochronne-margay-cxs\/#primaryimage"},"image":{"@id":"https:\/\/grapil.pl\/produkt\/okulary-ochronne-margay-cxs\/#primaryimage"},"thumbnailUrl":"https:\/\/grapil.pl\/wp-content\/uploads\/2025\/04\/21034.jpg","datePublished":"2025-04-09T15:32:52+00:00","dateModified":"2025-04-09T15:33:04+00:00","breadcrumb":{"@id":"https:\/\/grapil.pl\/produkt\/okulary-ochronne-margay-cxs\/#breadcrumb"},"inLanguage":"en-GB","potentialAction":[{"@type":"ReadAction","target":["https:\/\/grapil.pl\/produkt\/okulary-ochronne-margay-cxs\/"]}]},{"@type":"ImageObject","inLanguage":"en-GB","@id":"https:\/\/grapil.pl\/produkt\/okulary-ochronne-margay-cxs\/#primaryimage","url":"https:\/\/grapil.pl\/wp-content\/uploads\/2025\/04\/21034.jpg","contentUrl":"https:\/\/grapil.pl\/wp-content\/uploads\/2025\/04\/21034.jpg","width":1024,"height":768},{"@type":"BreadcrumbList","@id":"https:\/\/grapil.pl\/produkt\/okulary-ochronne-margay-cxs\/#breadcrumb","itemListElement":[{"@type":"ListItem","position":1,"name":"Strona g\u0142\u00f3wna","item":"https:\/\/grapil.pl\/"},{"@type":"ListItem","position":2,"name":"sklep","item":"https:\/\/grapil.pl\/sklep\/"},{"@type":"ListItem","position":3,"name":"Okulary ochronne Margay CXS"}]},{"@type":"WebSite","@id":"https:\/\/grapil.pl\/#website","url":"https:\/\/grapil.pl\/","name":"Grapil.pl \u2013 Profesjonalna Odzie\u017c S\u0142u\u017cbowa dla Bran\u017cy Kelnerskiej, HoReCa i Medycyny","description":"","potentialAction":[{"@type":"SearchAction","target":{"@type":"EntryPoint","urlTemplate":"https:\/\/grapil.pl\/?s={search_term_string}"},"query-input":{"@type":"PropertyValueSpecification","valueRequired":true,"valueName":"search_term_string"}}],"inLanguage":"en-GB"}]}},"_links":{"self":[{"href":"https:\/\/grapil.pl\/en\/wp-json\/wp\/v2\/product\/17376","targetHints":{"allow":["GET"]}}],"collection":[{"href":"https:\/\/grapil.pl\/en\/wp-json\/wp\/v2\/product"}],"about":[{"href":"https:\/\/grapil.pl\/en\/wp-json\/wp\/v2\/types\/product"}],"version-history":[{"count":1,"href":"https:\/\/grapil.pl\/en\/wp-json\/wp\/v2\/product\/17376\/revisions"}],"predecessor-version":[{"id":17377,"href":"https:\/\/grapil.pl\/en\/wp-json\/wp\/v2\/product\/17376\/revisions\/17377"}],"wp:featuredmedia":[{"embeddable":true,"href":"https:\/\/grapil.pl\/en\/wp-json\/wp\/v2\/media\/17378"}],"wp:attachment":[{"href":"https:\/\/grapil.pl\/en\/wp-json\/wp\/v2\/media?parent=17376"}],"wp:term":[{"taxonomy":"product_brand","embeddable":true,"href":"https:\/\/grapil.pl\/en\/wp-json\/wp\/v2\/product_brand?post=17376"},{"taxonomy":"product_cat","embeddable":true,"href":"https:\/\/grapil.pl\/en\/wp-json\/wp\/v2\/product_cat?post=17376"},{"taxonomy":"product_tag","embeddable":true,"href":"https:\/\/grapil.pl\/en\/wp-json\/wp\/v2\/product_tag?post=17376"}],"curies":[{"name":"wp","href":"https:\/\/api.w.org\/{rel}","templated":true}]}}