{"id":17395,"date":"2025-04-09T17:33:05","date_gmt":"2025-04-09T15:33:05","guid":{"rendered":"https:\/\/grapil.pl\/produkt\/kamizelka-ostrzegawcza-vest-pomaranczowawariant1\/"},"modified":"2025-04-09T17:33:06","modified_gmt":"2025-04-09T15:33:06","slug":"warning-vest-orange-variant-1","status":"publish","type":"product","link":"https:\/\/grapil.pl\/en\/product\/warning-vest-orange-variant-1\/","title":{"rendered":"Vest warning vest orange{variant1}"},"content":{"rendered":"<p><strong><span style=\"font-size:14pt;\">Warning vest<\/span><\/strong><\/p>\n<p>Vest <strong>made of high-quality polyester knitwear in fluorescent orange with two reflective stripes<\/strong>, fastened with Velcro at the front.<\/p>\n<p><strong>Sizes S and M<\/strong> - <strong>CE Cat. 1 Category 1 EN ISO 13688: 2013<\/strong><\/p>\n<p><strong>Sizes L, XL, XXL, XXXL<\/strong> - meet the requirements of the standard<strong> EN ISO 20471:2013 <\/strong>class 2 surface of reflective and fluorescent material<\/p>\n<p>The vest provides high user visibility and great comfort of use.<\/p>\n<p><span style=\"color:#ff0000;\">Possibility of embroidery or screen printing \u2013 please contact us!<\/span><\/p>","protected":false},"excerpt":{"rendered":"<p>Warning vest Vest made of high-quality polyester knitwear in fluorescent orange with two reflective stripes, fastened at the front with a<\/p>","protected":false},"featured_media":17397,"template":"","meta":[],"product_brand":[91],"product_cat":[86,113],"product_tag":[],"class_list":{"0":"post-17395","1":"product","2":"type-product","3":"status-publish","4":"has-post-thumbnail","6":"product_brand-artmas","7":"product_cat-sklepbhp","8":"product_cat-odziez-ostrzegawcza-i-ubrania-odblaskowe","10":"first","11":"instock","12":"product-type-simple"},"yoast_head":"<!-- This site is optimized with the Yoast SEO plugin v25.3 - https:\/\/yoast.com\/wordpress\/plugins\/seo\/ -->\n<title>Kamizelka ostrzegawcza Vest pomara\u0144czowa{wariant1} - Grapil.pl \u2013 Profesjonalna Odzie\u017c S\u0142u\u017cbowa dla Bran\u017cy Kelnerskiej, HoReCa i Medycyny<\/title>\n<meta name=\"robots\" content=\"index, follow, max-snippet:-1, max-image-preview:large, max-video-preview:-1\" \/>\n<link rel=\"canonical\" href=\"https:\/\/grapil.pl\/en\/product\/warning-vest-orange-variant-1\/\" \/>\n<meta property=\"og:locale\" content=\"en_GB\" \/>\n<meta property=\"og:type\" content=\"article\" \/>\n<meta property=\"og:title\" content=\"Kamizelka ostrzegawcza Vest pomara\u0144czowa{wariant1} - Grapil.pl \u2013 Profesjonalna Odzie\u017c S\u0142u\u017cbowa dla Bran\u017cy Kelnerskiej, HoReCa i Medycyny\" \/>\n<meta property=\"og:description\" content=\"Kamizelka ostrzegawcza Kamizelka wykonana z wysokiej jako\u015bci poliestrowej dzianiny w kolorze pomara\u0144czowym\u00a0fluorescencyjnym z dwoma pasami odblaskowymi, zapinana z przodu na\" \/>\n<meta property=\"og:url\" content=\"https:\/\/grapil.pl\/en\/product\/warning-vest-orange-variant-1\/\" \/>\n<meta property=\"og:site_name\" content=\"Grapil.pl \u2013 Profesjonalna Odzie\u017c S\u0142u\u017cbowa dla Bran\u017cy Kelnerskiej, HoReCa i Medycyny\" \/>\n<meta property=\"article:modified_time\" content=\"2025-04-09T15:33:06+00:00\" \/>\n<meta property=\"og:image\" content=\"https:\/\/grapil.pl\/wp-content\/uploads\/2025\/04\/19796.jpg\" \/>\n\t<meta property=\"og:image:width\" content=\"700\" \/>\n\t<meta property=\"og:image:height\" content=\"700\" \/>\n\t<meta property=\"og:image:type\" content=\"image\/jpeg\" \/>\n<meta name=\"twitter:card\" content=\"summary_large_image\" \/>\n<script type=\"application\/ld+json\" class=\"yoast-schema-graph\">{\"@context\":\"https:\/\/schema.org\",\"@graph\":[{\"@type\":\"WebPage\",\"@id\":\"https:\/\/grapil.pl\/produkt\/kamizelka-ostrzegawcza-vest-pomaranczowawariant1\/\",\"url\":\"https:\/\/grapil.pl\/produkt\/kamizelka-ostrzegawcza-vest-pomaranczowawariant1\/\",\"name\":\"Kamizelka ostrzegawcza Vest pomara\u0144czowa{wariant1} - Grapil.pl \u2013 Profesjonalna Odzie\u017c S\u0142u\u017cbowa dla Bran\u017cy Kelnerskiej, HoReCa i Medycyny\",\"isPartOf\":{\"@id\":\"https:\/\/grapil.pl\/#website\"},\"primaryImageOfPage\":{\"@id\":\"https:\/\/grapil.pl\/produkt\/kamizelka-ostrzegawcza-vest-pomaranczowawariant1\/#primaryimage\"},\"image\":{\"@id\":\"https:\/\/grapil.pl\/produkt\/kamizelka-ostrzegawcza-vest-pomaranczowawariant1\/#primaryimage\"},\"thumbnailUrl\":\"https:\/\/grapil.pl\/wp-content\/uploads\/2025\/04\/19796.jpg\",\"datePublished\":\"2025-04-09T15:33:05+00:00\",\"dateModified\":\"2025-04-09T15:33:06+00:00\",\"breadcrumb\":{\"@id\":\"https:\/\/grapil.pl\/produkt\/kamizelka-ostrzegawcza-vest-pomaranczowawariant1\/#breadcrumb\"},\"inLanguage\":\"en-GB\",\"potentialAction\":[{\"@type\":\"ReadAction\",\"target\":[\"https:\/\/grapil.pl\/produkt\/kamizelka-ostrzegawcza-vest-pomaranczowawariant1\/\"]}]},{\"@type\":\"ImageObject\",\"inLanguage\":\"en-GB\",\"@id\":\"https:\/\/grapil.pl\/produkt\/kamizelka-ostrzegawcza-vest-pomaranczowawariant1\/#primaryimage\",\"url\":\"https:\/\/grapil.pl\/wp-content\/uploads\/2025\/04\/19796.jpg\",\"contentUrl\":\"https:\/\/grapil.pl\/wp-content\/uploads\/2025\/04\/19796.jpg\",\"width\":700,\"height\":700},{\"@type\":\"BreadcrumbList\",\"@id\":\"https:\/\/grapil.pl\/produkt\/kamizelka-ostrzegawcza-vest-pomaranczowawariant1\/#breadcrumb\",\"itemListElement\":[{\"@type\":\"ListItem\",\"position\":1,\"name\":\"Strona g\u0142\u00f3wna\",\"item\":\"https:\/\/grapil.pl\/\"},{\"@type\":\"ListItem\",\"position\":2,\"name\":\"sklep\",\"item\":\"https:\/\/grapil.pl\/sklep\/\"},{\"@type\":\"ListItem\",\"position\":3,\"name\":\"Kamizelka ostrzegawcza Vest pomara\u0144czowa{wariant1}\"}]},{\"@type\":\"WebSite\",\"@id\":\"https:\/\/grapil.pl\/#website\",\"url\":\"https:\/\/grapil.pl\/\",\"name\":\"Grapil.pl \u2013 Profesjonalna Odzie\u017c S\u0142u\u017cbowa dla Bran\u017cy Kelnerskiej, HoReCa i Medycyny\",\"description\":\"\",\"potentialAction\":[{\"@type\":\"SearchAction\",\"target\":{\"@type\":\"EntryPoint\",\"urlTemplate\":\"https:\/\/grapil.pl\/?s={search_term_string}\"},\"query-input\":{\"@type\":\"PropertyValueSpecification\",\"valueRequired\":true,\"valueName\":\"search_term_string\"}}],\"inLanguage\":\"en-GB\"}]}<\/script>\n<!-- \/ Yoast SEO plugin. -->","yoast_head_json":{"title":"Kamizelka ostrzegawcza Vest pomara\u0144czowa{wariant1} - Grapil.pl \u2013 Profesjonalna Odzie\u017c S\u0142u\u017cbowa dla Bran\u017cy Kelnerskiej, HoReCa i Medycyny","robots":{"index":"index","follow":"follow","max-snippet":"max-snippet:-1","max-image-preview":"max-image-preview:large","max-video-preview":"max-video-preview:-1"},"canonical":"https:\/\/grapil.pl\/en\/product\/warning-vest-orange-variant-1\/","og_locale":"en_GB","og_type":"article","og_title":"Kamizelka ostrzegawcza Vest pomara\u0144czowa{wariant1} - Grapil.pl \u2013 Profesjonalna Odzie\u017c S\u0142u\u017cbowa dla Bran\u017cy Kelnerskiej, HoReCa i Medycyny","og_description":"Kamizelka ostrzegawcza Kamizelka wykonana z wysokiej jako\u015bci poliestrowej dzianiny w kolorze pomara\u0144czowym\u00a0fluorescencyjnym z dwoma pasami odblaskowymi, zapinana z przodu na","og_url":"https:\/\/grapil.pl\/en\/product\/warning-vest-orange-variant-1\/","og_site_name":"Grapil.pl \u2013 Profesjonalna Odzie\u017c S\u0142u\u017cbowa dla Bran\u017cy Kelnerskiej, HoReCa i Medycyny","article_modified_time":"2025-04-09T15:33:06+00:00","og_image":[{"width":700,"height":700,"url":"https:\/\/grapil.pl\/wp-content\/uploads\/2025\/04\/19796.jpg","type":"image\/jpeg"}],"twitter_card":"summary_large_image","schema":{"@context":"https:\/\/schema.org","@graph":[{"@type":"WebPage","@id":"https:\/\/grapil.pl\/produkt\/kamizelka-ostrzegawcza-vest-pomaranczowawariant1\/","url":"https:\/\/grapil.pl\/produkt\/kamizelka-ostrzegawcza-vest-pomaranczowawariant1\/","name":"Kamizelka ostrzegawcza Vest pomara\u0144czowa{wariant1} - Grapil.pl \u2013 Profesjonalna Odzie\u017c S\u0142u\u017cbowa dla Bran\u017cy Kelnerskiej, HoReCa i Medycyny","isPartOf":{"@id":"https:\/\/grapil.pl\/#website"},"primaryImageOfPage":{"@id":"https:\/\/grapil.pl\/produkt\/kamizelka-ostrzegawcza-vest-pomaranczowawariant1\/#primaryimage"},"image":{"@id":"https:\/\/grapil.pl\/produkt\/kamizelka-ostrzegawcza-vest-pomaranczowawariant1\/#primaryimage"},"thumbnailUrl":"https:\/\/grapil.pl\/wp-content\/uploads\/2025\/04\/19796.jpg","datePublished":"2025-04-09T15:33:05+00:00","dateModified":"2025-04-09T15:33:06+00:00","breadcrumb":{"@id":"https:\/\/grapil.pl\/produkt\/kamizelka-ostrzegawcza-vest-pomaranczowawariant1\/#breadcrumb"},"inLanguage":"en-GB","potentialAction":[{"@type":"ReadAction","target":["https:\/\/grapil.pl\/produkt\/kamizelka-ostrzegawcza-vest-pomaranczowawariant1\/"]}]},{"@type":"ImageObject","inLanguage":"en-GB","@id":"https:\/\/grapil.pl\/produkt\/kamizelka-ostrzegawcza-vest-pomaranczowawariant1\/#primaryimage","url":"https:\/\/grapil.pl\/wp-content\/uploads\/2025\/04\/19796.jpg","contentUrl":"https:\/\/grapil.pl\/wp-content\/uploads\/2025\/04\/19796.jpg","width":700,"height":700},{"@type":"BreadcrumbList","@id":"https:\/\/grapil.pl\/produkt\/kamizelka-ostrzegawcza-vest-pomaranczowawariant1\/#breadcrumb","itemListElement":[{"@type":"ListItem","position":1,"name":"Strona g\u0142\u00f3wna","item":"https:\/\/grapil.pl\/"},{"@type":"ListItem","position":2,"name":"sklep","item":"https:\/\/grapil.pl\/sklep\/"},{"@type":"ListItem","position":3,"name":"Kamizelka ostrzegawcza Vest pomara\u0144czowa{wariant1}"}]},{"@type":"WebSite","@id":"https:\/\/grapil.pl\/#website","url":"https:\/\/grapil.pl\/","name":"Grapil.pl \u2013 Profesjonalna Odzie\u017c S\u0142u\u017cbowa dla Bran\u017cy Kelnerskiej, HoReCa i Medycyny","description":"","potentialAction":[{"@type":"SearchAction","target":{"@type":"EntryPoint","urlTemplate":"https:\/\/grapil.pl\/?s={search_term_string}"},"query-input":{"@type":"PropertyValueSpecification","valueRequired":true,"valueName":"search_term_string"}}],"inLanguage":"en-GB"}]}},"_links":{"self":[{"href":"https:\/\/grapil.pl\/en\/wp-json\/wp\/v2\/product\/17395","targetHints":{"allow":["GET"]}}],"collection":[{"href":"https:\/\/grapil.pl\/en\/wp-json\/wp\/v2\/product"}],"about":[{"href":"https:\/\/grapil.pl\/en\/wp-json\/wp\/v2\/types\/product"}],"version-history":[{"count":1,"href":"https:\/\/grapil.pl\/en\/wp-json\/wp\/v2\/product\/17395\/revisions"}],"predecessor-version":[{"id":17396,"href":"https:\/\/grapil.pl\/en\/wp-json\/wp\/v2\/product\/17395\/revisions\/17396"}],"wp:featuredmedia":[{"embeddable":true,"href":"https:\/\/grapil.pl\/en\/wp-json\/wp\/v2\/media\/17397"}],"wp:attachment":[{"href":"https:\/\/grapil.pl\/en\/wp-json\/wp\/v2\/media?parent=17395"}],"wp:term":[{"taxonomy":"product_brand","embeddable":true,"href":"https:\/\/grapil.pl\/en\/wp-json\/wp\/v2\/product_brand?post=17395"},{"taxonomy":"product_cat","embeddable":true,"href":"https:\/\/grapil.pl\/en\/wp-json\/wp\/v2\/product_cat?post=17395"},{"taxonomy":"product_tag","embeddable":true,"href":"https:\/\/grapil.pl\/en\/wp-json\/wp\/v2\/product_tag?post=17395"}],"curies":[{"name":"wp","href":"https:\/\/api.w.org\/{rel}","templated":true}]}}