{"id":17404,"date":"2025-04-09T17:33:05","date_gmt":"2025-04-09T15:33:05","guid":{"rendered":"https:\/\/grapil.pl\/produkt\/buty-gumowe-damskie-eva\/"},"modified":"2025-04-09T17:33:09","modified_gmt":"2025-04-09T15:33:09","slug":"womens-rubber-boots-eva","status":"publish","type":"product","link":"https:\/\/grapil.pl\/en\/product\/womens-rubber-boots-eva\/","title":{"rendered":"Women&#039;s EVA rubber boots"},"content":{"rendered":"<p><span style=\"font-size:14pt;\">\u00a0<strong>Women&#039;s full-body footwear<\/strong><\/span><\/p>\n<p> - made in <strong>100% top quality EVA material<\/strong><br \/> \u2013 the pair weighs only about <strong>500g<\/strong><br \/> \u2013 they are much lighter than PVC or rubber footwear<br \/> \u2013 high degree of thermal insulation due to the presence of air bubbles in the material<br \/> \u2013 adapt to the movement of the feet<br \/> \u2013 tight footwear in accordance with <strong>ISO20344:2011<\/strong><br \/> \u2013 provide optimal freedom of movement, convenient and comfortable<br \/> - they keep <strong>flexibility even at -30\u00b0C<\/strong><br \/> \u2013 footwear can be used all year round<br \/> - the galosh has <strong>removable warmer with fold-over corduroy collar<\/strong><br \/> \u2013 easy to keep clean<\/p>","protected":false},"excerpt":{"rendered":"<p>\u00a0Damskie obuwie ca\u0142otworzywowe &#8211; wykonane w 100% najwy\u017cszej jako\u015bci materia\u0142u EVA &#8211; para wa\u017cy jedynie oko\u0142o 500 g &#8211; s\u0105<\/p>","protected":false},"featured_media":17406,"template":"","meta":[],"product_brand":[118],"product_cat":[86,87,117],"product_tag":[],"class_list":{"0":"post-17404","1":"product","2":"type-product","3":"status-publish","4":"has-post-thumbnail","6":"product_brand-lemigo","7":"product_cat-sklepbhp","8":"product_cat-obuwie-robocze","9":"product_cat-gumowe","11":"first","12":"instock","13":"product-type-simple"},"yoast_head":"<!-- This site is optimized with the Yoast SEO plugin v25.3 - https:\/\/yoast.com\/wordpress\/plugins\/seo\/ -->\n<title>Buty gumowe damskie EVA - Grapil.pl \u2013 Profesjonalna Odzie\u017c S\u0142u\u017cbowa dla Bran\u017cy Kelnerskiej, HoReCa i Medycyny<\/title>\n<meta name=\"robots\" content=\"index, follow, max-snippet:-1, max-image-preview:large, max-video-preview:-1\" \/>\n<link rel=\"canonical\" href=\"https:\/\/grapil.pl\/en\/product\/womens-rubber-boots-eva\/\" \/>\n<meta property=\"og:locale\" content=\"en_GB\" \/>\n<meta property=\"og:type\" content=\"article\" \/>\n<meta property=\"og:title\" content=\"Buty gumowe damskie EVA - Grapil.pl \u2013 Profesjonalna Odzie\u017c S\u0142u\u017cbowa dla Bran\u017cy Kelnerskiej, HoReCa i Medycyny\" \/>\n<meta property=\"og:description\" content=\"\u00a0Damskie obuwie ca\u0142otworzywowe &#8211; wykonane w 100% najwy\u017cszej jako\u015bci materia\u0142u EVA &#8211; para wa\u017cy jedynie oko\u0142o 500 g &#8211; s\u0105\" \/>\n<meta property=\"og:url\" content=\"https:\/\/grapil.pl\/en\/product\/womens-rubber-boots-eva\/\" \/>\n<meta property=\"og:site_name\" content=\"Grapil.pl \u2013 Profesjonalna Odzie\u017c S\u0142u\u017cbowa dla Bran\u017cy Kelnerskiej, HoReCa i Medycyny\" \/>\n<meta property=\"article:modified_time\" content=\"2025-04-09T15:33:09+00:00\" \/>\n<meta property=\"og:image\" content=\"https:\/\/grapil.pl\/wp-content\/uploads\/2025\/04\/ea150b7f0d4c53bf4686be5beed82bfb.jpg\" \/>\n\t<meta property=\"og:image:width\" content=\"2048\" \/>\n\t<meta property=\"og:image:height\" content=\"1880\" \/>\n\t<meta property=\"og:image:type\" content=\"image\/jpeg\" \/>\n<meta name=\"twitter:card\" content=\"summary_large_image\" \/>\n<meta name=\"twitter:label1\" content=\"Estimated reading time\" \/>\n\t<meta name=\"twitter:data1\" content=\"1 minute\" \/>\n<script type=\"application\/ld+json\" class=\"yoast-schema-graph\">{\"@context\":\"https:\/\/schema.org\",\"@graph\":[{\"@type\":\"WebPage\",\"@id\":\"https:\/\/grapil.pl\/produkt\/buty-gumowe-damskie-eva\/\",\"url\":\"https:\/\/grapil.pl\/produkt\/buty-gumowe-damskie-eva\/\",\"name\":\"Buty gumowe damskie EVA - Grapil.pl \u2013 Profesjonalna Odzie\u017c S\u0142u\u017cbowa dla Bran\u017cy Kelnerskiej, HoReCa i Medycyny\",\"isPartOf\":{\"@id\":\"https:\/\/grapil.pl\/#website\"},\"primaryImageOfPage\":{\"@id\":\"https:\/\/grapil.pl\/produkt\/buty-gumowe-damskie-eva\/#primaryimage\"},\"image\":{\"@id\":\"https:\/\/grapil.pl\/produkt\/buty-gumowe-damskie-eva\/#primaryimage\"},\"thumbnailUrl\":\"https:\/\/grapil.pl\/wp-content\/uploads\/2025\/04\/ea150b7f0d4c53bf4686be5beed82bfb.jpg\",\"datePublished\":\"2025-04-09T15:33:05+00:00\",\"dateModified\":\"2025-04-09T15:33:09+00:00\",\"breadcrumb\":{\"@id\":\"https:\/\/grapil.pl\/produkt\/buty-gumowe-damskie-eva\/#breadcrumb\"},\"inLanguage\":\"en-GB\",\"potentialAction\":[{\"@type\":\"ReadAction\",\"target\":[\"https:\/\/grapil.pl\/produkt\/buty-gumowe-damskie-eva\/\"]}]},{\"@type\":\"ImageObject\",\"inLanguage\":\"en-GB\",\"@id\":\"https:\/\/grapil.pl\/produkt\/buty-gumowe-damskie-eva\/#primaryimage\",\"url\":\"https:\/\/grapil.pl\/wp-content\/uploads\/2025\/04\/ea150b7f0d4c53bf4686be5beed82bfb.jpg\",\"contentUrl\":\"https:\/\/grapil.pl\/wp-content\/uploads\/2025\/04\/ea150b7f0d4c53bf4686be5beed82bfb.jpg\",\"width\":2048,\"height\":1880},{\"@type\":\"BreadcrumbList\",\"@id\":\"https:\/\/grapil.pl\/produkt\/buty-gumowe-damskie-eva\/#breadcrumb\",\"itemListElement\":[{\"@type\":\"ListItem\",\"position\":1,\"name\":\"Strona g\u0142\u00f3wna\",\"item\":\"https:\/\/grapil.pl\/\"},{\"@type\":\"ListItem\",\"position\":2,\"name\":\"sklep\",\"item\":\"https:\/\/grapil.pl\/sklep\/\"},{\"@type\":\"ListItem\",\"position\":3,\"name\":\"Buty gumowe damskie EVA\"}]},{\"@type\":\"WebSite\",\"@id\":\"https:\/\/grapil.pl\/#website\",\"url\":\"https:\/\/grapil.pl\/\",\"name\":\"Grapil.pl \u2013 Profesjonalna Odzie\u017c S\u0142u\u017cbowa dla Bran\u017cy Kelnerskiej, HoReCa i Medycyny\",\"description\":\"\",\"potentialAction\":[{\"@type\":\"SearchAction\",\"target\":{\"@type\":\"EntryPoint\",\"urlTemplate\":\"https:\/\/grapil.pl\/?s={search_term_string}\"},\"query-input\":{\"@type\":\"PropertyValueSpecification\",\"valueRequired\":true,\"valueName\":\"search_term_string\"}}],\"inLanguage\":\"en-GB\"}]}<\/script>\n<!-- \/ Yoast SEO plugin. -->","yoast_head_json":{"title":"Buty gumowe damskie EVA - Grapil.pl \u2013 Profesjonalna Odzie\u017c S\u0142u\u017cbowa dla Bran\u017cy Kelnerskiej, HoReCa i Medycyny","robots":{"index":"index","follow":"follow","max-snippet":"max-snippet:-1","max-image-preview":"max-image-preview:large","max-video-preview":"max-video-preview:-1"},"canonical":"https:\/\/grapil.pl\/en\/product\/womens-rubber-boots-eva\/","og_locale":"en_GB","og_type":"article","og_title":"Buty gumowe damskie EVA - Grapil.pl \u2013 Profesjonalna Odzie\u017c S\u0142u\u017cbowa dla Bran\u017cy Kelnerskiej, HoReCa i Medycyny","og_description":"\u00a0Damskie obuwie ca\u0142otworzywowe &#8211; wykonane w 100% najwy\u017cszej jako\u015bci materia\u0142u EVA &#8211; para wa\u017cy jedynie oko\u0142o 500 g &#8211; s\u0105","og_url":"https:\/\/grapil.pl\/en\/product\/womens-rubber-boots-eva\/","og_site_name":"Grapil.pl \u2013 Profesjonalna Odzie\u017c S\u0142u\u017cbowa dla Bran\u017cy Kelnerskiej, HoReCa i Medycyny","article_modified_time":"2025-04-09T15:33:09+00:00","og_image":[{"width":2048,"height":1880,"url":"https:\/\/grapil.pl\/wp-content\/uploads\/2025\/04\/ea150b7f0d4c53bf4686be5beed82bfb.jpg","type":"image\/jpeg"}],"twitter_card":"summary_large_image","twitter_misc":{"Estimated reading time":"1 minute"},"schema":{"@context":"https:\/\/schema.org","@graph":[{"@type":"WebPage","@id":"https:\/\/grapil.pl\/produkt\/buty-gumowe-damskie-eva\/","url":"https:\/\/grapil.pl\/produkt\/buty-gumowe-damskie-eva\/","name":"Buty gumowe damskie EVA - Grapil.pl \u2013 Profesjonalna Odzie\u017c S\u0142u\u017cbowa dla Bran\u017cy Kelnerskiej, HoReCa i Medycyny","isPartOf":{"@id":"https:\/\/grapil.pl\/#website"},"primaryImageOfPage":{"@id":"https:\/\/grapil.pl\/produkt\/buty-gumowe-damskie-eva\/#primaryimage"},"image":{"@id":"https:\/\/grapil.pl\/produkt\/buty-gumowe-damskie-eva\/#primaryimage"},"thumbnailUrl":"https:\/\/grapil.pl\/wp-content\/uploads\/2025\/04\/ea150b7f0d4c53bf4686be5beed82bfb.jpg","datePublished":"2025-04-09T15:33:05+00:00","dateModified":"2025-04-09T15:33:09+00:00","breadcrumb":{"@id":"https:\/\/grapil.pl\/produkt\/buty-gumowe-damskie-eva\/#breadcrumb"},"inLanguage":"en-GB","potentialAction":[{"@type":"ReadAction","target":["https:\/\/grapil.pl\/produkt\/buty-gumowe-damskie-eva\/"]}]},{"@type":"ImageObject","inLanguage":"en-GB","@id":"https:\/\/grapil.pl\/produkt\/buty-gumowe-damskie-eva\/#primaryimage","url":"https:\/\/grapil.pl\/wp-content\/uploads\/2025\/04\/ea150b7f0d4c53bf4686be5beed82bfb.jpg","contentUrl":"https:\/\/grapil.pl\/wp-content\/uploads\/2025\/04\/ea150b7f0d4c53bf4686be5beed82bfb.jpg","width":2048,"height":1880},{"@type":"BreadcrumbList","@id":"https:\/\/grapil.pl\/produkt\/buty-gumowe-damskie-eva\/#breadcrumb","itemListElement":[{"@type":"ListItem","position":1,"name":"Strona g\u0142\u00f3wna","item":"https:\/\/grapil.pl\/"},{"@type":"ListItem","position":2,"name":"sklep","item":"https:\/\/grapil.pl\/sklep\/"},{"@type":"ListItem","position":3,"name":"Buty gumowe damskie EVA"}]},{"@type":"WebSite","@id":"https:\/\/grapil.pl\/#website","url":"https:\/\/grapil.pl\/","name":"Grapil.pl \u2013 Profesjonalna Odzie\u017c S\u0142u\u017cbowa dla Bran\u017cy Kelnerskiej, HoReCa i Medycyny","description":"","potentialAction":[{"@type":"SearchAction","target":{"@type":"EntryPoint","urlTemplate":"https:\/\/grapil.pl\/?s={search_term_string}"},"query-input":{"@type":"PropertyValueSpecification","valueRequired":true,"valueName":"search_term_string"}}],"inLanguage":"en-GB"}]}},"_links":{"self":[{"href":"https:\/\/grapil.pl\/en\/wp-json\/wp\/v2\/product\/17404","targetHints":{"allow":["GET"]}}],"collection":[{"href":"https:\/\/grapil.pl\/en\/wp-json\/wp\/v2\/product"}],"about":[{"href":"https:\/\/grapil.pl\/en\/wp-json\/wp\/v2\/types\/product"}],"version-history":[{"count":1,"href":"https:\/\/grapil.pl\/en\/wp-json\/wp\/v2\/product\/17404\/revisions"}],"predecessor-version":[{"id":17405,"href":"https:\/\/grapil.pl\/en\/wp-json\/wp\/v2\/product\/17404\/revisions\/17405"}],"wp:featuredmedia":[{"embeddable":true,"href":"https:\/\/grapil.pl\/en\/wp-json\/wp\/v2\/media\/17406"}],"wp:attachment":[{"href":"https:\/\/grapil.pl\/en\/wp-json\/wp\/v2\/media?parent=17404"}],"wp:term":[{"taxonomy":"product_brand","embeddable":true,"href":"https:\/\/grapil.pl\/en\/wp-json\/wp\/v2\/product_brand?post=17404"},{"taxonomy":"product_cat","embeddable":true,"href":"https:\/\/grapil.pl\/en\/wp-json\/wp\/v2\/product_cat?post=17404"},{"taxonomy":"product_tag","embeddable":true,"href":"https:\/\/grapil.pl\/en\/wp-json\/wp\/v2\/product_tag?post=17404"}],"curies":[{"name":"wp","href":"https:\/\/api.w.org\/{rel}","templated":true}]}}