{"id":17407,"date":"2025-04-09T17:33:05","date_gmt":"2025-04-09T15:33:05","guid":{"rendered":"https:\/\/grapil.pl\/produkt\/buty-gumowe-meskie-niskie-farmerwariant1\/"},"modified":"2025-04-09T17:33:10","modified_gmt":"2025-04-09T15:33:10","slug":"mens-rubber-boots-low-farmervariant1","status":"publish","type":"product","link":"https:\/\/grapil.pl\/en\/product\/mens-rubber-boots-low-farmervariant1\/","title":{"rendered":"Men&#039;s rubber boots low FARMER{variant1}"},"content":{"rendered":"<p><strong><span style=\"font-size:14pt;\">FARMER Wellingtons<\/span> They are made of EVA material<\/strong>. These are extremely light and functional galoshes, perfect for working in the garden or at home. They protect the foot from moisture and cold thanks to the thermal insulation properties of the material from which they are made. Men&#039;s galoshes are also equipped with <strong>Let&#039;s replace the insulation insert.<\/strong><\/p>\n<ul>\n<li>Rain footwear<\/li>\n<li>Removable warming insert<\/li>\n<li>Extremely light<\/li>\n<li>Insulated snow boots<\/li>\n<\/ul>","protected":false},"excerpt":{"rendered":"<p>FARMER Wellington boots are made of EVA material. They are extremely light and functional wellington boots, perfect for working in the garden.<\/p>","protected":false},"featured_media":17409,"template":"","meta":[],"product_brand":[118],"product_cat":[86,87,117],"product_tag":[],"class_list":{"0":"post-17407","1":"product","2":"type-product","3":"status-publish","4":"has-post-thumbnail","6":"product_brand-lemigo","7":"product_cat-sklepbhp","8":"product_cat-obuwie-robocze","9":"product_cat-gumowe","11":"first","12":"instock","13":"product-type-simple"},"yoast_head":"<!-- This site is optimized with the Yoast SEO plugin v25.3 - https:\/\/yoast.com\/wordpress\/plugins\/seo\/ -->\n<title>Buty gumowe m\u0119skie niskie FARMER{wariant1} - Grapil.pl \u2013 Profesjonalna Odzie\u017c S\u0142u\u017cbowa dla Bran\u017cy Kelnerskiej, HoReCa i Medycyny<\/title>\n<meta name=\"robots\" content=\"index, follow, max-snippet:-1, max-image-preview:large, max-video-preview:-1\" \/>\n<link rel=\"canonical\" href=\"https:\/\/grapil.pl\/en\/product\/mens-rubber-boots-low-farmervariant1\/\" \/>\n<meta property=\"og:locale\" content=\"en_GB\" \/>\n<meta property=\"og:type\" content=\"article\" \/>\n<meta property=\"og:title\" content=\"Buty gumowe m\u0119skie niskie FARMER{wariant1} - Grapil.pl \u2013 Profesjonalna Odzie\u017c S\u0142u\u017cbowa dla Bran\u017cy Kelnerskiej, HoReCa i Medycyny\" \/>\n<meta property=\"og:description\" content=\"Kalosze FARMER wykonane zosta\u0142y z tworzywa EVA. To niezwykle lekkie i funkcjonalne kalosze, doskonale sprawdzaj\u0105ce si\u0119 podczas pracy na dzia\u0142ce\" \/>\n<meta property=\"og:url\" content=\"https:\/\/grapil.pl\/en\/product\/mens-rubber-boots-low-farmervariant1\/\" \/>\n<meta property=\"og:site_name\" content=\"Grapil.pl \u2013 Profesjonalna Odzie\u017c S\u0142u\u017cbowa dla Bran\u017cy Kelnerskiej, HoReCa i Medycyny\" \/>\n<meta property=\"article:modified_time\" content=\"2025-04-09T15:33:10+00:00\" \/>\n<meta property=\"og:image\" content=\"https:\/\/grapil.pl\/wp-content\/uploads\/2025\/04\/19809.jpg\" \/>\n\t<meta property=\"og:image:width\" content=\"2048\" \/>\n\t<meta property=\"og:image:height\" content=\"1952\" \/>\n\t<meta property=\"og:image:type\" content=\"image\/jpeg\" \/>\n<meta name=\"twitter:card\" content=\"summary_large_image\" \/>\n<script type=\"application\/ld+json\" class=\"yoast-schema-graph\">{\"@context\":\"https:\/\/schema.org\",\"@graph\":[{\"@type\":\"WebPage\",\"@id\":\"https:\/\/grapil.pl\/produkt\/buty-gumowe-meskie-niskie-farmerwariant1\/\",\"url\":\"https:\/\/grapil.pl\/produkt\/buty-gumowe-meskie-niskie-farmerwariant1\/\",\"name\":\"Buty gumowe m\u0119skie niskie FARMER{wariant1} - Grapil.pl \u2013 Profesjonalna Odzie\u017c S\u0142u\u017cbowa dla Bran\u017cy Kelnerskiej, HoReCa i Medycyny\",\"isPartOf\":{\"@id\":\"https:\/\/grapil.pl\/#website\"},\"primaryImageOfPage\":{\"@id\":\"https:\/\/grapil.pl\/produkt\/buty-gumowe-meskie-niskie-farmerwariant1\/#primaryimage\"},\"image\":{\"@id\":\"https:\/\/grapil.pl\/produkt\/buty-gumowe-meskie-niskie-farmerwariant1\/#primaryimage\"},\"thumbnailUrl\":\"https:\/\/grapil.pl\/wp-content\/uploads\/2025\/04\/19809.jpg\",\"datePublished\":\"2025-04-09T15:33:05+00:00\",\"dateModified\":\"2025-04-09T15:33:10+00:00\",\"breadcrumb\":{\"@id\":\"https:\/\/grapil.pl\/produkt\/buty-gumowe-meskie-niskie-farmerwariant1\/#breadcrumb\"},\"inLanguage\":\"en-GB\",\"potentialAction\":[{\"@type\":\"ReadAction\",\"target\":[\"https:\/\/grapil.pl\/produkt\/buty-gumowe-meskie-niskie-farmerwariant1\/\"]}]},{\"@type\":\"ImageObject\",\"inLanguage\":\"en-GB\",\"@id\":\"https:\/\/grapil.pl\/produkt\/buty-gumowe-meskie-niskie-farmerwariant1\/#primaryimage\",\"url\":\"https:\/\/grapil.pl\/wp-content\/uploads\/2025\/04\/19809.jpg\",\"contentUrl\":\"https:\/\/grapil.pl\/wp-content\/uploads\/2025\/04\/19809.jpg\",\"width\":2048,\"height\":1952},{\"@type\":\"BreadcrumbList\",\"@id\":\"https:\/\/grapil.pl\/produkt\/buty-gumowe-meskie-niskie-farmerwariant1\/#breadcrumb\",\"itemListElement\":[{\"@type\":\"ListItem\",\"position\":1,\"name\":\"Strona g\u0142\u00f3wna\",\"item\":\"https:\/\/grapil.pl\/\"},{\"@type\":\"ListItem\",\"position\":2,\"name\":\"sklep\",\"item\":\"https:\/\/grapil.pl\/sklep\/\"},{\"@type\":\"ListItem\",\"position\":3,\"name\":\"Buty gumowe m\u0119skie niskie FARMER{wariant1}\"}]},{\"@type\":\"WebSite\",\"@id\":\"https:\/\/grapil.pl\/#website\",\"url\":\"https:\/\/grapil.pl\/\",\"name\":\"Grapil.pl \u2013 Profesjonalna Odzie\u017c S\u0142u\u017cbowa dla Bran\u017cy Kelnerskiej, HoReCa i Medycyny\",\"description\":\"\",\"potentialAction\":[{\"@type\":\"SearchAction\",\"target\":{\"@type\":\"EntryPoint\",\"urlTemplate\":\"https:\/\/grapil.pl\/?s={search_term_string}\"},\"query-input\":{\"@type\":\"PropertyValueSpecification\",\"valueRequired\":true,\"valueName\":\"search_term_string\"}}],\"inLanguage\":\"en-GB\"}]}<\/script>\n<!-- \/ Yoast SEO plugin. -->","yoast_head_json":{"title":"Buty gumowe m\u0119skie niskie FARMER{wariant1} - Grapil.pl \u2013 Profesjonalna Odzie\u017c S\u0142u\u017cbowa dla Bran\u017cy Kelnerskiej, HoReCa i Medycyny","robots":{"index":"index","follow":"follow","max-snippet":"max-snippet:-1","max-image-preview":"max-image-preview:large","max-video-preview":"max-video-preview:-1"},"canonical":"https:\/\/grapil.pl\/en\/product\/mens-rubber-boots-low-farmervariant1\/","og_locale":"en_GB","og_type":"article","og_title":"Buty gumowe m\u0119skie niskie FARMER{wariant1} - Grapil.pl \u2013 Profesjonalna Odzie\u017c S\u0142u\u017cbowa dla Bran\u017cy Kelnerskiej, HoReCa i Medycyny","og_description":"Kalosze FARMER wykonane zosta\u0142y z tworzywa EVA. To niezwykle lekkie i funkcjonalne kalosze, doskonale sprawdzaj\u0105ce si\u0119 podczas pracy na dzia\u0142ce","og_url":"https:\/\/grapil.pl\/en\/product\/mens-rubber-boots-low-farmervariant1\/","og_site_name":"Grapil.pl \u2013 Profesjonalna Odzie\u017c S\u0142u\u017cbowa dla Bran\u017cy Kelnerskiej, HoReCa i Medycyny","article_modified_time":"2025-04-09T15:33:10+00:00","og_image":[{"width":2048,"height":1952,"url":"https:\/\/grapil.pl\/wp-content\/uploads\/2025\/04\/19809.jpg","type":"image\/jpeg"}],"twitter_card":"summary_large_image","schema":{"@context":"https:\/\/schema.org","@graph":[{"@type":"WebPage","@id":"https:\/\/grapil.pl\/produkt\/buty-gumowe-meskie-niskie-farmerwariant1\/","url":"https:\/\/grapil.pl\/produkt\/buty-gumowe-meskie-niskie-farmerwariant1\/","name":"Buty gumowe m\u0119skie niskie FARMER{wariant1} - Grapil.pl \u2013 Profesjonalna Odzie\u017c S\u0142u\u017cbowa dla Bran\u017cy Kelnerskiej, HoReCa i Medycyny","isPartOf":{"@id":"https:\/\/grapil.pl\/#website"},"primaryImageOfPage":{"@id":"https:\/\/grapil.pl\/produkt\/buty-gumowe-meskie-niskie-farmerwariant1\/#primaryimage"},"image":{"@id":"https:\/\/grapil.pl\/produkt\/buty-gumowe-meskie-niskie-farmerwariant1\/#primaryimage"},"thumbnailUrl":"https:\/\/grapil.pl\/wp-content\/uploads\/2025\/04\/19809.jpg","datePublished":"2025-04-09T15:33:05+00:00","dateModified":"2025-04-09T15:33:10+00:00","breadcrumb":{"@id":"https:\/\/grapil.pl\/produkt\/buty-gumowe-meskie-niskie-farmerwariant1\/#breadcrumb"},"inLanguage":"en-GB","potentialAction":[{"@type":"ReadAction","target":["https:\/\/grapil.pl\/produkt\/buty-gumowe-meskie-niskie-farmerwariant1\/"]}]},{"@type":"ImageObject","inLanguage":"en-GB","@id":"https:\/\/grapil.pl\/produkt\/buty-gumowe-meskie-niskie-farmerwariant1\/#primaryimage","url":"https:\/\/grapil.pl\/wp-content\/uploads\/2025\/04\/19809.jpg","contentUrl":"https:\/\/grapil.pl\/wp-content\/uploads\/2025\/04\/19809.jpg","width":2048,"height":1952},{"@type":"BreadcrumbList","@id":"https:\/\/grapil.pl\/produkt\/buty-gumowe-meskie-niskie-farmerwariant1\/#breadcrumb","itemListElement":[{"@type":"ListItem","position":1,"name":"Strona g\u0142\u00f3wna","item":"https:\/\/grapil.pl\/"},{"@type":"ListItem","position":2,"name":"sklep","item":"https:\/\/grapil.pl\/sklep\/"},{"@type":"ListItem","position":3,"name":"Buty gumowe m\u0119skie niskie FARMER{wariant1}"}]},{"@type":"WebSite","@id":"https:\/\/grapil.pl\/#website","url":"https:\/\/grapil.pl\/","name":"Grapil.pl \u2013 Profesjonalna Odzie\u017c S\u0142u\u017cbowa dla Bran\u017cy Kelnerskiej, HoReCa i Medycyny","description":"","potentialAction":[{"@type":"SearchAction","target":{"@type":"EntryPoint","urlTemplate":"https:\/\/grapil.pl\/?s={search_term_string}"},"query-input":{"@type":"PropertyValueSpecification","valueRequired":true,"valueName":"search_term_string"}}],"inLanguage":"en-GB"}]}},"_links":{"self":[{"href":"https:\/\/grapil.pl\/en\/wp-json\/wp\/v2\/product\/17407","targetHints":{"allow":["GET"]}}],"collection":[{"href":"https:\/\/grapil.pl\/en\/wp-json\/wp\/v2\/product"}],"about":[{"href":"https:\/\/grapil.pl\/en\/wp-json\/wp\/v2\/types\/product"}],"version-history":[{"count":1,"href":"https:\/\/grapil.pl\/en\/wp-json\/wp\/v2\/product\/17407\/revisions"}],"predecessor-version":[{"id":17408,"href":"https:\/\/grapil.pl\/en\/wp-json\/wp\/v2\/product\/17407\/revisions\/17408"}],"wp:featuredmedia":[{"embeddable":true,"href":"https:\/\/grapil.pl\/en\/wp-json\/wp\/v2\/media\/17409"}],"wp:attachment":[{"href":"https:\/\/grapil.pl\/en\/wp-json\/wp\/v2\/media?parent=17407"}],"wp:term":[{"taxonomy":"product_brand","embeddable":true,"href":"https:\/\/grapil.pl\/en\/wp-json\/wp\/v2\/product_brand?post=17407"},{"taxonomy":"product_cat","embeddable":true,"href":"https:\/\/grapil.pl\/en\/wp-json\/wp\/v2\/product_cat?post=17407"},{"taxonomy":"product_tag","embeddable":true,"href":"https:\/\/grapil.pl\/en\/wp-json\/wp\/v2\/product_tag?post=17407"}],"curies":[{"name":"wp","href":"https:\/\/api.w.org\/{rel}","templated":true}]}}